{"id":1409,"date":"2021-08-23T21:29:09","date_gmt":"2021-08-24T00:29:09","guid":{"rendered":"https:\/\/www.posgraduacao.unimontes.br\/ppgh\/?page_id=1409"},"modified":"2021-08-30T20:14:13","modified_gmt":"2021-08-30T23:14:13","slug":"bolsas","status":"publish","type":"page","link":"https:\/\/www.posgraduacao.unimontes.br\/ppgh\/o-programa\/bolsas\/","title":{"rendered":"Bolsas"},"content":{"rendered":"<section class=\"kc-elm kc-css-413339 kc_row\"><div class=\"kc-row-container  kc-container\"><div class=\"kc-wrap-columns\"><div class=\"kc-elm kc-css-289098 kc_col-sm-12 kc_column kc_col-sm-12\"><div class=\"kc-col-container\"><div class=\"kc-elm kc-css-695460\" style=\"height: 40px; clear: both; width:100%;\"><\/div><\/div><\/div><\/div><\/div><\/section><section class=\"kc-elm kc-css-238600 kc_row\"><div class=\"kc-row-container  kc-container\"><div class=\"kc-wrap-columns\"><div class=\"kc-elm kc-css-850145 kc_col-sm-12 kc_column kc_col-sm-12\"><div class=\"kc-col-container\"><div class=\"kc-elm kc-css-893487 kc_text_block\"><p>\n<span style=\"color: #002060; font-family: Arial, sans-serif; font-size: 21.3333px;\">Bolsas<\/span><\/p>\n<\/div><\/div><\/div><\/div><\/div><\/section><section class=\"kc-elm kc-css-906691 kc_row\"><div class=\"kc-row-container  kc-container\"><div class=\"kc-wrap-columns\"><div class=\"kc-elm kc-css-562190 kc_column kc_col-sm-12\"><div class=\"kc-col-container\"><div class=\"kc-elm kc-css-57009 kc_text_block\"><p class=\"MsoNormal\" style=\"margin: 0cm 0cm 10pt; line-height: 22px; font-size: 11pt; font-family: Calibri, sans-serif; color: #000000; text-align: justify;\"><span style=\"font-size: 14pt; font-style: inherit;\">O Programa conta com o financiamento da CAPES (Coordena\u00e7\u00e3o Nacional de Aperfei\u00e7oamento de pessoal de n\u00edvel superior) e da FAPEMIG (Funda\u00e7\u00e3o de Apoio\u00a0<\/span><span class=\"SpellE\" style=\"font-size: 14pt; font-style: inherit;\">a<\/span><span style=\"font-size: 14pt; font-style: inherit;\">\u00a0Pesquisa do Estado de Minas Gerais) atrav\u00e9s da concess\u00e3o de bolsas de estudos aos\/as mestrados\/as.\u00a0\u00a0O n\u00famero de bolsas \u00e9 vari\u00e1vel e a concess\u00e3o das bolsas e renova\u00e7\u00e3o segue as normativas pr\u00f3prias das ag\u00eancias de fomento e o nosso\u00a0<\/span><b style=\"font-size: 14pt; font-style: inherit;\"><u>Regimento de Concess\u00e3o<\/u><\/b><span style=\"font-size: 14pt; font-style: inherit;\">, manuten\u00e7\u00e3o e renova\u00e7\u00e3o de bolsas.\u00a0<\/span><\/p>\n<div><span style=\"font-size: 14pt; line-height: 28px;\">\u00a0<\/span><\/div>\n<\/div><div class=\"kc-elm kc-css-925740\" style=\"height: 40px; clear: both; width:100%;\"><\/div><\/div><\/div><\/div><\/div><\/section><section class=\"kc-elm kc-css-814301 kc_row\"><div class=\"kc-row-container  kc-container\"><div class=\"kc-wrap-columns\"><div class=\"kc-elm kc-css-107185 kc_col-sm-3 kc_column kc_col-sm-3\"><div class=\"kc-col-container\"><\/div><\/div><div class=\"kc-elm kc-css-750103 kc_col-sm-3 kc_column kc_col-sm-3\"><div class=\"kc-col-container\"><div class=\"kc-elm kc-css-17924 kc-icon-wrapper\">\n\t\t<a href=\"http:\/\/www.posgraduacao.unimontes.br\/uploads\/sites\/2\/2019\/03\/Modelo-de-RELAT\u00d3RIO-DE-PRODU\u00c7\u00c3O-PARA-RENOVA\u00c7\u00c3O-DE-BOLSAS.pdf\" target=\"_self\" title=\"\">\n\t\t<i class=\"et-document\"><\/i>\n\t\t<\/a>\n\t<\/div>\n<div class=\"kc-elm kc-css-384044 kc_text_block\"><p>\nModelo &#8211; Relat\u00f3rio de Produ\u00e7\u00e3o para Solicita\u00e7\u00e3o de Renova\u00e7\u00e3o de Bolsas<\/p>\n<\/div><\/div><\/div><div class=\"kc-elm kc-css-323448 kc_col-sm-3 kc_column kc_col-sm-3\"><div class=\"kc-col-container\"><div class=\"kc-elm kc-css-339073 kc-icon-wrapper\">\n\t\t<a href=\"https:\/\/www.posgraduacao.unimontes.br\/ppgh\/bolsas-e-auxilios\/#:~:text=Regulamento de concess\u00e3o de bolsas PPGH 2019\" target=\"_self\" title=\"\">\n\t\t<i class=\"et-document\"><\/i>\n\t\t<\/a>\n\t<\/div>\n<div class=\"kc-elm kc-css-637512 kc_text_block\"><p>\nRegulamento de Concess\u00e3o de Bolsas &#8211; PPGH 2019<\/p>\n<\/div><\/div><\/div><div class=\"kc-elm kc-css-818661 kc_col-sm-3 kc_column kc_col-sm-3\"><div class=\"kc-col-container\"><\/div><\/div><\/div><\/div><\/section>\n","protected":false},"excerpt":{"rendered":"","protected":false},"author":2,"featured_media":0,"parent":1361,"menu_order":0,"comment_status":"closed","ping_status":"closed","template":"","meta":[],"yoast_head":"<!-- This site is optimized with the Yoast SEO plugin v14.7 - https:\/\/yoast.com\/wordpress\/plugins\/seo\/ -->\n<title>Bolsas - PPGH - P\u00f3s Gradua\u00e7\u00e3o em Hist\u00f3ria Unimontes<\/title>\n<meta name=\"robots\" content=\"index, follow\" \/>\n<meta name=\"googlebot\" content=\"index, follow, max-snippet:-1, max-image-preview:large, max-video-preview:-1\" \/>\n<meta name=\"bingbot\" content=\"index, follow, max-snippet:-1, max-image-preview:large, max-video-preview:-1\" \/>\n<link rel=\"canonical\" href=\"https:\/\/www.posgraduacao.unimontes.br\/ppgh\/o-programa\/bolsas\/\" \/>\n<meta property=\"og:locale\" content=\"pt_BR\" \/>\n<meta property=\"og:type\" content=\"article\" \/>\n<meta property=\"og:title\" content=\"Bolsas - PPGH - P\u00f3s Gradua\u00e7\u00e3o em Hist\u00f3ria Unimontes\" \/>\n<meta property=\"og:description\" content=\"Bolsas O Programa conta com o financiamento da CAPES (Coordena\u00e7\u00e3o Nacional de Aperfei\u00e7oamento de pessoal de n\u00edvel superior) e da FAPEMIG (Funda\u00e7\u00e3o de Apoio\u00a0a\u00a0Pesquisa do Estado de Minas Gerais) atrav\u00e9s da concess\u00e3o de bolsas de estudos aos\/as mestrados\/as.\u00a0\u00a0O n\u00famero de bolsas \u00e9 vari\u00e1vel e a concess\u00e3o das bolsas e renova\u00e7\u00e3o segue as normativas pr\u00f3prias das [&hellip;]\" \/>\n<meta property=\"og:url\" content=\"https:\/\/www.posgraduacao.unimontes.br\/ppgh\/o-programa\/bolsas\/\" \/>\n<meta property=\"og:site_name\" content=\"PPGH - P\u00f3s Gradua\u00e7\u00e3o em Hist\u00f3ria Unimontes\" \/>\n<meta property=\"article:modified_time\" content=\"2021-08-30T23:14:13+00:00\" \/>\n<meta name=\"twitter:card\" content=\"summary_large_image\" \/>\n<script type=\"application\/ld+json\" class=\"yoast-schema-graph\">{\"@context\":\"https:\/\/schema.org\",\"@graph\":[{\"@type\":\"WebSite\",\"@id\":\"https:\/\/www.posgraduacao.unimontes.br\/ppgh\/#website\",\"url\":\"https:\/\/www.posgraduacao.unimontes.br\/ppgh\/\",\"name\":\"PPGH - P\\u00f3s Gradua\\u00e7\\u00e3o em Hist\\u00f3ria Unimontes\",\"description\":\"Portal da P\\u00f3s Gradua\\u00e7\\u00e3o em Hist\\u00f3ria Unimontes\",\"potentialAction\":[{\"@type\":\"SearchAction\",\"target\":\"https:\/\/www.posgraduacao.unimontes.br\/ppgh\/?s={search_term_string}\",\"query-input\":\"required name=search_term_string\"}],\"inLanguage\":\"pt-BR\"},{\"@type\":\"WebPage\",\"@id\":\"https:\/\/www.posgraduacao.unimontes.br\/ppgh\/o-programa\/bolsas\/#webpage\",\"url\":\"https:\/\/www.posgraduacao.unimontes.br\/ppgh\/o-programa\/bolsas\/\",\"name\":\"Bolsas - PPGH - P\\u00f3s Gradua\\u00e7\\u00e3o em Hist\\u00f3ria Unimontes\",\"isPartOf\":{\"@id\":\"https:\/\/www.posgraduacao.unimontes.br\/ppgh\/#website\"},\"datePublished\":\"2021-08-24T00:29:09+00:00\",\"dateModified\":\"2021-08-30T23:14:13+00:00\",\"inLanguage\":\"pt-BR\",\"potentialAction\":[{\"@type\":\"ReadAction\",\"target\":[\"https:\/\/www.posgraduacao.unimontes.br\/ppgh\/o-programa\/bolsas\/\"]}]}]}<\/script>\n<!-- \/ Yoast SEO plugin. -->","_links":{"self":[{"href":"https:\/\/www.posgraduacao.unimontes.br\/ppgh\/wp-json\/wp\/v2\/pages\/1409"}],"collection":[{"href":"https:\/\/www.posgraduacao.unimontes.br\/ppgh\/wp-json\/wp\/v2\/pages"}],"about":[{"href":"https:\/\/www.posgraduacao.unimontes.br\/ppgh\/wp-json\/wp\/v2\/types\/page"}],"author":[{"embeddable":true,"href":"https:\/\/www.posgraduacao.unimontes.br\/ppgh\/wp-json\/wp\/v2\/users\/2"}],"replies":[{"embeddable":true,"href":"https:\/\/www.posgraduacao.unimontes.br\/ppgh\/wp-json\/wp\/v2\/comments?post=1409"}],"version-history":[{"count":5,"href":"https:\/\/www.posgraduacao.unimontes.br\/ppgh\/wp-json\/wp\/v2\/pages\/1409\/revisions"}],"predecessor-version":[{"id":1411,"href":"https:\/\/www.posgraduacao.unimontes.br\/ppgh\/wp-json\/wp\/v2\/pages\/1409\/revisions\/1411"}],"up":[{"embeddable":true,"href":"https:\/\/www.posgraduacao.unimontes.br\/ppgh\/wp-json\/wp\/v2\/pages\/1361"}],"wp:attachment":[{"href":"https:\/\/www.posgraduacao.unimontes.br\/ppgh\/wp-json\/wp\/v2\/media?parent=1409"}],"curies":[{"name":"wp","href":"https:\/\/api.w.org\/{rel}","templated":true}]}}