{"id":1404,"date":"2021-08-23T21:25:05","date_gmt":"2021-08-24T00:25:05","guid":{"rendered":"https:\/\/www.posgraduacao.unimontes.br\/ppgh\/?page_id=1404"},"modified":"2023-02-09T15:09:13","modified_gmt":"2023-02-09T18:09:13","slug":"estagio-docente","status":"publish","type":"page","link":"https:\/\/www.posgraduacao.unimontes.br\/ppgh\/o-programa\/estagio-docente\/","title":{"rendered":"Est\u00e1gio Docente"},"content":{"rendered":"<section class=\"kc-elm kc-css-415024 kc_row\"><div class=\"kc-row-container  kc-container\"><div class=\"kc-wrap-columns\"><div class=\"kc-elm kc-css-879902 kc_col-sm-12 kc_column kc_col-sm-12\"><div class=\"kc-col-container\"><div class=\"kc-elm kc-css-611507\" style=\"height: 40px; clear: both; width:100%;\"><\/div><\/div><\/div><\/div><\/div><\/section><section class=\"kc-elm kc-css-673948 kc_row\"><div class=\"kc-row-container  kc-container\"><div class=\"kc-wrap-columns\"><div class=\"kc-elm kc-css-4606 kc_col-sm-12 kc_column kc_col-sm-12\"><div class=\"kc-col-container\"><div class=\"kc-elm kc-css-911837 kc_text_block\"><p class=\"MsoNormal\" style=\"margin: 0cm 0cm 8pt; line-height: 15.6933px; font-size: 11pt; font-family: Calibri, sans-serif; color: #000000;\"><span style=\"font-size: 16pt; line-height: 22.8267px; font-family: Arial, sans-serif; color: #002060;\">Normas para Est\u00e1gio<\/span><\/p>\n<div><span style=\"font-size: 16pt; line-height: 22.8267px; font-family: Arial, sans-serif; color: #002060;\">\u00a0<\/span><\/div>\n<\/div><\/div><\/div><\/div><\/div><\/section><section class=\"kc-elm kc-css-260578 kc_row\"><div class=\"kc-row-container  kc-container\"><div class=\"kc-wrap-columns\"><div class=\"kc-elm kc-css-168543 kc_column kc_col-sm-12\"><div class=\"kc-col-container\"><div class=\"kc-elm kc-css-370024 kc_text_block\"><p class=\"MsoNormal\" style=\"margin: 0cm 0cm 10pt; line-height: 22px; font-size: 11pt; font-family: Calibri, sans-serif; color: #000000; text-align: justify;\"><span style=\"font-size: 14pt; font-style: inherit;\">O EST\u00c1GIO DOCENTE \u00e9 obrigat\u00f3rio para os discentes bolsistas de qualquer ag\u00eancia de fomento, mas pode ser realizado opcionalmente pelos n\u00e3o-bolsistas. O Estagio \u00e9 realizado em disciplina de no m\u00ednimo 60 h\/a da Gradua\u00e7\u00e3o, preferencialmente do curso de Hist\u00f3ria, sob a supervis\u00e3o do professor respons\u00e1vel pela disciplina e em conformidade com as Normas para o Est\u00e1gio em Doc\u00eancia, aprovado pelo colegiado em 2015.<\/span><\/p>\n<div><span style=\"font-size: 14pt; line-height: 28px;\">\u00a0<\/span><\/div>\n<\/div><div class=\"kc-elm kc-css-225958\" style=\"height: 40px; clear: both; width:100%;\"><\/div><\/div><\/div><\/div><\/div><\/section><section class=\"kc-elm kc-css-31324 kc_row\"><div class=\"kc-row-container  kc-container\"><div class=\"kc-wrap-columns\"><div class=\"kc-elm kc-css-13822 kc_col-sm-3 kc_column kc_col-sm-3\"><div class=\"kc-col-container\"><div class=\"kc-elm kc-css-570195 kc-icon-wrapper\">\n\t\t<a href=\"http:\/\/www.posgraduacao.unimontes.br\/uploads\/sites\/2\/2023\/02\/NORMAS-PARA-O-EST\u00c1GIO-EM-DOC\u00caNCIA-DO-PPGH.pdf\" target=\"_blank\" title=\"\">\n\t\t<i class=\"et-document\"><\/i>\n\t\t<\/a>\n\t<\/div>\n<div class=\"kc-elm kc-css-665111 kc_text_block\"><p>Normas para o Est\u00e1gio em Doc\u00eancia do PPGH<\/p>\n<\/div><\/div><\/div><div class=\"kc-elm kc-css-179956 kc_col-sm-3 kc_column kc_col-sm-3\"><div class=\"kc-col-container\"><div class=\"kc-elm kc-css-781059 kc-icon-wrapper\">\n\t\t<a href=\"http:\/\/www.posgraduacao.unimontes.br\/uploads\/sites\/2\/2023\/02\/Correspond\u00eancia-Matr\u00edcula-Est\u00e1gio-Docente-1.pdf\" target=\"_blank\" title=\"\">\n\t\t<i class=\"et-document\"><\/i>\n\t\t<\/a>\n\t<\/div>\n<div class=\"kc-elm kc-css-627348 kc_text_block\"><p>Correspond\u00eancia Matr\u00edcula Est\u00e1gio Docente<\/p>\n<\/div><\/div><\/div><div class=\"kc-elm kc-css-387637 kc_col-sm-3 kc_column kc_col-sm-3\"><div class=\"kc-col-container\"><div class=\"kc-elm kc-css-184525 kc-icon-wrapper\">\n\t\t<a href=\"http:\/\/www.posgraduacao.unimontes.br\/uploads\/sites\/2\/2023\/02\/MODELO_PLANO-DE-TRABALHO-EST\u00c1GIO-DOCENTE.pdf\" target=\"_blank\" title=\"\">\n\t\t<i class=\"et-document\"><\/i>\n\t\t<\/a>\n\t<\/div>\n<div class=\"kc-elm kc-css-696386 kc_text_block\"><p>Modelo Plano de Trabalho Est\u00e1gio Docente<\/p>\n<\/div><\/div><\/div><div class=\"kc-elm kc-css-923422 kc_col-sm-3 kc_column kc_col-sm-3\"><div class=\"kc-col-container\"><div class=\"kc-elm kc-css-383566 kc-icon-wrapper\">\n\t\t<a href=\"http:\/\/www.posgraduacao.unimontes.br\/uploads\/sites\/2\/2023\/02\/MODELO_RELAT\u00d3RIO-Est\u00e1gio-Docente..pdf\" target=\"_blank\" title=\"\">\n\t\t<i class=\"et-document\"><\/i>\n\t\t<\/a>\n\t<\/div>\n<div class=\"kc-elm kc-css-241552 kc_text_block\"><p>Modelo Relat\u00f3rio Est\u00e1gio Docente<\/p>\n<div class=\"aux-wrapper\">\n<div class=\"aux-container aux-fold\">\n<div id=\"primary\" class=\"aux-primary\">\n<div class=\"content\" role=\"main\">\n<article id=\"post-494\" class=\"post-494 page type-page status-publish hentry\">\n<div class=\"entry-main\">\n<div class=\"entry-content\">\n<p><span style=\"font-style: inherit;\">\u00a0<\/span><\/p>\n<\/div>\n<\/div>\n<\/article>\n<\/div>\n<\/div>\n<\/div>\n<\/div>\n<\/div><\/div><\/div><\/div><\/div><\/section>\n","protected":false},"excerpt":{"rendered":"","protected":false},"author":2,"featured_media":0,"parent":1361,"menu_order":0,"comment_status":"closed","ping_status":"closed","template":"","meta":[],"yoast_head":"<!-- This site is optimized with the Yoast SEO plugin v14.7 - https:\/\/yoast.com\/wordpress\/plugins\/seo\/ -->\n<title>Est\u00e1gio Docente - PPGH - P\u00f3s Gradua\u00e7\u00e3o em Hist\u00f3ria Unimontes<\/title>\n<meta name=\"robots\" content=\"index, follow\" \/>\n<meta name=\"googlebot\" content=\"index, follow, max-snippet:-1, max-image-preview:large, max-video-preview:-1\" \/>\n<meta name=\"bingbot\" content=\"index, follow, max-snippet:-1, max-image-preview:large, max-video-preview:-1\" \/>\n<link rel=\"canonical\" href=\"https:\/\/www.posgraduacao.unimontes.br\/ppgh\/o-programa\/estagio-docente\/\" \/>\n<meta property=\"og:locale\" content=\"pt_BR\" \/>\n<meta property=\"og:type\" content=\"article\" \/>\n<meta property=\"og:title\" content=\"Est\u00e1gio Docente - PPGH - P\u00f3s Gradua\u00e7\u00e3o em Hist\u00f3ria Unimontes\" \/>\n<meta property=\"og:description\" content=\"Normas para Est\u00e1gio \u00a0 O EST\u00c1GIO DOCENTE \u00e9 obrigat\u00f3rio para os discentes bolsistas de qualquer ag\u00eancia de fomento, mas pode ser realizado opcionalmente pelos n\u00e3o-bolsistas. O Estagio \u00e9 realizado em disciplina de no m\u00ednimo 60 h\/a da Gradua\u00e7\u00e3o, preferencialmente do curso de Hist\u00f3ria, sob a supervis\u00e3o do professor respons\u00e1vel pela disciplina e em conformidade com [&hellip;]\" \/>\n<meta property=\"og:url\" content=\"https:\/\/www.posgraduacao.unimontes.br\/ppgh\/o-programa\/estagio-docente\/\" \/>\n<meta property=\"og:site_name\" content=\"PPGH - P\u00f3s Gradua\u00e7\u00e3o em Hist\u00f3ria Unimontes\" \/>\n<meta property=\"article:modified_time\" content=\"2023-02-09T18:09:13+00:00\" \/>\n<meta name=\"twitter:card\" content=\"summary_large_image\" \/>\n<script type=\"application\/ld+json\" class=\"yoast-schema-graph\">{\"@context\":\"https:\/\/schema.org\",\"@graph\":[{\"@type\":\"WebSite\",\"@id\":\"https:\/\/www.posgraduacao.unimontes.br\/ppgh\/#website\",\"url\":\"https:\/\/www.posgraduacao.unimontes.br\/ppgh\/\",\"name\":\"PPGH - P\\u00f3s Gradua\\u00e7\\u00e3o em Hist\\u00f3ria Unimontes\",\"description\":\"Portal da P\\u00f3s Gradua\\u00e7\\u00e3o em Hist\\u00f3ria Unimontes\",\"potentialAction\":[{\"@type\":\"SearchAction\",\"target\":\"https:\/\/www.posgraduacao.unimontes.br\/ppgh\/?s={search_term_string}\",\"query-input\":\"required name=search_term_string\"}],\"inLanguage\":\"pt-BR\"},{\"@type\":\"WebPage\",\"@id\":\"https:\/\/www.posgraduacao.unimontes.br\/ppgh\/o-programa\/estagio-docente\/#webpage\",\"url\":\"https:\/\/www.posgraduacao.unimontes.br\/ppgh\/o-programa\/estagio-docente\/\",\"name\":\"Est\\u00e1gio Docente - PPGH - P\\u00f3s Gradua\\u00e7\\u00e3o em Hist\\u00f3ria Unimontes\",\"isPartOf\":{\"@id\":\"https:\/\/www.posgraduacao.unimontes.br\/ppgh\/#website\"},\"datePublished\":\"2021-08-24T00:25:05+00:00\",\"dateModified\":\"2023-02-09T18:09:13+00:00\",\"inLanguage\":\"pt-BR\",\"potentialAction\":[{\"@type\":\"ReadAction\",\"target\":[\"https:\/\/www.posgraduacao.unimontes.br\/ppgh\/o-programa\/estagio-docente\/\"]}]}]}<\/script>\n<!-- \/ Yoast SEO plugin. -->","_links":{"self":[{"href":"https:\/\/www.posgraduacao.unimontes.br\/ppgh\/wp-json\/wp\/v2\/pages\/1404"}],"collection":[{"href":"https:\/\/www.posgraduacao.unimontes.br\/ppgh\/wp-json\/wp\/v2\/pages"}],"about":[{"href":"https:\/\/www.posgraduacao.unimontes.br\/ppgh\/wp-json\/wp\/v2\/types\/page"}],"author":[{"embeddable":true,"href":"https:\/\/www.posgraduacao.unimontes.br\/ppgh\/wp-json\/wp\/v2\/users\/2"}],"replies":[{"embeddable":true,"href":"https:\/\/www.posgraduacao.unimontes.br\/ppgh\/wp-json\/wp\/v2\/comments?post=1404"}],"version-history":[{"count":11,"href":"https:\/\/www.posgraduacao.unimontes.br\/ppgh\/wp-json\/wp\/v2\/pages\/1404\/revisions"}],"predecessor-version":[{"id":1437,"href":"https:\/\/www.posgraduacao.unimontes.br\/ppgh\/wp-json\/wp\/v2\/pages\/1404\/revisions\/1437"}],"up":[{"embeddable":true,"href":"https:\/\/www.posgraduacao.unimontes.br\/ppgh\/wp-json\/wp\/v2\/pages\/1361"}],"wp:attachment":[{"href":"https:\/\/www.posgraduacao.unimontes.br\/ppgh\/wp-json\/wp\/v2\/media?parent=1404"}],"curies":[{"name":"wp","href":"https:\/\/api.w.org\/{rel}","templated":true}]}}