{"id":1401,"date":"2021-08-23T21:24:06","date_gmt":"2021-08-24T00:24:06","guid":{"rendered":"https:\/\/www.posgraduacao.unimontes.br\/ppgh\/?page_id=1401"},"modified":"2022-11-25T12:52:11","modified_gmt":"2022-11-25T15:52:11","slug":"atividades-programadas","status":"publish","type":"page","link":"https:\/\/www.posgraduacao.unimontes.br\/ppgh\/o-programa\/atividades-programadas\/","title":{"rendered":"Atividades Programadas"},"content":{"rendered":"<section class=\"kc-elm kc-css-223435 kc_row\"><div class=\"kc-row-container  kc-container\"><div class=\"kc-wrap-columns\"><div class=\"kc-elm kc-css-24161 kc_col-sm-12 kc_column kc_col-sm-12\"><div class=\"kc-col-container\"><div class=\"kc-elm kc-css-741487\" style=\"height: 40px; clear: both; width:100%;\"><\/div><\/div><\/div><\/div><\/div><\/section><section class=\"kc-elm kc-css-42802 kc_row\"><div class=\"kc-row-container  kc-container\"><div class=\"kc-wrap-columns\"><div class=\"kc-elm kc-css-328789 kc_col-sm-12 kc_column kc_col-sm-12\"><div class=\"kc-col-container\"><div class=\"kc-elm kc-css-113699 kc_text_block\"><p class=\"MsoNormal\" style=\"margin: 0cm 0cm 8pt; line-height: 15.6933px; font-size: 11pt; font-family: Calibri, sans-serif; color: #000000;\"><span style=\"font-size: 16pt; line-height: 22.8267px; font-family: Arial, sans-serif; color: #002060;\">Atividades Programadas<\/span><\/p>\n<\/div><\/div><\/div><\/div><\/div><\/section><section class=\"kc-elm kc-css-880327 kc_row\"><div class=\"kc-row-container  kc-container\"><div class=\"kc-wrap-columns\"><div class=\"kc-elm kc-css-719060 kc_column kc_col-sm-12\"><div class=\"kc-col-container\"><div class=\"kc-elm kc-css-969786 kc_text_block\"><p class=\"MsoNormal\" style=\"margin: 0cm 0cm 10pt; line-height: 22px; font-size: 11pt; font-family: Calibri, sans-serif; color: #000000; text-align: justify;\"><span style=\"font-size: 14pt; line-height: 28px;\">As ATIVIDADES PROGRAMADAS consistem em atividades extracurriculares desenvolvidas ao longo do curso pelos discentes com objetivo de estimular \u00e0 participa\u00e7\u00e3o em eventos cient\u00edficos e outras atividades que contribuam para sua forma\u00e7\u00e3o. Para obter os cr\u00e9ditos o discente deve entregar um Relat\u00f3rio onde s\u00e3o informadas as atividades de produ\u00e7\u00e3o e participa\u00e7\u00f5es realizadas durante o curso. O relat\u00f3rio \u00e9 analisado pela Comiss\u00e3o de Bolsas que atribui os cr\u00e9ditos. Para obten\u00e7\u00e3o dos mesmos o discente deve ter no m\u00ednimo as seguintes produ\u00e7\u00f5es: duas participa\u00e7\u00f5es com apresenta\u00e7\u00e3o de trabalho em evento cient\u00edfico; publica\u00e7\u00e3o de dois trabalhos em anais.<\/span><\/p>\n<p class=\"MsoNormal\" style=\"margin: 0cm 0cm 10pt; line-height: 22px; font-size: 11pt; font-family: Calibri, sans-serif; color: #000000;\">\n<\/div><div class=\"kc-elm kc-css-779098\" style=\"height: 40px; clear: both; width:100%;\"><\/div><\/div><\/div><\/div><\/div><\/section><section class=\"kc-elm kc-css-376612 kc_row\"><div class=\"kc-row-container  kc-container\"><div class=\"kc-wrap-columns\"><div class=\"kc-elm kc-css-661188 kc_col-sm-12 kc_column kc_col-sm-12\"><div class=\"kc-col-container\"><div class=\"kc-elm kc-css-659043 kc-icon-wrapper  Relat\u00f3rio de Atividade Programada\">\n\t\t<a href=\"http:\/\/www.posgraduacao.unimontes.br\/uploads\/sites\/2\/2022\/11\/Formul\u00e1rio-5-Relat\u00f3rio-de-produ\u00e7\u00e3o-discente-para-renova\u00e7\u00e3o-de-bolsas-e-atividades-programadas.pdf\" target=\"_blank\" title=\"Relat\u00f3rio de Atividade Programada\">\n\t\t<i class=\"et-caution  Relat\u00f3rio de Atividade Programada\"><\/i>\n\t\t<\/a>\n\t<\/div>\n<\/div><\/div><\/div><\/div><\/section><section class=\"kc-elm kc-css-81052 kc_row\"><div class=\"kc-row-container  kc-container\"><div class=\"kc-wrap-columns\"><div class=\"kc-elm kc-css-596273 kc_col-sm-12 kc_column kc_col-sm-12\"><div class=\"kc-col-container\">\n<div class=\"kc-elm kc-css-699474 kc-title-wrap \">\n\n\t<h1 class=\"kc_title\"> Relat\u00f3rio de Atividade Programada<\/h1>\n<\/div>\n<\/div><\/div><\/div><\/div><\/section><section class=\"kc-elm kc-css-542486 kc_row\"><div class=\"kc-row-container  kc-container\"><div class=\"kc-wrap-columns\"><div class=\"kc-elm kc-css-633847 kc_col-sm-12 kc_column kc_col-sm-12\"><div class=\"kc-col-container\"><div class=\"kc-elm kc-css-396191 kc_text_block\"><\/div><\/div><\/div><\/div><\/div><\/section>\n","protected":false},"excerpt":{"rendered":"","protected":false},"author":2,"featured_media":0,"parent":1361,"menu_order":0,"comment_status":"closed","ping_status":"closed","template":"","meta":[],"yoast_head":"<!-- This site is optimized with the Yoast SEO plugin v14.7 - https:\/\/yoast.com\/wordpress\/plugins\/seo\/ -->\n<title>Atividades Programadas - PPGH - P\u00f3s Gradua\u00e7\u00e3o em Hist\u00f3ria Unimontes<\/title>\n<meta name=\"robots\" content=\"index, follow\" \/>\n<meta name=\"googlebot\" content=\"index, follow, max-snippet:-1, max-image-preview:large, max-video-preview:-1\" \/>\n<meta name=\"bingbot\" content=\"index, follow, max-snippet:-1, max-image-preview:large, max-video-preview:-1\" \/>\n<link rel=\"canonical\" href=\"https:\/\/www.posgraduacao.unimontes.br\/ppgh\/o-programa\/atividades-programadas\/\" \/>\n<meta property=\"og:locale\" content=\"pt_BR\" \/>\n<meta property=\"og:type\" content=\"article\" \/>\n<meta property=\"og:title\" content=\"Atividades Programadas - PPGH - P\u00f3s Gradua\u00e7\u00e3o em Hist\u00f3ria Unimontes\" \/>\n<meta property=\"og:description\" content=\"Atividades Programadas As ATIVIDADES PROGRAMADAS consistem em atividades extracurriculares desenvolvidas ao longo do curso pelos discentes com objetivo de estimular \u00e0 participa\u00e7\u00e3o em eventos cient\u00edficos e outras atividades que contribuam para sua forma\u00e7\u00e3o. Para obter os cr\u00e9ditos o discente deve entregar um Relat\u00f3rio onde s\u00e3o informadas as atividades de produ\u00e7\u00e3o e participa\u00e7\u00f5es realizadas durante o [&hellip;]\" \/>\n<meta property=\"og:url\" content=\"https:\/\/www.posgraduacao.unimontes.br\/ppgh\/o-programa\/atividades-programadas\/\" \/>\n<meta property=\"og:site_name\" content=\"PPGH - P\u00f3s Gradua\u00e7\u00e3o em Hist\u00f3ria Unimontes\" \/>\n<meta property=\"article:modified_time\" content=\"2022-11-25T15:52:11+00:00\" \/>\n<meta name=\"twitter:card\" content=\"summary_large_image\" \/>\n<script type=\"application\/ld+json\" class=\"yoast-schema-graph\">{\"@context\":\"https:\/\/schema.org\",\"@graph\":[{\"@type\":\"WebSite\",\"@id\":\"https:\/\/www.posgraduacao.unimontes.br\/ppgh\/#website\",\"url\":\"https:\/\/www.posgraduacao.unimontes.br\/ppgh\/\",\"name\":\"PPGH - P\\u00f3s Gradua\\u00e7\\u00e3o em Hist\\u00f3ria Unimontes\",\"description\":\"Portal da P\\u00f3s Gradua\\u00e7\\u00e3o em Hist\\u00f3ria Unimontes\",\"potentialAction\":[{\"@type\":\"SearchAction\",\"target\":\"https:\/\/www.posgraduacao.unimontes.br\/ppgh\/?s={search_term_string}\",\"query-input\":\"required name=search_term_string\"}],\"inLanguage\":\"pt-BR\"},{\"@type\":\"WebPage\",\"@id\":\"https:\/\/www.posgraduacao.unimontes.br\/ppgh\/o-programa\/atividades-programadas\/#webpage\",\"url\":\"https:\/\/www.posgraduacao.unimontes.br\/ppgh\/o-programa\/atividades-programadas\/\",\"name\":\"Atividades Programadas - PPGH - P\\u00f3s Gradua\\u00e7\\u00e3o em Hist\\u00f3ria Unimontes\",\"isPartOf\":{\"@id\":\"https:\/\/www.posgraduacao.unimontes.br\/ppgh\/#website\"},\"datePublished\":\"2021-08-24T00:24:06+00:00\",\"dateModified\":\"2022-11-25T15:52:11+00:00\",\"inLanguage\":\"pt-BR\",\"potentialAction\":[{\"@type\":\"ReadAction\",\"target\":[\"https:\/\/www.posgraduacao.unimontes.br\/ppgh\/o-programa\/atividades-programadas\/\"]}]}]}<\/script>\n<!-- \/ Yoast SEO plugin. -->","_links":{"self":[{"href":"https:\/\/www.posgraduacao.unimontes.br\/ppgh\/wp-json\/wp\/v2\/pages\/1401"}],"collection":[{"href":"https:\/\/www.posgraduacao.unimontes.br\/ppgh\/wp-json\/wp\/v2\/pages"}],"about":[{"href":"https:\/\/www.posgraduacao.unimontes.br\/ppgh\/wp-json\/wp\/v2\/types\/page"}],"author":[{"embeddable":true,"href":"https:\/\/www.posgraduacao.unimontes.br\/ppgh\/wp-json\/wp\/v2\/users\/2"}],"replies":[{"embeddable":true,"href":"https:\/\/www.posgraduacao.unimontes.br\/ppgh\/wp-json\/wp\/v2\/comments?post=1401"}],"version-history":[{"count":5,"href":"https:\/\/www.posgraduacao.unimontes.br\/ppgh\/wp-json\/wp\/v2\/pages\/1401\/revisions"}],"predecessor-version":[{"id":2193,"href":"https:\/\/www.posgraduacao.unimontes.br\/ppgh\/wp-json\/wp\/v2\/pages\/1401\/revisions\/2193"}],"up":[{"embeddable":true,"href":"https:\/\/www.posgraduacao.unimontes.br\/ppgh\/wp-json\/wp\/v2\/pages\/1361"}],"wp:attachment":[{"href":"https:\/\/www.posgraduacao.unimontes.br\/ppgh\/wp-json\/wp\/v2\/media?parent=1401"}],"curies":[{"name":"wp","href":"https:\/\/api.w.org\/{rel}","templated":true}]}}