{"id":1367,"date":"2021-08-20T23:58:19","date_gmt":"2021-08-21T02:58:19","guid":{"rendered":"https:\/\/www.posgraduacao.unimontes.br\/ppgh\/?page_id=1367"},"modified":"2021-08-30T20:04:42","modified_gmt":"2021-08-30T23:04:42","slug":"objetivos","status":"publish","type":"page","link":"https:\/\/www.posgraduacao.unimontes.br\/ppgh\/o-programa\/objetivos\/","title":{"rendered":"Objetivos"},"content":{"rendered":"<section class=\"kc-elm kc_row\"><div class=\"kc-row-container  kc-container\"><div class=\"kc-wrap-columns\"><div class=\"kc-elm kc_column kc_col-sm-12\"><div class=\"kc-col-container\"><div class=\"kc-elm\" style=\"height: 20px; clear: both; width:100%;\"><\/div><\/div><\/div><\/div><\/div><\/section><section class=\"kc-elm kc_row\"><div class=\"kc-row-container  kc-container\"><div class=\"kc-wrap-columns\"><div class=\"kc-elm kc_column kc_col-sm-12\"><div class=\"kc-col-container\"><div class=\"kc-elm kc_text_block\"><p class=\\\"MsoNormal\\\" style=\\\"margin: 0cm 0cm 8pt;line-height: 15.6933px;font-size: 11pt;font-family: Calibri, sans-serif;color: #000000\\\"><span style=\\\"font-size: 16pt;line-height: 22.8267px;font-family: Arial, sans-serif;color: #002060\\\">Objetivos<\/span><\/p>\n<\/div><\/div><\/div><\/div><\/div><\/section><section class=\"kc-elm kc_row\"><div class=\"kc-row-container  kc-container\"><div class=\"kc-wrap-columns\"><div class=\"kc-elm kc_column kc_col-sm-12\"><div class=\"kc-col-container\"><div class=\"kc-elm kc_text_block\"><p class=\\\"MsoNormal\\\" style=\\\"margin: 0cm 0cm 10pt;line-height: 22px;font-size: 11pt;font-family: Calibri, sans-serif;color: #000000;text-align: justify\\\"><span style=\\\"font-size: 14pt;line-height: 28px\\\">\u00a0<\/span><\/p>\n<p class=\\\"MsoNormal\\\" style=\\\"margin: 0cm 0cm 10pt;line-height: 22px;font-size: 11pt;font-family: Calibri, sans-serif;color: #000000;text-align: justify\\\"><span style=\\\"font-size: 14pt;line-height: 28px\\\">O Programa de P\u00f3s-Gradua\u00e7\u00e3o em Hist\u00f3ria (PPGH) tem como objetivo geral oferecer uma forma\u00e7\u00e3o acad\u00eamica e t\u00e9cnica para os(as) profissionais que se dedicam \u00e0 doc\u00eancia e \u00e0s diversas institui\u00e7\u00f5es de pesquisa, conserva\u00e7\u00e3o e divulga\u00e7\u00e3o do passado hist\u00f3rico, tendo como princ\u00edpios o conhecimento t\u00e9cnico-cient\u00edfico, o aprimoramento profissional e humano, bem como o pensamento cr\u00edtico. O PPGH objetiva formar pesquisadores(as) qualificados(as) para o trabalho com as fontes hist\u00f3ricas, conceitos e m\u00e9todos no desenvolvimento de pesquisas, nas articula\u00e7\u00f5es entre educa\u00e7\u00e3o superior e educa\u00e7\u00e3o b\u00e1sica. Para tanto, definimos como nossos valores o compromisso \u00e9tico-pol\u00edtico com a universidade p\u00fablica, o respeito \u00e0 diversidade te\u00f3rico-metodol\u00f3gica na produ\u00e7\u00e3o de conhecimentos, a interdisciplinaridade e a coopera\u00e7\u00e3o no conhecimento produzido, o di\u00e1logo e articula\u00e7\u00e3o na forma\u00e7\u00e3o do(a) pesquisador(a) e professor(a) da educa\u00e7\u00e3o superior e educa\u00e7\u00e3o b\u00e1sica, a valoriza\u00e7\u00e3o e respeito \u00e0 diversidade e combate \u00e0s pr\u00e1ticas discriminat\u00f3rias e o comprometimento com o desenvolvimento regional e t\u00e9cnico-cient\u00edfico.<\/span><\/p>\n<div><span style=\\\"font-size: 14pt;line-height: 28px\\\">\u00a0<\/span><\/div>\n<\/div><\/div><\/div><\/div><\/div><\/section>\n","protected":false},"excerpt":{"rendered":"","protected":false},"author":2,"featured_media":0,"parent":1361,"menu_order":0,"comment_status":"closed","ping_status":"closed","template":"","meta":[],"yoast_head":"<!-- This site is optimized with the Yoast SEO plugin v14.7 - https:\/\/yoast.com\/wordpress\/plugins\/seo\/ -->\n<title>Objetivos - PPGH - P\u00f3s Gradua\u00e7\u00e3o em Hist\u00f3ria Unimontes<\/title>\n<meta name=\"robots\" content=\"index, follow\" \/>\n<meta name=\"googlebot\" content=\"index, follow, max-snippet:-1, max-image-preview:large, max-video-preview:-1\" \/>\n<meta name=\"bingbot\" content=\"index, follow, max-snippet:-1, max-image-preview:large, max-video-preview:-1\" \/>\n<link rel=\"canonical\" href=\"https:\/\/www.posgraduacao.unimontes.br\/ppgh\/o-programa\/objetivos\/\" \/>\n<meta property=\"og:locale\" content=\"pt_BR\" \/>\n<meta property=\"og:type\" content=\"article\" \/>\n<meta property=\"og:title\" content=\"Objetivos - PPGH - P\u00f3s Gradua\u00e7\u00e3o em Hist\u00f3ria Unimontes\" \/>\n<meta property=\"og:description\" content=\"Objetivos \u00a0 O Programa de P\u00f3s-Gradua\u00e7\u00e3o em Hist\u00f3ria (PPGH) tem como objetivo geral oferecer uma forma\u00e7\u00e3o acad\u00eamica e t\u00e9cnica para os(as) profissionais que se dedicam \u00e0 doc\u00eancia e \u00e0s diversas institui\u00e7\u00f5es de pesquisa, conserva\u00e7\u00e3o e divulga\u00e7\u00e3o do passado hist\u00f3rico, tendo como princ\u00edpios o conhecimento t\u00e9cnico-cient\u00edfico, o aprimoramento profissional e humano, bem como o pensamento cr\u00edtico. [&hellip;]\" \/>\n<meta property=\"og:url\" content=\"https:\/\/www.posgraduacao.unimontes.br\/ppgh\/o-programa\/objetivos\/\" \/>\n<meta property=\"og:site_name\" content=\"PPGH - P\u00f3s Gradua\u00e7\u00e3o em Hist\u00f3ria Unimontes\" \/>\n<meta property=\"article:modified_time\" content=\"2021-08-30T23:04:42+00:00\" \/>\n<meta name=\"twitter:card\" content=\"summary_large_image\" \/>\n<script type=\"application\/ld+json\" class=\"yoast-schema-graph\">{\"@context\":\"https:\/\/schema.org\",\"@graph\":[{\"@type\":\"WebSite\",\"@id\":\"https:\/\/www.posgraduacao.unimontes.br\/ppgh\/#website\",\"url\":\"https:\/\/www.posgraduacao.unimontes.br\/ppgh\/\",\"name\":\"PPGH - P\\u00f3s Gradua\\u00e7\\u00e3o em Hist\\u00f3ria Unimontes\",\"description\":\"Portal da P\\u00f3s Gradua\\u00e7\\u00e3o em Hist\\u00f3ria Unimontes\",\"potentialAction\":[{\"@type\":\"SearchAction\",\"target\":\"https:\/\/www.posgraduacao.unimontes.br\/ppgh\/?s={search_term_string}\",\"query-input\":\"required name=search_term_string\"}],\"inLanguage\":\"pt-BR\"},{\"@type\":\"WebPage\",\"@id\":\"https:\/\/www.posgraduacao.unimontes.br\/ppgh\/o-programa\/objetivos\/#webpage\",\"url\":\"https:\/\/www.posgraduacao.unimontes.br\/ppgh\/o-programa\/objetivos\/\",\"name\":\"Objetivos - PPGH - P\\u00f3s Gradua\\u00e7\\u00e3o em Hist\\u00f3ria Unimontes\",\"isPartOf\":{\"@id\":\"https:\/\/www.posgraduacao.unimontes.br\/ppgh\/#website\"},\"datePublished\":\"2021-08-21T02:58:19+00:00\",\"dateModified\":\"2021-08-30T23:04:42+00:00\",\"inLanguage\":\"pt-BR\",\"potentialAction\":[{\"@type\":\"ReadAction\",\"target\":[\"https:\/\/www.posgraduacao.unimontes.br\/ppgh\/o-programa\/objetivos\/\"]}]}]}<\/script>\n<!-- \/ Yoast SEO plugin. -->","_links":{"self":[{"href":"https:\/\/www.posgraduacao.unimontes.br\/ppgh\/wp-json\/wp\/v2\/pages\/1367"}],"collection":[{"href":"https:\/\/www.posgraduacao.unimontes.br\/ppgh\/wp-json\/wp\/v2\/pages"}],"about":[{"href":"https:\/\/www.posgraduacao.unimontes.br\/ppgh\/wp-json\/wp\/v2\/types\/page"}],"author":[{"embeddable":true,"href":"https:\/\/www.posgraduacao.unimontes.br\/ppgh\/wp-json\/wp\/v2\/users\/2"}],"replies":[{"embeddable":true,"href":"https:\/\/www.posgraduacao.unimontes.br\/ppgh\/wp-json\/wp\/v2\/comments?post=1367"}],"version-history":[{"count":12,"href":"https:\/\/www.posgraduacao.unimontes.br\/ppgh\/wp-json\/wp\/v2\/pages\/1367\/revisions"}],"predecessor-version":[{"id":1379,"href":"https:\/\/www.posgraduacao.unimontes.br\/ppgh\/wp-json\/wp\/v2\/pages\/1367\/revisions\/1379"}],"up":[{"embeddable":true,"href":"https:\/\/www.posgraduacao.unimontes.br\/ppgh\/wp-json\/wp\/v2\/pages\/1361"}],"wp:attachment":[{"href":"https:\/\/www.posgraduacao.unimontes.br\/ppgh\/wp-json\/wp\/v2\/media?parent=1367"}],"curies":[{"name":"wp","href":"https:\/\/api.w.org\/{rel}","templated":true}]}}