{"id":1361,"date":"2021-08-20T23:50:08","date_gmt":"2021-08-21T02:50:08","guid":{"rendered":"https:\/\/www.posgraduacao.unimontes.br\/ppgh\/?page_id=1361"},"modified":"2021-08-31T20:08:39","modified_gmt":"2021-08-31T23:08:39","slug":"o-programa","status":"publish","type":"page","link":"https:\/\/www.posgraduacao.unimontes.br\/ppgh\/o-programa\/","title":{"rendered":"O PROGRAMA"},"content":{"rendered":"<section class=\"kc-elm kc_row\"><div class=\"kc-row-container  kc-container\"><div class=\"kc-wrap-columns\"><div class=\"kc-elm kc_column kc_col-sm-12\"><div class=\"kc-col-container\"><div class=\"kc-elm\" style=\"height: 20px; clear: both; width:100%;\"><\/div><div class=\"kc-elm kc_text_block\"><p class=\\\"MsoNormal\\\" style=\\\"margin: 0cm;font-size: 11pt;font-family: Calibri, sans-serif;line-height: 22px;color: #000000;background-image: initial;background-position: initial;background-size: initial;background-attachment: initial\\\"><span style=\\\"font-size: 13pt;line-height: 26px;font-family: Verdana, sans-serif;color: #444444\\\"><a style=\\\"color: blue\\\" href=\\\"https:\/\/www.posgraduacao.unimontes.br\/ppgh\/o-programa\/objetivos\/\\\"><span style=\\\"color: #1bb0ce;border: 1pt none windowtext;padding: 0cm\\\">Objetivos<\/span><\/a><\/span><\/p>\n<p class=\\\"MsoNormal\\\" style=\\\"margin: 0cm;font-size: 11pt;font-family: Calibri, sans-serif;line-height: 22px;color: #000000;background-image: initial;background-position: initial;background-size: initial;background-attachment: initial\\\"><span style=\\\"font-size: 13pt;line-height: 26px;font-family: Verdana, sans-serif;color: #444444\\\"><a style=\\\"color: blue\\\" href=\\\"https:\/\/www.posgraduacao.unimontes.br\/ppgh\/o-programa\/area-de-concentracao\/\\\"><span style=\\\"color: #1bb0ce;border: 1pt none windowtext;padding: 0cm\\\">\u00c1rea de concentra\u00e7\u00e3o<\/span><\/a><\/span><\/p>\n<p class=\\\"MsoNormal\\\" style=\\\"margin: 0cm;font-size: 11pt;font-family: Calibri, sans-serif;line-height: 22px;color: #000000;background-image: initial;background-position: initial;background-size: initial;background-attachment: initial\\\"><span style=\\\"font-size: 13pt;line-height: 26px;font-family: Verdana, sans-serif;color: #444444\\\"><a style=\\\"color: blue\\\" href=\\\"https:\/\/www.posgraduacao.unimontes.br\/ppgh\/o-programa\/linhas-de-pesquisa\/\\\"><span style=\\\"color: #1bb0ce;border: 1pt none windowtext;padding: 0cm\\\">Linhas de pesquisa<\/span><\/a><\/span><\/p>\n<p class=\\\"MsoNormal\\\" style=\\\"margin: 0cm;font-size: 11pt;font-family: Calibri, sans-serif;line-height: 22px;color: #000000;background-image: initial;background-position: initial;background-size: initial;background-attachment: initial\\\"><span style=\\\"font-size: 13pt;line-height: 26px;font-family: Verdana, sans-serif;color: #444444\\\"><a style=\\\"color: blue\\\" href=\\\"https:\/\/www.posgraduacao.unimontes.br\/ppgh\/o-programa\/estrutura-curricular\/\\\"><span style=\\\"color: #1bb0ce;border: 1pt none windowtext;padding: 0cm\\\">Estrutura Curricular<\/span><\/a><\/span><\/p>\n<p class=\\\"MsoNormal\\\" style=\\\"margin: 0cm;font-size: 11pt;font-family: Calibri, sans-serif;line-height: 22px;color: #000000;background-image: initial;background-position: initial;background-size: initial;background-attachment: initial\\\"><span style=\\\"font-size: 13pt;line-height: 26px;font-family: Verdana, sans-serif;color: #444444\\\"><a style=\\\"color: blue\\\" href=\\\"https:\/\/www.posgraduacao.unimontes.br\/ppgh\/o-programa\/atividades-programadas\/\\\"><span style=\\\"color: #1bb0ce;border: 1pt none windowtext;padding: 0cm\\\">Atividades Programadas<\/span><\/a><\/span><\/p>\n<p class=\\\"MsoNormal\\\" style=\\\"margin: 0cm;font-size: 11pt;font-family: Calibri, sans-serif;line-height: 22px;color: #000000;background-image: initial;background-position: initial;background-size: initial;background-attachment: initial\\\"><span style=\\\"font-size: 13pt;line-height: 26px;font-family: Verdana, sans-serif;color: #444444\\\"><a style=\\\"color: blue\\\" href=\\\"https:\/\/www.posgraduacao.unimontes.br\/ppgh\/o-programa\/estagio-docente\/\\\"><span style=\\\"color: #1bb0ce;border: 1pt none windowtext;padding: 0cm\\\">Est\u00e1gio Docente<\/span><\/a><\/span><\/p>\n<p class=\\\"MsoNormal\\\" style=\\\"margin: 0cm;font-size: 11pt;font-family: Calibri, sans-serif;line-height: 22px;color: #000000;background-image: initial;background-position: initial;background-size: initial;background-attachment: initial\\\"><span style=\\\"font-size: 13pt;line-height: 26px;font-family: Verdana, sans-serif;color: #444444\\\"><a style=\\\"color: blue\\\" href=\\\"https:\/\/www.posgraduacao.unimontes.br\/ppgh\/o-programa\/bolsas\/\\\"><span style=\\\"color: #1bb0ce;border: 1pt none windowtext;padding: 0cm\\\">Bolsas<\/span><\/a><\/span><\/p>\n<p class=\\\"MsoNormal\\\" style=\\\"margin: 0cm;font-size: 11pt;font-family: Calibri, sans-serif;line-height: 22px;color: #000000;background-image: initial;background-position: initial;background-size: initial;background-attachment: initial\\\"><span style=\\\"font-size: 13pt;line-height: 26px;font-family: Verdana, sans-serif;color: #444444\\\"><a style=\\\"color: blue\\\" href=\\\"https:\/\/www.posgraduacao.unimontes.br\/ppgh\/o-programa\/pos-doutorado\/\\\"><span style=\\\"color: #1bb0ce;border: 1pt none windowtext;padding: 0cm\\\">P\u00f3s-doutorado<\/span><\/a><\/span><\/p>\n<p class=\\\"MsoNormal\\\" style=\\\"margin: 0cm;font-size: 11pt;font-family: Calibri, sans-serif;line-height: 22px;color: #000000;background-image: initial;background-position: initial;background-size: initial;background-attachment: initial\\\"><span style=\\\"font-size: 13pt;line-height: 26px;font-family: Verdana, sans-serif;color: #444444\\\"><a style=\\\"color: blue\\\" href=\\\"https:\/\/www.posgraduacao.unimontes.br\/ppgh\/o-programa\/alunos-nao-regulares\/\\\"><span style=\\\"color: #1bb0ce;border: 1pt none windowtext;padding: 0cm\\\">Alunos n\u00e3o regulares<\/span><\/a><\/span><\/p>\n<p class=\\\"MsoNormal\\\" style=\\\"margin: 0cm;font-size: 11pt;font-family: Calibri, sans-serif;line-height: 22px;color: #000000;background-image: initial;background-position: initial;background-size: initial;background-attachment: initial\\\">\n<\/div><\/div><\/div><\/div><\/div><\/section><section class=\"kc-elm kc_row\"><div class=\"kc-row-container  kc-container\"><div class=\"kc-wrap-columns\"><div class=\"kc-elm kc_column kc_col-sm-12\"><div class=\"kc-col-container\"><\/div><\/div><\/div><\/div><\/section>\n","protected":false},"excerpt":{"rendered":"","protected":false},"author":2,"featured_media":0,"parent":0,"menu_order":0,"comment_status":"closed","ping_status":"closed","template":"","meta":[],"yoast_head":"<!-- This site is optimized with the Yoast SEO plugin v14.7 - https:\/\/yoast.com\/wordpress\/plugins\/seo\/ -->\n<title>O PROGRAMA - PPGH - P\u00f3s Gradua\u00e7\u00e3o em Hist\u00f3ria Unimontes<\/title>\n<meta name=\"robots\" content=\"index, follow\" \/>\n<meta name=\"googlebot\" content=\"index, follow, max-snippet:-1, max-image-preview:large, max-video-preview:-1\" \/>\n<meta name=\"bingbot\" content=\"index, follow, max-snippet:-1, max-image-preview:large, max-video-preview:-1\" \/>\n<link rel=\"canonical\" href=\"https:\/\/www.posgraduacao.unimontes.br\/ppgh\/o-programa\/\" \/>\n<meta property=\"og:locale\" content=\"pt_BR\" \/>\n<meta property=\"og:type\" content=\"article\" \/>\n<meta property=\"og:title\" content=\"O PROGRAMA - PPGH - P\u00f3s Gradua\u00e7\u00e3o em Hist\u00f3ria Unimontes\" \/>\n<meta property=\"og:description\" content=\"Objetivos \u00c1rea de concentra\u00e7\u00e3o Linhas de pesquisa Estrutura Curricular Atividades Programadas Est\u00e1gio Docente Bolsas P\u00f3s-doutorado Alunos n\u00e3o regulares\" \/>\n<meta property=\"og:url\" content=\"https:\/\/www.posgraduacao.unimontes.br\/ppgh\/o-programa\/\" \/>\n<meta property=\"og:site_name\" content=\"PPGH - P\u00f3s Gradua\u00e7\u00e3o em Hist\u00f3ria Unimontes\" \/>\n<meta property=\"article:modified_time\" content=\"2021-08-31T23:08:39+00:00\" \/>\n<meta name=\"twitter:card\" content=\"summary_large_image\" \/>\n<script type=\"application\/ld+json\" class=\"yoast-schema-graph\">{\"@context\":\"https:\/\/schema.org\",\"@graph\":[{\"@type\":\"WebSite\",\"@id\":\"https:\/\/www.posgraduacao.unimontes.br\/ppgh\/#website\",\"url\":\"https:\/\/www.posgraduacao.unimontes.br\/ppgh\/\",\"name\":\"PPGH - P\\u00f3s Gradua\\u00e7\\u00e3o em Hist\\u00f3ria Unimontes\",\"description\":\"Portal da P\\u00f3s Gradua\\u00e7\\u00e3o em Hist\\u00f3ria Unimontes\",\"potentialAction\":[{\"@type\":\"SearchAction\",\"target\":\"https:\/\/www.posgraduacao.unimontes.br\/ppgh\/?s={search_term_string}\",\"query-input\":\"required name=search_term_string\"}],\"inLanguage\":\"pt-BR\"},{\"@type\":\"WebPage\",\"@id\":\"https:\/\/www.posgraduacao.unimontes.br\/ppgh\/o-programa\/#webpage\",\"url\":\"https:\/\/www.posgraduacao.unimontes.br\/ppgh\/o-programa\/\",\"name\":\"O PROGRAMA - PPGH - P\\u00f3s Gradua\\u00e7\\u00e3o em Hist\\u00f3ria Unimontes\",\"isPartOf\":{\"@id\":\"https:\/\/www.posgraduacao.unimontes.br\/ppgh\/#website\"},\"datePublished\":\"2021-08-21T02:50:08+00:00\",\"dateModified\":\"2021-08-31T23:08:39+00:00\",\"inLanguage\":\"pt-BR\",\"potentialAction\":[{\"@type\":\"ReadAction\",\"target\":[\"https:\/\/www.posgraduacao.unimontes.br\/ppgh\/o-programa\/\"]}]}]}<\/script>\n<!-- \/ Yoast SEO plugin. -->","_links":{"self":[{"href":"https:\/\/www.posgraduacao.unimontes.br\/ppgh\/wp-json\/wp\/v2\/pages\/1361"}],"collection":[{"href":"https:\/\/www.posgraduacao.unimontes.br\/ppgh\/wp-json\/wp\/v2\/pages"}],"about":[{"href":"https:\/\/www.posgraduacao.unimontes.br\/ppgh\/wp-json\/wp\/v2\/types\/page"}],"author":[{"embeddable":true,"href":"https:\/\/www.posgraduacao.unimontes.br\/ppgh\/wp-json\/wp\/v2\/users\/2"}],"replies":[{"embeddable":true,"href":"https:\/\/www.posgraduacao.unimontes.br\/ppgh\/wp-json\/wp\/v2\/comments?post=1361"}],"version-history":[{"count":8,"href":"https:\/\/www.posgraduacao.unimontes.br\/ppgh\/wp-json\/wp\/v2\/pages\/1361\/revisions"}],"predecessor-version":[{"id":1428,"href":"https:\/\/www.posgraduacao.unimontes.br\/ppgh\/wp-json\/wp\/v2\/pages\/1361\/revisions\/1428"}],"wp:attachment":[{"href":"https:\/\/www.posgraduacao.unimontes.br\/ppgh\/wp-json\/wp\/v2\/media?parent=1361"}],"curies":[{"name":"wp","href":"https:\/\/api.w.org\/{rel}","templated":true}]}}