{"id":372,"date":"2017-04-28T15:59:10","date_gmt":"2017-04-28T18:59:10","guid":{"rendered":"http:\/\/www.posgraduacao.unimontes.br\/ppgeo\/?page_id=372"},"modified":"2017-04-28T15:59:10","modified_gmt":"2017-04-28T18:59:10","slug":"nuhicre","status":"publish","type":"page","link":"https:\/\/www.posgraduacao.unimontes.br\/ppgeo\/nuhicre\/","title":{"rendered":"N\u00facleo de Hist\u00f3ria e Cultura Regional &#8211; NUHICRE"},"content":{"rendered":"<p>O N\u00facleo de investiga\u00e7\u00e3o e pesquisa no Norte de Minas Gerais foi institu\u00eddo em 2006 na Unimontes, com atua\u00e7\u00e3o nos processos hist\u00f3ricos e culturais; abordagem interdisciplinar da Hist\u00f3ria, priorizando a mem\u00f3ria, hist\u00f3ria, cultura, ci\u00eancia, territ\u00f3rio, sert\u00e3o e ensino; desenvolve atividades de ensino, pesquisa e extens\u00e3o. Atua em parceria com o Instituto Estadual do Patrim\u00f4nio Hist\u00f3rico e Art\u00edstico de MG &#8211; IEPHA &#8211; MG.<\/p>\n","protected":false},"excerpt":{"rendered":"<p>O N\u00facleo de investiga\u00e7\u00e3o e pesquisa no Norte de Minas Gerais foi institu\u00eddo em 2006 na Unimontes, com atua\u00e7\u00e3o nos processos hist\u00f3ricos e culturais; abordagem interdisciplinar da Hist\u00f3ria, priorizando a mem\u00f3ria, hist\u00f3ria, cultura, ci\u00eancia, territ\u00f3rio, sert\u00e3o e ensino; desenvolve atividades de ensino, pesquisa e extens\u00e3o. Atua em parceria com o Instituto Estadual do Patrim\u00f4nio Hist\u00f3rico [&hellip;]<\/p>\n","protected":false},"author":4,"featured_media":0,"parent":0,"menu_order":0,"comment_status":"closed","ping_status":"closed","template":"","meta":[],"yoast_head":"<!-- This site is optimized with the Yoast SEO plugin v14.7 - https:\/\/yoast.com\/wordpress\/plugins\/seo\/ -->\n<title>N\u00facleo de Hist\u00f3ria e Cultura Regional - NUHICRE -<\/title>\n<meta name=\"robots\" content=\"index, follow\" \/>\n<meta name=\"googlebot\" content=\"index, follow, max-snippet:-1, max-image-preview:large, max-video-preview:-1\" \/>\n<meta name=\"bingbot\" content=\"index, follow, max-snippet:-1, max-image-preview:large, max-video-preview:-1\" \/>\n<link rel=\"canonical\" href=\"https:\/\/www.posgraduacao.unimontes.br\/ppgeo\/nuhicre\/\" \/>\n<meta property=\"og:locale\" content=\"pt_BR\" \/>\n<meta property=\"og:type\" content=\"article\" \/>\n<meta property=\"og:title\" content=\"N\u00facleo de Hist\u00f3ria e Cultura Regional - NUHICRE -\" \/>\n<meta property=\"og:description\" content=\"O N\u00facleo de investiga\u00e7\u00e3o e pesquisa no Norte de Minas Gerais foi institu\u00eddo em 2006 na Unimontes, com atua\u00e7\u00e3o nos processos hist\u00f3ricos e culturais; abordagem interdisciplinar da Hist\u00f3ria, priorizando a mem\u00f3ria, hist\u00f3ria, cultura, ci\u00eancia, territ\u00f3rio, sert\u00e3o e ensino; desenvolve atividades de ensino, pesquisa e extens\u00e3o. Atua em parceria com o Instituto Estadual do Patrim\u00f4nio Hist\u00f3rico [&hellip;]\" \/>\n<meta property=\"og:url\" content=\"https:\/\/www.posgraduacao.unimontes.br\/ppgeo\/nuhicre\/\" \/>\n<meta name=\"twitter:card\" content=\"summary_large_image\" \/>\n<script type=\"application\/ld+json\" class=\"yoast-schema-graph\">{\"@context\":\"https:\/\/schema.org\",\"@graph\":[{\"@type\":\"WebSite\",\"@id\":\"https:\/\/www.posgraduacao.unimontes.br\/ppgeo\/#website\",\"url\":\"https:\/\/www.posgraduacao.unimontes.br\/ppgeo\/\",\"name\":\"\",\"description\":\"\",\"potentialAction\":[{\"@type\":\"SearchAction\",\"target\":\"https:\/\/www.posgraduacao.unimontes.br\/ppgeo\/?s={search_term_string}\",\"query-input\":\"required name=search_term_string\"}],\"inLanguage\":\"pt-BR\"},{\"@type\":\"WebPage\",\"@id\":\"https:\/\/www.posgraduacao.unimontes.br\/ppgeo\/nuhicre\/#webpage\",\"url\":\"https:\/\/www.posgraduacao.unimontes.br\/ppgeo\/nuhicre\/\",\"name\":\"N\\u00facleo de Hist\\u00f3ria e Cultura Regional - NUHICRE -\",\"isPartOf\":{\"@id\":\"https:\/\/www.posgraduacao.unimontes.br\/ppgeo\/#website\"},\"datePublished\":\"2017-04-28T18:59:10+00:00\",\"dateModified\":\"2017-04-28T18:59:10+00:00\",\"inLanguage\":\"pt-BR\",\"potentialAction\":[{\"@type\":\"ReadAction\",\"target\":[\"https:\/\/www.posgraduacao.unimontes.br\/ppgeo\/nuhicre\/\"]}]}]}<\/script>\n<!-- \/ Yoast SEO plugin. -->","_links":{"self":[{"href":"https:\/\/www.posgraduacao.unimontes.br\/ppgeo\/wp-json\/wp\/v2\/pages\/372"}],"collection":[{"href":"https:\/\/www.posgraduacao.unimontes.br\/ppgeo\/wp-json\/wp\/v2\/pages"}],"about":[{"href":"https:\/\/www.posgraduacao.unimontes.br\/ppgeo\/wp-json\/wp\/v2\/types\/page"}],"author":[{"embeddable":true,"href":"https:\/\/www.posgraduacao.unimontes.br\/ppgeo\/wp-json\/wp\/v2\/users\/4"}],"replies":[{"embeddable":true,"href":"https:\/\/www.posgraduacao.unimontes.br\/ppgeo\/wp-json\/wp\/v2\/comments?post=372"}],"version-history":[{"count":1,"href":"https:\/\/www.posgraduacao.unimontes.br\/ppgeo\/wp-json\/wp\/v2\/pages\/372\/revisions"}],"predecessor-version":[{"id":373,"href":"https:\/\/www.posgraduacao.unimontes.br\/ppgeo\/wp-json\/wp\/v2\/pages\/372\/revisions\/373"}],"wp:attachment":[{"href":"https:\/\/www.posgraduacao.unimontes.br\/ppgeo\/wp-json\/wp\/v2\/media?parent=372"}],"curies":[{"name":"wp","href":"https:\/\/api.w.org\/{rel}","templated":true}]}}