{"id":36,"date":"2017-03-24T18:56:10","date_gmt":"2017-03-24T21:56:10","guid":{"rendered":"http:\/\/www.posgraduacao.unimontes.br\/site-modelo\/?page_id=36"},"modified":"2026-02-23T15:52:02","modified_gmt":"2026-02-23T18:52:02","slug":"corpo-docente","status":"publish","type":"page","link":"https:\/\/www.posgraduacao.unimontes.br\/ppgeo\/corpo-docente\/","title":{"rendered":"Corpo Docente"},"content":{"rendered":"<section class=\"kc-elm kc-css-539007 kc_row\"><div class=\"kc-row-container  kc-container\"><div class=\"kc-wrap-columns\"><div class=\"kc-elm kc-css-914026 kc_col-sm-12 kc_column kc_col-sm-12\"><div class=\"kc-col-container\">\n<div class=\"kc-elm kc-css-484847 kc-title-wrap \">\n\n\t<h1 class=\"kc_title\">Docentes Permanentes<\/h1>\n<\/div>\n<\/div><\/div><\/div><\/div><\/section><section class=\"kc-elm kc-css-340580 kc_row\"><div class=\"kc-row-container  kc-container\"><div class=\"kc-wrap-columns\"><div class=\"kc-elm kc-css-792513 kc_col-sm-6 kc_column kc_col-sm-6\"><div class=\"Corpo Docente Permanente kc-col-container\">\n<div class=\"kc-elm kc-css-458878 kc-team kc-team-1\">\n\n\t<figure class=\"content-image\"><img src=\"https:\/\/www.posgraduacao.unimontes.br\/uploads\/sites\/7\/2023\/10\/ana_ivania.jpeg\" alt=\"\"><\/figure><div class=\"content-title\">ANA IVANIA ALVES FONSECA<\/div><div class=\"content-subtitle\">E-mail ana.fonseca@unimontes.br <\/div><div class=\"content-desc\">- Doutora em Geografia (UNESP\/Rio Claro\/SP)                                  \n<\/div><div class=\"content-button\"><a href=\"http:\/\/lattes.cnpq.br\/4494210387984708\">Curr\u00edculo Lattes<\/a><\/div>\n<\/div>\n\n<div class=\"kc-elm kc-css-671897 kc-team kc-team-1\">\n\n\t<figure class=\"content-image\"><img src=\"https:\/\/www.posgraduacao.unimontes.br\/uploads\/sites\/7\/2020\/10\/fotoANdi-Personalizado.jpg\" alt=\"\"><\/figure><div class=\"content-title\">Anderson Willians Bertholi<\/div><div class=\"content-subtitle\">E-mail andibertholi@gmail.com<\/div><div class=\"content-desc\">Doutor em Geografia (UFSC)\n<\/div><div class=\"content-button\"><a href=\"http:\/\/buscatextual.cnpq.br\/buscatextual\/visualizacv.do?id=K4737793P9\">CURR\u00cdCULO LATTES<\/a><\/div>\n<\/div>\n\n<div class=\"kc-elm kc-css-498138 kc-team kc-team-1\">\n\n\t<figure class=\"content-image\"><img src=\"https:\/\/www.posgraduacao.unimontes.br\/uploads\/sites\/7\/2020\/09\/cassio-Personalizado.jpeg\" alt=\"\"><\/figure><div class=\"content-title\">C\u00e1ssio Alexandre da Silva<\/div><div class=\"content-subtitle\">E-mail cassio.silva@unimontes.br<\/div><div class=\"content-desc\">Doutor em Geografia (UFU)\n<\/div><div class=\"content-button\"><a href=\"http:\/\/buscatextual.cnpq.br\/buscatextual\/visualizacv.do?id=K4758348U6\">Curr\u00edculo Lattes<\/a><\/div>\n<\/div>\n\n<div class=\"kc-elm kc-css-432395 kc-team kc-team-1\">\n\n\t<figure class=\"content-image\"><img src=\"https:\/\/www.posgraduacao.unimontes.br\/uploads\/sites\/7\/2020\/09\/bortolo-Personalizado.jpeg\" alt=\"\"><\/figure><div class=\"content-title\">Carlos Alexandre de Bortolo<\/div><div class=\"content-subtitle\">E-mail carlos.bortolo@unimontes.br<\/div><div class=\"content-desc\">Doutor em Geografia (UEM, Brasil)\n<\/div><div class=\"content-button\"><a href=\"http:\/\/buscatextual.cnpq.br\/buscatextual\/visualizacv.do?id=K4596978E6\">Curr\u00edculo Lattes<\/a><\/div>\n<\/div>\n\n<div class=\"kc-elm kc-css-214062 kc-team kc-team-1\">\n\n\t<figure class=\"content-image\"><img src=\"https:\/\/www.posgraduacao.unimontes.br\/uploads\/sites\/7\/2020\/09\/servletrecuperafoto-Personalizado-1.jpeg\" alt=\"\"><\/figure><div class=\"content-title\">Gustavo Henrique Cepolini Ferreira<\/div><div class=\"content-subtitle\"> E-mail gustavo.cepolini@unimontes.br<\/div><div class=\"content-desc\">Doutor em Geografia (USP)\n<\/div><div class=\"content-button\"><a href=\"http:\/\/buscatextual.cnpq.br\/buscatextual\/visualizacv.do?id=K4137698A3\">CURR\u00cdCULO LATTES<\/a><\/div>\n<\/div>\n\n<div class=\"kc-elm kc-css-330266 kc-team kc-team-1\">\n\n\t<figure class=\"content-image\"><img src=\"https:\/\/www.posgraduacao.unimontes.br\/uploads\/sites\/7\/2020\/10\/20201020_153622-Personalizado.jpg\" alt=\"\"><\/figure><div class=\"content-title\">Iara Soares de Fran\u00e7a<\/div><div class=\"content-subtitle\">E-mail iara.franca@unimontes.br <\/div><div class=\"content-desc\">Doutora em Geografia (UFU)<\/div><div class=\"content-button\"><a href=\"http:\/\/buscatextual.cnpq.br\/buscatextual\/visualizacv.do?id=K4756289U7\">Curr\u00edculo Lattes<\/a><\/div>\n<\/div>\n\n<div class=\"kc-elm kc-css-744537 kc-team kc-team-1\">\n\n\t<figure class=\"content-image\"><img src=\"https:\/\/www.posgraduacao.unimontes.br\/uploads\/sites\/7\/2025\/12\/e37fbd81-b0a1-4d24-9f47-fe6ecead6919-e1764603528929.jpg\" alt=\"\"><\/figure><div class=\"content-title\">Rahyan de Carvalho Alves<\/div><div class=\"content-subtitle\">E-mail rahyan.alves@unimontes.br<\/div><div class=\"content-desc\">Doutor em Geografia (UFMG)<\/div><div class=\"content-button\"><a href=\"http:\/\/lattes.cnpq.br\/0593456424985792\">CURR\u00cdCULO LATTES<\/a><\/div>\n<\/div>\n<\/div><\/div><div class=\"kc-elm kc-css-622682 kc_col-sm-6 kc_column kc_col-sm-6\"><div class=\"Corpo Docente Permanente kc-col-container\">\n<div class=\"kc-elm kc-css-725949 kc-team kc-team-1\">\n\n\t<figure class=\"content-image\"><img src=\"https:\/\/www.posgraduacao.unimontes.br\/uploads\/sites\/7\/2022\/09\/joao-paulo-sena-1.png\" alt=\"\"><\/figure><div class=\"content-title\">Jo\u00e3o Paulo Sena-Souza<\/div><div class=\"content-subtitle\">E-mail jpsenasouza@gmail.com <\/div><div class=\"content-desc\">Doutor em Ci\u00eancias Ambientais (UnB)\n<\/div><div class=\"content-button\"><a href=\"http:\/\/lattes.cnpq.br\/4240156393174348\">CURR\u00cdCULO LATTES<\/a><\/div>\n<\/div>\n\n<div class=\"kc-elm kc-css-652165 kc-team kc-team-1 CURR\u00cdCULO LATTES\">\n\n\t<figure class=\"content-image\"><img src=\"https:\/\/www.posgraduacao.unimontes.br\/uploads\/sites\/7\/2020\/09\/luis-ricardio-Personalizado.jpeg\" alt=\"\"><\/figure><div class=\"content-title\">Luis Ricardo Fernandes da Costa<\/div><div class=\"content-subtitle\">E-mail lricardocosta@yahoo.com.br<\/div><div class=\"content-desc\">Doutor em Geografia (UFC)\n<\/div><div class=\"content-button\"><a href=\"http:\/\/buscatextual.cnpq.br\/buscatextual\/visualizacv.do?id=K4416387H0\">CURR\u00cdCULO LATTES<\/a><\/div>\n<\/div>\n\n<div class=\"kc-elm kc-css-965978 kc-team kc-team-1\">\n\n\t<figure class=\"content-image\"><img src=\"https:\/\/www.posgraduacao.unimontes.br\/uploads\/sites\/7\/2020\/09\/a97503cc7826cb11d0aa7e2dd84a555d-Personalizado.jpg\" alt=\"\"><\/figure><div class=\"content-title\">Luiz Andrei Gon\u00e7alves Pereira<\/div><div class=\"content-subtitle\">luiz.goncalves@unimontes.br<\/div><div class=\"content-desc\">Doutor em Geografia (UFU)\n<\/div><div class=\"content-button\"><a href=\"http:\/\/buscatextual.cnpq.br\/buscatextual\/visualizacv.do?id=K4214605H7\">Curr\u00edculo Lattes<\/a><\/div>\n<\/div>\n\n<div class=\"kc-elm kc-css-183879 kc-team kc-team-1\">\n\n\t<figure class=\"content-image\"><img src=\"https:\/\/www.posgraduacao.unimontes.br\/uploads\/sites\/7\/2020\/09\/marcos1-Personalizado.jpeg\" alt=\"\"><\/figure><div class=\"content-title\">Marcos Esdras Leite<\/div><div class=\"content-subtitle\">E-mail marcos.leite@unimontes.br <\/div><div class=\"content-desc\"> Doutor em Geografia (UFU)\n<\/div><div class=\"content-button\"><a href=\"http:\/\/buscatextual.cnpq.br\/buscatextual\/visualizacv.do?id=K4102419T1\">Curr\u00edculo Lattes<\/a><\/div>\n<\/div>\n\n<div class=\"kc-elm kc-css-625843 kc-team kc-team-1\">\n\n\t<figure class=\"content-image\"><img src=\"https:\/\/www.posgraduacao.unimontes.br\/uploads\/sites\/7\/2020\/09\/ricardo-palhares-Personalizado.jpeg\" alt=\"\"><\/figure><div class=\"content-title\">Ricardo Henrique Palhares<\/div><div class=\"content-subtitle\">E-mail ricardo.palhares@unimontes.br <\/div><div class=\"content-desc\">Doutor em Geografia (PUC Minas)\n<\/div><div class=\"content-button\"><a href=\"http:\/\/buscatextual.cnpq.br\/buscatextual\/visualizacv.do?id=K4504914P6\">CURR\u00cdCULO LATTES<\/a><\/div>\n<\/div>\n\n<div class=\"kc-elm kc-css-365681 kc-team kc-team-1\">\n\n\t<figure class=\"content-image\"><img src=\"https:\/\/www.posgraduacao.unimontes.br\/uploads\/sites\/7\/2020\/09\/pedro-Personalizado.jpeg\" alt=\"\"><\/figure><div class=\"content-title\">Pedro Ivo Jorge Gomes<\/div><div class=\"content-subtitle\">E-mail pedroivojorge@yahoo.com.br <\/div><div class=\"content-desc\">Doutor em Geografia (UFU)<\/div><div class=\"content-button\"><a href=\"http:\/\/buscatextual.cnpq.br\/buscatextual\/visualizacv.do?id=K4130039P6\">CURR\u00cdCULO LATTES<\/a><\/div>\n<\/div>\n<\/div><\/div><\/div><\/div><\/section><section class=\"kc-elm kc-css-558484 kc_row\"><div class=\"kc-row-container  kc-container\"><div class=\"kc-wrap-columns\"><div class=\"kc-elm kc-css-912139 kc_col-sm-6 kc_column kc_col-sm-6\"><div class=\"kc-col-container\"><div class=\"kc-elm kc-css-745563 kc_row kc_row_inner\"><div class=\"kc-elm kc-css-283908 kc_col-sm-12 kc_column_inner kc_col-sm-12\"><div class=\"kc_wrapper kc-col-inner-container\">\n<div class=\"kc-elm kc-css-244010 kc-title-wrap \">\n\n\t<h1 class=\"kc_title\">Membros Colaboradores<\/h1>\n<\/div>\n\n<div class=\"kc-elm kc-css-386133 kc-team kc-team-1\">\n\n\t<figure class=\"content-image\"><img src=\"https:\/\/www.posgraduacao.unimontes.br\/uploads\/sites\/7\/2026\/02\/WhatsApp-Image-2026-02-22-at-20.04.26-e1771802515749.jpeg\" alt=\"\"><\/figure><div class=\"content-title\">Ronaldo Alves Bel\u00e9m<\/div><div class=\"content-subtitle\">Doutor em Geografia (UFMG)<\/div><div class=\"content-desc\">E-mail: ronaldo.belem@unimontes.br<\/div><div class=\"content-socials\"><a href=\"#\" target=\"_blank\"><i class=\"fab-facebook-f\"><\/i><\/a><a href=\"#\" target=\"_blank\"><i class=\"fab-twitter\"><\/i><\/a><a href=\"#\" target=\"_blank\"><i class=\"fab-google-plus-g\"><\/i><\/a><\/div><div class=\"content-button\"><a href=\"http:\/\/lattes.cnpq.br\/9222778194556131\">Read More<\/a><\/div>\n<\/div>\n\n<div class=\"kc-elm kc-css-809189 kc-team kc-team-1\">\n\n\t<figure class=\"content-image\"><img src=\"https:\/\/www.posgraduacao.unimontes.br\/uploads\/sites\/7\/2026\/02\/WhatsApp-Image-2026-02-22-at-20.03.55-e1771803013607.jpeg\" alt=\"\"><\/figure><div class=\"content-title\">Priscilla Caires Santana Afonso<\/div><div class=\"content-subtitle\">Doutora em Geografia (UFU)<\/div><div class=\"content-desc\">E-mail: priscilla.caires@unimontes.br<\/div><div class=\"content-socials\"><a href=\"#\" target=\"_blank\"><i class=\"fab-facebook-f\"><\/i><\/a><a href=\"#\" target=\"_blank\"><i class=\"fab-twitter\"><\/i><\/a><a href=\"#\" target=\"_blank\"><i class=\"fab-google-plus-g\"><\/i><\/a><\/div><div class=\"content-button\"><a href=\"http:\/\/lattes.cnpq.br\/9418827955409454\">Read More<\/a><\/div>\n<\/div>\n\n<div class=\"kc-elm kc-css-751113 kc-team kc-team-1\">\n\n\t<figure class=\"content-image\"><img src=\"https:\/\/www.posgraduacao.unimontes.br\/uploads\/sites\/7\/2026\/02\/WhatsApp-Image-2026-02-22-at-20.04.13-e1771803446586.jpeg\" alt=\"\"><\/figure><div class=\"content-title\">Vivian Mendes Hermano<\/div><div class=\"content-subtitle\">Doutora em Geografia (PUC MINAS)<\/div><div class=\"content-desc\">E-mail: hermanovivian@gmail.com<\/div><div class=\"content-socials\"><a href=\"#\" target=\"_blank\"><i class=\"fab-facebook-f\"><\/i><\/a><a href=\"#\" target=\"_blank\"><i class=\"fab-twitter\"><\/i><\/a><a href=\"#\" target=\"_blank\"><i class=\"fab-google-plus-g\"><\/i><\/a><\/div><div class=\"content-button\"><a href=\"#\">Read More<\/a><\/div>\n<\/div>\n\n<div class=\"kc-elm kc-css-500561 kc-team kc-team-1\">\n\n\t<figure class=\"content-image\"><img src=\"https:\/\/www.posgraduacao.unimontes.br\/uploads\/sites\/7\/2020\/10\/Imagem1-Personalizado.png\" alt=\"\"><\/figure><div class=\"content-title\">Anete Mar\u00edlia Pereira<\/div><div class=\"content-subtitle\">E-mail anete.pereira@unimontes.br<\/div><div class=\"content-desc\">Doutora em Geografia (UFU)\n<\/div><div class=\"content-button\"><a href=\"http:\/\/buscatextual.cnpq.br\/buscatextual\/visualizacv.do?id=K4702574P4\">Curr\u00edculo Lattes<\/a><\/div>\n<\/div>\n\n<div class=\"kc-elm kc-css-718354 kc-team kc-team-1\">\n\n\t<figure class=\"content-image\"><img src=\"https:\/\/www.posgraduacao.unimontes.br\/uploads\/sites\/7\/2020\/09\/canela-Personalizado.jpg\" alt=\"\"><\/figure><div class=\"content-title\">Maria Ivete Soares de Almeida<\/div><div class=\"content-subtitle\">E-mail ivete.almeida@unimontes.br <\/div><div class=\"content-desc\">Doutora em Geografia (PUC Minas)\n<\/div><div class=\"content-button\"><a href=\"http:\/\/buscatextual.cnpq.br\/buscatextual\/visualizacv.do?id=K4709230T4\">Curr\u00edculo Lattes<\/a><\/div>\n<\/div>\n\n<div class=\"kc-elm kc-css-113074 kc-team kc-team-1\">\n\n\t<figure class=\"content-image\"><img src=\"https:\/\/www.posgraduacao.unimontes.br\/uploads\/sites\/7\/2026\/02\/5be85385-017a-4999-a419-8173a228df15-e1771872714905.jpg\" alt=\"\"><\/figure><div class=\"content-title\">Josimar dos Reis de Souza<\/div><div class=\"content-subtitle\">Doutor em Geografia (UFU)<\/div><div class=\"content-desc\">E-mail: josimarsouza@cefetmg.br<\/div><div class=\"content-socials\"><a href=\"#\" target=\"_blank\"><i class=\"fab-facebook-f\"><\/i><\/a><a href=\"#\" target=\"_blank\"><i class=\"fab-twitter\"><\/i><\/a><a href=\"#\" target=\"_blank\"><i class=\"fab-google-plus-g\"><\/i><\/a><\/div><div class=\"content-button\"><a href=\"#\">Read More<\/a><\/div>\n<\/div>\n\n<div class=\"kc-elm kc-css-680380 kc-team kc-team-1\">\n\n\t<figure class=\"content-image\"><img src=\"https:\/\/www.posgraduacao.unimontes.br\/uploads\/sites\/7\/2026\/02\/2bd9c31c-c038-4fc9-963e-b11f5378d180-e1771872742917.jpg\" alt=\"\"><\/figure><div class=\"content-title\">Rodolfo Augusto Monteiro Pelegrin<\/div><div class=\"content-subtitle\">Doutor em Desenvolvimento Econ\u00f4mico (IE-Unicamp)<\/div><div class=\"content-desc\">E-mail: rodolfo.pelegrin@gmail.com<\/div><div class=\"content-socials\"><a href=\"#\" target=\"_blank\"><i class=\"fab-facebook-f\"><\/i><\/a><a href=\"#\" target=\"_blank\"><i class=\"fab-twitter\"><\/i><\/a><a href=\"#\" target=\"_blank\"><i class=\"fab-google-plus-g\"><\/i><\/a><\/div><div class=\"content-button\"><a href=\"#\">Read More<\/a><\/div>\n<\/div>\n<\/div><\/div><\/div><\/div><\/div><div class=\"kc-elm kc-css-221468 kc_col-sm-6 kc_column kc_col-sm-6\"><div class=\"kc-col-container\"><div class=\"kc-elm kc-css-595990 kc_row kc_row_inner\"><div class=\"kc-elm kc-css-978586 kc_col-sm-12 kc_column_inner kc_col-sm-12\"><div class=\"kc_wrapper kc-col-inner-container\">\n<div class=\"kc-elm kc-css-254587 kc-title-wrap \">\n\n\t<h1 class=\"kc_title\">Professores Visitantes<\/h1>\n<\/div>\n\n<div class=\"kc-elm kc-css-710485 kc-team kc-team-1\">\n\n\t<figure class=\"content-image\"><img src=\"https:\/\/www.posgraduacao.unimontes.br\/uploads\/sites\/7\/2022\/09\/cristiano.jpeg\" alt=\"\"><\/figure><div class=\"content-title\">Cristiano Marcelo Pereira Souza<\/div><div class=\"content-subtitle\">E-mail souzacristianomp@gmail.com<\/div><div class=\"content-desc\">Doutor em solos - (UFV)<\/div><div class=\"content-button\"><a href=\"http:\/\/buscatextual.cnpq.br\/buscatextual\/visualizacv.do?id=K4299144H7\">CURR\u00cdCULO LATTES<\/a><\/div>\n<\/div>\n\n<div class=\"kc-elm kc-css-443199 kc-team kc-team-1\">\n\n\t<figure class=\"content-image\"><img src=\"https:\/\/www.posgraduacao.unimontes.br\/uploads\/sites\/7\/2020\/09\/servletrecuperafoto-Personalizado-2.jpeg\" alt=\"\"><\/figure><div class=\"content-title\">Casimiro Manuel Marques Balsa<\/div><div class=\"content-subtitle\">E-mail bcmm@fcsh.unl.pt <\/div><div class=\"content-desc\">Doutor em Sociologia (ULC, B\u00e9lgica)<\/div><div class=\"content-button\"><a href=\"http:\/\/buscatextual.cnpq.br\/buscatextual\/visualizacv.do?id=K4243483P1\">CURR\u00cdCULO LATTES<\/a><\/div>\n<\/div>\n\n<div class=\"kc-elm kc-css-644621 kc-team kc-team-1\">\n\n\t<figure class=\"content-image\"><img src=\"https:\/\/www.posgraduacao.unimontes.br\/uploads\/sites\/7\/2020\/09\/Oswaldo-Personalizado.jpg\" alt=\"\"><\/figure><div class=\"content-title\">Oswaldo Bueno Amorim Filho <\/div><div class=\"content-subtitle\">E-mail taitsonbueno@gmail.com <\/div><div class=\"content-desc\">Doutor Em Geografia (Universit\u00e9 de Bordeaux)<\/div><div class=\"content-button\"><a href=\"http:\/\/buscatextual.cnpq.br\/buscatextual\/visualizacv.do?id=K4780405T3\">CURR\u00cdCULO LATTES<\/a><\/div>\n<\/div>\n<\/div><\/div><\/div><\/div><\/div><\/div><\/div><\/section><section class=\"kc-elm kc-css-607572 kc_row\"><div class=\"kc-row-container  kc-container\"><div class=\"kc-wrap-columns\"><div class=\"kc-elm kc-css-668878 kc_col-sm-12 kc_column kc_col-sm-12\"><div class=\"kc-col-container\">\n<div class=\"kc-elm kc-css-285630 kc-title-wrap \">\n\n\t<h1 class=\"kc_title\">Representantes de Comiss\u00e3o <\/h1>\n<\/div>\n<\/div><\/div><\/div><\/div><\/section><section class=\"kc-elm kc-css-868797 kc_row\"><div class=\"kc-row-container  kc-container\"><div class=\"kc-wrap-columns\"><div class=\"kc-elm kc-css-19432 kc_col-sm-6 kc_column kc_col-sm-6\"><div class=\"kc-col-container\">\n<div class=\"kc-elm kc-css-903174 kc-title-wrap \">\n\n\t<h1 class=\"kc_title\">Cotas\/A\u00e7\u00f5es Afirmativas\/UNIMONTES<\/h1>\n<\/div>\n\n<div class=\"kc-elm kc-css-214407 kc-team kc-team-1 CURR\u00cdCULO LATTES\">\n\n\t<figure class=\"content-image\"><img src=\"https:\/\/www.posgraduacao.unimontes.br\/uploads\/sites\/7\/2023\/10\/ana_ivania.jpeg\" alt=\"\"><\/figure><div class=\"content-title\">ANA IVANIA ALVES FONSECA<\/div><div class=\"content-subtitle\">ana.fonseca@unimontes.br<\/div><div class=\"content-button\"><a href=\"http:\/\/buscatextual.cnpq.br\/buscatextual\/visualizacv.do?id=K4164721Z3\">CURR\u00cdCULO LATTES<\/a><\/div>\n<\/div>\n<\/div><\/div><div class=\"kc-elm kc-css-689622 kc_col-sm-6 kc_column kc_col-sm-6\"><div class=\"kc-col-container\">\n<div class=\"kc-elm kc-css-540794 kc-title-wrap \">\n\n\t<h1 class=\"kc_title\">Internacionaliza\u00e7\u00e3o\/UNIMONTES<\/h1>\n<\/div>\n\n<div class=\"kc-elm kc-css-649046 kc-team kc-team-1\">\n\n\t<figure class=\"content-image\"><img src=\"https:\/\/www.posgraduacao.unimontes.br\/uploads\/sites\/7\/2020\/09\/a97503cc7826cb11d0aa7e2dd84a555d-Personalizado.jpg\" alt=\"\"><\/figure><div class=\"content-title\">LUIZ ANDREI GON\u00c7ALVES PEREIRA<\/div><div class=\"content-subtitle\">luiz.goncalves@unimontes.br<\/div><div class=\"content-button\"><a href=\"http:\/\/buscatextual.cnpq.br\/buscatextual\/visualizacv.do?id=K4214605H7\">CURR\u00cdCULO LATTES<\/a><\/div>\n<\/div>\n<\/div><\/div><\/div><\/div><\/section><section class=\"kc-elm kc-css-608732 kc_row\"><div class=\"kc-row-container  kc-container\"><div class=\"kc-wrap-columns\"><div class=\"kc-elm kc-css-9789 kc_col-sm-12 kc_column kc_col-sm-12\"><div class=\"kc-col-container\"><div class=\"kc-elm kc-css-416406 kc_text_block\"><p class=\"MsoNormal\" style=\"text-align: center;\" align=\"center\"><b><span style=\"color: #203864;\">Ex-colaboradores<\/span><\/b><\/p>\n<p class=\"MsoNormal\" style=\"text-align: left;\" align=\"center\"><a style=\"font-style: inherit;\" href=\"http:\/\/buscatextual.cnpq.br\/buscatextual\/visualizacv.do?id=K4783834D9\">Maria Geralda de Almeida<\/a><\/p>\n<\/div><\/div><\/div><\/div><\/div><\/section>\n","protected":false},"excerpt":{"rendered":"","protected":false},"author":1,"featured_media":0,"parent":0,"menu_order":0,"comment_status":"closed","ping_status":"closed","template":"","meta":[],"yoast_head":"<!-- This site is optimized with the Yoast SEO plugin v14.7 - https:\/\/yoast.com\/wordpress\/plugins\/seo\/ -->\n<title>Corpo Docente -<\/title>\n<meta name=\"robots\" content=\"index, follow\" \/>\n<meta name=\"googlebot\" content=\"index, follow, max-snippet:-1, max-image-preview:large, max-video-preview:-1\" \/>\n<meta name=\"bingbot\" content=\"index, follow, max-snippet:-1, max-image-preview:large, max-video-preview:-1\" \/>\n<link rel=\"canonical\" href=\"https:\/\/www.posgraduacao.unimontes.br\/ppgeo\/corpo-docente\/\" \/>\n<meta property=\"og:locale\" content=\"pt_BR\" \/>\n<meta property=\"og:type\" content=\"article\" \/>\n<meta property=\"og:title\" content=\"Corpo Docente -\" \/>\n<meta property=\"og:description\" content=\"Docentes Permanentes ANA IVANIA ALVES FONSECA E-mail ana.fonseca@unimontes.br &#8211; Doutora em Geografia (UNESP\/Rio Claro\/SP) Curr\u00edculo Lattes Anderson Willians Bertholi E-mail andibertholi@gmail.com Doutor em Geografia (UFSC) CURR\u00cdCULO LATTES C\u00e1ssio Alexandre da Silva E-mail cassio.silva@unimontes.br Doutor em Geografia (UFU) Curr\u00edculo Lattes Carlos Alexandre de Bortolo E-mail carlos.bortolo@unimontes.br Doutor em Geografia (UEM, Brasil) Curr\u00edculo Lattes Gustavo Henrique Cepolini [&hellip;]\" \/>\n<meta property=\"og:url\" content=\"https:\/\/www.posgraduacao.unimontes.br\/ppgeo\/corpo-docente\/\" \/>\n<meta property=\"article:modified_time\" content=\"2026-02-23T18:52:02+00:00\" \/>\n<meta property=\"og:image\" content=\"http:\/\/www.posgraduacao.unimontes.br\/uploads\/sites\/7\/2023\/10\/ana_ivania.jpeg\" \/>\n<meta name=\"twitter:card\" content=\"summary_large_image\" \/>\n<script type=\"application\/ld+json\" class=\"yoast-schema-graph\">{\"@context\":\"https:\/\/schema.org\",\"@graph\":[{\"@type\":\"WebSite\",\"@id\":\"https:\/\/www.posgraduacao.unimontes.br\/ppgeo\/#website\",\"url\":\"https:\/\/www.posgraduacao.unimontes.br\/ppgeo\/\",\"name\":\"\",\"description\":\"\",\"potentialAction\":[{\"@type\":\"SearchAction\",\"target\":\"https:\/\/www.posgraduacao.unimontes.br\/ppgeo\/?s={search_term_string}\",\"query-input\":\"required name=search_term_string\"}],\"inLanguage\":\"pt-BR\"},{\"@type\":\"ImageObject\",\"@id\":\"https:\/\/www.posgraduacao.unimontes.br\/ppgeo\/corpo-docente\/#primaryimage\",\"inLanguage\":\"pt-BR\",\"url\":\"http:\/\/www.posgraduacao.unimontes.br\/uploads\/sites\/7\/2023\/10\/ana_ivania.jpeg\"},{\"@type\":\"WebPage\",\"@id\":\"https:\/\/www.posgraduacao.unimontes.br\/ppgeo\/corpo-docente\/#webpage\",\"url\":\"https:\/\/www.posgraduacao.unimontes.br\/ppgeo\/corpo-docente\/\",\"name\":\"Corpo Docente -\",\"isPartOf\":{\"@id\":\"https:\/\/www.posgraduacao.unimontes.br\/ppgeo\/#website\"},\"primaryImageOfPage\":{\"@id\":\"https:\/\/www.posgraduacao.unimontes.br\/ppgeo\/corpo-docente\/#primaryimage\"},\"datePublished\":\"2017-03-24T21:56:10+00:00\",\"dateModified\":\"2026-02-23T18:52:02+00:00\",\"inLanguage\":\"pt-BR\",\"potentialAction\":[{\"@type\":\"ReadAction\",\"target\":[\"https:\/\/www.posgraduacao.unimontes.br\/ppgeo\/corpo-docente\/\"]}]}]}<\/script>\n<!-- \/ Yoast SEO plugin. -->","_links":{"self":[{"href":"https:\/\/www.posgraduacao.unimontes.br\/ppgeo\/wp-json\/wp\/v2\/pages\/36"}],"collection":[{"href":"https:\/\/www.posgraduacao.unimontes.br\/ppgeo\/wp-json\/wp\/v2\/pages"}],"about":[{"href":"https:\/\/www.posgraduacao.unimontes.br\/ppgeo\/wp-json\/wp\/v2\/types\/page"}],"author":[{"embeddable":true,"href":"https:\/\/www.posgraduacao.unimontes.br\/ppgeo\/wp-json\/wp\/v2\/users\/1"}],"replies":[{"embeddable":true,"href":"https:\/\/www.posgraduacao.unimontes.br\/ppgeo\/wp-json\/wp\/v2\/comments?post=36"}],"version-history":[{"count":134,"href":"https:\/\/www.posgraduacao.unimontes.br\/ppgeo\/wp-json\/wp\/v2\/pages\/36\/revisions"}],"predecessor-version":[{"id":3657,"href":"https:\/\/www.posgraduacao.unimontes.br\/ppgeo\/wp-json\/wp\/v2\/pages\/36\/revisions\/3657"}],"wp:attachment":[{"href":"https:\/\/www.posgraduacao.unimontes.br\/ppgeo\/wp-json\/wp\/v2\/media?parent=36"}],"curies":[{"name":"wp","href":"https:\/\/api.w.org\/{rel}","templated":true}]}}