{"id":35,"date":"2017-03-24T18:56:09","date_gmt":"2017-03-24T21:56:09","guid":{"rendered":"http:\/\/www.posgraduacao.unimontes.br\/site-modelo\/?page_id=35"},"modified":"2017-05-03T13:40:32","modified_gmt":"2017-05-03T16:40:32","slug":"apresentacao","status":"publish","type":"page","link":"https:\/\/www.posgraduacao.unimontes.br\/ppgeo\/apresentacao\/","title":{"rendered":"Apresenta\u00e7\u00e3o"},"content":{"rendered":"<section class=\"kc-elm kc-css-831082 kc_row\"><div class=\"kc-row-container  kc-container\"><div class=\"kc-wrap-columns\"><div class=\"kc-elm kc-css-27224 kc_col-sm-12 kc_column kc_col-sm-12\"><div class=\"kc-col-container\"><div class=\"kc-elm kc-css-384156 kc_text_block\"><p>O Programa de P\u00f3s-Gradua\u00e7\u00e3o em Geografia (PPGEO) da Universidade Estadual de Montes Claros (UNIMONTES) \u00e9 constitu\u00eddo pelo ciclo de estudos regulares em seguimento ao de gradua\u00e7\u00e3o e funciona em n\u00edvel de Mestrado.<\/p>\n<p>O Programa confere o grau de Mestre em Geografia &#8211; \u00e1rea de concentra\u00e7\u00e3o em Din\u00e2mica e Organiza\u00e7\u00e3o do Espa\u00e7o. A \u00e1rea de concentra\u00e7\u00e3o Din\u00e2mica e An\u00e1lise Espacial se organiza em duas linhas de pesquisa:<\/p>\n<p>a) Produ\u00e7\u00e3o dos Espa\u00e7os Urbanos e Rurais;<br \/>\nb) Territ\u00f3rio, Cultura e Meio Ambiente.<\/p>\n<p>A perspectiva de produ\u00e7\u00e3o do conhecimento referente \u00e0 din\u00e2mica da organiza\u00e7\u00e3o espacial surge de um esfor\u00e7o colaborativo que procura interpretar v\u00e1rios fen\u00f4menos geogr\u00e1ficos sob o prisma da diversidade, de forma sist\u00eamica.<\/p>\n<p>O que se espera, com a \u00e1rea de concentra\u00e7\u00e3o Din\u00e2mica e An\u00e1lise Espacial, \u00e9 contribuir para a forma\u00e7\u00e3o de pesquisadores com compet\u00eancia para produzir estudos geogr\u00e1ficos, a partir de diferentes perspectivas, refletindo e discutindo criticamente teorias, m\u00e9todos e fontes, e deles se apropriando de forma consistente e criativa.<\/p>\n<p>O PPGEO objetiva formar profissionais em n\u00edvel de excel\u00eancia para a produ\u00e7\u00e3o de pesquisas cient\u00edficas em Geografia, tendo em vista a produ\u00e7\u00e3o e din\u00e2mica do espa\u00e7o, estando habilitados para o exerc\u00edcio da doc\u00eancia no ensino superior e atua\u00e7\u00e3o em institui\u00e7\u00f5es p\u00fablicas e privadas.<\/p>\n<\/div><\/div><\/div><\/div><\/div><\/section>\n","protected":false},"excerpt":{"rendered":"","protected":false},"author":1,"featured_media":0,"parent":0,"menu_order":0,"comment_status":"closed","ping_status":"closed","template":"","meta":[],"yoast_head":"<!-- This site is optimized with the Yoast SEO plugin v14.7 - https:\/\/yoast.com\/wordpress\/plugins\/seo\/ -->\n<title>Apresenta\u00e7\u00e3o -<\/title>\n<meta name=\"robots\" content=\"index, follow\" \/>\n<meta name=\"googlebot\" content=\"index, follow, max-snippet:-1, max-image-preview:large, max-video-preview:-1\" \/>\n<meta name=\"bingbot\" content=\"index, follow, max-snippet:-1, max-image-preview:large, max-video-preview:-1\" \/>\n<link rel=\"canonical\" href=\"https:\/\/www.posgraduacao.unimontes.br\/ppgeo\/apresentacao\/\" \/>\n<meta property=\"og:locale\" content=\"pt_BR\" \/>\n<meta property=\"og:type\" content=\"article\" \/>\n<meta property=\"og:title\" content=\"Apresenta\u00e7\u00e3o -\" \/>\n<meta property=\"og:description\" content=\"O Programa de P\u00f3s-Gradua\u00e7\u00e3o em Geografia (PPGEO) da Universidade Estadual de Montes Claros (UNIMONTES) \u00e9 constitu\u00eddo pelo ciclo de estudos regulares em seguimento ao de gradua\u00e7\u00e3o e funciona em n\u00edvel de Mestrado. O Programa confere o grau de Mestre em Geografia &#8211; \u00e1rea de concentra\u00e7\u00e3o em Din\u00e2mica e Organiza\u00e7\u00e3o do Espa\u00e7o. A \u00e1rea de concentra\u00e7\u00e3o [&hellip;]\" \/>\n<meta property=\"og:url\" content=\"https:\/\/www.posgraduacao.unimontes.br\/ppgeo\/apresentacao\/\" \/>\n<meta property=\"article:modified_time\" content=\"2017-05-03T16:40:32+00:00\" \/>\n<meta name=\"twitter:card\" content=\"summary_large_image\" \/>\n<script type=\"application\/ld+json\" class=\"yoast-schema-graph\">{\"@context\":\"https:\/\/schema.org\",\"@graph\":[{\"@type\":\"WebSite\",\"@id\":\"https:\/\/www.posgraduacao.unimontes.br\/ppgeo\/#website\",\"url\":\"https:\/\/www.posgraduacao.unimontes.br\/ppgeo\/\",\"name\":\"\",\"description\":\"\",\"potentialAction\":[{\"@type\":\"SearchAction\",\"target\":\"https:\/\/www.posgraduacao.unimontes.br\/ppgeo\/?s={search_term_string}\",\"query-input\":\"required name=search_term_string\"}],\"inLanguage\":\"pt-BR\"},{\"@type\":\"WebPage\",\"@id\":\"https:\/\/www.posgraduacao.unimontes.br\/ppgeo\/apresentacao\/#webpage\",\"url\":\"https:\/\/www.posgraduacao.unimontes.br\/ppgeo\/apresentacao\/\",\"name\":\"Apresenta\\u00e7\\u00e3o -\",\"isPartOf\":{\"@id\":\"https:\/\/www.posgraduacao.unimontes.br\/ppgeo\/#website\"},\"datePublished\":\"2017-03-24T21:56:09+00:00\",\"dateModified\":\"2017-05-03T16:40:32+00:00\",\"inLanguage\":\"pt-BR\",\"potentialAction\":[{\"@type\":\"ReadAction\",\"target\":[\"https:\/\/www.posgraduacao.unimontes.br\/ppgeo\/apresentacao\/\"]}]}]}<\/script>\n<!-- \/ Yoast SEO plugin. -->","_links":{"self":[{"href":"https:\/\/www.posgraduacao.unimontes.br\/ppgeo\/wp-json\/wp\/v2\/pages\/35"}],"collection":[{"href":"https:\/\/www.posgraduacao.unimontes.br\/ppgeo\/wp-json\/wp\/v2\/pages"}],"about":[{"href":"https:\/\/www.posgraduacao.unimontes.br\/ppgeo\/wp-json\/wp\/v2\/types\/page"}],"author":[{"embeddable":true,"href":"https:\/\/www.posgraduacao.unimontes.br\/ppgeo\/wp-json\/wp\/v2\/users\/1"}],"replies":[{"embeddable":true,"href":"https:\/\/www.posgraduacao.unimontes.br\/ppgeo\/wp-json\/wp\/v2\/comments?post=35"}],"version-history":[{"count":3,"href":"https:\/\/www.posgraduacao.unimontes.br\/ppgeo\/wp-json\/wp\/v2\/pages\/35\/revisions"}],"predecessor-version":[{"id":2150,"href":"https:\/\/www.posgraduacao.unimontes.br\/ppgeo\/wp-json\/wp\/v2\/pages\/35\/revisions\/2150"}],"wp:attachment":[{"href":"https:\/\/www.posgraduacao.unimontes.br\/ppgeo\/wp-json\/wp\/v2\/media?parent=35"}],"curies":[{"name":"wp","href":"https:\/\/api.w.org\/{rel}","templated":true}]}}