{"id":324,"date":"2017-04-27T17:16:06","date_gmt":"2017-04-27T20:16:06","guid":{"rendered":"http:\/\/www.posgraduacao.unimontes.br\/ppgeo\/?page_id=324"},"modified":"2017-04-27T17:16:32","modified_gmt":"2017-04-27T20:16:32","slug":"geoprocessamento","status":"publish","type":"page","link":"https:\/\/www.posgraduacao.unimontes.br\/ppgeo\/geoprocessamento\/","title":{"rendered":"Laborat\u00f3rio de Geoprocessamento"},"content":{"rendered":"<section class=\"kc-elm kc-css-488429 kc_row\"><div class=\"kc-row-container  kc-container\"><div class=\"kc-wrap-columns\"><div class=\"kc-elm kc-css-380803 kc_col-sm-12 kc_column kc_col-sm-12\"><div class=\"kc-col-container\"><div class=\"kc-elm kc_text_block\"><p>A equipe Laborat\u00f3rio de Geoprocessamento \u00e9 composta por professores\/ pesquisadores e bolsistas que trabalham com aplica\u00e7\u00f5es diversas das Geotecnologias no espa\u00e7o, tanto para an\u00e1lises socioecon\u00f4micas, quanto para compreens\u00e3o da din\u00e2mica do espa\u00e7o natural.<\/p>\n<p>\u00c9 coordenado por docente do programa, integrando 4 mestrandos, 3 inicia\u00e7\u00f5es cientificas\/IC e 2 bolsas de apoio t\u00e9cnico\/BAT. As atividades desenvolvidas integram pesquisa, ensino, treinamento e capacita\u00e7\u00e3o em Geotecnologia. Dentre os projetos desenvolvidos no Laborat\u00f3rio de Geoprocessamento, destacam-se: EXTRATIVISMO DE PEQUI EM MINAS GERAIS: POTENCIAL PRODUTIVO, ASPECTOS CULTURAIS E AMBIENTAIS, SOCIOECONOMIA E ORGANIZA\u00c7\u00c3O COMUNIT\u00c1RIA. CENTRO DE ESTUDOS DE CONVIV\u00caNCIA COM O SEMI\u00c1RIDO;<\/p>\n<p>E, o projeto TECNOLOGIAS INTEGRADAS AO CADASTRO T\u00c9CNICO IMOBILI\u00c1RIO: PROPOSTA METODOL\u00d3GICA PARA ATUALIZA\u00c7\u00c3O DO CADASTRO T\u00c9CNICO IMOBILI\u00c1RIO (CTI) DE MONTES CLAROS\/MG<\/p>\n<p>Possui um portal que \u00e9 um meio de intera\u00e7\u00e3o entre a equipe do Laborat\u00f3rio de Geoprocessamento da UNIMONTES e a sociedade, com intuito de divulgar os resultados de pesquisa e fornecer dados (mapas, gr\u00e1ficos, banco de dados alfanum\u00e9ricos e outros) para os interessados.<\/p>\n<p style=\"text-align: center;\"><strong><a href=\"http:\/\/www.posgraduacao.unimontes.br\/uploads\/sites\/7\/2021\/06\/EDITAL-SELECAO-BOLSISTA-PROJETO-convertido.pdf\" target=\"_blank\" rel=\"noopener\">EDITAL PARA SELE\u00c7\u00c3O DE BOLSISTAS<\/a><\/strong><\/p>\n<\/div><\/div><\/div><\/div><\/div><\/section>\n","protected":false},"excerpt":{"rendered":"","protected":false},"author":4,"featured_media":0,"parent":0,"menu_order":0,"comment_status":"closed","ping_status":"closed","template":"","meta":[],"yoast_head":"<!-- This site is optimized with the Yoast SEO plugin v14.7 - https:\/\/yoast.com\/wordpress\/plugins\/seo\/ -->\n<title>Laborat\u00f3rio de Geoprocessamento -<\/title>\n<meta name=\"robots\" content=\"index, follow\" \/>\n<meta name=\"googlebot\" content=\"index, follow, max-snippet:-1, max-image-preview:large, max-video-preview:-1\" \/>\n<meta name=\"bingbot\" content=\"index, follow, max-snippet:-1, max-image-preview:large, max-video-preview:-1\" \/>\n<link rel=\"canonical\" href=\"https:\/\/www.posgraduacao.unimontes.br\/ppgeo\/geoprocessamento\/\" \/>\n<meta property=\"og:locale\" content=\"pt_BR\" \/>\n<meta property=\"og:type\" content=\"article\" \/>\n<meta property=\"og:title\" content=\"Laborat\u00f3rio de Geoprocessamento -\" \/>\n<meta property=\"og:description\" content=\"A equipe Laborat\u00f3rio de Geoprocessamento \u00e9 composta por professores\/ pesquisadores e bolsistas que trabalham com aplica\u00e7\u00f5es diversas das Geotecnologias no espa\u00e7o, tanto para an\u00e1lises socioecon\u00f4micas, quanto para compreens\u00e3o da din\u00e2mica do espa\u00e7o natural. \u00c9 coordenado por docente do programa, integrando 4 mestrandos, 3 inicia\u00e7\u00f5es cientificas\/IC e 2 bolsas de apoio t\u00e9cnico\/BAT. As atividades desenvolvidas integram [&hellip;]\" \/>\n<meta property=\"og:url\" content=\"https:\/\/www.posgraduacao.unimontes.br\/ppgeo\/geoprocessamento\/\" \/>\n<meta property=\"article:modified_time\" content=\"2017-04-27T20:16:32+00:00\" \/>\n<meta name=\"twitter:card\" content=\"summary_large_image\" \/>\n<script type=\"application\/ld+json\" class=\"yoast-schema-graph\">{\"@context\":\"https:\/\/schema.org\",\"@graph\":[{\"@type\":\"WebSite\",\"@id\":\"https:\/\/www.posgraduacao.unimontes.br\/ppgeo\/#website\",\"url\":\"https:\/\/www.posgraduacao.unimontes.br\/ppgeo\/\",\"name\":\"\",\"description\":\"\",\"potentialAction\":[{\"@type\":\"SearchAction\",\"target\":\"https:\/\/www.posgraduacao.unimontes.br\/ppgeo\/?s={search_term_string}\",\"query-input\":\"required name=search_term_string\"}],\"inLanguage\":\"pt-BR\"},{\"@type\":\"WebPage\",\"@id\":\"https:\/\/www.posgraduacao.unimontes.br\/ppgeo\/geoprocessamento\/#webpage\",\"url\":\"https:\/\/www.posgraduacao.unimontes.br\/ppgeo\/geoprocessamento\/\",\"name\":\"Laborat\\u00f3rio de Geoprocessamento -\",\"isPartOf\":{\"@id\":\"https:\/\/www.posgraduacao.unimontes.br\/ppgeo\/#website\"},\"datePublished\":\"2017-04-27T20:16:06+00:00\",\"dateModified\":\"2017-04-27T20:16:32+00:00\",\"inLanguage\":\"pt-BR\",\"potentialAction\":[{\"@type\":\"ReadAction\",\"target\":[\"https:\/\/www.posgraduacao.unimontes.br\/ppgeo\/geoprocessamento\/\"]}]}]}<\/script>\n<!-- \/ Yoast SEO plugin. -->","_links":{"self":[{"href":"https:\/\/www.posgraduacao.unimontes.br\/ppgeo\/wp-json\/wp\/v2\/pages\/324"}],"collection":[{"href":"https:\/\/www.posgraduacao.unimontes.br\/ppgeo\/wp-json\/wp\/v2\/pages"}],"about":[{"href":"https:\/\/www.posgraduacao.unimontes.br\/ppgeo\/wp-json\/wp\/v2\/types\/page"}],"author":[{"embeddable":true,"href":"https:\/\/www.posgraduacao.unimontes.br\/ppgeo\/wp-json\/wp\/v2\/users\/4"}],"replies":[{"embeddable":true,"href":"https:\/\/www.posgraduacao.unimontes.br\/ppgeo\/wp-json\/wp\/v2\/comments?post=324"}],"version-history":[{"count":2,"href":"https:\/\/www.posgraduacao.unimontes.br\/ppgeo\/wp-json\/wp\/v2\/pages\/324\/revisions"}],"predecessor-version":[{"id":2166,"href":"https:\/\/www.posgraduacao.unimontes.br\/ppgeo\/wp-json\/wp\/v2\/pages\/324\/revisions\/2166"}],"wp:attachment":[{"href":"https:\/\/www.posgraduacao.unimontes.br\/ppgeo\/wp-json\/wp\/v2\/media?parent=324"}],"curies":[{"name":"wp","href":"https:\/\/api.w.org\/{rel}","templated":true}]}}