{"id":303,"date":"2017-04-27T16:53:14","date_gmt":"2017-04-27T19:53:14","guid":{"rendered":"http:\/\/www.posgraduacao.unimontes.br\/ppgeo\/?page_id=303"},"modified":"2021-03-27T11:27:45","modified_gmt":"2021-03-27T14:27:45","slug":"laboratorio-geografia-economica","status":"publish","type":"page","link":"https:\/\/www.posgraduacao.unimontes.br\/ppgeo\/laboratorio-geografia-economica\/","title":{"rendered":"Laborat\u00f3rio de Geografia Econ\u00f4mica"},"content":{"rendered":"<p>Tem como objetivo desenvolver pesquisas e estudos relacionados com as tem\u00e1ticas da \u00e1rea de Geografia Econ\u00f4mica e afins, promovendo a integra\u00e7\u00e3o entre os acad\u00eamicos da Gradua\u00e7\u00e3o e da P\u00f3s-Gradua\u00e7\u00e3o em Geografia. Conta com a infraestrutura constitu\u00edda de um arquivo, um telefone fixo, uma impressora, cinco computadores de mesa, uma mesa de reuni\u00e3o, seis cadeiras e uma lousa. No momento, neste laborat\u00f3rio s\u00e3o desenvolvidas atividades de pesquisas por meio de projetos financiados por<br \/>\ninstitui\u00e7\u00f5es de fomento, tais como: a Funda\u00e7\u00e3o de Amparo \u00e0 Pesquisa do Estado de Minas Gerais (FAPEMIG) e Conselho Nacional de Desenvolvimento Cient\u00edfico e Tecnol\u00f3gico (CNPq).<\/p>\n","protected":false},"excerpt":{"rendered":"<p>Tem como objetivo desenvolver pesquisas e estudos relacionados com as tem\u00e1ticas da \u00e1rea de Geografia Econ\u00f4mica e afins, promovendo a integra\u00e7\u00e3o entre os acad\u00eamicos da Gradua\u00e7\u00e3o e da P\u00f3s-Gradua\u00e7\u00e3o em Geografia. Conta com a infraestrutura constitu\u00edda de um arquivo, um telefone fixo, uma impressora, cinco computadores de mesa, uma mesa de reuni\u00e3o, seis cadeiras e [&hellip;]<\/p>\n","protected":false},"author":4,"featured_media":0,"parent":0,"menu_order":0,"comment_status":"closed","ping_status":"closed","template":"","meta":[],"yoast_head":"<!-- This site is optimized with the Yoast SEO plugin v14.7 - https:\/\/yoast.com\/wordpress\/plugins\/seo\/ -->\n<title>Laborat\u00f3rio de Geografia Econ\u00f4mica -<\/title>\n<meta name=\"robots\" content=\"index, follow\" \/>\n<meta name=\"googlebot\" content=\"index, follow, max-snippet:-1, max-image-preview:large, max-video-preview:-1\" \/>\n<meta name=\"bingbot\" content=\"index, follow, max-snippet:-1, max-image-preview:large, max-video-preview:-1\" \/>\n<link rel=\"canonical\" href=\"https:\/\/www.posgraduacao.unimontes.br\/ppgeo\/laboratorio-geografia-economica\/\" \/>\n<meta property=\"og:locale\" content=\"pt_BR\" \/>\n<meta property=\"og:type\" content=\"article\" \/>\n<meta property=\"og:title\" content=\"Laborat\u00f3rio de Geografia Econ\u00f4mica -\" \/>\n<meta property=\"og:description\" content=\"Tem como objetivo desenvolver pesquisas e estudos relacionados com as tem\u00e1ticas da \u00e1rea de Geografia Econ\u00f4mica e afins, promovendo a integra\u00e7\u00e3o entre os acad\u00eamicos da Gradua\u00e7\u00e3o e da P\u00f3s-Gradua\u00e7\u00e3o em Geografia. Conta com a infraestrutura constitu\u00edda de um arquivo, um telefone fixo, uma impressora, cinco computadores de mesa, uma mesa de reuni\u00e3o, seis cadeiras e [&hellip;]\" \/>\n<meta property=\"og:url\" content=\"https:\/\/www.posgraduacao.unimontes.br\/ppgeo\/laboratorio-geografia-economica\/\" \/>\n<meta property=\"article:modified_time\" content=\"2021-03-27T14:27:45+00:00\" \/>\n<meta name=\"twitter:card\" content=\"summary_large_image\" \/>\n<script type=\"application\/ld+json\" class=\"yoast-schema-graph\">{\"@context\":\"https:\/\/schema.org\",\"@graph\":[{\"@type\":\"WebSite\",\"@id\":\"https:\/\/www.posgraduacao.unimontes.br\/ppgeo\/#website\",\"url\":\"https:\/\/www.posgraduacao.unimontes.br\/ppgeo\/\",\"name\":\"\",\"description\":\"\",\"potentialAction\":[{\"@type\":\"SearchAction\",\"target\":\"https:\/\/www.posgraduacao.unimontes.br\/ppgeo\/?s={search_term_string}\",\"query-input\":\"required name=search_term_string\"}],\"inLanguage\":\"pt-BR\"},{\"@type\":\"WebPage\",\"@id\":\"https:\/\/www.posgraduacao.unimontes.br\/ppgeo\/laboratorio-geografia-economica\/#webpage\",\"url\":\"https:\/\/www.posgraduacao.unimontes.br\/ppgeo\/laboratorio-geografia-economica\/\",\"name\":\"Laborat\\u00f3rio de Geografia Econ\\u00f4mica -\",\"isPartOf\":{\"@id\":\"https:\/\/www.posgraduacao.unimontes.br\/ppgeo\/#website\"},\"datePublished\":\"2017-04-27T19:53:14+00:00\",\"dateModified\":\"2021-03-27T14:27:45+00:00\",\"inLanguage\":\"pt-BR\",\"potentialAction\":[{\"@type\":\"ReadAction\",\"target\":[\"https:\/\/www.posgraduacao.unimontes.br\/ppgeo\/laboratorio-geografia-economica\/\"]}]}]}<\/script>\n<!-- \/ Yoast SEO plugin. -->","_links":{"self":[{"href":"https:\/\/www.posgraduacao.unimontes.br\/ppgeo\/wp-json\/wp\/v2\/pages\/303"}],"collection":[{"href":"https:\/\/www.posgraduacao.unimontes.br\/ppgeo\/wp-json\/wp\/v2\/pages"}],"about":[{"href":"https:\/\/www.posgraduacao.unimontes.br\/ppgeo\/wp-json\/wp\/v2\/types\/page"}],"author":[{"embeddable":true,"href":"https:\/\/www.posgraduacao.unimontes.br\/ppgeo\/wp-json\/wp\/v2\/users\/4"}],"replies":[{"embeddable":true,"href":"https:\/\/www.posgraduacao.unimontes.br\/ppgeo\/wp-json\/wp\/v2\/comments?post=303"}],"version-history":[{"count":2,"href":"https:\/\/www.posgraduacao.unimontes.br\/ppgeo\/wp-json\/wp\/v2\/pages\/303\/revisions"}],"predecessor-version":[{"id":2101,"href":"https:\/\/www.posgraduacao.unimontes.br\/ppgeo\/wp-json\/wp\/v2\/pages\/303\/revisions\/2101"}],"wp:attachment":[{"href":"https:\/\/www.posgraduacao.unimontes.br\/ppgeo\/wp-json\/wp\/v2\/media?parent=303"}],"curies":[{"name":"wp","href":"https:\/\/api.w.org\/{rel}","templated":true}]}}