{"id":301,"date":"2017-04-27T16:52:03","date_gmt":"2017-04-27T19:52:03","guid":{"rendered":"http:\/\/www.posgraduacao.unimontes.br\/ppgeo\/?page_id=301"},"modified":"2017-04-27T16:52:03","modified_gmt":"2017-04-27T19:52:03","slug":"nepger","status":"publish","type":"page","link":"https:\/\/www.posgraduacao.unimontes.br\/ppgeo\/nepger\/","title":{"rendered":"N\u00facleo de Estudo e Pesquisa em Geografia Rural &#8211; NEPGeR"},"content":{"rendered":"<p>Foi formado em 2011 e estuda as din\u00e2micas do espa\u00e7o rural procurando entender as rela\u00e7\u00f5es socioecon\u00f4micas, culturais, ambientais e espaciais que constituem a\u00a0 organiza\u00e7\u00e3o do espa\u00e7o rural. O n\u00facleo est\u00e1 articulado \u00e0s redes de pesquisa: REDE DE ESTUDOS AGR\u00c1RIOS (http:\/\/wp.ufpel.edu.br\/leaa\/rededeestudosagrarios) e REDE ESTUDOS AGR\u00c1RIO.\u00a0 As linhas de pesquisa a ele vinculadas s\u00e3o:\u00a0 1 &#8211; A Agroecologia, Cultura e Bicombust\u00edvel e as Estrat\u00e9gias Para a Manuten\u00e7\u00e3o dos Saberes Seculares, 2-\u00a0 Agricultura Familiar, Multifuncionalidade, e Pluriatividades no Espa\u00e7o Rural\u037e 3 &#8211; Educa\u00e7\u00e3o no Campo , 4 &#8211; Pequenas Cidades Rurais, 5 &#8211; Produ\u00e7\u00e3o Agroenergia pela Agricultura Familiar no Norte de Minas. Possui um total de 30 pesquisadores incluindo doutores, mestres, especialistas, al\u00e9m de estudantes de gradua\u00e7\u00e3o e de mestrado. A Unimontes instituiu o grupo que possui as seguintes institui\u00e7\u00f5es parceiras: Universidade Federal de Pelotas UFPEL RS,<\/p>\n<p>Universidade Federal de Alfenas UNIFAL\/MG , Universidade Estadual Paulista J\u00falio de Mesquita Filho UNESP SP.<\/p>\n","protected":false},"excerpt":{"rendered":"<p>Foi formado em 2011 e estuda as din\u00e2micas do espa\u00e7o rural procurando entender as rela\u00e7\u00f5es socioecon\u00f4micas, culturais, ambientais e espaciais que constituem a\u00a0 organiza\u00e7\u00e3o do espa\u00e7o rural. O n\u00facleo est\u00e1 articulado \u00e0s redes de pesquisa: REDE DE ESTUDOS AGR\u00c1RIOS (http:\/\/wp.ufpel.edu.br\/leaa\/rededeestudosagrarios) e REDE ESTUDOS AGR\u00c1RIO.\u00a0 As linhas de pesquisa a ele vinculadas s\u00e3o:\u00a0 1 &#8211; A [&hellip;]<\/p>\n","protected":false},"author":4,"featured_media":0,"parent":0,"menu_order":0,"comment_status":"closed","ping_status":"closed","template":"","meta":[],"yoast_head":"<!-- This site is optimized with the Yoast SEO plugin v14.7 - https:\/\/yoast.com\/wordpress\/plugins\/seo\/ -->\n<title>N\u00facleo de Estudo e Pesquisa em Geografia Rural - NEPGeR -<\/title>\n<meta name=\"robots\" content=\"index, follow\" \/>\n<meta name=\"googlebot\" content=\"index, follow, max-snippet:-1, max-image-preview:large, max-video-preview:-1\" \/>\n<meta name=\"bingbot\" content=\"index, follow, max-snippet:-1, max-image-preview:large, max-video-preview:-1\" \/>\n<link rel=\"canonical\" href=\"https:\/\/www.posgraduacao.unimontes.br\/ppgeo\/nepger\/\" \/>\n<meta property=\"og:locale\" content=\"pt_BR\" \/>\n<meta property=\"og:type\" content=\"article\" \/>\n<meta property=\"og:title\" content=\"N\u00facleo de Estudo e Pesquisa em Geografia Rural - NEPGeR -\" \/>\n<meta property=\"og:description\" content=\"Foi formado em 2011 e estuda as din\u00e2micas do espa\u00e7o rural procurando entender as rela\u00e7\u00f5es socioecon\u00f4micas, culturais, ambientais e espaciais que constituem a\u00a0 organiza\u00e7\u00e3o do espa\u00e7o rural. O n\u00facleo est\u00e1 articulado \u00e0s redes de pesquisa: REDE DE ESTUDOS AGR\u00c1RIOS (http:\/\/wp.ufpel.edu.br\/leaa\/rededeestudosagrarios) e REDE ESTUDOS AGR\u00c1RIO.\u00a0 As linhas de pesquisa a ele vinculadas s\u00e3o:\u00a0 1 &#8211; A [&hellip;]\" \/>\n<meta property=\"og:url\" content=\"https:\/\/www.posgraduacao.unimontes.br\/ppgeo\/nepger\/\" \/>\n<meta name=\"twitter:card\" content=\"summary_large_image\" \/>\n<script type=\"application\/ld+json\" class=\"yoast-schema-graph\">{\"@context\":\"https:\/\/schema.org\",\"@graph\":[{\"@type\":\"WebSite\",\"@id\":\"https:\/\/www.posgraduacao.unimontes.br\/ppgeo\/#website\",\"url\":\"https:\/\/www.posgraduacao.unimontes.br\/ppgeo\/\",\"name\":\"\",\"description\":\"\",\"potentialAction\":[{\"@type\":\"SearchAction\",\"target\":\"https:\/\/www.posgraduacao.unimontes.br\/ppgeo\/?s={search_term_string}\",\"query-input\":\"required name=search_term_string\"}],\"inLanguage\":\"pt-BR\"},{\"@type\":\"WebPage\",\"@id\":\"https:\/\/www.posgraduacao.unimontes.br\/ppgeo\/nepger\/#webpage\",\"url\":\"https:\/\/www.posgraduacao.unimontes.br\/ppgeo\/nepger\/\",\"name\":\"N\\u00facleo de Estudo e Pesquisa em Geografia Rural - NEPGeR -\",\"isPartOf\":{\"@id\":\"https:\/\/www.posgraduacao.unimontes.br\/ppgeo\/#website\"},\"datePublished\":\"2017-04-27T19:52:03+00:00\",\"dateModified\":\"2017-04-27T19:52:03+00:00\",\"inLanguage\":\"pt-BR\",\"potentialAction\":[{\"@type\":\"ReadAction\",\"target\":[\"https:\/\/www.posgraduacao.unimontes.br\/ppgeo\/nepger\/\"]}]}]}<\/script>\n<!-- \/ Yoast SEO plugin. -->","_links":{"self":[{"href":"https:\/\/www.posgraduacao.unimontes.br\/ppgeo\/wp-json\/wp\/v2\/pages\/301"}],"collection":[{"href":"https:\/\/www.posgraduacao.unimontes.br\/ppgeo\/wp-json\/wp\/v2\/pages"}],"about":[{"href":"https:\/\/www.posgraduacao.unimontes.br\/ppgeo\/wp-json\/wp\/v2\/types\/page"}],"author":[{"embeddable":true,"href":"https:\/\/www.posgraduacao.unimontes.br\/ppgeo\/wp-json\/wp\/v2\/users\/4"}],"replies":[{"embeddable":true,"href":"https:\/\/www.posgraduacao.unimontes.br\/ppgeo\/wp-json\/wp\/v2\/comments?post=301"}],"version-history":[{"count":1,"href":"https:\/\/www.posgraduacao.unimontes.br\/ppgeo\/wp-json\/wp\/v2\/pages\/301\/revisions"}],"predecessor-version":[{"id":302,"href":"https:\/\/www.posgraduacao.unimontes.br\/ppgeo\/wp-json\/wp\/v2\/pages\/301\/revisions\/302"}],"wp:attachment":[{"href":"https:\/\/www.posgraduacao.unimontes.br\/ppgeo\/wp-json\/wp\/v2\/media?parent=301"}],"curies":[{"name":"wp","href":"https:\/\/api.w.org\/{rel}","templated":true}]}}