{"id":299,"date":"2017-04-27T16:49:41","date_gmt":"2017-04-27T19:49:41","guid":{"rendered":"http:\/\/www.posgraduacao.unimontes.br\/ppgeo\/?page_id=299"},"modified":"2017-04-27T16:50:37","modified_gmt":"2017-04-27T19:50:37","slug":"estacao-sismologica","status":"publish","type":"page","link":"https:\/\/www.posgraduacao.unimontes.br\/ppgeo\/estacao-sismologica\/","title":{"rendered":"N\u00facleo de Estudos Sismol\u00f3gicos da Unimontes"},"content":{"rendered":"<p>As atividades do N\u00facleo de Estudos Sismol\u00f3gicos da Unimontes t\u00eam como foco o monitoramento e espacializa\u00e7\u00e3o de registros s\u00edsmicos em Montes Claros \u2013 MG.<\/p>\n<p>O per\u00edodo de execu\u00e7\u00e3o refere-se a agosto de 2014 a julho de 2017. Este n\u00facleo \u00e9 integrado e coordenado por um docente do PPGEO e um mestre do programa (turma de 2014) analista em sismicidade.<\/p>\n<p>O N\u00facleo de Estudos Sismol\u00f3gicos da Unimontes, em estreita pareceria com o Observat\u00f3rio Sismol\u00f3gico da Universidade de Bras\u00edlia \u2013 SIS\/UnB.<\/p>\n<p>&nbsp;<\/p>\n<p>Est\u00e3o instaladas e em opera\u00e7\u00e3o no N\u00facleo, duas esta\u00e7\u00f5es sismogr\u00e1ficas no entorno do per\u00edmetro urbano de Montes Claros \u2013 MG, onde s\u00e3o registrados diariamente as ocorr\u00eancias s\u00edsmicas. Uma esta\u00e7\u00e3o se acha instalada em car\u00e1ter permanente no Parque Lapa Grande, administrado pelo Instituto Estadual de Floresta \u2013 IEF, e outra, provis\u00f3ria, encontra-se instalada na propriedade \u201cHaras do Chico\u201d, na margem esquerda da rodovia BR \u2013 135, sa\u00edda de Montes Claros para Janu\u00e1ria \u2013 MG.<\/p>\n<p>&nbsp;<\/p>\n<p><strong>Atividades desenvolvidas:<\/strong><\/p>\n<ul>\n<li>Monitoramento e an\u00e1lise da sismicidade em Montes Claro-MG;<\/li>\n<li>Espacializa\u00e7\u00e3o dos registros s\u00edsmicos obtidos juntos \u00e0s esta\u00e7\u00f5es sismogr\u00e1ficas instaladas no entorno de Montes Claros;<\/li>\n<li>Gest\u00f5es necess\u00e1rias junto \u00e0s Entidades de Pesquisas e Universidades, tais como: Observat\u00f3rio Sismol\u00f3gico de Bras\u00edlia, Universidade de Bras\u00edlia &#8211; UnB, Universidade de S\u00e3o Paulo \u2013 USP, com vistas ao desenvolvimento de estudos e pesquisas, em parceria com a Unimontes, no campo da sismologia;<\/li>\n<li>Realiza\u00e7\u00e3o de palestras para professores, alunos do ensino superior da Unimontes, alunos do ensino m\u00e9dio, em Montes Claros \u2013 MG, para a Guarni\u00e7\u00e3o do Corpo de Bombeiros, AMAMS, \u00f3rg\u00e3os da Defesa Civil local, contemplando o contexto da sismicidade no Norte de Minas Gerais;<\/li>\n<li>Forma\u00e7\u00e3o de um Banco de Dados Unificado com produ\u00e7\u00f5es t\u00e9cnicas e cient\u00edficas voltadas para a sismicidade no Norte de Minas e, especificamente, em Montes Claros \u2013 MG;<\/li>\n<li>Apoio aos \u00f3rg\u00e3os de Defesa Civil, Prefeitura de Montes Claros, entre outros, nos trabalhos de esclarecimentos sobre a ocorr\u00eancia de sismos na cidade de Montes Claros.<\/li>\n<\/ul>\n<p>&nbsp;<\/p>\n","protected":false},"excerpt":{"rendered":"<p>As atividades do N\u00facleo de Estudos Sismol\u00f3gicos da Unimontes t\u00eam como foco o monitoramento e espacializa\u00e7\u00e3o de registros s\u00edsmicos em Montes Claros \u2013 MG. O per\u00edodo de execu\u00e7\u00e3o refere-se a agosto de 2014 a julho de 2017. Este n\u00facleo \u00e9 integrado e coordenado por um docente do PPGEO e um mestre do programa (turma de [&hellip;]<\/p>\n","protected":false},"author":4,"featured_media":0,"parent":0,"menu_order":0,"comment_status":"closed","ping_status":"closed","template":"","meta":[],"yoast_head":"<!-- This site is optimized with the Yoast SEO plugin v14.7 - https:\/\/yoast.com\/wordpress\/plugins\/seo\/ -->\n<title>N\u00facleo de Estudos Sismol\u00f3gicos da Unimontes -<\/title>\n<meta name=\"robots\" content=\"index, follow\" \/>\n<meta name=\"googlebot\" content=\"index, follow, max-snippet:-1, max-image-preview:large, max-video-preview:-1\" \/>\n<meta name=\"bingbot\" content=\"index, follow, max-snippet:-1, max-image-preview:large, max-video-preview:-1\" \/>\n<link rel=\"canonical\" href=\"https:\/\/www.posgraduacao.unimontes.br\/ppgeo\/estacao-sismologica\/\" \/>\n<meta property=\"og:locale\" content=\"pt_BR\" \/>\n<meta property=\"og:type\" content=\"article\" \/>\n<meta property=\"og:title\" content=\"N\u00facleo de Estudos Sismol\u00f3gicos da Unimontes -\" \/>\n<meta property=\"og:description\" content=\"As atividades do N\u00facleo de Estudos Sismol\u00f3gicos da Unimontes t\u00eam como foco o monitoramento e espacializa\u00e7\u00e3o de registros s\u00edsmicos em Montes Claros \u2013 MG. O per\u00edodo de execu\u00e7\u00e3o refere-se a agosto de 2014 a julho de 2017. Este n\u00facleo \u00e9 integrado e coordenado por um docente do PPGEO e um mestre do programa (turma de [&hellip;]\" \/>\n<meta property=\"og:url\" content=\"https:\/\/www.posgraduacao.unimontes.br\/ppgeo\/estacao-sismologica\/\" \/>\n<meta property=\"article:modified_time\" content=\"2017-04-27T19:50:37+00:00\" \/>\n<meta name=\"twitter:card\" content=\"summary_large_image\" \/>\n<script type=\"application\/ld+json\" class=\"yoast-schema-graph\">{\"@context\":\"https:\/\/schema.org\",\"@graph\":[{\"@type\":\"WebSite\",\"@id\":\"https:\/\/www.posgraduacao.unimontes.br\/ppgeo\/#website\",\"url\":\"https:\/\/www.posgraduacao.unimontes.br\/ppgeo\/\",\"name\":\"\",\"description\":\"\",\"potentialAction\":[{\"@type\":\"SearchAction\",\"target\":\"https:\/\/www.posgraduacao.unimontes.br\/ppgeo\/?s={search_term_string}\",\"query-input\":\"required name=search_term_string\"}],\"inLanguage\":\"pt-BR\"},{\"@type\":\"WebPage\",\"@id\":\"https:\/\/www.posgraduacao.unimontes.br\/ppgeo\/estacao-sismologica\/#webpage\",\"url\":\"https:\/\/www.posgraduacao.unimontes.br\/ppgeo\/estacao-sismologica\/\",\"name\":\"N\\u00facleo de Estudos Sismol\\u00f3gicos da Unimontes -\",\"isPartOf\":{\"@id\":\"https:\/\/www.posgraduacao.unimontes.br\/ppgeo\/#website\"},\"datePublished\":\"2017-04-27T19:49:41+00:00\",\"dateModified\":\"2017-04-27T19:50:37+00:00\",\"inLanguage\":\"pt-BR\",\"potentialAction\":[{\"@type\":\"ReadAction\",\"target\":[\"https:\/\/www.posgraduacao.unimontes.br\/ppgeo\/estacao-sismologica\/\"]}]}]}<\/script>\n<!-- \/ Yoast SEO plugin. -->","_links":{"self":[{"href":"https:\/\/www.posgraduacao.unimontes.br\/ppgeo\/wp-json\/wp\/v2\/pages\/299"}],"collection":[{"href":"https:\/\/www.posgraduacao.unimontes.br\/ppgeo\/wp-json\/wp\/v2\/pages"}],"about":[{"href":"https:\/\/www.posgraduacao.unimontes.br\/ppgeo\/wp-json\/wp\/v2\/types\/page"}],"author":[{"embeddable":true,"href":"https:\/\/www.posgraduacao.unimontes.br\/ppgeo\/wp-json\/wp\/v2\/users\/4"}],"replies":[{"embeddable":true,"href":"https:\/\/www.posgraduacao.unimontes.br\/ppgeo\/wp-json\/wp\/v2\/comments?post=299"}],"version-history":[{"count":1,"href":"https:\/\/www.posgraduacao.unimontes.br\/ppgeo\/wp-json\/wp\/v2\/pages\/299\/revisions"}],"predecessor-version":[{"id":300,"href":"https:\/\/www.posgraduacao.unimontes.br\/ppgeo\/wp-json\/wp\/v2\/pages\/299\/revisions\/300"}],"wp:attachment":[{"href":"https:\/\/www.posgraduacao.unimontes.br\/ppgeo\/wp-json\/wp\/v2\/media?parent=299"}],"curies":[{"name":"wp","href":"https:\/\/api.w.org\/{rel}","templated":true}]}}