{"id":297,"date":"2017-04-27T16:48:23","date_gmt":"2017-04-27T19:48:23","guid":{"rendered":"http:\/\/www.posgraduacao.unimontes.br\/ppgeo\/?page_id=297"},"modified":"2021-04-19T16:24:33","modified_gmt":"2021-04-19T19:24:33","slug":"centro-de-estudos-para-convivencia-com-o-semiarido-cecs","status":"publish","type":"page","link":"https:\/\/www.posgraduacao.unimontes.br\/ppgeo\/centro-de-estudos-para-convivencia-com-o-semiarido-cecs\/","title":{"rendered":"Centro de Estudos para Conviv\u00eancia com o Semi\u00e1rido \u2013 CECS"},"content":{"rendered":"<section class=\"kc-elm kc-css-725611 kc_row\"><div class=\"kc-row-container  kc-container\"><div class=\"kc-wrap-columns\"><div class=\"kc-elm kc-css-663958 kc_col-sm-12 kc_column kc_col-sm-12\"><div class=\"kc-col-container\"><div class=\"kc-elm kc-css-867802 kc_shortcode kc_single_image\">\n\n        <a  href=\"http:\/\/cecs.unimontes.br\/index.php\/en\/\" title=\"\" target=\"_self\">\n        <img src=\"https:\/\/www.posgraduacao.unimontes.br\/uploads\/sites\/7\/2021\/04\/banners_1.jpg\" class=\"\" alt=\"\" \/>    <\/a>\n    <\/div>\n<\/div><\/div><\/div><\/div><\/section><section class=\"kc-elm kc-css-584020 kc_row\"><div class=\"kc-row-container  kc-container\"><div class=\"kc-wrap-columns\"><div class=\"kc-elm kc-css-62218 kc_col-sm-6 kc_column kc_col-sm-6\"><div class=\"kc-col-container\"><div class=\"kc-elm kc-css-335543 kc_row kc_row_inner\"><div class=\"kc-elm kc-css-3617 kc_col-sm-12 kc_column_inner kc_col-sm-12\"><div class=\"kc_wrapper kc-col-inner-container\"><div class=\"kc-elm kc-css-165374 kc_text_block\"><p style=\"font-size: 14px; line-height: normal; margin: 1em 0px; max-width: 100%; color: #444444; font-family: -apple-system, BlinkMacSystemFont, 'Segoe UI', Roboto, Oxygen-Sans, Ubuntu, Cantarell, 'Helvetica Neue', sans-serif;\">O Centro de Estudos para a Conviv\u00eancia com o Semi\u00e1rido conta com uma equipe multidisciplinar. Esse laborat\u00f3rio realiza estudos sobre o semi\u00e1rido mineiro e disponibiliza informa\u00e7\u00f5es e pesquisas sobre a tem\u00e1tica. A equipe \u00e9 composta por: 1 docente do PPGEO, 2 mestres bolsistas FAPEMIG e uma graduanda bolsista FAPEMIG.<\/p>\n<p style=\"font-size: 14px; line-height: normal; margin: 1em 0px; max-width: 100%; color: #444444; font-family: -apple-system, BlinkMacSystemFont, 'Segoe UI', Roboto, Oxygen-Sans, Ubuntu, Cantarell, 'Helvetica Neue', sans-serif;\">Com o apoio da Secretaria de Estado de Ci\u00eancia, Tecnologia e Ensino Superior &#8211; SECTES e da Funda\u00e7\u00e3o de Amparo \u00e0 Pesquisa do Estado de Minas Gerais &#8211; FAPEMIG, o Projeto CECS, elaborado e em execu\u00e7\u00e3o pela Universidade Estadual de Montes Claros-Unimontes, tem norteado suas a\u00e7\u00f5es buscando construir bases s\u00f3lidas para efetivamente desenvolver a\u00e7\u00f5es que contribuam para as transforma\u00e7\u00f5es sociais e econ\u00f4micas demandadas para as regi\u00f5es da sua \u00e1rea de atua\u00e7\u00e3o. As a\u00e7\u00f5es do projeto contemplam\u00a0 toda a \u00e1rea do Semi\u00e1rido Mineiro onde se acham inseridas as\u00a0 regi\u00f5es Vales do Jequitinhonha e Mucuri, Norte de Minas e Regi\u00e3o Central de Minas Gerais, com 188 munic\u00edpios.<\/p>\n<p style=\"font-size: 14px; line-height: normal; margin: 1em 0px; max-width: 100%; color: #444444; font-family: -apple-system, BlinkMacSystemFont, 'Segoe UI', Roboto, Oxygen-Sans, Ubuntu, Cantarell, 'Helvetica Neue', sans-serif;\"><span style=\"max-width: 100%; line-height: normal;\">Atividades desenvolvidas:<\/span><\/p>\n<p style=\"font-size: 14px; line-height: normal; margin: 1em 0px; max-width: 100%; color: #444444; font-family: -apple-system, BlinkMacSystemFont, 'Segoe UI', Roboto, Oxygen-Sans, Ubuntu, Cantarell, 'Helvetica Neue', sans-serif;\">\u2013\u00a0\u00a0\u00a0\u00a0\u00a0\u00a0\u00a0\u00a0\u00a0\u00a0\u00a0\u00a0 Documenta\u00e7\u00f5es t\u00e9cnicas no contexto de pol\u00edticas p\u00fablicas, envolvendo projetos, programas, entre outros, especialmente aqueles produzidos e que se referem a aspectos sociais, ambientais e econ\u00f4micos promovidos tanto pelo poder p\u00fablico, quanto por outras organiza\u00e7\u00f5es da sociedade civil;<\/p>\n<p style=\"font-size: 14px; line-height: normal; margin: 1em 0px; max-width: 100%; color: #444444; font-family: -apple-system, BlinkMacSystemFont, 'Segoe UI', Roboto, Oxygen-Sans, Ubuntu, Cantarell, 'Helvetica Neue', sans-serif;\">\u2013\u00a0\u00a0\u00a0\u00a0\u00a0\u00a0\u00a0\u00a0\u00a0\u00a0\u00a0\u00a0 Estudos e pesquisas j\u00e1 realizados por outras institui\u00e7\u00f5es sobre os grandes temas definidos pelo CECS, especialmente o conte\u00fado relacionado dispon\u00edvel em teses, disserta\u00e7\u00f5es, artigos, livros e relat\u00f3rios em geral;<\/p>\n<p style=\"font-size: 14px; line-height: normal; margin: 1em 0px; max-width: 100%; color: #444444; font-family: -apple-system, BlinkMacSystemFont, 'Segoe UI', Roboto, Oxygen-Sans, Ubuntu, Cantarell, 'Helvetica Neue', sans-serif;\">\u2013\u00a0\u00a0\u00a0\u00a0\u00a0\u00a0\u00a0\u00a0\u00a0\u00a0\u00a0\u00a0 Estudos e pesquisas promovidas por membros do comit\u00ea t\u00e9cnico do CECS;<\/p>\n<p style=\"font-size: 14px; line-height: normal; margin: 1em 0px; max-width: 100%; color: #444444; font-family: -apple-system, BlinkMacSystemFont, 'Segoe UI', Roboto, Oxygen-Sans, Ubuntu, Cantarell, 'Helvetica Neue', sans-serif;\">No \u201csite\u201d do CECS, hospedado no Portal da Unimontes, dispon\u00edvel, tamb\u00e9m, em http:\/\/www.cecs.unimontes.br\/index.php\/pt\/, al\u00e9m de informa\u00e7\u00f5es gerais apesentadas em sua p\u00e1gina principal, tais como: oportunidades de investimentos, dados meteorol\u00f3gicos, registros de tremores de terra, inova\u00e7\u00f5es tecnol\u00f3gicas, entre outros, acha-se disponibilizado um Banco de Dados com produ\u00e7\u00f5es t\u00e9cnicas e cient\u00edficas em diversas \u00e1reas de conhecimento sobre o semi\u00e1rido e \u00e1reas de entorno, cujas publica\u00e7\u00f5es poder\u00e3o ser visualizadas e obtidas atrav\u00e9s da biblioteca virtual inserida no \u201csite\u201d, de f\u00e1cil acesso ao p\u00fablico interessado.<\/p>\n<p style=\"font-size: 14px; line-height: normal; margin: 1em 0px; max-width: 100%; color: #444444; font-family: -apple-system, BlinkMacSystemFont, 'Segoe UI', Roboto, Oxygen-Sans, Ubuntu, Cantarell, 'Helvetica Neue', sans-serif;\">Na fase atual do Projeto CECS (Projeto CECS \u2013 Fase III), materializa-se atrav\u00e9s da produ\u00e7\u00e3o mensal, em meio digital, os Boletins Eletr\u00f4nicos \u2013 CECS Not\u00edcias, que hoje se encontra na 50\u00aa Edi\u00e7\u00e3o, com o objetivo de disseminar as informa\u00e7\u00f5es cient\u00edficas e tecnol\u00f3gicas de interesse para as regi\u00f5es de abrang\u00eancia do projeto. Foi organizado e formatado o \u201cBlog\u201d do CECS, dispon\u00edvel em\u00a0\u00a0<a style=\"color: #0073aa; transition-property: border, background, color; transition-duration: 0.05s; transition-timing-function: ease-in-out; outline: 0px; max-width: 100%; line-height: normal;\" href=\"http:\/\/semiaridomineiro.blogspot.com.br\/\" target=\"_blank\" rel=\"noopener\">http:\/\/semiaridomineiro.blogspot.com.br<\/a>, onde se encontram as publica\u00e7\u00f5es dos Boletins Eletr\u00f4nicos j\u00e1 produzidos, not\u00edcias t\u00e9cnicas, bem como os artigos t\u00e9cnicos e cient\u00edficos produzidos pelos Professores das Universidades que atuam nas regi\u00f5es de trabalho do CECS.<\/p>\n<p style=\"font-size: 14px; line-height: normal; margin: 1em 0px; max-width: 100%; color: #444444; font-family: -apple-system, BlinkMacSystemFont, 'Segoe UI', Roboto, Oxygen-Sans, Ubuntu, Cantarell, 'Helvetica Neue', sans-serif;\">Em uma fase posterior, pretende-se articular a gest\u00e3o da ci\u00eancia, tecnologia e inova\u00e7\u00e3o para conviv\u00eancia com o semi\u00e1rido mineiro.<\/p>\n<p style=\"font-size: 14px; line-height: normal; margin: 1em 0px; max-width: 100%; color: #444444; font-family: -apple-system, BlinkMacSystemFont, 'Segoe UI', Roboto, Oxygen-Sans, Ubuntu, Cantarell, 'Helvetica Neue', sans-serif;\">\n<\/div><\/div><\/div><\/div><\/div><\/div><div class=\"kc-elm kc-css-584464 kc_col-sm-6 kc_column kc_col-sm-6\"><div class=\"kc-col-container\"><div class=\"kc-elm kc-css-136916 kc_shortcode kc_single_image\">\n\n        <img src=\"https:\/\/www.posgraduacao.unimontes.br\/uploads\/sites\/7\/2021\/04\/map-1-1024x724.jpg\" class=\"\" alt=\"\" \/>    <\/div>\n<div class=\"kc-elm kc-css-855349 kc_text_block\"><p><span style=\"color: #000000; font-family: Arial, Helvetica, sans-serif; font-size: 13.6px; text-align: justify; text-indent: 75.5906px;\">A implanta\u00e7\u00e3o do Projeto Centro de Estudos de Conviv\u00eancia com o Semi\u00e1rido (CECS) ganha relev\u00e2ncia no sentido de estimular estudos e an\u00e1lises da realidade regional, ampliando os pressupostos te\u00f3ricos j\u00e1 existentes e, simultaneamente, construindo e divulgando novos referenciais.\u00a0 A sua concep\u00e7\u00e3o \u00e9 a de ser um Centro de pesquisas, inova\u00e7\u00e3o e desenvolvimento do semi\u00e1rido mineiro e \u00e1reas de entorno, articulando a produ\u00e7\u00e3o e o arranjo de conhecimento, promovendo a gest\u00e3o compartilhada de tecnologias e capacita\u00e7\u00e3o t\u00e9cnica, numa estrutura em rede, capaz de fomentar o salto necess\u00e1rio ao desenvolvimento sustent\u00e1vel da regi\u00e3o.<\/span><\/p>\n<p style=\"font-size: 14px; line-height: normal; margin: 1em 0px; max-width: 100%; color: #444444; font-family: -apple-system, BlinkMacSystemFont, 'Segoe UI', Roboto, Oxygen-Sans, Ubuntu, Cantarell, 'Helvetica Neue', sans-serif;\">\n<\/div><\/div><\/div><\/div><\/div><\/section><section class=\"kc-elm kc-css-931402 kc_row\"><div class=\"kc-row-container  kc-container\"><div class=\"kc-wrap-columns\"><div class=\"kc-elm kc-css-374864 kc_col-sm-12 kc_column kc_col-sm-12\"><div class=\"kc-col-container\"><div class=\"kc-elm kc-css-902009 kc_text_block\"><\/div><\/div><\/div><\/div><\/div><\/section>\n","protected":false},"excerpt":{"rendered":"","protected":false},"author":4,"featured_media":0,"parent":0,"menu_order":0,"comment_status":"closed","ping_status":"closed","template":"","meta":[],"yoast_head":"<!-- This site is optimized with the Yoast SEO plugin v14.7 - https:\/\/yoast.com\/wordpress\/plugins\/seo\/ -->\n<title>Centro de Estudos para Conviv\u00eancia com o Semi\u00e1rido \u2013 CECS -<\/title>\n<meta name=\"robots\" content=\"index, follow\" \/>\n<meta name=\"googlebot\" content=\"index, follow, max-snippet:-1, max-image-preview:large, max-video-preview:-1\" \/>\n<meta name=\"bingbot\" content=\"index, follow, max-snippet:-1, max-image-preview:large, max-video-preview:-1\" \/>\n<link rel=\"canonical\" href=\"https:\/\/www.posgraduacao.unimontes.br\/ppgeo\/centro-de-estudos-para-convivencia-com-o-semiarido-cecs\/\" \/>\n<meta property=\"og:locale\" content=\"pt_BR\" \/>\n<meta property=\"og:type\" content=\"article\" \/>\n<meta property=\"og:title\" content=\"Centro de Estudos para Conviv\u00eancia com o Semi\u00e1rido \u2013 CECS -\" \/>\n<meta property=\"og:description\" content=\"O Centro de Estudos para a Conviv\u00eancia com o Semi\u00e1rido conta com uma equipe multidisciplinar. Esse laborat\u00f3rio realiza estudos sobre o semi\u00e1rido mineiro e disponibiliza informa\u00e7\u00f5es e pesquisas sobre a tem\u00e1tica. A equipe \u00e9 composta por: 1 docente do PPGEO, 2 mestres bolsistas FAPEMIG e uma graduanda bolsista FAPEMIG. Com o apoio da Secretaria de [&hellip;]\" \/>\n<meta property=\"og:url\" content=\"https:\/\/www.posgraduacao.unimontes.br\/ppgeo\/centro-de-estudos-para-convivencia-com-o-semiarido-cecs\/\" \/>\n<meta property=\"article:modified_time\" content=\"2021-04-19T19:24:33+00:00\" \/>\n<meta property=\"og:image\" content=\"http:\/\/www.posgraduacao.unimontes.br\/uploads\/sites\/7\/2021\/04\/banners_1.jpg\" \/>\n<meta name=\"twitter:card\" content=\"summary_large_image\" \/>\n<script type=\"application\/ld+json\" class=\"yoast-schema-graph\">{\"@context\":\"https:\/\/schema.org\",\"@graph\":[{\"@type\":\"WebSite\",\"@id\":\"https:\/\/www.posgraduacao.unimontes.br\/ppgeo\/#website\",\"url\":\"https:\/\/www.posgraduacao.unimontes.br\/ppgeo\/\",\"name\":\"\",\"description\":\"\",\"potentialAction\":[{\"@type\":\"SearchAction\",\"target\":\"https:\/\/www.posgraduacao.unimontes.br\/ppgeo\/?s={search_term_string}\",\"query-input\":\"required name=search_term_string\"}],\"inLanguage\":\"pt-BR\"},{\"@type\":\"ImageObject\",\"@id\":\"https:\/\/www.posgraduacao.unimontes.br\/ppgeo\/centro-de-estudos-para-convivencia-com-o-semiarido-cecs\/#primaryimage\",\"inLanguage\":\"pt-BR\",\"url\":\"http:\/\/www.posgraduacao.unimontes.br\/uploads\/sites\/7\/2021\/04\/banners_1.jpg\"},{\"@type\":\"WebPage\",\"@id\":\"https:\/\/www.posgraduacao.unimontes.br\/ppgeo\/centro-de-estudos-para-convivencia-com-o-semiarido-cecs\/#webpage\",\"url\":\"https:\/\/www.posgraduacao.unimontes.br\/ppgeo\/centro-de-estudos-para-convivencia-com-o-semiarido-cecs\/\",\"name\":\"Centro de Estudos para Conviv\\u00eancia com o Semi\\u00e1rido \\u2013 CECS -\",\"isPartOf\":{\"@id\":\"https:\/\/www.posgraduacao.unimontes.br\/ppgeo\/#website\"},\"primaryImageOfPage\":{\"@id\":\"https:\/\/www.posgraduacao.unimontes.br\/ppgeo\/centro-de-estudos-para-convivencia-com-o-semiarido-cecs\/#primaryimage\"},\"datePublished\":\"2017-04-27T19:48:23+00:00\",\"dateModified\":\"2021-04-19T19:24:33+00:00\",\"inLanguage\":\"pt-BR\",\"potentialAction\":[{\"@type\":\"ReadAction\",\"target\":[\"https:\/\/www.posgraduacao.unimontes.br\/ppgeo\/centro-de-estudos-para-convivencia-com-o-semiarido-cecs\/\"]}]}]}<\/script>\n<!-- \/ Yoast SEO plugin. -->","_links":{"self":[{"href":"https:\/\/www.posgraduacao.unimontes.br\/ppgeo\/wp-json\/wp\/v2\/pages\/297"}],"collection":[{"href":"https:\/\/www.posgraduacao.unimontes.br\/ppgeo\/wp-json\/wp\/v2\/pages"}],"about":[{"href":"https:\/\/www.posgraduacao.unimontes.br\/ppgeo\/wp-json\/wp\/v2\/types\/page"}],"author":[{"embeddable":true,"href":"https:\/\/www.posgraduacao.unimontes.br\/ppgeo\/wp-json\/wp\/v2\/users\/4"}],"replies":[{"embeddable":true,"href":"https:\/\/www.posgraduacao.unimontes.br\/ppgeo\/wp-json\/wp\/v2\/comments?post=297"}],"version-history":[{"count":3,"href":"https:\/\/www.posgraduacao.unimontes.br\/ppgeo\/wp-json\/wp\/v2\/pages\/297\/revisions"}],"predecessor-version":[{"id":2109,"href":"https:\/\/www.posgraduacao.unimontes.br\/ppgeo\/wp-json\/wp\/v2\/pages\/297\/revisions\/2109"}],"wp:attachment":[{"href":"https:\/\/www.posgraduacao.unimontes.br\/ppgeo\/wp-json\/wp\/v2\/media?parent=297"}],"curies":[{"name":"wp","href":"https:\/\/api.w.org\/{rel}","templated":true}]}}