{"id":295,"date":"2017-04-27T16:45:21","date_gmt":"2017-04-27T19:45:21","guid":{"rendered":"http:\/\/www.posgraduacao.unimontes.br\/ppgeo\/?page_id=295"},"modified":"2021-03-27T11:10:50","modified_gmt":"2021-03-27T14:10:50","slug":"nepra","status":"publish","type":"page","link":"https:\/\/www.posgraduacao.unimontes.br\/ppgeo\/nepra\/","title":{"rendered":"N\u00facleo de Estudos e Pesquisas Regionais e Agr\u00e1rios &#8211; NEPRA"},"content":{"rendered":"<section class=\"kc-elm kc-css-711348 kc_row\"><div class=\"kc-row-container  kc-container\"><div class=\"kc-wrap-columns\"><div class=\"kc-elm kc-css-129855 kc_col-sm-12 kc_column kc_col-sm-12\"><div class=\"kc-col-container\"><div class=\"kc-elm kc_text_block\"><p>O NEPRA foi formado em 2017 a partir dos estudos e pesquisas envolvendo as quest\u00f5es agr\u00e1ria e regional. O N\u00facleo congrega as seguintes linhas de pesquisa:<\/p>\n<ul>\n<li>Campesinato e quest\u00e3o agr\u00e1ria;<\/li>\n<li>Din\u00e2micas e conflitos fundi\u00e1rios e socioambientais;<\/li>\n<li>Agricultura Camponesa x Agroneg\u00f3cio;<\/li>\n<li>Agroecologia e pol\u00edticas p\u00fablicas;<\/li>\n<li>Ensino de Geografia Agr\u00e1ria e Regional;<\/li>\n<li>Territorializa\u00e7\u00e3o dos assentamentos rurais;<\/li>\n<li>Movimentos sociais no campo brasileiro.<\/li>\n<\/ul>\n<p>Atualmente possui pesquisas de inicia\u00e7\u00e3o cient\u00edfica, de conclus\u00e3o de curso (Licenciatura e Bacharelado em Geografia) e mestrado vinculadas ao Departamento de Geoci\u00eancias e Programa de P\u00f3s-Gradua\u00e7\u00e3o em Geografia. Tais pesquisas s\u00e3o financiadas com recursos oriundos da Unimontes, FAPEMIG e CNPq. O NEPRA tamb\u00e9m integra o Grupo de Pesquisa: \u201cA quest\u00e3o agr\u00e1ria, campesinato e o uso de agrot\u00f3xicos no Brasil\u201d em parceria com as seguintes institui\u00e7\u00f5es: USP, UFCA e UFPI.<\/p>\n<\/div><\/div><\/div><\/div><\/div><\/section>\n","protected":false},"excerpt":{"rendered":"","protected":false},"author":4,"featured_media":0,"parent":0,"menu_order":0,"comment_status":"closed","ping_status":"closed","template":"","meta":[],"yoast_head":"<!-- This site is optimized with the Yoast SEO plugin v14.7 - https:\/\/yoast.com\/wordpress\/plugins\/seo\/ -->\n<title>N\u00facleo de Estudos e Pesquisas Regionais e Agr\u00e1rios - NEPRA -<\/title>\n<meta name=\"robots\" content=\"index, follow\" \/>\n<meta name=\"googlebot\" content=\"index, follow, max-snippet:-1, max-image-preview:large, max-video-preview:-1\" \/>\n<meta name=\"bingbot\" content=\"index, follow, max-snippet:-1, max-image-preview:large, max-video-preview:-1\" \/>\n<link rel=\"canonical\" href=\"https:\/\/www.posgraduacao.unimontes.br\/ppgeo\/nepra\/\" \/>\n<meta property=\"og:locale\" content=\"pt_BR\" \/>\n<meta property=\"og:type\" content=\"article\" \/>\n<meta property=\"og:title\" content=\"N\u00facleo de Estudos e Pesquisas Regionais e Agr\u00e1rios - NEPRA -\" \/>\n<meta property=\"og:description\" content=\"O NEPRA foi formado em 2017 a partir dos estudos e pesquisas envolvendo as quest\u00f5es agr\u00e1ria e regional. O N\u00facleo congrega as seguintes linhas de pesquisa: Campesinato e quest\u00e3o agr\u00e1ria; Din\u00e2micas e conflitos fundi\u00e1rios e socioambientais; Agricultura Camponesa x Agroneg\u00f3cio; Agroecologia e pol\u00edticas p\u00fablicas; Ensino de Geografia Agr\u00e1ria e Regional; Territorializa\u00e7\u00e3o dos assentamentos rurais; Movimentos [&hellip;]\" \/>\n<meta property=\"og:url\" content=\"https:\/\/www.posgraduacao.unimontes.br\/ppgeo\/nepra\/\" \/>\n<meta property=\"article:modified_time\" content=\"2021-03-27T14:10:50+00:00\" \/>\n<meta name=\"twitter:card\" content=\"summary_large_image\" \/>\n<script type=\"application\/ld+json\" class=\"yoast-schema-graph\">{\"@context\":\"https:\/\/schema.org\",\"@graph\":[{\"@type\":\"WebSite\",\"@id\":\"https:\/\/www.posgraduacao.unimontes.br\/ppgeo\/#website\",\"url\":\"https:\/\/www.posgraduacao.unimontes.br\/ppgeo\/\",\"name\":\"\",\"description\":\"\",\"potentialAction\":[{\"@type\":\"SearchAction\",\"target\":\"https:\/\/www.posgraduacao.unimontes.br\/ppgeo\/?s={search_term_string}\",\"query-input\":\"required name=search_term_string\"}],\"inLanguage\":\"pt-BR\"},{\"@type\":\"WebPage\",\"@id\":\"https:\/\/www.posgraduacao.unimontes.br\/ppgeo\/nepra\/#webpage\",\"url\":\"https:\/\/www.posgraduacao.unimontes.br\/ppgeo\/nepra\/\",\"name\":\"N\\u00facleo de Estudos e Pesquisas Regionais e Agr\\u00e1rios - NEPRA -\",\"isPartOf\":{\"@id\":\"https:\/\/www.posgraduacao.unimontes.br\/ppgeo\/#website\"},\"datePublished\":\"2017-04-27T19:45:21+00:00\",\"dateModified\":\"2021-03-27T14:10:50+00:00\",\"inLanguage\":\"pt-BR\",\"potentialAction\":[{\"@type\":\"ReadAction\",\"target\":[\"https:\/\/www.posgraduacao.unimontes.br\/ppgeo\/nepra\/\"]}]}]}<\/script>\n<!-- \/ Yoast SEO plugin. -->","_links":{"self":[{"href":"https:\/\/www.posgraduacao.unimontes.br\/ppgeo\/wp-json\/wp\/v2\/pages\/295"}],"collection":[{"href":"https:\/\/www.posgraduacao.unimontes.br\/ppgeo\/wp-json\/wp\/v2\/pages"}],"about":[{"href":"https:\/\/www.posgraduacao.unimontes.br\/ppgeo\/wp-json\/wp\/v2\/types\/page"}],"author":[{"embeddable":true,"href":"https:\/\/www.posgraduacao.unimontes.br\/ppgeo\/wp-json\/wp\/v2\/users\/4"}],"replies":[{"embeddable":true,"href":"https:\/\/www.posgraduacao.unimontes.br\/ppgeo\/wp-json\/wp\/v2\/comments?post=295"}],"version-history":[{"count":3,"href":"https:\/\/www.posgraduacao.unimontes.br\/ppgeo\/wp-json\/wp\/v2\/pages\/295\/revisions"}],"predecessor-version":[{"id":2099,"href":"https:\/\/www.posgraduacao.unimontes.br\/ppgeo\/wp-json\/wp\/v2\/pages\/295\/revisions\/2099"}],"wp:attachment":[{"href":"https:\/\/www.posgraduacao.unimontes.br\/ppgeo\/wp-json\/wp\/v2\/media?parent=295"}],"curies":[{"name":"wp","href":"https:\/\/api.w.org\/{rel}","templated":true}]}}