{"id":292,"date":"2017-04-27T16:39:44","date_gmt":"2017-04-27T19:39:44","guid":{"rendered":"http:\/\/www.posgraduacao.unimontes.br\/ppgeo\/?page_id=292"},"modified":"2017-04-27T16:56:48","modified_gmt":"2017-04-27T19:56:48","slug":"laeur","status":"publish","type":"page","link":"https:\/\/www.posgraduacao.unimontes.br\/ppgeo\/laeur\/","title":{"rendered":"Laborat\u00f3rio de Estudos Urbanos e Rurais \u2013 LAEUR"},"content":{"rendered":"<p>O Laborat\u00f3rio de Estudos Urbanos e Rurais \u2013 LAEUR vinculado ao Departamento de Geoci\u00eancias da Unimontes foi criado no ano de 2007. Objetiva promover pesquisas que visem o desenvolvimento de estudos geogr\u00e1ficos e suas aplica\u00e7\u00f5es promovendo a integra\u00e7\u00e3o ensino e pesquisa nas \u00e1reas de produ\u00e7\u00e3o do espa\u00e7o urbano, rural e regional.<\/p>\n<p>&nbsp;<\/p>\n<p>As pesquisas s\u00e3o desenvolvidas por docentes, discentes do mestrado em Geografia da Unimontes e acad\u00eamicos de gradua\u00e7\u00e3o (3 docentes do PPGEO, 4 bolsistas de inicia\u00e7\u00e3o cient\u00edfica FAPEMIG E CNPq, e 1 bolsista de apoio t\u00e9cnico\u00a0 FAPEMIG). Como atividade vinculada ao LAEUR, tem-se a realiza\u00e7\u00e3o de Grupos de Estudos mensais com os integrantes (desde 2008) sobre as tem\u00e1ticas de estudo analisadas. Tal iniciativa fomenta o debate te\u00f3rico metodol\u00f3gico sobre espa\u00e7os urbanos, espa\u00e7os rurais e regionais, bem como d\u00e1 suporte \u00e0s atividades de pesquisa realizadas. Outras atividades desenvolvidas no LAEUR: participa\u00e7\u00e3o dos membros em eventos cient\u00edficos, publica\u00e7\u00e3o dos resultados obtidos em eventos e peri\u00f3dicos, confec\u00e7\u00e3o de Relat\u00f3rios Semestrais de Pesquisa e treinamento dos bolsistas atrav\u00e9s dos Softwares Arc View, Arc Giz e SPSS.<\/p>\n<p>Desde a sua cria\u00e7\u00e3o j\u00e1 foram desenvolvidos pelos membros do LAEUR 7 projetos financiados pelo CNPQ e pela FAPEMIG com publica\u00e7\u00f5es diversas de artigos em peri\u00f3dicos, al\u00e9m de cap\u00edtulos de livros e participa\u00e7\u00e3o dos integrantes em eventos cient\u00edficos e geogr\u00e1ficos nacional e internacional. Encontra-se em execu\u00e7\u00e3o no LAEUR o projeto de pesquisa intitulado: Fases j\u00e1 desenvolvidas e a serem realizadas.<\/p>\n<p>E-mail: laeur.unimontes@gmail.com<\/p>\n","protected":false},"excerpt":{"rendered":"<p>O Laborat\u00f3rio de Estudos Urbanos e Rurais \u2013 LAEUR vinculado ao Departamento de Geoci\u00eancias da Unimontes foi criado no ano de 2007. Objetiva promover pesquisas que visem o desenvolvimento de estudos geogr\u00e1ficos e suas aplica\u00e7\u00f5es promovendo a integra\u00e7\u00e3o ensino e pesquisa nas \u00e1reas de produ\u00e7\u00e3o do espa\u00e7o urbano, rural e regional. &nbsp; As pesquisas s\u00e3o [&hellip;]<\/p>\n","protected":false},"author":4,"featured_media":0,"parent":0,"menu_order":0,"comment_status":"closed","ping_status":"closed","template":"","meta":[],"yoast_head":"<!-- This site is optimized with the Yoast SEO plugin v14.7 - https:\/\/yoast.com\/wordpress\/plugins\/seo\/ -->\n<title>Laborat\u00f3rio de Estudos Urbanos e Rurais \u2013 LAEUR -<\/title>\n<meta name=\"robots\" content=\"index, follow\" \/>\n<meta name=\"googlebot\" content=\"index, follow, max-snippet:-1, max-image-preview:large, max-video-preview:-1\" \/>\n<meta name=\"bingbot\" content=\"index, follow, max-snippet:-1, max-image-preview:large, max-video-preview:-1\" \/>\n<link rel=\"canonical\" href=\"https:\/\/www.posgraduacao.unimontes.br\/ppgeo\/laeur\/\" \/>\n<meta property=\"og:locale\" content=\"pt_BR\" \/>\n<meta property=\"og:type\" content=\"article\" \/>\n<meta property=\"og:title\" content=\"Laborat\u00f3rio de Estudos Urbanos e Rurais \u2013 LAEUR -\" \/>\n<meta property=\"og:description\" content=\"O Laborat\u00f3rio de Estudos Urbanos e Rurais \u2013 LAEUR vinculado ao Departamento de Geoci\u00eancias da Unimontes foi criado no ano de 2007. Objetiva promover pesquisas que visem o desenvolvimento de estudos geogr\u00e1ficos e suas aplica\u00e7\u00f5es promovendo a integra\u00e7\u00e3o ensino e pesquisa nas \u00e1reas de produ\u00e7\u00e3o do espa\u00e7o urbano, rural e regional. &nbsp; As pesquisas s\u00e3o [&hellip;]\" \/>\n<meta property=\"og:url\" content=\"https:\/\/www.posgraduacao.unimontes.br\/ppgeo\/laeur\/\" \/>\n<meta property=\"article:modified_time\" content=\"2017-04-27T19:56:48+00:00\" \/>\n<meta name=\"twitter:card\" content=\"summary_large_image\" \/>\n<script type=\"application\/ld+json\" class=\"yoast-schema-graph\">{\"@context\":\"https:\/\/schema.org\",\"@graph\":[{\"@type\":\"WebSite\",\"@id\":\"https:\/\/www.posgraduacao.unimontes.br\/ppgeo\/#website\",\"url\":\"https:\/\/www.posgraduacao.unimontes.br\/ppgeo\/\",\"name\":\"\",\"description\":\"\",\"potentialAction\":[{\"@type\":\"SearchAction\",\"target\":\"https:\/\/www.posgraduacao.unimontes.br\/ppgeo\/?s={search_term_string}\",\"query-input\":\"required name=search_term_string\"}],\"inLanguage\":\"pt-BR\"},{\"@type\":\"WebPage\",\"@id\":\"https:\/\/www.posgraduacao.unimontes.br\/ppgeo\/laeur\/#webpage\",\"url\":\"https:\/\/www.posgraduacao.unimontes.br\/ppgeo\/laeur\/\",\"name\":\"Laborat\\u00f3rio de Estudos Urbanos e Rurais \\u2013 LAEUR -\",\"isPartOf\":{\"@id\":\"https:\/\/www.posgraduacao.unimontes.br\/ppgeo\/#website\"},\"datePublished\":\"2017-04-27T19:39:44+00:00\",\"dateModified\":\"2017-04-27T19:56:48+00:00\",\"inLanguage\":\"pt-BR\",\"potentialAction\":[{\"@type\":\"ReadAction\",\"target\":[\"https:\/\/www.posgraduacao.unimontes.br\/ppgeo\/laeur\/\"]}]}]}<\/script>\n<!-- \/ Yoast SEO plugin. -->","_links":{"self":[{"href":"https:\/\/www.posgraduacao.unimontes.br\/ppgeo\/wp-json\/wp\/v2\/pages\/292"}],"collection":[{"href":"https:\/\/www.posgraduacao.unimontes.br\/ppgeo\/wp-json\/wp\/v2\/pages"}],"about":[{"href":"https:\/\/www.posgraduacao.unimontes.br\/ppgeo\/wp-json\/wp\/v2\/types\/page"}],"author":[{"embeddable":true,"href":"https:\/\/www.posgraduacao.unimontes.br\/ppgeo\/wp-json\/wp\/v2\/users\/4"}],"replies":[{"embeddable":true,"href":"https:\/\/www.posgraduacao.unimontes.br\/ppgeo\/wp-json\/wp\/v2\/comments?post=292"}],"version-history":[{"count":2,"href":"https:\/\/www.posgraduacao.unimontes.br\/ppgeo\/wp-json\/wp\/v2\/pages\/292\/revisions"}],"predecessor-version":[{"id":307,"href":"https:\/\/www.posgraduacao.unimontes.br\/ppgeo\/wp-json\/wp\/v2\/pages\/292\/revisions\/307"}],"wp:attachment":[{"href":"https:\/\/www.posgraduacao.unimontes.br\/ppgeo\/wp-json\/wp\/v2\/media?parent=292"}],"curies":[{"name":"wp","href":"https:\/\/api.w.org\/{rel}","templated":true}]}}