{"id":276,"date":"2017-04-27T15:40:06","date_gmt":"2017-04-27T18:40:06","guid":{"rendered":"http:\/\/www.posgraduacao.unimontes.br\/ppgeo\/?page_id=276"},"modified":"2018-04-12T11:04:59","modified_gmt":"2018-04-12T14:04:59","slug":"calendario","status":"publish","type":"page","link":"https:\/\/www.posgraduacao.unimontes.br\/ppgeo\/calendario\/","title":{"rendered":"Calend\u00e1rio"},"content":{"rendered":"<ul>\n<li>Calend\u00e1rio da P\u00f3s-Gradua\u00e7\u00e3o 2018<\/li>\n<\/ul>\n<p><img loading=\"lazy\" class=\"aligncenter size-full wp-image-1240\" src=\"http:\/\/www.posgraduacao.unimontes.br\/uploads\/sites\/7\/2017\/04\/583b789147ce7e289fc572c2b4b4213b-0.jpg\" alt=\"\" width=\"1654\" height=\"2339\" \/> <img loading=\"lazy\" class=\"aligncenter size-full wp-image-1241\" src=\"http:\/\/www.posgraduacao.unimontes.br\/uploads\/sites\/7\/2017\/04\/583b789147ce7e289fc572c2b4b4213b-1.jpg\" alt=\"\" width=\"1654\" height=\"2339\" \/> <img loading=\"lazy\" class=\"aligncenter size-full wp-image-1242\" src=\"http:\/\/www.posgraduacao.unimontes.br\/uploads\/sites\/7\/2017\/04\/583b789147ce7e289fc572c2b4b4213b-2.jpg\" alt=\"\" width=\"1654\" height=\"2339\" \/> <img loading=\"lazy\" class=\"aligncenter size-full wp-image-1243\" src=\"http:\/\/www.posgraduacao.unimontes.br\/uploads\/sites\/7\/2017\/04\/583b789147ce7e289fc572c2b4b4213b-3.jpg\" alt=\"\" width=\"1654\" height=\"2339\" \/> <img loading=\"lazy\" class=\"aligncenter size-full wp-image-1244\" src=\"http:\/\/www.posgraduacao.unimontes.br\/uploads\/sites\/7\/2017\/04\/583b789147ce7e289fc572c2b4b4213b-4.jpg\" alt=\"\" width=\"1654\" height=\"2339\" \/><\/p>\n","protected":false},"excerpt":{"rendered":"<p>Calend\u00e1rio da P\u00f3s-Gradua\u00e7\u00e3o 2018<\/p>\n","protected":false},"author":4,"featured_media":0,"parent":0,"menu_order":0,"comment_status":"closed","ping_status":"closed","template":"","meta":[],"yoast_head":"<!-- This site is optimized with the Yoast SEO plugin v14.7 - https:\/\/yoast.com\/wordpress\/plugins\/seo\/ -->\n<title>Calend\u00e1rio -<\/title>\n<meta name=\"robots\" content=\"index, follow\" \/>\n<meta name=\"googlebot\" content=\"index, follow, max-snippet:-1, max-image-preview:large, max-video-preview:-1\" \/>\n<meta name=\"bingbot\" content=\"index, follow, max-snippet:-1, max-image-preview:large, max-video-preview:-1\" \/>\n<link rel=\"canonical\" href=\"https:\/\/www.posgraduacao.unimontes.br\/ppgeo\/calendario\/\" \/>\n<meta property=\"og:locale\" content=\"pt_BR\" \/>\n<meta property=\"og:type\" content=\"article\" \/>\n<meta property=\"og:title\" content=\"Calend\u00e1rio -\" \/>\n<meta property=\"og:description\" content=\"Calend\u00e1rio da P\u00f3s-Gradua\u00e7\u00e3o 2018\" \/>\n<meta property=\"og:url\" content=\"https:\/\/www.posgraduacao.unimontes.br\/ppgeo\/calendario\/\" \/>\n<meta property=\"article:modified_time\" content=\"2018-04-12T14:04:59+00:00\" \/>\n<meta property=\"og:image\" content=\"http:\/\/www.posgraduacao.unimontes.br\/uploads\/sites\/7\/2017\/04\/583b789147ce7e289fc572c2b4b4213b-0.jpg\" \/>\n<meta name=\"twitter:card\" content=\"summary_large_image\" \/>\n<script type=\"application\/ld+json\" class=\"yoast-schema-graph\">{\"@context\":\"https:\/\/schema.org\",\"@graph\":[{\"@type\":\"WebSite\",\"@id\":\"https:\/\/www.posgraduacao.unimontes.br\/ppgeo\/#website\",\"url\":\"https:\/\/www.posgraduacao.unimontes.br\/ppgeo\/\",\"name\":\"\",\"description\":\"\",\"potentialAction\":[{\"@type\":\"SearchAction\",\"target\":\"https:\/\/www.posgraduacao.unimontes.br\/ppgeo\/?s={search_term_string}\",\"query-input\":\"required name=search_term_string\"}],\"inLanguage\":\"pt-BR\"},{\"@type\":\"ImageObject\",\"@id\":\"https:\/\/www.posgraduacao.unimontes.br\/ppgeo\/calendario\/#primaryimage\",\"inLanguage\":\"pt-BR\",\"url\":\"http:\/\/www.posgraduacao.unimontes.br\/uploads\/sites\/7\/2017\/04\/583b789147ce7e289fc572c2b4b4213b-0.jpg\"},{\"@type\":\"WebPage\",\"@id\":\"https:\/\/www.posgraduacao.unimontes.br\/ppgeo\/calendario\/#webpage\",\"url\":\"https:\/\/www.posgraduacao.unimontes.br\/ppgeo\/calendario\/\",\"name\":\"Calend\\u00e1rio -\",\"isPartOf\":{\"@id\":\"https:\/\/www.posgraduacao.unimontes.br\/ppgeo\/#website\"},\"primaryImageOfPage\":{\"@id\":\"https:\/\/www.posgraduacao.unimontes.br\/ppgeo\/calendario\/#primaryimage\"},\"datePublished\":\"2017-04-27T18:40:06+00:00\",\"dateModified\":\"2018-04-12T14:04:59+00:00\",\"inLanguage\":\"pt-BR\",\"potentialAction\":[{\"@type\":\"ReadAction\",\"target\":[\"https:\/\/www.posgraduacao.unimontes.br\/ppgeo\/calendario\/\"]}]}]}<\/script>\n<!-- \/ Yoast SEO plugin. -->","_links":{"self":[{"href":"https:\/\/www.posgraduacao.unimontes.br\/ppgeo\/wp-json\/wp\/v2\/pages\/276"}],"collection":[{"href":"https:\/\/www.posgraduacao.unimontes.br\/ppgeo\/wp-json\/wp\/v2\/pages"}],"about":[{"href":"https:\/\/www.posgraduacao.unimontes.br\/ppgeo\/wp-json\/wp\/v2\/types\/page"}],"author":[{"embeddable":true,"href":"https:\/\/www.posgraduacao.unimontes.br\/ppgeo\/wp-json\/wp\/v2\/users\/4"}],"replies":[{"embeddable":true,"href":"https:\/\/www.posgraduacao.unimontes.br\/ppgeo\/wp-json\/wp\/v2\/comments?post=276"}],"version-history":[{"count":7,"href":"https:\/\/www.posgraduacao.unimontes.br\/ppgeo\/wp-json\/wp\/v2\/pages\/276\/revisions"}],"predecessor-version":[{"id":1245,"href":"https:\/\/www.posgraduacao.unimontes.br\/ppgeo\/wp-json\/wp\/v2\/pages\/276\/revisions\/1245"}],"wp:attachment":[{"href":"https:\/\/www.posgraduacao.unimontes.br\/ppgeo\/wp-json\/wp\/v2\/media?parent=276"}],"curies":[{"name":"wp","href":"https:\/\/api.w.org\/{rel}","templated":true}]}}