{"id":274,"date":"2017-04-27T15:25:26","date_gmt":"2017-04-27T18:25:26","guid":{"rendered":"http:\/\/www.posgraduacao.unimontes.br\/ppgeo\/?page_id=274"},"modified":"2021-03-27T11:27:07","modified_gmt":"2021-03-27T14:27:07","slug":"laboratorios","status":"publish","type":"page","link":"https:\/\/www.posgraduacao.unimontes.br\/ppgeo\/apresentacao\/laboratorios\/","title":{"rendered":"Laborat\u00f3rios"},"content":{"rendered":"<section class=\"kc-elm kc-css-962275 kc_row\"><div class=\"kc-row-container  kc-container\"><div class=\"kc-wrap-columns\"><div class=\"kc-elm kc-css-495973 kc_col-sm-12 kc_column kc_col-sm-12\"><div class=\"kc-col-container\"><div class=\"kc-elm kc-css-137178 kc_text_block\"><div class=\"bg2\">\n<div class=\"container\">\n<div class=\"content\">\n<div class=\"lab\">\n<div class=\"bt_lab\">\n<p>O PPGEO possui laborat\u00f3rios que permitem o desenvolvimento das pesquisas e tamb\u00e9m atividades ligadas ao ensino, o que possibilita a integra\u00e7\u00e3o gradua\u00e7\u00e3o e p\u00f3s-gradua\u00e7\u00e3o.<\/p>\n<\/div>\n<ul>\n<li><a href=\"http:\/\/www.posgraduacao.unimontes.br\/ppgeo\/laeur\/\">Laborat\u00f3rio de Estudos Urbanos e Rurais \u2013 LAEUR<\/a><\/li>\n<li><a href=\"http:\/\/www.posgraduacao.unimontes.br\/ppgeo\/geoprocessamento\/\">Laborat\u00f3rio de GEOPROCESSAMENTO<\/a><\/li>\n<li><a href=\"https:\/\/www.posgraduacao.unimontes.br\/ppgeo\/laboratorio-geografia-economica\/\" target=\"_blank\" rel=\"noopener\">Laborat\u00f3rio de Geografia Econ\u00f4mica<\/a><\/li>\n<li><a href=\"http:\/\/www.posgraduacao.unimontes.br\/ppgeo\/centro-de-estudos-para-convivencia-com-o-semiarido-cecs\/\">Centro de Estudos para Conviv\u00eancia com o Semi\u00e1rido \u2013 CECS<\/a><\/li>\n<li><a href=\"http:\/\/www.posgraduacao.unimontes.br\/ppgeo\/estacao-sismologica\/\">N\u00facleo de Estudos Sismol\u00f3gicos da Unimontes<\/a><\/li>\n<li><a href=\"http:\/\/www.posgraduacao.unimontes.br\/ppgeo\/nepger\/\">O N\u00facleo de Estudos e Pesquisas em Geografia Rural &#8211; NEPGeR<\/a><\/li>\n<li><a href=\"https:\/\/www.posgraduacao.unimontes.br\/ppgeo\/nepra\/\" target=\"_blank\" rel=\"noopener\">N\u00facleo de Estudos e Pesquisas Regionais e Agr\u00e1rios \u2013 NEPRA<\/a><\/li>\n<li><a href=\"http:\/\/www.posgraduacao.unimontes.br\/ppgeo\/labegeoep\/\">Laborat\u00f3rio de Educa\u00e7\u00e3o Geogr\u00e1fica e Estudos populacionais &#8211; LABEGEOEP<\/a><\/li>\n<li><a href=\"http:\/\/www.posgraduacao.unimontes.br\/ppgeo\/nuhicre\/\">N\u00facleo de Hist\u00f3ria e Cultura Regional &#8211; NUHICRE<\/a><\/li>\n<\/ul>\n<\/div>\n<div class=\"clearfloat\"><\/div>\n<\/div>\n<\/div>\n<\/div>\n<div class=\"footer\"><\/div>\n<\/div><\/div><\/div><\/div><\/div><\/section>\n","protected":false},"excerpt":{"rendered":"","protected":false},"author":4,"featured_media":0,"parent":35,"menu_order":0,"comment_status":"closed","ping_status":"closed","template":"","meta":[],"yoast_head":"<!-- This site is optimized with the Yoast SEO plugin v14.7 - https:\/\/yoast.com\/wordpress\/plugins\/seo\/ -->\n<title>Laborat\u00f3rios -<\/title>\n<meta name=\"robots\" content=\"index, follow\" \/>\n<meta name=\"googlebot\" content=\"index, follow, max-snippet:-1, max-image-preview:large, max-video-preview:-1\" \/>\n<meta name=\"bingbot\" content=\"index, follow, max-snippet:-1, max-image-preview:large, max-video-preview:-1\" \/>\n<link rel=\"canonical\" href=\"https:\/\/www.posgraduacao.unimontes.br\/ppgeo\/apresentacao\/laboratorios\/\" \/>\n<meta property=\"og:locale\" content=\"pt_BR\" \/>\n<meta property=\"og:type\" content=\"article\" \/>\n<meta property=\"og:title\" content=\"Laborat\u00f3rios -\" \/>\n<meta property=\"og:description\" content=\"O PPGEO possui laborat\u00f3rios que permitem o desenvolvimento das pesquisas e tamb\u00e9m atividades ligadas ao ensino, o que possibilita a integra\u00e7\u00e3o gradua\u00e7\u00e3o e p\u00f3s-gradua\u00e7\u00e3o. Laborat\u00f3rio de Estudos Urbanos e Rurais \u2013 LAEUR Laborat\u00f3rio de GEOPROCESSAMENTO Laborat\u00f3rio de Geografia Econ\u00f4mica Centro de Estudos para Conviv\u00eancia com o Semi\u00e1rido \u2013 CECS N\u00facleo de Estudos Sismol\u00f3gicos da Unimontes [&hellip;]\" \/>\n<meta property=\"og:url\" content=\"https:\/\/www.posgraduacao.unimontes.br\/ppgeo\/apresentacao\/laboratorios\/\" \/>\n<meta property=\"article:modified_time\" content=\"2021-03-27T14:27:07+00:00\" \/>\n<meta name=\"twitter:card\" content=\"summary_large_image\" \/>\n<script type=\"application\/ld+json\" class=\"yoast-schema-graph\">{\"@context\":\"https:\/\/schema.org\",\"@graph\":[{\"@type\":\"WebSite\",\"@id\":\"https:\/\/www.posgraduacao.unimontes.br\/ppgeo\/#website\",\"url\":\"https:\/\/www.posgraduacao.unimontes.br\/ppgeo\/\",\"name\":\"\",\"description\":\"\",\"potentialAction\":[{\"@type\":\"SearchAction\",\"target\":\"https:\/\/www.posgraduacao.unimontes.br\/ppgeo\/?s={search_term_string}\",\"query-input\":\"required name=search_term_string\"}],\"inLanguage\":\"pt-BR\"},{\"@type\":\"WebPage\",\"@id\":\"https:\/\/www.posgraduacao.unimontes.br\/ppgeo\/apresentacao\/laboratorios\/#webpage\",\"url\":\"https:\/\/www.posgraduacao.unimontes.br\/ppgeo\/apresentacao\/laboratorios\/\",\"name\":\"Laborat\\u00f3rios -\",\"isPartOf\":{\"@id\":\"https:\/\/www.posgraduacao.unimontes.br\/ppgeo\/#website\"},\"datePublished\":\"2017-04-27T18:25:26+00:00\",\"dateModified\":\"2021-03-27T14:27:07+00:00\",\"inLanguage\":\"pt-BR\",\"potentialAction\":[{\"@type\":\"ReadAction\",\"target\":[\"https:\/\/www.posgraduacao.unimontes.br\/ppgeo\/apresentacao\/laboratorios\/\"]}]}]}<\/script>\n<!-- \/ Yoast SEO plugin. -->","_links":{"self":[{"href":"https:\/\/www.posgraduacao.unimontes.br\/ppgeo\/wp-json\/wp\/v2\/pages\/274"}],"collection":[{"href":"https:\/\/www.posgraduacao.unimontes.br\/ppgeo\/wp-json\/wp\/v2\/pages"}],"about":[{"href":"https:\/\/www.posgraduacao.unimontes.br\/ppgeo\/wp-json\/wp\/v2\/types\/page"}],"author":[{"embeddable":true,"href":"https:\/\/www.posgraduacao.unimontes.br\/ppgeo\/wp-json\/wp\/v2\/users\/4"}],"replies":[{"embeddable":true,"href":"https:\/\/www.posgraduacao.unimontes.br\/ppgeo\/wp-json\/wp\/v2\/comments?post=274"}],"version-history":[{"count":12,"href":"https:\/\/www.posgraduacao.unimontes.br\/ppgeo\/wp-json\/wp\/v2\/pages\/274\/revisions"}],"predecessor-version":[{"id":2098,"href":"https:\/\/www.posgraduacao.unimontes.br\/ppgeo\/wp-json\/wp\/v2\/pages\/274\/revisions\/2098"}],"up":[{"embeddable":true,"href":"https:\/\/www.posgraduacao.unimontes.br\/ppgeo\/wp-json\/wp\/v2\/pages\/35"}],"wp:attachment":[{"href":"https:\/\/www.posgraduacao.unimontes.br\/ppgeo\/wp-json\/wp\/v2\/media?parent=274"}],"curies":[{"name":"wp","href":"https:\/\/api.w.org\/{rel}","templated":true}]}}