{"id":27,"date":"2017-03-24T18:47:11","date_gmt":"2017-03-24T21:47:11","guid":{"rendered":"http:\/\/www.posgraduacao.unimontes.br\/site-modelo\/?page_id=27"},"modified":"2025-04-30T15:03:33","modified_gmt":"2025-04-30T18:03:33","slug":"inicio","status":"publish","type":"page","link":"https:\/\/www.posgraduacao.unimontes.br\/ppgeo\/","title":{"rendered":"In\u00edcio"},"content":{"rendered":"<section data-kc-fullwidth=\"content\" class=\"kc-elm kc-css-273846 kc_row\"><div class=\"kc-row-container\"><div class=\"kc-wrap-columns\"><div class=\"kc-elm kc-css-282360 kc_col-sm-3 kc_column kc_col-sm-3\"><div class=\"kc-col-container\"><div class=\"kc-elm kc-css-308406 kc-feature-boxes kc-fb-layout-1\">\n\n\t<div class=\"content-icon\"><i class=\"sl-calender\"><\/i><\/div><div class=\"content-title\">Calend\u00e1rio<\/div><div class=\"content-button\"><a href=\"http:\/\/www.posgraduacao.unimontes.br\/ppgeo\/calendario\/\" target=\"_self\" title=\"\">Veja mais<\/a><\/div>\n<\/div>\n<\/div><\/div><div class=\"kc-elm kc-css-424384 kc_col-sm-3 kc_column kc_col-sm-3\"><div class=\"kc-col-container\"><div class=\"kc-elm kc-css-487196 kc-feature-boxes kc-fb-layout-1\">\n\n\t<div class=\"content-icon\"><i class=\"et-book-open\"><\/i><\/div><div class=\"content-title\">Laborat\u00f3rios<\/div><div class=\"content-button\"><a href=\"http:\/\/www.posgraduacao.unimontes.br\/ppgeo\/laboratorios\" target=\"_self\" title=\"\">Veja mais<\/a><\/div>\n<\/div>\n<\/div><\/div><div class=\"kc-elm kc-css-101476 kc_col-sm-3 kc_column kc_col-sm-3\"><div class=\"kc-col-container\"><div class=\"kc-elm kc-css-559535 kc-feature-boxes kc-fb-layout-1\">\n\n\t<div class=\"content-icon\"><i class=\"sl-badge\"><\/i><\/div><div class=\"content-title\">Disserta\u00e7\u00f5es<\/div><div class=\"content-button\"><a href=\"https:\/\/www.posgraduacao.unimontes.br\/ppgeo\/dissertacoes\/\" target=\"_blank\" title=\"Disserta\u00e7\u00f5es\">Veja mais<\/a><\/div>\n<\/div>\n<\/div><\/div><div class=\"kc-elm kc-css-823571 kc_col-sm-3 kc_column kc_col-sm-3\"><div class=\"kc-col-container\"><div class=\"kc-elm kc-css-32684 kc-feature-boxes kc-fb-layout-1\">\n\n\t<div class=\"content-icon\"><i class=\"sl-menu\"><\/i><\/div><div class=\"content-title\">Documentos<\/div><div class=\"content-button\"><a href=\"http:\/\/www.posgraduacao.unimontes.br\/ppgeo\/documentos\/\" target=\"_self\" title=\"\">Veja mais<\/a><\/div>\n<\/div>\n<\/div><\/div><\/div><\/div><\/section><section data-kc-fullwidth=\"row\" class=\"kc-elm kc-css-107377 kc_row\"><div class=\"kc-row-container  kc-container\"><div class=\"kc-wrap-columns\"><div class=\"kc-elm kc-css-131079 kc_col-sm-12 kc_column kc_col-sm-12\"><div class=\"kc-col-container\"><div class=\"kc-elm kc-css-662350\">\n\t<div class=\"kc-carousel_images kc-elm kc-css-662350\">\n\t\n\t\t<div class=\"kc-carousel-images owl-carousel-images kc-sync1  owl-nav-arrow\" data-owl-i-options='{\"items\":\"1\",\"tablet\":\"2\",\"mobile\":\"1\",\"speed\":\"500\",\"navigation\":\"yes\",\"pagination\":\"yes\",\"autoheight\":\"\",\"progressbar\":\"\",\"delay\":\"8\",\"autoplay\":\"yes\",\"showthumb\":\"\",\"num_thumb\":\"5\"}'>\n\t\n\t\t\t\t\t<div class=\"item\">\n\t\n\t\t\t<a href=\"https:\/\/www.posgraduacao.unimontes.br\/ppgeo\/noticias\/\" target=\"_blank\"><img src=\"https:\/\/www.posgraduacao.unimontes.br\/uploads\/sites\/7\/2023\/12\/1.png\" alt=\"\" \/><\/a>\t\n\t\t\t<\/div>\n\t\n\t\t\t\t\t<div class=\"item\">\n\t\n\t\t\t<a href=\"https:\/\/www.posgraduacao.unimontes.br\/ppgeo\/editais\/\" target=\"_blank\"><img src=\"https:\/\/www.posgraduacao.unimontes.br\/uploads\/sites\/7\/2023\/12\/2.png\" alt=\"\" \/><\/a>\t\n\t\t\t<\/div>\n\t\n\t\t\t\t\t<div class=\"item\">\n\t\n\t\t\t<a href=\"https:\/\/www.instagram.com\/ppgeo_unimontes\/\" target=\"_blank\"><img src=\"https:\/\/www.posgraduacao.unimontes.br\/uploads\/sites\/7\/2023\/12\/3.png\" alt=\"\" \/><\/a>\t\n\t\t\t<\/div>\n\t\n\t\t\t\n\t\t<\/div>\n\t\n\t\t\t<\/div>\n<\/div>\n<\/div><\/div><\/div><\/div><\/section><section data-kc-fullwidth=\"row\" data-kc-parallax=\"true\" class=\"kc-elm kc-css-271344 kc_row\" style=\"background-image:url(&#039;https:\/\/www.posgraduacao.unimontes.br\/uploads\/sites\/7\/2021\/06\/logo_siteppgeo.jpg&#039;);\"><div class=\"kc-row-container  kc-container\"><div class=\"kc-wrap-columns\"><div class=\"kc-elm kc-css-422459 kc_col-sm-12 kc_column kc_col-sm-12\"><div class=\"kc-col-container\">\n<div class=\"kc-elm kc-css-506772 kc-title-wrap \">\n\n\t<h3 class=\"kc_title\">Programa de P\u00f3s-Gradua\u00e7\u00e3o em Geografia<\/h3>\n<\/div>\n<div class=\"kc-elm kc-css-681632 kc_text_block\"><ul>\n<li><strong>Programa:<\/strong>\u00a0P\u00f3s-Gradua\u00e7\u00e3o em Geografia<\/li>\n<li><strong>Curso:<\/strong> Mestrado e Doutorado<\/li>\n<li><strong>Conceito CAPES:<\/strong>\u00a04<\/li>\n<li><strong>Reconhecimento: <\/strong>Capes<\/li>\n<li><strong>C\u00f3digo do Programa na CAPES: <\/strong>GEOGRAFIA (32014015011P3)<\/li>\n<li><strong>\u00c1rea de avalia\u00e7\u00e3o: <\/strong>Geografia<\/li>\n<li><strong>Documenta\u00e7\u00e3o de \u00e1rea: <\/strong><a href=\"https:\/\/sucupira.capes.gov.br\/sucupira\/public\/consultas\/coleta\/programa\/viewPrograma.xhtml?popup=true&amp;cd_programa=32014015011P3\">Link<\/a><\/li>\n<li><strong>Coordenador: <\/strong>Prof. Dr. Carlos Bortolo<\/li>\n<li><strong style=\"font-style: inherit;\">Telefone:<\/strong><span style=\"font-style: inherit;\"> (38) 3229-8052<\/span><\/li>\n<li><strong>E-mail:<\/strong>\u00a0ppgeo@unimontes.br<\/li>\n<\/ul>\n<\/div><\/div><\/div><\/div><\/div><\/section><section class=\"kc-elm kc-css-672218 kc_row\"><div class=\"kc-row-container  kc-container\"><div class=\"kc-wrap-columns\"><div class=\"kc-elm kc-css-888820 kc_col-sm-12 kc_column kc_col-sm-12\"><div class=\"kc-col-container\"><div id=\" \" class=\"kc-elm kc-css-551308 kc_row kc_row_inner\"><div class=\"kc-elm kc-css-160721 kc_col-sm-6 kc_column_inner kc_col-sm-6\"><div class=\"kc_wrapper kc-col-inner-container\"><\/div><\/div><div class=\"kc-elm kc-css-44775 kc_col-sm-6 kc_column_inner kc_col-sm-6\"><div class=\"kc_wrapper kc-col-inner-container\"><\/div><\/div><\/div><\/div><\/div><\/div><\/div><\/section><section class=\"kc-elm kc-css-592041 kc_row\"><div class=\"kc-row-container  kc-container\"><div class=\"kc-wrap-columns\"><div class=\"kc-elm kc-css-642729 kc_col-sm-12 kc_column kc_col-sm-12\"><div class=\"kc-col-container\">\n<div class=\"kc-elm kc-css-893736 kc-blog-posts kc-blog-posts-3 kc-blog-grid kc_blog_masonry kc-image-align-both\">\n\t\n\t\t\n\t\t\t\t<div class=\"post-grid grid-4\">\n\t\t\t\t\t<div class=\"kc-list-item-3\">\n\t\t\t\t\t\t\t\t\t\t\t\t\t<a href=\"https:\/\/www.posgraduacao.unimontes.br\/ppgeo\/2026\/02\/08\/importante-contribuicao-dos-professores-e-doutoranda-do-ppgeo-para-a-geografia-brasileira\/\" class=\"entry-thumb-link\">\n\t\t\t\t\t\t\t\t<div class=\"entry-thumb-wrapper\">\n\t\t\t\t\t\t\t\t\t<img src=\"http:\/\/www.posgraduacao.unimontes.br\/uploads\/sites\/7\/2026\/02\/WhatsApp-Image-2026-02-08-at-17.18.57-819x1024.jpeg\"\n\t\t\t\t\t\t\t\t\t     alt=\"Importante contribui\u00e7\u00e3o dos professores e doutoranda do PPGEO para a Geografia brasileira\"\/>\n\t\t\t\t\t\t\t\t\t<div class=\"entry-thumb-overlay\"><\/div>\n\t\t\t\t\t\t\t\t<\/div>\n\t\t\t\t\t\t\t<\/a>\n\t\t\t\t\t\t\t\t\t\t\t\t<div class=\"content\">\n\t\t\t\t\t\t\t<h2 class=\"post-title-alt\"><a\n\t\t\t\t\t\t\t\thref=\"https:\/\/www.posgraduacao.unimontes.br\/ppgeo\/2026\/02\/08\/importante-contribuicao-dos-professores-e-doutoranda-do-ppgeo-para-a-geografia-brasileira\/\">Importante contribui\u00e7\u00e3o dos professores e doutoranda do PPGEO para a Geografia brasileira<\/a>\n\t\t\t\t\t\t\t<\/h2>\n\t\t\t\t\t\t\t\t\t\t\t\t\t\t\t<div class=\"entry-meta\">\n\t\t\t\t\t\t\t\t\t\t\t\t\t\t\t\t\t\t\t<span class=\"kc-post-author\"><a\n\t\t\t\t\t\t\t\t\t\t\t\thref=\"https:\/\/www.posgraduacao.unimontes.br\/ppgeo\/author\/ppgeo\/\"\n\t\t\t\t\t\t\t\t\t\t\t\ttitle=\"Posts by ppgeo\"\n\t\t\t\t\t\t\t\t\t\t\t\trel=\"author\">ppgeo<\/a><\/span>\n\t\t\t\t\t\t\t\t\t\t\t\t\t\t\t\t\t\t\t\t\t\t\t\t\t\t\t<span class=\"entry-date\"><a\n\t\t\t\t\t\t\t\t\t\t\thref=\"https:\/\/www.posgraduacao.unimontes.br\/ppgeo\/2026\/02\/08\/importante-contribuicao-dos-professores-e-doutoranda-do-ppgeo-para-a-geografia-brasileira\/\">fevereiro 08, 2026<\/a><\/span>\n\t\t\t\t\t\t\t\t\t\t\t\t\t\t\t\t\t\t\t\t\t\t\t\t\t\t\t\t\t\t\t\t\t\t\t\t\t\t\t<span class=\"entry-cats\"><a href=\"https:\/\/www.posgraduacao.unimontes.br\/ppgeo\/category\/noticias\/\" rel=\"category tag\">Noticias<\/a><\/span>\n\t\t\t\t\t\t\t\t\t\t\t\t\t\t\t\t\t\t\t\t\t\t\t\t\t\t\t<\/div>\n\t\t\t\t\t\t\t\t\t\t\t\t\t\t\t\t\t\t\t\t\t\t<div class=\"entry-excerpt\">\n\t\t\t\t\t\t\t\t\t<p>A Geografia brasileira ganha mais um importante registro de sua trajet\u00f3ria acad\u00eamica com a publica\u00e7\u00e3o de um artigo na Revista&hellip;<\/p>\n\t\t\t\t\t\t\t\t<\/div>\n\t\t\t\t\t\t\t\t\t\t\t\t\t\t<a href=\"https:\/\/www.posgraduacao.unimontes.br\/ppgeo\/2026\/02\/08\/importante-contribuicao-dos-professores-e-doutoranda-do-ppgeo-para-a-geografia-brasileira\/\"\n\t\t\t\t\t\t\t   class=\"kc-post-2-button\">Read more <i\n\t\t\t\t\t\t\t\t\tclass=\"fa fa-angle-right\" aria-hidden=\"true\"><\/i><\/a>\n\t\t\t\t\t\t\t\t\t\t\t\t\t<\/div>\n\t\t\t\t\t<\/div>\n\t\t\t\t<\/div>\n\n\t\t\t\t\n\t\t\t\t<div class=\"post-grid grid-4\">\n\t\t\t\t\t<div class=\"kc-list-item-3\">\n\t\t\t\t\t\t\t\t\t\t\t\t<div class=\"content\">\n\t\t\t\t\t\t\t<h2 class=\"post-title-alt\"><a\n\t\t\t\t\t\t\t\thref=\"https:\/\/www.posgraduacao.unimontes.br\/ppgeo\/2025\/12\/11\/ppgeo-realiza-workshop-e-confraternizacao-de-encerramento-no-dia-10-de-dezembro\/\">PPGEO realiza workshop e confraterniza\u00e7\u00e3o de encerramento no dia 10 de dezembro<\/a>\n\t\t\t\t\t\t\t<\/h2>\n\t\t\t\t\t\t\t\t\t\t\t\t\t\t\t<div class=\"entry-meta\">\n\t\t\t\t\t\t\t\t\t\t\t\t\t\t\t\t\t\t\t<span class=\"kc-post-author\"><a\n\t\t\t\t\t\t\t\t\t\t\t\thref=\"https:\/\/www.posgraduacao.unimontes.br\/ppgeo\/author\/ppgeo\/\"\n\t\t\t\t\t\t\t\t\t\t\t\ttitle=\"Posts by ppgeo\"\n\t\t\t\t\t\t\t\t\t\t\t\trel=\"author\">ppgeo<\/a><\/span>\n\t\t\t\t\t\t\t\t\t\t\t\t\t\t\t\t\t\t\t\t\t\t\t\t\t\t\t<span class=\"entry-date\"><a\n\t\t\t\t\t\t\t\t\t\t\thref=\"https:\/\/www.posgraduacao.unimontes.br\/ppgeo\/2025\/12\/11\/ppgeo-realiza-workshop-e-confraternizacao-de-encerramento-no-dia-10-de-dezembro\/\">dezembro 11, 2025<\/a><\/span>\n\t\t\t\t\t\t\t\t\t\t\t\t\t\t\t\t\t\t\t\t\t\t\t\t\t\t\t\t\t\t\t\t\t\t\t\t\t\t\t<span class=\"entry-cats\"><a href=\"https:\/\/www.posgraduacao.unimontes.br\/ppgeo\/category\/noticias\/\" rel=\"category tag\">Noticias<\/a><\/span>\n\t\t\t\t\t\t\t\t\t\t\t\t\t\t\t\t\t\t\t\t\t\t\t\t\t\t\t<\/div>\n\t\t\t\t\t\t\t\t\t\t\t\t\t\t\t\t\t\t\t\t\t\t<div class=\"entry-excerpt\">\n\t\t\t\t\t\t\t\t\t<p>O Programa de P\u00f3s-Gradua\u00e7\u00e3o em Geografia (PPGEO) promoveu, no dia 10 de dezembro, uma programa\u00e7\u00e3o especial que marcou o encerramento&hellip;<\/p>\n\t\t\t\t\t\t\t\t<\/div>\n\t\t\t\t\t\t\t\t\t\t\t\t\t\t<a href=\"https:\/\/www.posgraduacao.unimontes.br\/ppgeo\/2025\/12\/11\/ppgeo-realiza-workshop-e-confraternizacao-de-encerramento-no-dia-10-de-dezembro\/\"\n\t\t\t\t\t\t\t   class=\"kc-post-2-button\">Read more <i\n\t\t\t\t\t\t\t\t\tclass=\"fa fa-angle-right\" aria-hidden=\"true\"><\/i><\/a>\n\t\t\t\t\t\t\t\t\t\t\t\t\t<\/div>\n\t\t\t\t\t<\/div>\n\t\t\t\t<\/div>\n\n\t\t\t\t\n\t\t\t\t<div class=\"post-grid grid-4\">\n\t\t\t\t\t<div class=\"kc-list-item-3\">\n\t\t\t\t\t\t\t\t\t\t\t\t\t<a href=\"https:\/\/www.posgraduacao.unimontes.br\/ppgeo\/2025\/11\/27\/construcao-conjunta-primeira-turma-do-doutorado-em-geografia-se-reune-com-o-prof-carlos-bortolo-coordenador-do-programa\/\" class=\"entry-thumb-link\">\n\t\t\t\t\t\t\t\t<div class=\"entry-thumb-wrapper\">\n\t\t\t\t\t\t\t\t\t<img src=\"http:\/\/www.posgraduacao.unimontes.br\/uploads\/sites\/7\/2025\/11\/WhatsApp-Image-2025-11-26-at-12.59.51-1024x768.jpeg\"\n\t\t\t\t\t\t\t\t\t     alt=\"Constru\u00e7\u00e3o Conjunta: Primeira Turma do Doutorado em Geografia se re\u00fane com o Prof. Carlos Bortolo, coordenador do programa\"\/>\n\t\t\t\t\t\t\t\t\t<div class=\"entry-thumb-overlay\"><\/div>\n\t\t\t\t\t\t\t\t<\/div>\n\t\t\t\t\t\t\t<\/a>\n\t\t\t\t\t\t\t\t\t\t\t\t<div class=\"content\">\n\t\t\t\t\t\t\t<h2 class=\"post-title-alt\"><a\n\t\t\t\t\t\t\t\thref=\"https:\/\/www.posgraduacao.unimontes.br\/ppgeo\/2025\/11\/27\/construcao-conjunta-primeira-turma-do-doutorado-em-geografia-se-reune-com-o-prof-carlos-bortolo-coordenador-do-programa\/\">Constru\u00e7\u00e3o Conjunta: Primeira Turma do Doutorado em Geografia se re\u00fane com o Prof. Carlos Bortolo, coordenador do programa<\/a>\n\t\t\t\t\t\t\t<\/h2>\n\t\t\t\t\t\t\t\t\t\t\t\t\t\t\t<div class=\"entry-meta\">\n\t\t\t\t\t\t\t\t\t\t\t\t\t\t\t\t\t\t\t<span class=\"kc-post-author\"><a\n\t\t\t\t\t\t\t\t\t\t\t\thref=\"https:\/\/www.posgraduacao.unimontes.br\/ppgeo\/author\/ppgeo\/\"\n\t\t\t\t\t\t\t\t\t\t\t\ttitle=\"Posts by ppgeo\"\n\t\t\t\t\t\t\t\t\t\t\t\trel=\"author\">ppgeo<\/a><\/span>\n\t\t\t\t\t\t\t\t\t\t\t\t\t\t\t\t\t\t\t\t\t\t\t\t\t\t\t<span class=\"entry-date\"><a\n\t\t\t\t\t\t\t\t\t\t\thref=\"https:\/\/www.posgraduacao.unimontes.br\/ppgeo\/2025\/11\/27\/construcao-conjunta-primeira-turma-do-doutorado-em-geografia-se-reune-com-o-prof-carlos-bortolo-coordenador-do-programa\/\">novembro 27, 2025<\/a><\/span>\n\t\t\t\t\t\t\t\t\t\t\t\t\t\t\t\t\t\t\t\t\t\t\t\t\t\t\t\t\t\t\t\t\t\t\t\t\t\t\t<span class=\"entry-cats\"><a href=\"https:\/\/www.posgraduacao.unimontes.br\/ppgeo\/category\/noticias\/\" rel=\"category tag\">Noticias<\/a><\/span>\n\t\t\t\t\t\t\t\t\t\t\t\t\t\t\t\t\t\t\t\t\t\t\t\t\t\t\t<\/div>\n\t\t\t\t\t\t\t\t\t\t\t\t\t\t\t\t\t\t\t\t\t\t<div class=\"entry-excerpt\">\n\t\t\t\t\t\t\t\t\t<p>A manh\u00e3 desta quarta-feira 26\/11\/2025 foi marcada por di\u00e1logo, integra\u00e7\u00e3o e planejamento no Programa de P\u00f3s-Gradua\u00e7\u00e3o em Geografia (PPGEO). A&hellip;<\/p>\n\t\t\t\t\t\t\t\t<\/div>\n\t\t\t\t\t\t\t\t\t\t\t\t\t\t<a href=\"https:\/\/www.posgraduacao.unimontes.br\/ppgeo\/2025\/11\/27\/construcao-conjunta-primeira-turma-do-doutorado-em-geografia-se-reune-com-o-prof-carlos-bortolo-coordenador-do-programa\/\"\n\t\t\t\t\t\t\t   class=\"kc-post-2-button\">Read more <i\n\t\t\t\t\t\t\t\t\tclass=\"fa fa-angle-right\" aria-hidden=\"true\"><\/i><\/a>\n\t\t\t\t\t\t\t\t\t\t\t\t\t<\/div>\n\t\t\t\t\t<\/div>\n\t\t\t\t<\/div>\n\n\t\t\t\t\n\t\t\t\t<div class=\"post-grid grid-4\">\n\t\t\t\t\t<div class=\"kc-list-item-3\">\n\t\t\t\t\t\t\t\t\t\t\t\t\t<a href=\"https:\/\/www.posgraduacao.unimontes.br\/ppgeo\/2025\/09\/19\/ppgeo-abre-credenciamento-para-novos-docentes-colaboradores\/\" class=\"entry-thumb-link\">\n\t\t\t\t\t\t\t\t<div class=\"entry-thumb-wrapper\">\n\t\t\t\t\t\t\t\t\t<img src=\"https:\/\/www.posgraduacao.unimontes.br\/uploads\/sites\/7\/2025\/09\/people-working-as-team-company-1024x683.jpg\"\n\t\t\t\t\t\t\t\t\t     alt=\"PPGEO abre credenciamento para novos docentes colaboradores\"\/>\n\t\t\t\t\t\t\t\t\t<div class=\"entry-thumb-overlay\"><\/div>\n\t\t\t\t\t\t\t\t<\/div>\n\t\t\t\t\t\t\t<\/a>\n\t\t\t\t\t\t\t\t\t\t\t\t<div class=\"content\">\n\t\t\t\t\t\t\t<h2 class=\"post-title-alt\"><a\n\t\t\t\t\t\t\t\thref=\"https:\/\/www.posgraduacao.unimontes.br\/ppgeo\/2025\/09\/19\/ppgeo-abre-credenciamento-para-novos-docentes-colaboradores\/\">PPGEO abre credenciamento para novos docentes colaboradores<\/a>\n\t\t\t\t\t\t\t<\/h2>\n\t\t\t\t\t\t\t\t\t\t\t\t\t\t\t<div class=\"entry-meta\">\n\t\t\t\t\t\t\t\t\t\t\t\t\t\t\t\t\t\t\t<span class=\"kc-post-author\"><a\n\t\t\t\t\t\t\t\t\t\t\t\thref=\"https:\/\/www.posgraduacao.unimontes.br\/ppgeo\/author\/ppgeo\/\"\n\t\t\t\t\t\t\t\t\t\t\t\ttitle=\"Posts by ppgeo\"\n\t\t\t\t\t\t\t\t\t\t\t\trel=\"author\">ppgeo<\/a><\/span>\n\t\t\t\t\t\t\t\t\t\t\t\t\t\t\t\t\t\t\t\t\t\t\t\t\t\t\t<span class=\"entry-date\"><a\n\t\t\t\t\t\t\t\t\t\t\thref=\"https:\/\/www.posgraduacao.unimontes.br\/ppgeo\/2025\/09\/19\/ppgeo-abre-credenciamento-para-novos-docentes-colaboradores\/\">setembro 19, 2025<\/a><\/span>\n\t\t\t\t\t\t\t\t\t\t\t\t\t\t\t\t\t\t\t\t\t\t\t\t\t\t\t\t\t\t\t\t\t\t\t\t\t\t\t<span class=\"entry-cats\"><a href=\"https:\/\/www.posgraduacao.unimontes.br\/ppgeo\/category\/noticias\/\" rel=\"category tag\">Noticias<\/a><\/span>\n\t\t\t\t\t\t\t\t\t\t\t\t\t\t\t\t\t\t\t\t\t\t\t\t\t\t\t<\/div>\n\t\t\t\t\t\t\t\t\t\t\t\t\t\t\t\t\t\t\t\t\t\t<div class=\"entry-excerpt\">\n\t\t\t\t\t\t\t\t\t<p>O Programa de P\u00f3s-Gradua\u00e7\u00e3o em Geografia (PPGEO) da Universidade Estadual de Montes Claros (Unimontes) publicou o Edital n\u00ba 06\/2025, que&hellip;<\/p>\n\t\t\t\t\t\t\t\t<\/div>\n\t\t\t\t\t\t\t\t\t\t\t\t\t\t<a href=\"https:\/\/www.posgraduacao.unimontes.br\/ppgeo\/2025\/09\/19\/ppgeo-abre-credenciamento-para-novos-docentes-colaboradores\/\"\n\t\t\t\t\t\t\t   class=\"kc-post-2-button\">Read more <i\n\t\t\t\t\t\t\t\t\tclass=\"fa fa-angle-right\" aria-hidden=\"true\"><\/i><\/a>\n\t\t\t\t\t\t\t\t\t\t\t\t\t<\/div>\n\t\t\t\t\t<\/div>\n\t\t\t\t<\/div>\n\n\t\t\t\t\n\t\n<\/div>\n\n<div class=\"kc-elm kc-css-88539 kc-title-wrap \">\n\n\t<h2 class=\"kc_title\">Not\u00edcias<\/h2>\n<\/div>\n\n<div class=\"kc-elm kc-css-277728\">\n\t<a class=\"kc_button\" href=\"http:\/\/www.posgraduacao.unimontes.br\/ppgeo\/noticias\/\" target=\"_self\" title=\"\" onclick=\"\">\n\t\tVeja mais <i class=\"sl-arrow-right\"><\/i>\t<\/a>\n<\/div>\n<\/div><\/div><\/div><\/div><\/section>\n","protected":false},"excerpt":{"rendered":"","protected":false},"author":4,"featured_media":0,"parent":0,"menu_order":0,"comment_status":"closed","ping_status":"closed","template":"","meta":[],"yoast_head":"<!-- This site is optimized with the Yoast SEO plugin v14.7 - https:\/\/yoast.com\/wordpress\/plugins\/seo\/ -->\n<title>In\u00edcio -<\/title>\n<meta name=\"robots\" content=\"index, follow\" \/>\n<meta name=\"googlebot\" content=\"index, follow, max-snippet:-1, max-image-preview:large, max-video-preview:-1\" \/>\n<meta name=\"bingbot\" content=\"index, follow, max-snippet:-1, max-image-preview:large, max-video-preview:-1\" \/>\n<link rel=\"canonical\" href=\"https:\/\/www.posgraduacao.unimontes.br\/ppgeo\/\" \/>\n<meta property=\"og:locale\" content=\"pt_BR\" \/>\n<meta property=\"og:type\" content=\"article\" \/>\n<meta property=\"og:title\" content=\"In\u00edcio -\" \/>\n<meta property=\"og:description\" content=\"Calend\u00e1rio Veja mais Laborat\u00f3rios Veja mais Disserta\u00e7\u00f5es Veja mais Documentos Veja mais Programa de P\u00f3s-Gradua\u00e7\u00e3o em Geografia Programa:\u00a0P\u00f3s-Gradua\u00e7\u00e3o em Geografia Curso: Mestrado e Doutorado Conceito CAPES:\u00a04 Reconhecimento: Capes C\u00f3digo do Programa na CAPES: GEOGRAFIA (32014015011P3) \u00c1rea de avalia\u00e7\u00e3o: Geografia Documenta\u00e7\u00e3o de \u00e1rea: Link Coordenador: Prof. Dr. Carlos Bortolo Telefone: (38) 3229-8052 E-mail:\u00a0ppgeo@unimontes.br Doutorado em Geografia: [&hellip;]\" \/>\n<meta property=\"og:url\" content=\"https:\/\/www.posgraduacao.unimontes.br\/ppgeo\/\" \/>\n<meta property=\"article:modified_time\" content=\"2025-04-30T18:03:33+00:00\" \/>\n<meta property=\"og:image\" content=\"http:\/\/www.posgraduacao.unimontes.br\/uploads\/sites\/7\/2023\/12\/1.png\" \/>\n<meta name=\"twitter:card\" content=\"summary_large_image\" \/>\n<script type=\"application\/ld+json\" class=\"yoast-schema-graph\">{\"@context\":\"https:\/\/schema.org\",\"@graph\":[{\"@type\":\"WebSite\",\"@id\":\"https:\/\/www.posgraduacao.unimontes.br\/ppgeo\/#website\",\"url\":\"https:\/\/www.posgraduacao.unimontes.br\/ppgeo\/\",\"name\":\"\",\"description\":\"\",\"potentialAction\":[{\"@type\":\"SearchAction\",\"target\":\"https:\/\/www.posgraduacao.unimontes.br\/ppgeo\/?s={search_term_string}\",\"query-input\":\"required name=search_term_string\"}],\"inLanguage\":\"pt-BR\"},{\"@type\":\"ImageObject\",\"@id\":\"https:\/\/www.posgraduacao.unimontes.br\/ppgeo\/#primaryimage\",\"inLanguage\":\"pt-BR\",\"url\":\"http:\/\/www.posgraduacao.unimontes.br\/uploads\/sites\/7\/2023\/12\/1.png\"},{\"@type\":\"WebPage\",\"@id\":\"https:\/\/www.posgraduacao.unimontes.br\/ppgeo\/#webpage\",\"url\":\"https:\/\/www.posgraduacao.unimontes.br\/ppgeo\/\",\"name\":\"In\\u00edcio -\",\"isPartOf\":{\"@id\":\"https:\/\/www.posgraduacao.unimontes.br\/ppgeo\/#website\"},\"primaryImageOfPage\":{\"@id\":\"https:\/\/www.posgraduacao.unimontes.br\/ppgeo\/#primaryimage\"},\"datePublished\":\"2017-03-24T21:47:11+00:00\",\"dateModified\":\"2025-04-30T18:03:33+00:00\",\"inLanguage\":\"pt-BR\",\"potentialAction\":[{\"@type\":\"ReadAction\",\"target\":[\"https:\/\/www.posgraduacao.unimontes.br\/ppgeo\/\"]}]}]}<\/script>\n<!-- \/ Yoast SEO plugin. -->","_links":{"self":[{"href":"https:\/\/www.posgraduacao.unimontes.br\/ppgeo\/wp-json\/wp\/v2\/pages\/27"}],"collection":[{"href":"https:\/\/www.posgraduacao.unimontes.br\/ppgeo\/wp-json\/wp\/v2\/pages"}],"about":[{"href":"https:\/\/www.posgraduacao.unimontes.br\/ppgeo\/wp-json\/wp\/v2\/types\/page"}],"author":[{"embeddable":true,"href":"https:\/\/www.posgraduacao.unimontes.br\/ppgeo\/wp-json\/wp\/v2\/users\/4"}],"replies":[{"embeddable":true,"href":"https:\/\/www.posgraduacao.unimontes.br\/ppgeo\/wp-json\/wp\/v2\/comments?post=27"}],"version-history":[{"count":125,"href":"https:\/\/www.posgraduacao.unimontes.br\/ppgeo\/wp-json\/wp\/v2\/pages\/27\/revisions"}],"predecessor-version":[{"id":3520,"href":"https:\/\/www.posgraduacao.unimontes.br\/ppgeo\/wp-json\/wp\/v2\/pages\/27\/revisions\/3520"}],"wp:attachment":[{"href":"https:\/\/www.posgraduacao.unimontes.br\/ppgeo\/wp-json\/wp\/v2\/media?parent=27"}],"curies":[{"name":"wp","href":"https:\/\/api.w.org\/{rel}","templated":true}]}}