{"id":209,"date":"2017-04-04T14:18:43","date_gmt":"2017-04-04T17:18:43","guid":{"rendered":"http:\/\/www.posgraduacao.unimontes.br\/site-modelo\/?page_id=209"},"modified":"2026-02-23T15:55:01","modified_gmt":"2026-02-23T18:55:01","slug":"coordenacao","status":"publish","type":"page","link":"https:\/\/www.posgraduacao.unimontes.br\/ppgeo\/coordenacao\/","title":{"rendered":"Coordena\u00e7\u00e3o"},"content":{"rendered":"<section class=\"kc-elm kc-css-684568 kc_row\"><div class=\"kc-row-container  kc-container\"><div class=\"kc-wrap-columns\"><div class=\"kc-elm kc-css-567787 kc_col-sm-6 kc_column kc_col-sm-6\"><div class=\"kc-col-container\"><div class=\"kc-elm kc-css-579886\" style=\"height: 22px; clear: both; width:100%;\"><\/div><div class=\"kc-elm kc-css-834061 kc_text_block\"><h2><strong>Coordenador<\/strong><\/h2>\n<\/div><\/div><\/div><div class=\"kc-elm kc-css-205020 kc_col-sm-6 kc_column kc_col-sm-6\"><div class=\"kc-col-container\"><div class=\"kc-elm kc-css-324762\" style=\"height: 22px; clear: both; width:100%;\"><\/div><div class=\"kc-elm kc-css-411695 kc_text_block\"><h2><strong style=\"font-style: inherit;\">Coordenador Adjunto<\/strong><\/h2>\n<\/div><\/div><\/div><\/div><\/div><\/section><section class=\"kc-elm kc-css-62006 kc_row\"><div class=\"kc-row-container  kc-container\"><div class=\"kc-wrap-columns\"><div class=\"kc-elm kc-css-880076 kc_col-sm-6 kc_column kc_col-sm-6\"><div class=\"kc-col-container\">\n<div class=\"kc-elm kc-css-790412 kc-team kc-team-1\">\n\n\t<figure class=\"content-image\"><img src=\"https:\/\/www.posgraduacao.unimontes.br\/uploads\/sites\/7\/2020\/09\/bortolo-Personalizado.jpeg\" alt=\"\"><\/figure><div class=\"content-title\">Carlos Alexandre de Bortolo<\/div><div class=\"content-subtitle\">E-mail carlos.bortolo@unimontes.br<\/div><div class=\"content-desc\">Doutor em Geografia (UEM, Brasil)\n<\/div><div class=\"content-button\"><a href=\"http:\/\/buscatextual.cnpq.br\/buscatextual\/visualizacv.do?id=K4596978E6\">Curr\u00edculo Lattes<\/a><\/div>\n<\/div>\n<\/div><\/div><div class=\"kc-elm kc-css-394794 kc_col-sm-6 kc_column kc_col-sm-6\"><div class=\"kc-col-container\">\n<div class=\"kc-elm kc-css-798066 kc-team kc-team-1\">\n\n\t<figure class=\"content-image\"><img src=\"https:\/\/www.posgraduacao.unimontes.br\/uploads\/sites\/7\/2022\/09\/joao-paulo-sena-1.png\" alt=\"\"><\/figure><div class=\"content-title\">Jo\u00e3o Paulo Sena Souza<\/div><div class=\"content-subtitle\">Doutor em Ci\u00eancias Ambientais (UnB)<\/div><div class=\"content-desc\">E-mail jpsenasouza@gmail.com<\/div><div class=\"content-socials\"><a href=\"#\" target=\"_blank\"><i class=\"fab-facebook-f\"><\/i><\/a><a href=\"#\" target=\"_blank\"><i class=\"fab-twitter\"><\/i><\/a><a href=\"#\" target=\"_blank\"><i class=\"fab-google-plus-g\"><\/i><\/a><\/div><div class=\"content-button\"><a href=\"#\">Read More<\/a><\/div>\n<\/div>\n<\/div><\/div><\/div><\/div><\/section><section class=\"kc-elm kc-css-617442 kc_row\"><div class=\"kc-row-container  kc-container\"><div class=\"kc-wrap-columns\"><div class=\"kc-elm kc-css-929277 kc_col-sm-12 kc_column kc_col-sm-12\"><div class=\"kc-col-container\"><div class=\"kc-elm kc-css-403832\" style=\"height: 22px; clear: both; width:100%;\"><\/div><div class=\"kc-elm kc-css-635325 kc_row kc_row_inner\"><div class=\"kc-elm kc-css-618000 kc_col-sm-12 kc_column_inner kc_col-sm-12\"><div class=\"kc_wrapper kc-col-inner-container\"><div class=\"kc-elm kc-css-670981 kc_text_block\"><ul style=\"padding: 0px; list-style: none; max-width: 100%; line-height: normal; color: #444444; font-family: -apple-system, BlinkMacSystemFont, 'Segoe UI', Roboto, Oxygen-Sans, Ubuntu, Cantarell, 'Helvetica Neue', sans-serif; font-size: 14px; text-align: center;\">\n<li style=\"margin-bottom: 6px; max-width: 100%; line-height: normal;\">\n<h3><span style=\"font-weight: 600; max-width: 100%; line-height: normal;\">Contato Secretaria<\/span><\/h3>\n<\/li>\n<\/ul>\n<p style=\"font-size: 14px; line-height: normal; margin: 1em 0px; max-width: 100%; color: #444444; font-family: -apple-system, BlinkMacSystemFont, 'Segoe UI', Roboto, Oxygen-Sans, Ubuntu, Cantarell, 'Helvetica Neue', sans-serif;\">E-mail: ppgeo@unimontes.br<\/p>\n<p style=\"font-size: 14px; line-height: normal; margin: 1em 0px; max-width: 100%; color: #444444; font-family: -apple-system, BlinkMacSystemFont, 'Segoe UI', Roboto, Oxygen-Sans, Ubuntu, Cantarell, 'Helvetica Neue', sans-serif;\">(38)3229-8052<\/p>\n<\/div><div class=\"kc-elm kc-css-76295 kc_text_block\"><ul style=\"padding: 0px; list-style: none; max-width: 100%; line-height: normal; color: #444444; font-family: -apple-system, BlinkMacSystemFont, 'Segoe UI', Roboto, Oxygen-Sans, Ubuntu, Cantarell, 'Helvetica Neue', sans-serif; font-size: 14px; text-align: center;\">\n<li style=\"margin-bottom: 6px; max-width: 100%; line-height: normal;\">\n<h3><span style=\"font-weight: 600; max-width: 100%; line-height: normal;\">Gest\u00f5es anteriores<\/span><\/h3>\n<\/li>\n<\/ul>\n<p><strong style=\"font-style: inherit;\">2023-2024<\/strong><\/p>\n<p>Coordenador: Dr. <span style=\"font-style: inherit;\">Gustavo Henrique Cepolini Ferreira<\/span><\/p>\n<p><span style=\"font-style: inherit;\">Coordenador Adjunto: Dr.Jo\u00e3o Paulo Sena-Souza<\/span><\/p>\n<p><strong style=\"font-style: inherit;\">2021-2023<\/strong><\/p>\n<p>Coordenador: Dr. C\u00e1ssio Alexandre da Silva<br \/>\nCoordenador Adjunto: Dr. Gustavo Henrique Cepolini Ferreira<\/p>\n<p><strong>2018-2020<\/strong><\/p>\n<p>Coordenador: Dr. Marcos Esdras Leite<br \/>\nCoordenador Adjunto: Dr. C\u00e1ssio Alexandre da Silva<\/p>\n<p><strong>2016-2018<\/strong><\/p>\n<p>Coordenadora: Dra. Iara Soares de Fran\u00e7a<br \/>\nCoordenador Adjunto: Dr. C\u00e1ssio Alexandre da Silva<\/p>\n<p><strong>2014-2016<\/strong><\/p>\n<p>Coordenadora: Dra. Anete Mar\u00edlia Pereira<br \/>\nCoordenador Adjunto: Dr. Marcos Esdras Leite<\/p>\n<\/div><\/div><\/div><\/div><\/div><\/div><\/div><\/div><\/section><section class=\"kc-elm kc-css-859999 kc_row\"><div class=\"kc-row-container  kc-container\"><div class=\"kc-wrap-columns\"><div class=\"kc-elm kc-css-486094 kc_col-sm-6 kc_column kc_col-sm-6\"><div class=\"kc-col-container\">\n<div class=\"kc-elm kc-css-253972 kc-title-wrap \">\n\n\t<h1 class=\"kc_title\">Cotas\/A\u00e7\u00f5es Afirmativas\/UNIMONTES<\/h1>\n<\/div>\n\n<div class=\"kc-elm kc-css-782534 kc-team kc-team-1 CURR\u00cdCULO LATTES\">\n\n\t<figure class=\"content-image\"><img src=\"https:\/\/www.posgraduacao.unimontes.br\/uploads\/sites\/7\/2020\/09\/ana_ivania-Personalizado.jpeg\" alt=\"\"><\/figure><div class=\"content-title\">ANA IVANIA ALVES FONSECA<\/div><div class=\"content-subtitle\">ana.fonseca@unimontes.br<\/div><div class=\"content-button\"><a href=\"http:\/\/buscatextual.cnpq.br\/buscatextual\/visualizacv.do?id=K4164721Z3\">CURR\u00cdCULO LATTES<\/a><\/div>\n<\/div>\n<\/div><\/div><div class=\"kc-elm kc-css-172662 kc_col-sm-6 kc_column kc_col-sm-6\"><div class=\"kc-col-container\">\n<div class=\"kc-elm kc-css-481004 kc-title-wrap \">\n\n\t<h1 class=\"kc_title\">Internacionaliza\u00e7\u00e3o\/UNIMONTES<\/h1>\n<\/div>\n\n<div class=\"kc-elm kc-css-317345 kc-team kc-team-1\">\n\n\t<figure class=\"content-image\"><img src=\"https:\/\/www.posgraduacao.unimontes.br\/uploads\/sites\/7\/2020\/09\/a97503cc7826cb11d0aa7e2dd84a555d-Personalizado.jpg\" alt=\"\"><\/figure><div class=\"content-title\">LUIZ ANDREI GON\u00c7ALVES PEREIRA<\/div><div class=\"content-subtitle\">luiz.goncalves@unimontes.br<\/div><div class=\"content-button\"><a href=\"http:\/\/buscatextual.cnpq.br\/buscatextual\/visualizacv.do?id=K4214605H7\">CURR\u00cdCULO LATTES<\/a><\/div>\n<\/div>\n<\/div><\/div><\/div><\/div><\/section>\n","protected":false},"excerpt":{"rendered":"","protected":false},"author":1,"featured_media":0,"parent":0,"menu_order":0,"comment_status":"closed","ping_status":"closed","template":"","meta":[],"yoast_head":"<!-- This site is optimized with the Yoast SEO plugin v14.7 - https:\/\/yoast.com\/wordpress\/plugins\/seo\/ -->\n<title>Coordena\u00e7\u00e3o -<\/title>\n<meta name=\"robots\" content=\"index, follow\" \/>\n<meta name=\"googlebot\" content=\"index, follow, max-snippet:-1, max-image-preview:large, max-video-preview:-1\" \/>\n<meta name=\"bingbot\" content=\"index, follow, max-snippet:-1, max-image-preview:large, max-video-preview:-1\" \/>\n<link rel=\"canonical\" href=\"https:\/\/www.posgraduacao.unimontes.br\/ppgeo\/coordenacao\/\" \/>\n<meta property=\"og:locale\" content=\"pt_BR\" \/>\n<meta property=\"og:type\" content=\"article\" \/>\n<meta property=\"og:title\" content=\"Coordena\u00e7\u00e3o -\" \/>\n<meta property=\"og:description\" content=\"Coordenador Coordenador Adjunto Carlos Alexandre de Bortolo E-mail carlos.bortolo@unimontes.br Doutor em Geografia (UEM, Brasil) Curr\u00edculo Lattes Jo\u00e3o Paulo Sena Souza Doutor em Ci\u00eancias Ambientais (UnB) E-mail jpsenasouza@gmail.com Read More Contato Secretaria E-mail: ppgeo@unimontes.br (38)3229-8052 Gest\u00f5es anteriores 2023-2024 Coordenador: Dr. Gustavo Henrique Cepolini Ferreira Coordenador Adjunto: Dr.Jo\u00e3o Paulo Sena-Souza 2021-2023 Coordenador: Dr. C\u00e1ssio Alexandre da Silva [&hellip;]\" \/>\n<meta property=\"og:url\" content=\"https:\/\/www.posgraduacao.unimontes.br\/ppgeo\/coordenacao\/\" \/>\n<meta property=\"article:modified_time\" content=\"2026-02-23T18:55:01+00:00\" \/>\n<meta property=\"og:image\" content=\"http:\/\/www.posgraduacao.unimontes.br\/uploads\/sites\/7\/2020\/09\/bortolo-Personalizado.jpeg\" \/>\n<meta name=\"twitter:card\" content=\"summary_large_image\" \/>\n<script type=\"application\/ld+json\" class=\"yoast-schema-graph\">{\"@context\":\"https:\/\/schema.org\",\"@graph\":[{\"@type\":\"WebSite\",\"@id\":\"https:\/\/www.posgraduacao.unimontes.br\/ppgeo\/#website\",\"url\":\"https:\/\/www.posgraduacao.unimontes.br\/ppgeo\/\",\"name\":\"\",\"description\":\"\",\"potentialAction\":[{\"@type\":\"SearchAction\",\"target\":\"https:\/\/www.posgraduacao.unimontes.br\/ppgeo\/?s={search_term_string}\",\"query-input\":\"required name=search_term_string\"}],\"inLanguage\":\"pt-BR\"},{\"@type\":\"ImageObject\",\"@id\":\"https:\/\/www.posgraduacao.unimontes.br\/ppgeo\/coordenacao\/#primaryimage\",\"inLanguage\":\"pt-BR\",\"url\":\"http:\/\/www.posgraduacao.unimontes.br\/uploads\/sites\/7\/2020\/09\/bortolo-Personalizado.jpeg\"},{\"@type\":\"WebPage\",\"@id\":\"https:\/\/www.posgraduacao.unimontes.br\/ppgeo\/coordenacao\/#webpage\",\"url\":\"https:\/\/www.posgraduacao.unimontes.br\/ppgeo\/coordenacao\/\",\"name\":\"Coordena\\u00e7\\u00e3o -\",\"isPartOf\":{\"@id\":\"https:\/\/www.posgraduacao.unimontes.br\/ppgeo\/#website\"},\"primaryImageOfPage\":{\"@id\":\"https:\/\/www.posgraduacao.unimontes.br\/ppgeo\/coordenacao\/#primaryimage\"},\"datePublished\":\"2017-04-04T17:18:43+00:00\",\"dateModified\":\"2026-02-23T18:55:01+00:00\",\"inLanguage\":\"pt-BR\",\"potentialAction\":[{\"@type\":\"ReadAction\",\"target\":[\"https:\/\/www.posgraduacao.unimontes.br\/ppgeo\/coordenacao\/\"]}]}]}<\/script>\n<!-- \/ Yoast SEO plugin. -->","_links":{"self":[{"href":"https:\/\/www.posgraduacao.unimontes.br\/ppgeo\/wp-json\/wp\/v2\/pages\/209"}],"collection":[{"href":"https:\/\/www.posgraduacao.unimontes.br\/ppgeo\/wp-json\/wp\/v2\/pages"}],"about":[{"href":"https:\/\/www.posgraduacao.unimontes.br\/ppgeo\/wp-json\/wp\/v2\/types\/page"}],"author":[{"embeddable":true,"href":"https:\/\/www.posgraduacao.unimontes.br\/ppgeo\/wp-json\/wp\/v2\/users\/1"}],"replies":[{"embeddable":true,"href":"https:\/\/www.posgraduacao.unimontes.br\/ppgeo\/wp-json\/wp\/v2\/comments?post=209"}],"version-history":[{"count":27,"href":"https:\/\/www.posgraduacao.unimontes.br\/ppgeo\/wp-json\/wp\/v2\/pages\/209\/revisions"}],"predecessor-version":[{"id":3658,"href":"https:\/\/www.posgraduacao.unimontes.br\/ppgeo\/wp-json\/wp\/v2\/pages\/209\/revisions\/3658"}],"wp:attachment":[{"href":"https:\/\/www.posgraduacao.unimontes.br\/ppgeo\/wp-json\/wp\/v2\/media?parent=209"}],"curies":[{"name":"wp","href":"https:\/\/api.w.org\/{rel}","templated":true}]}}