{"id":206,"date":"2017-04-04T14:18:09","date_gmt":"2017-04-04T17:18:09","guid":{"rendered":"http:\/\/www.posgraduacao.unimontes.br\/site-modelo\/?page_id=206"},"modified":"2017-08-24T16:29:40","modified_gmt":"2017-08-24T19:29:40","slug":"comissoes","status":"publish","type":"page","link":"https:\/\/www.posgraduacao.unimontes.br\/ppgeo\/comissoes\/","title":{"rendered":"Comiss\u00f5es"},"content":{"rendered":"<p><b>\u2022 Comiss\u00f5es de Bolsas<\/b><br \/>\nMembros:<\/p>\n<p>Prof. Dr. C\u00e1ssio Alexandre da Silva<br \/>\nProf. Dra. Maria Ivete Soares de Almeida<br \/>\nProf. Dr. Carlos Alexandre de Bortolo<\/p>\n<p><b>\u2022 Comiss\u00e3o de P\u00f3s-Gradua\u00e7\u00e3o<\/b><br \/>\nMembros:<\/p>\n<p>Prof. Dr. C\u00e1ssio Alexandre da Silva<br \/>\nProf. Dr. Marcos Esdras Leite<br \/>\nProf. Dra. Anete Mar\u00edlia Pereira<\/p>\n","protected":false},"excerpt":{"rendered":"<p>\u2022 Comiss\u00f5es de Bolsas Membros: Prof. Dr. C\u00e1ssio Alexandre da Silva Prof. Dra. Maria Ivete Soares de Almeida Prof. Dr. Carlos Alexandre de Bortolo \u2022 Comiss\u00e3o de P\u00f3s-Gradua\u00e7\u00e3o Membros: Prof. Dr. C\u00e1ssio Alexandre da Silva Prof. Dr. Marcos Esdras Leite Prof. Dra. Anete Mar\u00edlia Pereira<\/p>\n","protected":false},"author":1,"featured_media":0,"parent":0,"menu_order":0,"comment_status":"closed","ping_status":"closed","template":"","meta":[],"yoast_head":"<!-- This site is optimized with the Yoast SEO plugin v14.7 - https:\/\/yoast.com\/wordpress\/plugins\/seo\/ -->\n<title>Comiss\u00f5es -<\/title>\n<meta name=\"robots\" content=\"index, follow\" \/>\n<meta name=\"googlebot\" content=\"index, follow, max-snippet:-1, max-image-preview:large, max-video-preview:-1\" \/>\n<meta name=\"bingbot\" content=\"index, follow, max-snippet:-1, max-image-preview:large, max-video-preview:-1\" \/>\n<link rel=\"canonical\" href=\"https:\/\/www.posgraduacao.unimontes.br\/ppgeo\/comissoes\/\" \/>\n<meta property=\"og:locale\" content=\"pt_BR\" \/>\n<meta property=\"og:type\" content=\"article\" \/>\n<meta property=\"og:title\" content=\"Comiss\u00f5es -\" \/>\n<meta property=\"og:description\" content=\"\u2022 Comiss\u00f5es de Bolsas Membros: Prof. Dr. C\u00e1ssio Alexandre da Silva Prof. Dra. Maria Ivete Soares de Almeida Prof. Dr. Carlos Alexandre de Bortolo \u2022 Comiss\u00e3o de P\u00f3s-Gradua\u00e7\u00e3o Membros: Prof. Dr. C\u00e1ssio Alexandre da Silva Prof. Dr. Marcos Esdras Leite Prof. Dra. Anete Mar\u00edlia Pereira\" \/>\n<meta property=\"og:url\" content=\"https:\/\/www.posgraduacao.unimontes.br\/ppgeo\/comissoes\/\" \/>\n<meta property=\"article:modified_time\" content=\"2017-08-24T19:29:40+00:00\" \/>\n<meta name=\"twitter:card\" content=\"summary_large_image\" \/>\n<script type=\"application\/ld+json\" class=\"yoast-schema-graph\">{\"@context\":\"https:\/\/schema.org\",\"@graph\":[{\"@type\":\"WebSite\",\"@id\":\"https:\/\/www.posgraduacao.unimontes.br\/ppgeo\/#website\",\"url\":\"https:\/\/www.posgraduacao.unimontes.br\/ppgeo\/\",\"name\":\"\",\"description\":\"\",\"potentialAction\":[{\"@type\":\"SearchAction\",\"target\":\"https:\/\/www.posgraduacao.unimontes.br\/ppgeo\/?s={search_term_string}\",\"query-input\":\"required name=search_term_string\"}],\"inLanguage\":\"pt-BR\"},{\"@type\":\"WebPage\",\"@id\":\"https:\/\/www.posgraduacao.unimontes.br\/ppgeo\/comissoes\/#webpage\",\"url\":\"https:\/\/www.posgraduacao.unimontes.br\/ppgeo\/comissoes\/\",\"name\":\"Comiss\\u00f5es -\",\"isPartOf\":{\"@id\":\"https:\/\/www.posgraduacao.unimontes.br\/ppgeo\/#website\"},\"datePublished\":\"2017-04-04T17:18:09+00:00\",\"dateModified\":\"2017-08-24T19:29:40+00:00\",\"inLanguage\":\"pt-BR\",\"potentialAction\":[{\"@type\":\"ReadAction\",\"target\":[\"https:\/\/www.posgraduacao.unimontes.br\/ppgeo\/comissoes\/\"]}]}]}<\/script>\n<!-- \/ Yoast SEO plugin. -->","_links":{"self":[{"href":"https:\/\/www.posgraduacao.unimontes.br\/ppgeo\/wp-json\/wp\/v2\/pages\/206"}],"collection":[{"href":"https:\/\/www.posgraduacao.unimontes.br\/ppgeo\/wp-json\/wp\/v2\/pages"}],"about":[{"href":"https:\/\/www.posgraduacao.unimontes.br\/ppgeo\/wp-json\/wp\/v2\/types\/page"}],"author":[{"embeddable":true,"href":"https:\/\/www.posgraduacao.unimontes.br\/ppgeo\/wp-json\/wp\/v2\/users\/1"}],"replies":[{"embeddable":true,"href":"https:\/\/www.posgraduacao.unimontes.br\/ppgeo\/wp-json\/wp\/v2\/comments?post=206"}],"version-history":[{"count":4,"href":"https:\/\/www.posgraduacao.unimontes.br\/ppgeo\/wp-json\/wp\/v2\/pages\/206\/revisions"}],"predecessor-version":[{"id":582,"href":"https:\/\/www.posgraduacao.unimontes.br\/ppgeo\/wp-json\/wp\/v2\/pages\/206\/revisions\/582"}],"wp:attachment":[{"href":"https:\/\/www.posgraduacao.unimontes.br\/ppgeo\/wp-json\/wp\/v2\/media?parent=206"}],"curies":[{"name":"wp","href":"https:\/\/api.w.org\/{rel}","templated":true}]}}