{"id":204,"date":"2017-04-04T14:17:49","date_gmt":"2017-04-04T17:17:49","guid":{"rendered":"http:\/\/www.posgraduacao.unimontes.br\/site-modelo\/?page_id=204"},"modified":"2022-09-27T21:35:13","modified_gmt":"2022-09-28T00:35:13","slug":"normas-e-resolucoes","status":"publish","type":"page","link":"https:\/\/www.posgraduacao.unimontes.br\/ppgeo\/normas-e-resolucoes\/","title":{"rendered":"Normas e resolu\u00e7\u00f5es"},"content":{"rendered":"<section class=\"kc-elm kc-css-123689 kc_row\"><div class=\"kc-row-container  kc-container\"><div class=\"kc-wrap-columns\"><div class=\"kc-elm kc-css-618126 kc_column kc_col-sm-12\"><div class=\"kc-col-container\"><div class=\"kc-elm kc-css-855504 kc_text_block\"><p style=\"text-align: center;\"><strong>Clique no link para baixar<\/strong><\/p>\n<ul>\n<li><a href=\"http:\/\/www.posgraduacao.unimontes.br\/uploads\/sites\/7\/2021\/06\/regimento-geral.pdf\" target=\"_blank\" rel=\"noopener\">Regimento Geral do PPGEO &#8211; Unimontes<\/a><\/li>\n<\/ul>\n<ul>\n<li><a href=\"http:\/\/www.posgraduacao.unimontes.br\/uploads\/sites\/7\/2021\/06\/Credenciamento-e-descredenciamento-PPGEO.pdf\" target=\"_blank\" rel=\"noopener\">Normas de credenciamento, recredenciamento e descredenciamento do PPGEO &#8211; Unimontes<\/a><\/li>\n<\/ul>\n<ul>\n<li><a href=\"http:\/\/www.posgraduacao.unimontes.br\/uploads\/sites\/7\/2017\/03\/regulamento-concess%C3%A3o-renova%C3%A7%C3%A3o-e-cancelamento-bolsas.pdf\">Regulamento de Concess\u00e3o, Renova\u00e7\u00e3o e Cancelamento de Bolsas<\/a><\/li>\n<\/ul>\n<ul>\n<li><a href=\"http:\/\/www.posgraduacao.unimontes.br\/uploads\/sites\/7\/2017\/03\/regulamento-est%C3%A1gio-doc%C3%AAncia.pdf\">Regulamenta\u00e7\u00e3o do Est\u00e1gio Doc\u00eancia<\/a><\/li>\n<\/ul>\n<h3 style=\"text-align: center;\"><a href=\"https:\/\/www.posgraduacao.unimontes.br\/ppgeo\/documentos\/\" target=\"_blank\" rel=\"noopener\">Link l<strong>ista Documentos PPGEO<\/strong><\/a><\/h3>\n<\/div><\/div><\/div><\/div><\/div><\/section>\n","protected":false},"excerpt":{"rendered":"","protected":false},"author":1,"featured_media":0,"parent":0,"menu_order":0,"comment_status":"closed","ping_status":"closed","template":"","meta":[],"yoast_head":"<!-- This site is optimized with the Yoast SEO plugin v14.7 - https:\/\/yoast.com\/wordpress\/plugins\/seo\/ -->\n<title>Normas e resolu\u00e7\u00f5es -<\/title>\n<meta name=\"robots\" content=\"index, follow\" \/>\n<meta name=\"googlebot\" content=\"index, follow, max-snippet:-1, max-image-preview:large, max-video-preview:-1\" \/>\n<meta name=\"bingbot\" content=\"index, follow, max-snippet:-1, max-image-preview:large, max-video-preview:-1\" \/>\n<link rel=\"canonical\" href=\"https:\/\/www.posgraduacao.unimontes.br\/ppgeo\/normas-e-resolucoes\/\" \/>\n<meta property=\"og:locale\" content=\"pt_BR\" \/>\n<meta property=\"og:type\" content=\"article\" \/>\n<meta property=\"og:title\" content=\"Normas e resolu\u00e7\u00f5es -\" \/>\n<meta property=\"og:description\" content=\"Clique no link para baixar Regimento Geral do PPGEO &#8211; Unimontes Normas de credenciamento, recredenciamento e descredenciamento do PPGEO &#8211; Unimontes Regulamento de Concess\u00e3o, Renova\u00e7\u00e3o e Cancelamento de Bolsas Regulamenta\u00e7\u00e3o do Est\u00e1gio Doc\u00eancia Link lista Documentos PPGEO\" \/>\n<meta property=\"og:url\" content=\"https:\/\/www.posgraduacao.unimontes.br\/ppgeo\/normas-e-resolucoes\/\" \/>\n<meta property=\"article:modified_time\" content=\"2022-09-28T00:35:13+00:00\" \/>\n<meta name=\"twitter:card\" content=\"summary_large_image\" \/>\n<script type=\"application\/ld+json\" class=\"yoast-schema-graph\">{\"@context\":\"https:\/\/schema.org\",\"@graph\":[{\"@type\":\"WebSite\",\"@id\":\"https:\/\/www.posgraduacao.unimontes.br\/ppgeo\/#website\",\"url\":\"https:\/\/www.posgraduacao.unimontes.br\/ppgeo\/\",\"name\":\"\",\"description\":\"\",\"potentialAction\":[{\"@type\":\"SearchAction\",\"target\":\"https:\/\/www.posgraduacao.unimontes.br\/ppgeo\/?s={search_term_string}\",\"query-input\":\"required name=search_term_string\"}],\"inLanguage\":\"pt-BR\"},{\"@type\":\"WebPage\",\"@id\":\"https:\/\/www.posgraduacao.unimontes.br\/ppgeo\/normas-e-resolucoes\/#webpage\",\"url\":\"https:\/\/www.posgraduacao.unimontes.br\/ppgeo\/normas-e-resolucoes\/\",\"name\":\"Normas e resolu\\u00e7\\u00f5es -\",\"isPartOf\":{\"@id\":\"https:\/\/www.posgraduacao.unimontes.br\/ppgeo\/#website\"},\"datePublished\":\"2017-04-04T17:17:49+00:00\",\"dateModified\":\"2022-09-28T00:35:13+00:00\",\"inLanguage\":\"pt-BR\",\"potentialAction\":[{\"@type\":\"ReadAction\",\"target\":[\"https:\/\/www.posgraduacao.unimontes.br\/ppgeo\/normas-e-resolucoes\/\"]}]}]}<\/script>\n<!-- \/ Yoast SEO plugin. -->","_links":{"self":[{"href":"https:\/\/www.posgraduacao.unimontes.br\/ppgeo\/wp-json\/wp\/v2\/pages\/204"}],"collection":[{"href":"https:\/\/www.posgraduacao.unimontes.br\/ppgeo\/wp-json\/wp\/v2\/pages"}],"about":[{"href":"https:\/\/www.posgraduacao.unimontes.br\/ppgeo\/wp-json\/wp\/v2\/types\/page"}],"author":[{"embeddable":true,"href":"https:\/\/www.posgraduacao.unimontes.br\/ppgeo\/wp-json\/wp\/v2\/users\/1"}],"replies":[{"embeddable":true,"href":"https:\/\/www.posgraduacao.unimontes.br\/ppgeo\/wp-json\/wp\/v2\/comments?post=204"}],"version-history":[{"count":4,"href":"https:\/\/www.posgraduacao.unimontes.br\/ppgeo\/wp-json\/wp\/v2\/pages\/204\/revisions"}],"predecessor-version":[{"id":2725,"href":"https:\/\/www.posgraduacao.unimontes.br\/ppgeo\/wp-json\/wp\/v2\/pages\/204\/revisions\/2725"}],"wp:attachment":[{"href":"https:\/\/www.posgraduacao.unimontes.br\/ppgeo\/wp-json\/wp\/v2\/media?parent=204"}],"curies":[{"name":"wp","href":"https:\/\/api.w.org\/{rel}","templated":true}]}}