{"id":186,"date":"2017-03-30T20:03:17","date_gmt":"2017-03-30T23:03:17","guid":{"rendered":"http:\/\/www.posgraduacao.unimontes.br\/site-modelo\/eventos\/minhas-reservas\/"},"modified":"2026-03-23T10:08:29","modified_gmt":"2026-03-23T13:08:29","slug":"geosemina","status":"publish","type":"page","link":"https:\/\/www.posgraduacao.unimontes.br\/ppgeo\/geosemina\/","title":{"rendered":"Publica\u00e7\u00f5es livros"},"content":{"rendered":"<section class=\"kc-elm kc-css-486174 kc_row\"><div class=\"kc-row-container  kc-container\"><div class=\"kc-wrap-columns\"><div class=\"kc-elm kc-css-417703 kc_col-sm-3 kc_column kc_col-sm-3\"><div class=\"kc-col-container\"><div class=\"kc-elm kc-css-119571 kc_shortcode kc_single_image\">\n\n        <a  href=\"http:\/\/www.posgraduacao.unimontes.br\/uploads\/sites\/7\/2026\/03\/DETALHAMENTO-MICROBACIAS._compressed.pdf\" title=\"\" target=\"_self\">\n        <img src=\"https:\/\/www.posgraduacao.unimontes.br\/uploads\/sites\/7\/2026\/03\/livro_2026.png\" class=\"\" alt=\"\" \/>    <\/a>\n    <\/div>\n<\/div><\/div><div class=\"kc-elm kc-css-981071 kc_col-sm-9 kc_column kc_col-sm-9\"><div class=\"kc-col-container\"><div class=\"kc-elm kc-css-541730 kc_text_block\"><h2><a href=\"http:\/\/www.posgraduacao.unimontes.br\/uploads\/sites\/7\/2026\/03\/DETALHAMENTO-MICROBACIAS._compressed.pdf\"><strong>ATLAS HIDROGR\u00c1FICO DE MONTES CLAROS \u2013 MG<\/strong><\/a><\/h2>\n<p>Este Atlas estrutura-se a partir da produ\u00e7\u00e3o de s\u00ednteses territoriais capazes de representar o funcionamento hidrol\u00f3gico em diferentes escalas. Entre os principais produtos na escala municipal destaca-se o \u00cdndice Integrado de Recarga H\u00eddrica, concebido para expressar espacialmente o potencial do territ\u00f3rio em permitir a infiltra\u00e7\u00e3o e armazenamento da \u00e1gua no subsolo. Trata-se de uma leitura integrada do meio f\u00edsico, constru\u00edda pela combina\u00e7\u00e3o de fatores naturais \u2014 relevo, cobertura vegetal e caracter\u00edsticas superficiais \u2014 capazes de indicar \u00e1reas de maior ou menor contribui\u00e7\u00e3o \u00e0 alimenta\u00e7\u00e3o dos sistemas aqu\u00edferos. <a href=\"http:\/\/www.posgraduacao.unimontes.br\/uploads\/sites\/7\/2026\/03\/DETALHAMENTO-MICROBACIAS._compressed.pdf\" target=\"_blank\" rel=\"noopener\">Baixe aqui<\/a><\/p>\n<\/div><\/div><\/div><\/div><\/div><\/section>\n","protected":false},"excerpt":{"rendered":"","protected":false},"author":1,"featured_media":0,"parent":0,"menu_order":0,"comment_status":"closed","ping_status":"closed","template":"","meta":[],"yoast_head":"<!-- This site is optimized with the Yoast SEO plugin v14.7 - https:\/\/yoast.com\/wordpress\/plugins\/seo\/ -->\n<title>Publica\u00e7\u00f5es livros -<\/title>\n<meta name=\"robots\" content=\"index, follow\" \/>\n<meta name=\"googlebot\" content=\"index, follow, max-snippet:-1, max-image-preview:large, max-video-preview:-1\" \/>\n<meta name=\"bingbot\" content=\"index, follow, max-snippet:-1, max-image-preview:large, max-video-preview:-1\" \/>\n<link rel=\"canonical\" href=\"https:\/\/www.posgraduacao.unimontes.br\/ppgeo\/geosemina\/\" \/>\n<meta property=\"og:locale\" content=\"pt_BR\" \/>\n<meta property=\"og:type\" content=\"article\" \/>\n<meta property=\"og:title\" content=\"Publica\u00e7\u00f5es livros -\" \/>\n<meta property=\"og:description\" content=\"ATLAS HIDROGR\u00c1FICO DE MONTES CLAROS \u2013 MG Este Atlas estrutura-se a partir da produ\u00e7\u00e3o de s\u00ednteses territoriais capazes de representar o funcionamento hidrol\u00f3gico em diferentes escalas. Entre os principais produtos na escala municipal destaca-se o \u00cdndice Integrado de Recarga H\u00eddrica, concebido para expressar espacialmente o potencial do territ\u00f3rio em permitir a infiltra\u00e7\u00e3o e armazenamento da [&hellip;]\" \/>\n<meta property=\"og:url\" content=\"https:\/\/www.posgraduacao.unimontes.br\/ppgeo\/geosemina\/\" \/>\n<meta property=\"article:modified_time\" content=\"2026-03-23T13:08:29+00:00\" \/>\n<meta property=\"og:image\" content=\"http:\/\/www.posgraduacao.unimontes.br\/uploads\/sites\/7\/2026\/03\/livro_2026.png\" \/>\n<meta name=\"twitter:card\" content=\"summary_large_image\" \/>\n<script type=\"application\/ld+json\" class=\"yoast-schema-graph\">{\"@context\":\"https:\/\/schema.org\",\"@graph\":[{\"@type\":\"WebSite\",\"@id\":\"https:\/\/www.posgraduacao.unimontes.br\/ppgeo\/#website\",\"url\":\"https:\/\/www.posgraduacao.unimontes.br\/ppgeo\/\",\"name\":\"\",\"description\":\"\",\"potentialAction\":[{\"@type\":\"SearchAction\",\"target\":\"https:\/\/www.posgraduacao.unimontes.br\/ppgeo\/?s={search_term_string}\",\"query-input\":\"required name=search_term_string\"}],\"inLanguage\":\"pt-BR\"},{\"@type\":\"ImageObject\",\"@id\":\"https:\/\/www.posgraduacao.unimontes.br\/ppgeo\/geosemina\/#primaryimage\",\"inLanguage\":\"pt-BR\",\"url\":\"http:\/\/www.posgraduacao.unimontes.br\/uploads\/sites\/7\/2026\/03\/livro_2026.png\"},{\"@type\":\"WebPage\",\"@id\":\"https:\/\/www.posgraduacao.unimontes.br\/ppgeo\/geosemina\/#webpage\",\"url\":\"https:\/\/www.posgraduacao.unimontes.br\/ppgeo\/geosemina\/\",\"name\":\"Publica\\u00e7\\u00f5es livros -\",\"isPartOf\":{\"@id\":\"https:\/\/www.posgraduacao.unimontes.br\/ppgeo\/#website\"},\"primaryImageOfPage\":{\"@id\":\"https:\/\/www.posgraduacao.unimontes.br\/ppgeo\/geosemina\/#primaryimage\"},\"datePublished\":\"2017-03-30T23:03:17+00:00\",\"dateModified\":\"2026-03-23T13:08:29+00:00\",\"inLanguage\":\"pt-BR\",\"potentialAction\":[{\"@type\":\"ReadAction\",\"target\":[\"https:\/\/www.posgraduacao.unimontes.br\/ppgeo\/geosemina\/\"]}]}]}<\/script>\n<!-- \/ Yoast SEO plugin. -->","_links":{"self":[{"href":"https:\/\/www.posgraduacao.unimontes.br\/ppgeo\/wp-json\/wp\/v2\/pages\/186"}],"collection":[{"href":"https:\/\/www.posgraduacao.unimontes.br\/ppgeo\/wp-json\/wp\/v2\/pages"}],"about":[{"href":"https:\/\/www.posgraduacao.unimontes.br\/ppgeo\/wp-json\/wp\/v2\/types\/page"}],"author":[{"embeddable":true,"href":"https:\/\/www.posgraduacao.unimontes.br\/ppgeo\/wp-json\/wp\/v2\/users\/1"}],"replies":[{"embeddable":true,"href":"https:\/\/www.posgraduacao.unimontes.br\/ppgeo\/wp-json\/wp\/v2\/comments?post=186"}],"version-history":[{"count":55,"href":"https:\/\/www.posgraduacao.unimontes.br\/ppgeo\/wp-json\/wp\/v2\/pages\/186\/revisions"}],"predecessor-version":[{"id":1762,"href":"https:\/\/www.posgraduacao.unimontes.br\/ppgeo\/wp-json\/wp\/v2\/pages\/186\/revisions\/1762"}],"wp:attachment":[{"href":"https:\/\/www.posgraduacao.unimontes.br\/ppgeo\/wp-json\/wp\/v2\/media?parent=186"}],"curies":[{"name":"wp","href":"https:\/\/api.w.org\/{rel}","templated":true}]}}