{"id":180,"date":"2017-03-28T13:46:12","date_gmt":"2017-03-28T16:46:12","guid":{"rendered":"http:\/\/www.posgraduacao.unimontes.br\/site-modelo\/?page_id=180"},"modified":"2018-06-11T12:27:39","modified_gmt":"2018-06-11T15:27:39","slug":"documentos","status":"publish","type":"page","link":"https:\/\/www.posgraduacao.unimontes.br\/ppgeo\/documentos\/","title":{"rendered":"Documentos"},"content":{"rendered":"<section class=\"kc-elm kc-css-691769 kc_row\"><div class=\"kc-row-container  kc-container\"><div class=\"kc-wrap-columns\"><div class=\"kc-elm kc-css-794749 kc_col-sm-12 kc_column kc_col-sm-12\"><div class=\"kc-col-container\"><div class=\"kc-elm kc_text_block\"><div class=\"container\">\n<div class=\"content\">\n<div class=\"cordiv\">\n<div class=\"bg2\">\n<div class=\"container\">\n<div class=\"content\">\n<div class=\"cordiv\">\u00a0<\/div>\n<ul>\n<li class=\"clearfloat\"><a href=\"http:\/\/www.posgraduacao.unimontes.br\/uploads\/sites\/7\/2018\/06\/C\u00f3pia-de-FORMUL\u00c1RIO-DE-AGENDAMENTO-DE-DEFESA-DISSERTA\u00c7\u00c3O.pdf\">Formul\u00e1rio de Agendamento de Defesa Disserta\u00e7\u00e3o<\/a><\/li>\n<li class=\"clearfloat\"><a href=\"http:\/\/www.posgraduacao.unimontes.br\/uploads\/sites\/7\/2018\/06\/FORMUL\u00c1RIO-DE-AGENDAMENTO-DE-EXAME-DE-QUALIFICA\u00c7\u00c3O-1-1.pdf\">Formul\u00e1rio de Agendamento de Exame de Qualifica\u00e7\u00e3o de Mestrado<\/a><\/li>\n<li class=\"clearfloat\"><a href=\"https:\/\/www.posgraduacao.unimontes.br\/uploads\/sites\/7\/2025\/02\/Normas-de-distribui%C3%A7%C3%A3o-de-bolsas.pdf\">Regulamento de Concess\u00e3o, Renova\u00e7\u00e3o e Cancelamento de Bolsas_(atualizado 2025)<\/a><\/li>\n<li class=\"clearfloat\"><a href=\"http:\/\/www.posgraduacao.unimontes.br\/uploads\/sites\/7\/2017\/03\/regulamento-est\u00e1gio-doc\u00eancia.pdf\">Regulamenta\u00e7\u00e3o do Est\u00e1gio Doc\u00eancia<\/a><\/li>\n<li class=\"clearfloat\"><a href=\"http:\/\/www.posgraduacao.unimontes.br\/uploads\/sites\/7\/2017\/03\/Formul\u00e1rio-Atividades-extracurriculares-PPGEO-ABRIL-2017.pdf\">Formul\u00e1rio de Atividades Extracurriculares<\/a><\/li>\n<li><a href=\"https:\/\/www.posgraduacao.unimontes.br\/uploads\/sites\/7\/2025\/02\/Normas-de-credenciamento-descredenciamento-e-recredenciamento-de-professores.pdf\">Normas de credenciamento, descredenciamento e recredenciamento de professores (atualizado 2025)<\/a><\/li>\n<li><a href=\"https:\/\/www.posgraduacao.unimontes.br\/ppgeo\/wp-admin\/post.php?post=3466&amp;action=edit\">Planjeamento Estrat\u00e9gico (atualizado 2025)<\/a><\/li>\n<\/ul>\n<\/div>\n<\/div>\n<\/div>\n<div class=\"footer\">\u00a0<\/div>\n<\/div>\n<\/div>\n<\/div>\n<\/div><\/div><\/div><\/div><\/div><\/section>\n","protected":false},"excerpt":{"rendered":"","protected":false},"author":1,"featured_media":0,"parent":0,"menu_order":0,"comment_status":"closed","ping_status":"closed","template":"","meta":[],"yoast_head":"<!-- This site is optimized with the Yoast SEO plugin v14.7 - https:\/\/yoast.com\/wordpress\/plugins\/seo\/ -->\n<title>Documentos -<\/title>\n<meta name=\"robots\" content=\"index, follow\" \/>\n<meta name=\"googlebot\" content=\"index, follow, max-snippet:-1, max-image-preview:large, max-video-preview:-1\" \/>\n<meta name=\"bingbot\" content=\"index, follow, max-snippet:-1, max-image-preview:large, max-video-preview:-1\" \/>\n<link rel=\"canonical\" href=\"https:\/\/www.posgraduacao.unimontes.br\/ppgeo\/documentos\/\" \/>\n<meta property=\"og:locale\" content=\"pt_BR\" \/>\n<meta property=\"og:type\" content=\"article\" \/>\n<meta property=\"og:title\" content=\"Documentos -\" \/>\n<meta property=\"og:description\" content=\"\u00a0 Formul\u00e1rio de Agendamento de Defesa Disserta\u00e7\u00e3o Formul\u00e1rio de Agendamento de Exame de Qualifica\u00e7\u00e3o de Mestrado Regulamento de Concess\u00e3o, Renova\u00e7\u00e3o e Cancelamento de Bolsas_(atualizado 2025) Regulamenta\u00e7\u00e3o do Est\u00e1gio Doc\u00eancia Formul\u00e1rio de Atividades Extracurriculares Normas de credenciamento, descredenciamento e recredenciamento de professores (atualizado 2025) Planjeamento Estrat\u00e9gico (atualizado 2025) \u00a0\" \/>\n<meta property=\"og:url\" content=\"https:\/\/www.posgraduacao.unimontes.br\/ppgeo\/documentos\/\" \/>\n<meta property=\"article:modified_time\" content=\"2018-06-11T15:27:39+00:00\" \/>\n<meta name=\"twitter:card\" content=\"summary_large_image\" \/>\n<script type=\"application\/ld+json\" class=\"yoast-schema-graph\">{\"@context\":\"https:\/\/schema.org\",\"@graph\":[{\"@type\":\"WebSite\",\"@id\":\"https:\/\/www.posgraduacao.unimontes.br\/ppgeo\/#website\",\"url\":\"https:\/\/www.posgraduacao.unimontes.br\/ppgeo\/\",\"name\":\"\",\"description\":\"\",\"potentialAction\":[{\"@type\":\"SearchAction\",\"target\":\"https:\/\/www.posgraduacao.unimontes.br\/ppgeo\/?s={search_term_string}\",\"query-input\":\"required name=search_term_string\"}],\"inLanguage\":\"pt-BR\"},{\"@type\":\"WebPage\",\"@id\":\"https:\/\/www.posgraduacao.unimontes.br\/ppgeo\/documentos\/#webpage\",\"url\":\"https:\/\/www.posgraduacao.unimontes.br\/ppgeo\/documentos\/\",\"name\":\"Documentos -\",\"isPartOf\":{\"@id\":\"https:\/\/www.posgraduacao.unimontes.br\/ppgeo\/#website\"},\"datePublished\":\"2017-03-28T16:46:12+00:00\",\"dateModified\":\"2018-06-11T15:27:39+00:00\",\"inLanguage\":\"pt-BR\",\"potentialAction\":[{\"@type\":\"ReadAction\",\"target\":[\"https:\/\/www.posgraduacao.unimontes.br\/ppgeo\/documentos\/\"]}]}]}<\/script>\n<!-- \/ Yoast SEO plugin. -->","_links":{"self":[{"href":"https:\/\/www.posgraduacao.unimontes.br\/ppgeo\/wp-json\/wp\/v2\/pages\/180"}],"collection":[{"href":"https:\/\/www.posgraduacao.unimontes.br\/ppgeo\/wp-json\/wp\/v2\/pages"}],"about":[{"href":"https:\/\/www.posgraduacao.unimontes.br\/ppgeo\/wp-json\/wp\/v2\/types\/page"}],"author":[{"embeddable":true,"href":"https:\/\/www.posgraduacao.unimontes.br\/ppgeo\/wp-json\/wp\/v2\/users\/1"}],"replies":[{"embeddable":true,"href":"https:\/\/www.posgraduacao.unimontes.br\/ppgeo\/wp-json\/wp\/v2\/comments?post=180"}],"version-history":[{"count":18,"href":"https:\/\/www.posgraduacao.unimontes.br\/ppgeo\/wp-json\/wp\/v2\/pages\/180\/revisions"}],"predecessor-version":[{"id":1302,"href":"https:\/\/www.posgraduacao.unimontes.br\/ppgeo\/wp-json\/wp\/v2\/pages\/180\/revisions\/1302"}],"wp:attachment":[{"href":"https:\/\/www.posgraduacao.unimontes.br\/ppgeo\/wp-json\/wp\/v2\/media?parent=180"}],"curies":[{"name":"wp","href":"https:\/\/api.w.org\/{rel}","templated":true}]}}