{"id":1190,"date":"2018-04-04T10:09:04","date_gmt":"2018-04-04T13:09:04","guid":{"rendered":"http:\/\/www.posgraduacao.unimontes.br\/ppgeo\/?page_id=1190"},"modified":"2021-04-19T15:15:56","modified_gmt":"2021-04-19T18:15:56","slug":"representacao-discente","status":"publish","type":"page","link":"https:\/\/www.posgraduacao.unimontes.br\/ppgeo\/representacao-discente\/","title":{"rendered":"Representa\u00e7\u00e3o Discente"},"content":{"rendered":"<section class=\"kc-elm kc-css-321218 kc_row\"><div class=\"kc-row-container  kc-container\"><div class=\"kc-wrap-columns\"><div class=\"kc-elm kc-css-388425 kc_col-sm-12 kc_column kc_col-sm-12\"><div class=\"kc-col-container\">\n<div class=\"kc-elm kc-css-135995 kc-team kc-team-2\">\n\n\t<figure class=\"content-image\"><img src=\"https:\/\/www.posgraduacao.unimontes.br\/uploads\/sites\/7\/2021\/04\/servletrecuperafoto-1-141x150.jpg\" alt=\"\"><\/figure><div class=\"box-right\"><div class=\"content-title\">Wesley Erasmo Alves Boitrago<\/div><div class=\"content-subtitle\">Discente <\/div><div class=\"content-desc\">Mestrando do Programa de P\u00f3s-Gradua\u00e7\u00e3o em Geografia pela Universidade Estadual de Montes Claros-UNIMONTES. Graduado em Geografia\/Licenciatura pela Universidade Estadual de Montes Claros- UNIMONTES (2015-2019). Tem experi\u00eancia na \u00e1rea de Geografia F\u00edsica, com \u00eanfase em tem\u00e1ticas da hidrografia, desenvolvendo trabalhos principalmente relacionados as bacias hidrogr\u00e1ficas. Atuou como bolsista da Funda\u00e7\u00e3o de Amparo \u00e0 Pesquisa do Estado de Minas Gerais- FAPEMIG, vinculado ao laborat\u00f3rio de Geografia Econ\u00f4mica\/Unimontes, foi bolsista do Programa Institucional de Bolsa de Inicia\u00e7\u00e3o a Doc\u00eancia - PIBID e do Programa Resid\u00eancia Pedag\u00f3gica RP. Atuou como monitor volunt\u00e1rio da disciplina de Geografia no Projeto N\u00facleo de Atividades para a Promo\u00e7\u00e3o da Cidadania (NAP)\/ Unimontes.\n\n<\/div><\/div>\n<\/div>\n<\/div><\/div><\/div><\/div><\/section>\n","protected":false},"excerpt":{"rendered":"","protected":false},"author":4,"featured_media":0,"parent":0,"menu_order":0,"comment_status":"closed","ping_status":"closed","template":"","meta":[],"yoast_head":"<!-- This site is optimized with the Yoast SEO plugin v14.7 - https:\/\/yoast.com\/wordpress\/plugins\/seo\/ -->\n<title>Representa\u00e7\u00e3o Discente -<\/title>\n<meta name=\"robots\" content=\"index, follow\" \/>\n<meta name=\"googlebot\" content=\"index, follow, max-snippet:-1, max-image-preview:large, max-video-preview:-1\" \/>\n<meta name=\"bingbot\" content=\"index, follow, max-snippet:-1, max-image-preview:large, max-video-preview:-1\" \/>\n<link rel=\"canonical\" href=\"https:\/\/www.posgraduacao.unimontes.br\/ppgeo\/representacao-discente\/\" \/>\n<meta property=\"og:locale\" content=\"pt_BR\" \/>\n<meta property=\"og:type\" content=\"article\" \/>\n<meta property=\"og:title\" content=\"Representa\u00e7\u00e3o Discente -\" \/>\n<meta property=\"og:description\" content=\"Wesley Erasmo Alves Boitrago Discente Mestrando do Programa de P\u00f3s-Gradua\u00e7\u00e3o em Geografia pela Universidade Estadual de Montes Claros-UNIMONTES. Graduado em Geografia\/Licenciatura pela Universidade Estadual de Montes Claros- UNIMONTES (2015-2019). Tem experi\u00eancia na \u00e1rea de Geografia F\u00edsica, com \u00eanfase em tem\u00e1ticas da hidrografia, desenvolvendo trabalhos principalmente relacionados as bacias hidrogr\u00e1ficas. Atuou como bolsista da Funda\u00e7\u00e3o de [&hellip;]\" \/>\n<meta property=\"og:url\" content=\"https:\/\/www.posgraduacao.unimontes.br\/ppgeo\/representacao-discente\/\" \/>\n<meta property=\"article:modified_time\" content=\"2021-04-19T18:15:56+00:00\" \/>\n<meta property=\"og:image\" content=\"http:\/\/www.posgraduacao.unimontes.br\/uploads\/sites\/7\/2021\/04\/servletrecuperafoto-1-141x150.jpg\" \/>\n<meta name=\"twitter:card\" content=\"summary_large_image\" \/>\n<script type=\"application\/ld+json\" class=\"yoast-schema-graph\">{\"@context\":\"https:\/\/schema.org\",\"@graph\":[{\"@type\":\"WebSite\",\"@id\":\"https:\/\/www.posgraduacao.unimontes.br\/ppgeo\/#website\",\"url\":\"https:\/\/www.posgraduacao.unimontes.br\/ppgeo\/\",\"name\":\"\",\"description\":\"\",\"potentialAction\":[{\"@type\":\"SearchAction\",\"target\":\"https:\/\/www.posgraduacao.unimontes.br\/ppgeo\/?s={search_term_string}\",\"query-input\":\"required name=search_term_string\"}],\"inLanguage\":\"pt-BR\"},{\"@type\":\"ImageObject\",\"@id\":\"https:\/\/www.posgraduacao.unimontes.br\/ppgeo\/representacao-discente\/#primaryimage\",\"inLanguage\":\"pt-BR\",\"url\":\"http:\/\/www.posgraduacao.unimontes.br\/uploads\/sites\/7\/2021\/04\/servletrecuperafoto-1-141x150.jpg\"},{\"@type\":\"WebPage\",\"@id\":\"https:\/\/www.posgraduacao.unimontes.br\/ppgeo\/representacao-discente\/#webpage\",\"url\":\"https:\/\/www.posgraduacao.unimontes.br\/ppgeo\/representacao-discente\/\",\"name\":\"Representa\\u00e7\\u00e3o Discente -\",\"isPartOf\":{\"@id\":\"https:\/\/www.posgraduacao.unimontes.br\/ppgeo\/#website\"},\"primaryImageOfPage\":{\"@id\":\"https:\/\/www.posgraduacao.unimontes.br\/ppgeo\/representacao-discente\/#primaryimage\"},\"datePublished\":\"2018-04-04T13:09:04+00:00\",\"dateModified\":\"2021-04-19T18:15:56+00:00\",\"inLanguage\":\"pt-BR\",\"potentialAction\":[{\"@type\":\"ReadAction\",\"target\":[\"https:\/\/www.posgraduacao.unimontes.br\/ppgeo\/representacao-discente\/\"]}]}]}<\/script>\n<!-- \/ Yoast SEO plugin. -->","_links":{"self":[{"href":"https:\/\/www.posgraduacao.unimontes.br\/ppgeo\/wp-json\/wp\/v2\/pages\/1190"}],"collection":[{"href":"https:\/\/www.posgraduacao.unimontes.br\/ppgeo\/wp-json\/wp\/v2\/pages"}],"about":[{"href":"https:\/\/www.posgraduacao.unimontes.br\/ppgeo\/wp-json\/wp\/v2\/types\/page"}],"author":[{"embeddable":true,"href":"https:\/\/www.posgraduacao.unimontes.br\/ppgeo\/wp-json\/wp\/v2\/users\/4"}],"replies":[{"embeddable":true,"href":"https:\/\/www.posgraduacao.unimontes.br\/ppgeo\/wp-json\/wp\/v2\/comments?post=1190"}],"version-history":[{"count":9,"href":"https:\/\/www.posgraduacao.unimontes.br\/ppgeo\/wp-json\/wp\/v2\/pages\/1190\/revisions"}],"predecessor-version":[{"id":1193,"href":"https:\/\/www.posgraduacao.unimontes.br\/ppgeo\/wp-json\/wp\/v2\/pages\/1190\/revisions\/1193"}],"wp:attachment":[{"href":"https:\/\/www.posgraduacao.unimontes.br\/ppgeo\/wp-json\/wp\/v2\/media?parent=1190"}],"curies":[{"name":"wp","href":"https:\/\/api.w.org\/{rel}","templated":true}]}}