{"id":996,"date":"2020-03-30T21:26:58","date_gmt":"2020-03-31T00:26:58","guid":{"rendered":"https:\/\/www.posgraduacao.unimontes.br\/ppge\/?page_id=996"},"modified":"2025-09-15T19:43:41","modified_gmt":"2025-09-15T22:43:41","slug":"revista","status":"publish","type":"page","link":"https:\/\/www.posgraduacao.unimontes.br\/ppge\/revista\/","title":{"rendered":"Revista EE&#038;S"},"content":{"rendered":"<section class=\"kc-elm kc-css-679392 kc_row\"><div class=\"kc-row-container  kc-container\"><div class=\"kc-wrap-columns\"><div class=\"kc-elm kc-css-126972 kc_col-sm-12 kc_column kc_col-sm-12\"><div class=\"kc-col-container\"><div class=\"kc-elm kc-css-853041\" style=\"height: 50px; clear: both; width:100%;\"><\/div><\/div><\/div><\/div><\/div><\/section><section class=\"kc-elm kc-css-597064 kc_row\"><div class=\"kc-row-container  kc-container\"><div class=\"kc-wrap-columns\"><div class=\"kc-elm kc-css-424839 kc_col-sm-4 kc_column kc_col-sm-4\"><div class=\"kc-col-container\"><div class=\"kc-elm kc-css-931863\" style=\"height: 26px; clear: both; width:100%;\"><\/div><div class=\"kc-elm kc-css-563093 kc_text_block\"><div class=\"wp-block-image\">\n<figure class=\"aligncenter size-large\"><a href=\"https:\/\/www.periodicos.unimontes.br\/index.php\/rees\/index\" target=\"_blank\" rel=\"noopener\"><img loading=\"lazy\" class=\"wp-image-1004\" src=\"https:\/\/www.posgraduacao.unimontes.br\/uploads\/sites\/8\/2020\/04\/image.png\" alt=\"\" width=\"245\" height=\"346\" \/><\/a><\/figure>\n<\/div>\n<\/div><\/div><\/div><div class=\"kc-elm kc-css-796221 kc_col-sm-8 kc_column kc_col-sm-8\"><div class=\"kc-col-container\"><div class=\"kc-elm kc-css-540002 kc_text_block\"><div class=\"wp-block-image\">\n<figure class=\"aligncenter size-large\"><em style=\"color: #000000;\">Educa\u00e7\u00e3o, Escola &amp; Sociedade<\/em><span style=\"color: #000000;\">, eISSN 2594-4002, peri\u00f3dico editado pelo\u00a0PPGE, busca contribuir com a reflex\u00e3o e a socializa\u00e7\u00e3o de conhecimento da \u00e1rea de Educa\u00e7\u00e3o e seus aspectos epistemol\u00f3gicos, filos\u00f3ficos, did\u00e1ticos, metodol\u00f3gicos e conceituais. Divulga processos e resultados de pesquisas e de experi\u00eancias de pr\u00e1ticas pedag\u00f3gicas que t\u00eam como foco de an\u00e1lise as teoriza\u00e7\u00f5es do campo da Educa\u00e7\u00e3o e sua interface com outras \u00e1reas do conhecimento.<\/span><\/figure>\n<\/div>\n<p><span style=\"color: #000000;\"><!-- \/wp:paragraph --><\/span><\/p>\n<p><span style=\"color: #000000;\"><!-- wp:paragraph --><\/span><\/p>\n<p><span style=\"color: #000000;\">O projeto editorial prioriza artigos cient\u00edficos, in\u00e9ditos no Brasil, da \u00e1rea de Educa\u00e7\u00e3o e artigos que proponham di\u00e1logo entre essa \u00e1rea e outras correlatas. Tamb\u00e9m publica resenhas, entrevistas e dossi\u00eas destinados \u00e0 revis\u00e3o de \u00e1reas e\/ou \u00e0 an\u00e1lise de quest\u00f5es emergentes da pesquisa educacional. Os textos s\u00e3o publicados em Portugu\u00eas, Espanhol ou Ingl\u00eas.<\/span><\/p>\n<p><span style=\"color: #000000;\"><!-- \/wp:paragraph --><\/span><\/p>\n<p><span style=\"color: #000000;\"><!-- wp:paragraph --><\/span><\/p>\n<p><span style=\"color: #000000;\">EE&amp;S tem fluxo editorial para submiss\u00e3o e processamento cont\u00ednuo e gratuito. Ap\u00f3s aprova\u00e7\u00e3o por pares duplo-cego, os manuscritos s\u00e3o publicados pelo formato\u00a0<em>rolling pass<\/em>.<\/span><\/p>\n<p><span style=\"color: #000000;\"><!-- \/wp:paragraph --><\/span><\/p>\n<p><span style=\"color: #000000;\"><!-- wp:paragraph --><\/span><\/p>\n<p><span style=\"color: #000000;\">Clique no <a href=\"https:\/\/www.periodicos.unimontes.br\/index.php\/rees\/index\" target=\"_blank\" rel=\"noopener\"><strong>link<\/strong><\/a> para conhecer a revista, os artigos publicados e as normas de submiss\u00e3o.<\/span><\/p>\n<p><!-- \/wp:paragraph --><\/p>\n<\/div><\/div><\/div><\/div><\/div><\/section>","protected":false},"excerpt":{"rendered":"","protected":false},"author":11,"featured_media":997,"parent":0,"menu_order":0,"comment_status":"closed","ping_status":"closed","template":"","meta":[],"yoast_head":"<!-- This site is optimized with the Yoast SEO plugin v14.7 - https:\/\/yoast.com\/wordpress\/plugins\/seo\/ -->\n<title>Revista EE&amp;S - PPGE - Programa de P\u00f3s-Gradua\u00e7\u00e3o em Educa\u00e7\u00e3o<\/title>\n<meta name=\"robots\" content=\"index, follow\" \/>\n<meta name=\"googlebot\" content=\"index, follow, max-snippet:-1, max-image-preview:large, max-video-preview:-1\" \/>\n<meta name=\"bingbot\" content=\"index, follow, max-snippet:-1, max-image-preview:large, max-video-preview:-1\" \/>\n<link rel=\"canonical\" href=\"https:\/\/www.posgraduacao.unimontes.br\/ppge\/revista\/\" \/>\n<meta property=\"og:locale\" content=\"pt_BR\" \/>\n<meta property=\"og:type\" content=\"article\" \/>\n<meta property=\"og:title\" content=\"Revista EE&amp;S - PPGE - Programa de P\u00f3s-Gradua\u00e7\u00e3o em Educa\u00e7\u00e3o\" \/>\n<meta property=\"og:description\" content=\"Educa\u00e7\u00e3o, Escola &amp; Sociedade, eISSN 2594-4002, peri\u00f3dico editado pelo\u00a0PPGE, busca contribuir com a reflex\u00e3o e a socializa\u00e7\u00e3o de conhecimento da \u00e1rea de Educa\u00e7\u00e3o e seus aspectos epistemol\u00f3gicos, filos\u00f3ficos, did\u00e1ticos, metodol\u00f3gicos e conceituais. Divulga processos e resultados de pesquisas e de experi\u00eancias de pr\u00e1ticas pedag\u00f3gicas que t\u00eam como foco de an\u00e1lise as teoriza\u00e7\u00f5es do campo da [&hellip;]\" \/>\n<meta property=\"og:url\" content=\"https:\/\/www.posgraduacao.unimontes.br\/ppge\/revista\/\" \/>\n<meta property=\"og:site_name\" content=\"PPGE - Programa de P\u00f3s-Gradua\u00e7\u00e3o em Educa\u00e7\u00e3o\" \/>\n<meta property=\"article:modified_time\" content=\"2025-09-15T22:43:41+00:00\" \/>\n<meta property=\"og:image\" content=\"https:\/\/www.posgraduacao.unimontes.br\/uploads\/sites\/8\/2020\/03\/revista-ppge.png\" \/>\n\t<meta property=\"og:image:width\" content=\"283\" \/>\n\t<meta property=\"og:image:height\" content=\"400\" \/>\n<meta name=\"twitter:card\" content=\"summary_large_image\" \/>\n<script type=\"application\/ld+json\" class=\"yoast-schema-graph\">{\"@context\":\"https:\/\/schema.org\",\"@graph\":[{\"@type\":\"WebSite\",\"@id\":\"https:\/\/www.posgraduacao.unimontes.br\/ppge\/#website\",\"url\":\"https:\/\/www.posgraduacao.unimontes.br\/ppge\/\",\"name\":\"PPGE - Programa de P\\u00f3s-Gradua\\u00e7\\u00e3o em Educa\\u00e7\\u00e3o\",\"description\":\"O Programa de P\\u00f3s-Gradua\\u00e7\\u00e3o em Educa\\u00e7\\u00e3o \\u2014 Mestrado Acad\\u00eamico (PPGE) foi instalado em dezembro de 2018, ap\\u00f3s recomenda\\u00e7\\u00e3o pela Coordena\\u00e7\\u00e3o de Aperfei\\u00e7oamento de Pessoal de N\\u00edvel Superior (CAPES), com in\\u00edcio das atividades docentes previstas para abril de 2019. O Programa \\u00e9 desenvolvido pela Unimontes, institui\\u00e7\\u00e3o universit\\u00e1ria vinculada \\u00e0 Secretaria de Ci\\u00eancia e Tecnologia do Estado de Minas Gerais.\",\"potentialAction\":[{\"@type\":\"SearchAction\",\"target\":\"https:\/\/www.posgraduacao.unimontes.br\/ppge\/?s={search_term_string}\",\"query-input\":\"required name=search_term_string\"}],\"inLanguage\":\"pt-BR\"},{\"@type\":\"ImageObject\",\"@id\":\"https:\/\/www.posgraduacao.unimontes.br\/ppge\/revista\/#primaryimage\",\"inLanguage\":\"pt-BR\",\"url\":\"https:\/\/www.posgraduacao.unimontes.br\/uploads\/sites\/8\/2020\/03\/revista-ppge.png\",\"width\":283,\"height\":400},{\"@type\":\"WebPage\",\"@id\":\"https:\/\/www.posgraduacao.unimontes.br\/ppge\/revista\/#webpage\",\"url\":\"https:\/\/www.posgraduacao.unimontes.br\/ppge\/revista\/\",\"name\":\"Revista EE&S - PPGE - Programa de P\\u00f3s-Gradua\\u00e7\\u00e3o em Educa\\u00e7\\u00e3o\",\"isPartOf\":{\"@id\":\"https:\/\/www.posgraduacao.unimontes.br\/ppge\/#website\"},\"primaryImageOfPage\":{\"@id\":\"https:\/\/www.posgraduacao.unimontes.br\/ppge\/revista\/#primaryimage\"},\"datePublished\":\"2020-03-31T00:26:58+00:00\",\"dateModified\":\"2025-09-15T22:43:41+00:00\",\"inLanguage\":\"pt-BR\",\"potentialAction\":[{\"@type\":\"ReadAction\",\"target\":[\"https:\/\/www.posgraduacao.unimontes.br\/ppge\/revista\/\"]}]}]}<\/script>\n<!-- \/ Yoast SEO plugin. -->","_links":{"self":[{"href":"https:\/\/www.posgraduacao.unimontes.br\/ppge\/wp-json\/wp\/v2\/pages\/996"}],"collection":[{"href":"https:\/\/www.posgraduacao.unimontes.br\/ppge\/wp-json\/wp\/v2\/pages"}],"about":[{"href":"https:\/\/www.posgraduacao.unimontes.br\/ppge\/wp-json\/wp\/v2\/types\/page"}],"author":[{"embeddable":true,"href":"https:\/\/www.posgraduacao.unimontes.br\/ppge\/wp-json\/wp\/v2\/users\/11"}],"replies":[{"embeddable":true,"href":"https:\/\/www.posgraduacao.unimontes.br\/ppge\/wp-json\/wp\/v2\/comments?post=996"}],"version-history":[{"count":9,"href":"https:\/\/www.posgraduacao.unimontes.br\/ppge\/wp-json\/wp\/v2\/pages\/996\/revisions"}],"predecessor-version":[{"id":2889,"href":"https:\/\/www.posgraduacao.unimontes.br\/ppge\/wp-json\/wp\/v2\/pages\/996\/revisions\/2889"}],"wp:featuredmedia":[{"embeddable":true,"href":"https:\/\/www.posgraduacao.unimontes.br\/ppge\/wp-json\/wp\/v2\/media\/997"}],"wp:attachment":[{"href":"https:\/\/www.posgraduacao.unimontes.br\/ppge\/wp-json\/wp\/v2\/media?parent=996"}],"curies":[{"name":"wp","href":"https:\/\/api.w.org\/{rel}","templated":true}]}}