{"id":36,"date":"2017-03-24T18:56:10","date_gmt":"2017-03-24T21:56:10","guid":{"rendered":"http:\/\/www.posgraduacao.unimontes.br\/site-modelo\/?page_id=36"},"modified":"2026-04-24T13:38:43","modified_gmt":"2026-04-24T16:38:43","slug":"corpo-docente","status":"publish","type":"page","link":"https:\/\/www.posgraduacao.unimontes.br\/ppge\/credenciamento\/corpo-docente\/","title":{"rendered":"Corpo Docente"},"content":{"rendered":"<section class=\"kc-elm kc-css-740915 kc_row\"><div class=\"kc-row-container  kc-container\"><div class=\"kc-wrap-columns\"><div class=\"kc-elm kc-css-224512 kc_col-sm-12 kc_column kc_col-sm-12\"><div class=\"kc-col-container\"><div class=\"kc-elm kc-css-951498\" style=\"height: 30px; clear: both; width:100%;\"><\/div><\/div><\/div><\/div><\/div><\/section><section class=\"kc-elm kc-css-992387 kc_row\"><div class=\"kc-row-container  kc-container\"><div class=\"kc-wrap-columns\"><div class=\"kc-elm kc-css-163000 kc_col-sm-6 kc_column kc_col-sm-6\"><div class=\"kc-col-container\">\n<div class=\"kc-elm kc-css-866328 kc-team kc-team-1\">\n\n\t<figure class=\"content-image\"><img src=\"https:\/\/www.posgraduacao.unimontes.br\/uploads\/sites\/8\/2024\/07\/AnaPP.jpg\" alt=\"\"><\/figure><div class=\"content-title\">Ana M\u00e1rcia Ruas de Aquino<\/div><div class=\"content-subtitle\">Doutora em Lingu\u00edstica e L\u00edngua Portuguesa<\/div><div class=\"content-desc\">Linha de Pesquisa \u2014 Multiletramentos e Pr\u00e1ticas Educativas<\/div><div class=\"content-button\"><a href=\"http:\/\/lattes.cnpq.br\/3023874749721685 \">Lattes<\/a><\/div>\n<\/div>\n<\/div><\/div><div class=\"kc-elm kc-css-506577 kc_col-sm-6 kc_column kc_col-sm-6\"><div class=\"kc-col-container\">\n<div class=\"kc-elm kc-css-259822 kc-team kc-team-1\">\n\n\t<figure class=\"content-image\"><img src=\"https:\/\/www.posgraduacao.unimontes.br\/uploads\/sites\/8\/2021\/01\/CesarPP.jpg\" alt=\"\"><\/figure><div class=\"content-title\">C\u00e9sar Rota J\u00fanior<\/div><div class=\"content-subtitle\">Doutor em Educa\u00e7\u00e3o<\/div><div class=\"content-desc\">Linha de Pesquisa \u2014 Pol\u00edticas P\u00fablicas Educacionais, Diversidade e Forma\u00e7\u00e3o de Professores<\/div><div class=\"content-button\"><a href=\"http:\/\/lattes.cnpq.br\/9844221259475398\">Lattes<\/a><\/div>\n<\/div>\n<\/div><\/div><\/div><\/div><\/section><section class=\"kc-elm kc-css-607826 kc_row\"><div class=\"kc-row-container  kc-container\"><div class=\"kc-wrap-columns\"><div class=\"kc-elm kc-css-561229 kc_col-sm-6 kc_column kc_col-sm-6\"><div class=\"kc-col-container\">\n<div class=\"kc-elm kc-css-174382 kc-team kc-team-1\">\n\n\t<figure class=\"content-image\"><img src=\"https:\/\/www.posgraduacao.unimontes.br\/uploads\/sites\/8\/2021\/01\/FabiaPP.jpg\" alt=\"\"><\/figure><div class=\"content-title\">F\u00e1bia Magali Santos Vieira<\/div><div class=\"content-subtitle\">Doutora em Educa\u00e7\u00e3o<\/div><div class=\"content-desc\">Linha de Pesquisa \u2014 Multiletramentos e Pr\u00e1ticas Educativas<\/div><div class=\"content-button\"><a href=\"http:\/\/lattes.cnpq.br\/5041706854491118\">Lattes<\/a><\/div>\n<\/div>\n<\/div><\/div><div class=\"kc-elm kc-css-682854 kc_col-sm-6 kc_column kc_col-sm-6\"><div class=\"kc-col-container\">\n<div class=\"kc-elm kc-css-521541 kc-team kc-team-1\">\n\n\t<figure class=\"content-image\"><img src=\"https:\/\/www.posgraduacao.unimontes.br\/uploads\/sites\/8\/2021\/01\/FrancelyPP.png\" alt=\"\"><\/figure><div class=\"content-title\">Francely Aparecida dos Santos<\/div><div class=\"content-subtitle\">Doutora em Educa\u00e7\u00e3o<\/div><div class=\"content-desc\">Linhas de Pesquisas \u2014 Educa\u00e7\u00e3o Matem\u00e1tica \/ Pol\u00edticas P\u00fablicas Educacionais, Diversidade e Forma\u00e7\u00e3o de Professores<\/div><div class=\"content-button\"><a href=\"http:\/\/lattes.cnpq.br\/4726379078159200\">Lattes<\/a><\/div>\n<\/div>\n<\/div><\/div><\/div><\/div><\/section><section class=\"kc-elm kc-css-463754 kc_row\"><div class=\"kc-row-container  kc-container\"><div class=\"kc-wrap-columns\"><div class=\"kc-elm kc-css-974877 kc_col-sm-6 kc_column kc_col-sm-6\"><div class=\"kc-col-container\">\n<div class=\"kc-elm kc-css-578947 kc-team kc-team-1\">\n\n\t<figure class=\"content-image\"><img src=\"https:\/\/www.posgraduacao.unimontes.br\/uploads\/sites\/8\/2021\/01\/Geisa.jpg\" alt=\"\"><\/figure><div class=\"content-title\">Geisa Magela Veloso<\/div><div class=\"content-subtitle\">Doutora em Educa\u00e7\u00e3o<\/div><div class=\"content-desc\">Linhas de Pesquisas \u2014 Pol\u00edticas P\u00fablicas Educacionais, Diversidade e Forma\u00e7\u00e3o de Professores \/ Multiletramentos e Pr\u00e1ticas Educativas<\/div><div class=\"content-button\"><a href=\"http:\/\/lattes.cnpq.br\/1077322100628342\">Lattes<\/a><\/div>\n<\/div>\n<\/div><\/div><div class=\"kc-elm kc-css-192045 kc_col-sm-6 kc_column kc_col-sm-6\"><div class=\"kc-col-container\">\n<div class=\"kc-elm kc-css-658341 kc-team kc-team-1\">\n\n\t<figure class=\"content-image\"><img src=\"https:\/\/www.posgraduacao.unimontes.br\/uploads\/sites\/8\/2021\/01\/JanuarioPP.jpg\" alt=\"\"><\/figure><div class=\"content-title\">Gilberto Januario<\/div><div class=\"content-subtitle\">Doutor em Educa\u00e7\u00e3o Matem\u00e1tica<\/div><div class=\"content-desc\">Linha de Pesquisa \u2014 Educa\u00e7\u00e3o Matem\u00e1tica<\/div><div class=\"content-button\"><a href=\"http:\/\/lattes.cnpq.br\/4492457524733108\">Lattes<\/a><\/div>\n<\/div>\n<\/div><\/div><\/div><\/div><\/section><section class=\"kc-elm kc-css-621481 kc_row\"><div class=\"kc-row-container  kc-container\"><div class=\"kc-wrap-columns\"><div class=\"kc-elm kc-css-620700 kc_col-sm-6 kc_column kc_col-sm-6\"><div class=\"kc-col-container\">\n<div class=\"kc-elm kc-css-177497 kc-team kc-team-1\">\n\n\t<figure class=\"content-image\"><img src=\"https:\/\/www.posgraduacao.unimontes.br\/uploads\/sites\/8\/2023\/07\/JaninePP-250x300.jpg\" alt=\"\"><\/figure><div class=\"content-title\">Janine Freitas Mota<\/div><div class=\"content-subtitle\">Doutora em Educa\u00e7\u00e3o Matem\u00e1tica<\/div><div class=\"content-desc\">Linha de Pesquisa \u2014 Educa\u00e7\u00e3o Matem\u00e1tica<\/div><div class=\"content-button\"><a href=\"http:\/\/lattes.cnpq.br\/0165171449570945\">Lattes<\/a><\/div>\n<\/div>\n<\/div><\/div><div class=\"kc-elm kc-css-797273 kc_col-sm-6 kc_column kc_col-sm-6\"><div class=\"kc-col-container\">\n<div class=\"kc-elm kc-css-329722 kc-team kc-team-1\">\n\n\t<figure class=\"content-image\"><img src=\"https:\/\/www.posgraduacao.unimontes.br\/uploads\/sites\/8\/2021\/01\/NormandoPP.jpg\" alt=\"\"><\/figure><div class=\"content-title\">Jos\u00e9 Normando Gon\u00e7alves Meira<\/div><div class=\"content-subtitle\">Doutor em Educa\u00e7\u00e3o<\/div><div class=\"content-desc\">Linha de Pesquisa \u2014 Pol\u00edticas P\u00fablicas Educacionais, Diversidade e Forma\u00e7\u00e3o de Professores<\/div><div class=\"content-button\"><a href=\"http:\/\/lattes.cnpq.br\/9386435620693811\">Lattes<\/a><\/div>\n<\/div>\n<\/div><\/div><\/div><\/div><\/section><section class=\"kc-elm kc-css-621533 kc_row\"><div class=\"kc-row-container  kc-container\"><div class=\"kc-wrap-columns\"><div class=\"kc-elm kc-css-76665 kc_col-sm-6 kc_column kc_col-sm-6\"><div class=\"kc-col-container\">\n<div class=\"kc-elm kc-css-758785 kc-team kc-team-1\">\n\n\t<figure class=\"content-image\"><img src=\"https:\/\/www.posgraduacao.unimontes.br\/uploads\/sites\/8\/2021\/01\/Josu\u00e9PP.jpg\" alt=\"\"><\/figure><div class=\"content-title\">Josu\u00e9 Antunes de Mac\u00eado<\/div><div class=\"content-subtitle\">Doutor em Ensino de Ci\u00eancias e Matem\u00e1tica<\/div><div class=\"content-desc\">Linha de Pesquisa \u2014 Educa\u00e7\u00e3o Matem\u00e1tica<\/div><div class=\"content-button\"><a href=\"http:\/\/lattes.cnpq.br\/7632858444903409\">Lattes<\/a><\/div>\n<\/div>\n<\/div><\/div><div class=\"kc-elm kc-css-398136 kc_col-sm-6 kc_column kc_col-sm-6\"><div class=\"kc-col-container\">\n<div class=\"kc-elm kc-css-892515 kc-team kc-team-1\">\n\n\t<figure class=\"content-image\"><img src=\"https:\/\/www.posgraduacao.unimontes.br\/uploads\/sites\/8\/2023\/07\/JulioPP.jpg\" alt=\"\"><\/figure><div class=\"content-title\">Julio Cesar Machado<\/div><div class=\"content-subtitle\">Doutor em Lingu\u00edstica<\/div><div class=\"content-desc\">Linha de Pesquisa \u2014 Multiletramentos e Pr\u00e1ticas Educativas<\/div><div class=\"content-button\"><a href=\"http:\/\/lattes.cnpq.br\/6346988675440233\">Lattes<\/a><\/div>\n<\/div>\n<\/div><\/div><\/div><\/div><\/section><section class=\"kc-elm kc-css-656860 kc_row\"><div class=\"kc-row-container  kc-container\"><div class=\"kc-wrap-columns\"><div class=\"kc-elm kc-css-888011 kc_col-sm-6 kc_column kc_col-sm-6\"><div class=\"kc-col-container\">\n<div class=\"kc-elm kc-css-909371 kc-team kc-team-1\">\n\n\t<figure class=\"content-image\"><img src=\"https:\/\/www.posgraduacao.unimontes.br\/uploads\/sites\/8\/2022\/07\/Lailson.jpg\" alt=\"\"><\/figure><div class=\"content-title\">Lailson dos Reis Pereira Lopes<\/div><div class=\"content-subtitle\">Doutor em Educa\u00e7\u00e3o Matem\u00e1tica<\/div><div class=\"content-desc\">Linha de Pesquisa \u2014 Educa\u00e7\u00e3o Matem\u00e1tica<\/div><div class=\"content-button\"><a href=\"http:\/\/lattes.cnpq.br\/2692813097012714\">Lattes<\/a><\/div>\n<\/div>\n<\/div><\/div><div class=\"kc-elm kc-css-571262 kc_col-sm-6 kc_column kc_col-sm-6\"><div class=\"kc-col-container\">\n<div class=\"kc-elm kc-css-143052 kc-team kc-team-1\">\n\n\t<figure class=\"content-image\"><img src=\"https:\/\/www.posgraduacao.unimontes.br\/uploads\/sites\/8\/2022\/07\/LeandroPP.jpg\" alt=\"\"><\/figure><div class=\"content-title\">Leandro Luciano Silva Ravnjak<\/div><div class=\"content-subtitle\">Doutor em Educa\u00e7\u00e3o<\/div><div class=\"content-desc\">Linha de Pesquisa \u2014 Pol\u00edticas P\u00fablicas Educacionais, Diversidade e Forma\u00e7\u00e3o de Professores<\/div><div class=\"content-button\"><a href=\"http:\/\/lattes.cnpq.br\/8075678350683602\">Lattes<\/a><\/div>\n<\/div>\n<\/div><\/div><\/div><\/div><\/section><section class=\"kc-elm kc-css-35464 kc_row\"><div class=\"kc-row-container  kc-container\"><div class=\"kc-wrap-columns\"><div class=\"kc-elm kc-css-886132 kc_col-sm-6 kc_column kc_col-sm-6\"><div class=\"kc-col-container\">\n<div class=\"kc-elm kc-css-384062 kc-team kc-team-1\">\n\n\t<figure class=\"content-image\"><img src=\"https:\/\/www.posgraduacao.unimontes.br\/uploads\/sites\/8\/2026\/04\/Foto-Luiz-Marinho-300x300.jpg\" alt=\"\"><\/figure><div class=\"content-title\">Luiz Carlos Marinho de Ara\u00fajo<\/div><div class=\"content-subtitle\">Doutor em Educa\u00e7\u00e3o em Ci\u00eancias<\/div><div class=\"content-desc\">Linhas de Pesquisas \u2014 Pol\u00edticas P\u00fablicas Educacionais, Diversidade e Forma\u00e7\u00e3o de Professores<\/div><div class=\"content-button\"><a href=\"http:\/\/lattes.cnpq.br\/8599178079850125\">Lattes<\/a><\/div>\n<\/div>\n<\/div><\/div><div class=\"kc-elm kc-css-300731 kc_col-sm-6 kc_column kc_col-sm-6\"><div class=\"kc-col-container\">\n<div class=\"kc-elm kc-css-513273 kc-team kc-team-1\">\n\n\t<figure class=\"content-image\"><img src=\"https:\/\/www.posgraduacao.unimontes.br\/uploads\/sites\/8\/2026\/04\/Captura-de-tela-2026-04-24-132701-300x300.png\" alt=\"\"><\/figure><div class=\"content-title\">Luiz Henrique Carvalho Penido<\/div><div class=\"content-subtitle\">Doutor em Letras<\/div><div class=\"content-desc\">Linhas de Pesquisas \u2014 Multiletramentos e Pr\u00e1ticas Educativas<\/div><div class=\"content-button\"><a href=\"http:\/\/lattes.cnpq.br\/2657102355923563\">Lattes<\/a><\/div>\n<\/div>\n<\/div><\/div><\/div><\/div><\/section><section class=\"kc-elm kc-css-311310 kc_row\"><div class=\"kc-row-container  kc-container\"><div class=\"kc-wrap-columns\"><div class=\"kc-elm kc-css-981449 kc_col-sm-6 kc_column kc_col-sm-6\"><div class=\"kc-col-container\">\n<div class=\"kc-elm kc-css-716647 kc-team kc-team-1\">\n\n\t<figure class=\"content-image\"><img src=\"https:\/\/www.posgraduacao.unimontes.br\/uploads\/sites\/8\/2021\/01\/ClaraPP.jpg\" alt=\"\"><\/figure><div class=\"content-title\">Maria Clara Maciel de Ara\u00fajo Ribeiro<\/div><div class=\"content-subtitle\">Doutora em Estudos Lingu\u00edsticos<\/div><div class=\"content-desc\">Linha de Pesquisa \u2014 Multiletramentos e Pr\u00e1ticas Educativas<\/div><div class=\"content-button\"><a href=\"http:\/\/lattes.cnpq.br\/3608817167733880\">Lattes<\/a><\/div>\n<\/div>\n<\/div><\/div><div class=\"kc-elm kc-css-476451 kc_col-sm-6 kc_column kc_col-sm-6\"><div class=\"kc-col-container\">\n<div class=\"kc-elm kc-css-823479 kc-team kc-team-1\">\n\n\t<figure class=\"content-image\"><img src=\"https:\/\/www.posgraduacao.unimontes.br\/uploads\/sites\/8\/2026\/04\/Captura-de-tela-2026-04-24-133017-300x300.png\" alt=\"\"><\/figure><div class=\"content-title\">M\u00f4nica Maria Teixeira Amorim<\/div><div class=\"content-subtitle\">Doutora em Educa\u00e7\u00e3o<\/div><div class=\"content-desc\">Linha de Pesquisa \u2014 Pol\u00edticas P\u00fablicas Educacionais, Diversidade e Forma\u00e7\u00e3o de Professores<\/div><div class=\"content-button\"><a href=\"http:\/\/lattes.cnpq.br\/7504073225354746\">Lattes<\/a><\/div>\n<\/div>\n<\/div><\/div><\/div><\/div><\/section><section class=\"kc-elm kc-css-939332 kc_row\"><div class=\"kc-row-container  kc-container\"><div class=\"kc-wrap-columns\"><div class=\"kc-elm kc-css-153752 kc_col-sm-6 kc_column kc_col-sm-6\"><div class=\"kc-col-container\">\n<div class=\"kc-elm kc-css-673244 kc-team kc-team-1\">\n\n\t<figure class=\"content-image\"><img src=\"https:\/\/www.posgraduacao.unimontes.br\/uploads\/sites\/8\/2022\/07\/Raiana-250x300.jpg\" alt=\"\"><\/figure><div class=\"content-title\">Raiana Maciel do Carmo<\/div><div class=\"content-subtitle\">Doutora em M\u00fasica<\/div><div class=\"content-desc\">Linhas de Pesquisas \u2014 Pol\u00edticas P\u00fablicas Educacionais, Diversidade e Forma\u00e7\u00e3o de Professores<\/div><div class=\"content-button\"><a href=\"http:\/\/lattes.cnpq.br\/6705280641106242\">Lattes<\/a><\/div>\n<\/div>\n<\/div><\/div><div class=\"kc-elm kc-css-575495 kc_col-sm-6 kc_column kc_col-sm-6\"><div class=\"kc-col-container\">\n<div class=\"kc-elm kc-css-985418 kc-team kc-team-1\">\n\n\t<figure class=\"content-image\"><img src=\"https:\/\/www.posgraduacao.unimontes.br\/uploads\/sites\/8\/2025\/09\/RieusePP.png\" alt=\"\"><\/figure><div class=\"content-title\">Rieuse Lopes<\/div><div class=\"content-subtitle\">Doutora em Educa\u00e7\u00e3o Matem\u00e1tica<\/div><div class=\"content-desc\">Linha de Pesquisa \u2014 Educa\u00e7\u00e3o Matem\u00e1tica<\/div><div class=\"content-button\"><a href=\"http:\/\/lattes.cnpq.br\/4770299668835899\">Lattes<\/a><\/div>\n<\/div>\n<\/div><\/div><\/div><\/div><\/section><section class=\"kc-elm kc-css-111323 kc_row\"><div class=\"kc-row-container  kc-container\"><div class=\"kc-wrap-columns\"><div class=\"kc-elm kc-css-364815 kc_col-sm-6 kc_column kc_col-sm-6\"><div class=\"kc-col-container\">\n<div class=\"kc-elm kc-css-906791 kc-team kc-team-1\">\n\n\t<figure class=\"content-image\"><img src=\"https:\/\/www.posgraduacao.unimontes.br\/uploads\/sites\/8\/2021\/05\/ShirleyPP.jpg\" alt=\"\"><\/figure><div class=\"content-title\">Shirley Patr\u00edcia Nogueira de Castro e Almeida<\/div><div class=\"content-subtitle\">Doutora em Educa\u00e7\u00e3o<\/div><div class=\"content-desc\">Linhas de Pesquisas \u2014 Educa\u00e7\u00e3o Matem\u00e1tica \n \/ Pol\u00edticas P\u00fablicas Educacionais, Diversidade e Forma\u00e7\u00e3o de Professores<\/div><div class=\"content-button\"><a href=\"http:\/\/lattes.cnpq.br\/9389717260359836\">Lattes<\/a><\/div>\n<\/div>\n<\/div><\/div><div class=\"kc-elm kc-css-245061 kc_col-sm-6 kc_column kc_col-sm-6\"><div class=\"kc-col-container\">\n<div class=\"kc-elm kc-css-468997 kc-team kc-team-1\">\n\n\t<figure class=\"content-image\"><img src=\"https:\/\/www.posgraduacao.unimontes.br\/uploads\/sites\/8\/2026\/04\/Captura-de-tela-2026-04-24-133503.png\" alt=\"\"><\/figure><div class=\"content-title\">\u00darsula Adelaide de L\u00e9lis<\/div><div class=\"content-subtitle\">Doutora em Educa\u00e7\u00e3o <\/div><div class=\"content-desc\">Linha de Pesquisa \u2014 Pol\u00edticas P\u00fablicas Educacionais, Diversidade e Forma\u00e7\u00e3o de Professores<\/div><div class=\"content-button\"><a href=\"http:\/\/lattes.cnpq.br\/6133932943405996\">Lattes<\/a><\/div>\n<\/div>\n<\/div><\/div><\/div><\/div><\/section><section class=\"kc-elm kc-css-614787 kc_row\"><div class=\"kc-row-container  kc-container\"><div class=\"kc-wrap-columns\"><div class=\"kc-elm kc-css-662694 kc_col-sm-6 kc_column kc_col-sm-6\"><div class=\"kc-col-container\">\n<div class=\"kc-elm kc-css-645665 kc-team kc-team-1\">\n\n\t<figure class=\"content-image\"><img src=\"https:\/\/www.posgraduacao.unimontes.br\/uploads\/sites\/8\/2021\/02\/VivianePP.jpg\" alt=\"\"><\/figure><div class=\"content-title\">Viviane Bernadeth Gandra Brand\u00e3o<\/div><div class=\"content-subtitle\">Doutora em Educa\u00e7\u00e3o<\/div><div class=\"content-desc\">Linha de Pesquisa \u2014 Pol\u00edticas P\u00fablicas Educacionais, Diversidade e Forma\u00e7\u00e3o de Professores<\/div><div class=\"content-button\"><a href=\"http:\/\/lattes.cnpq.br\/5288006048913433\">Lattes<\/a><\/div>\n<\/div>\n<\/div><\/div><div class=\"kc-elm kc-css-930481 kc_col-sm-6 kc_column kc_col-sm-6\"><div class=\"kc-col-container\">\n<div class=\"kc-elm kc-css-77798 kc-team kc-team-1\">\n\n\t<figure class=\"content-image\"><img src=\"https:\/\/www.posgraduacao.unimontes.br\/uploads\/sites\/8\/2021\/01\/ZilmarPP.jpg\" alt=\"\"><\/figure><div class=\"content-title\">Zilmar Gon\u00e7alves Santos<\/div><div class=\"content-subtitle\">Doutora em Ci\u00eancias Sociais<\/div><div class=\"content-desc\">Linhas de Pesquisas \u2014 Pol\u00edticas P\u00fablicas Educacionais, Diversidade e Forma\u00e7\u00e3o de Professores<\/div><div class=\"content-button\"><a href=\"http:\/\/lattes.cnpq.br\/8435005519684374\">Lattes<\/a><\/div>\n<\/div>\n<\/div><\/div><\/div><\/div><\/section>\n","protected":false},"excerpt":{"rendered":"","protected":false},"author":1,"featured_media":0,"parent":178,"menu_order":0,"comment_status":"closed","ping_status":"closed","template":"","meta":[],"yoast_head":"<!-- This site is optimized with the Yoast SEO plugin v14.7 - https:\/\/yoast.com\/wordpress\/plugins\/seo\/ -->\n<title>Corpo Docente - PPGE - Programa de P\u00f3s-Gradua\u00e7\u00e3o em Educa\u00e7\u00e3o<\/title>\n<meta name=\"robots\" content=\"index, follow\" \/>\n<meta name=\"googlebot\" content=\"index, follow, max-snippet:-1, max-image-preview:large, max-video-preview:-1\" \/>\n<meta name=\"bingbot\" content=\"index, follow, max-snippet:-1, max-image-preview:large, max-video-preview:-1\" \/>\n<link rel=\"canonical\" href=\"https:\/\/www.posgraduacao.unimontes.br\/ppge\/credenciamento\/corpo-docente\/\" \/>\n<meta property=\"og:locale\" content=\"pt_BR\" \/>\n<meta property=\"og:type\" content=\"article\" \/>\n<meta property=\"og:title\" content=\"Corpo Docente - PPGE - Programa de P\u00f3s-Gradua\u00e7\u00e3o em Educa\u00e7\u00e3o\" \/>\n<meta property=\"og:description\" content=\"Ana M\u00e1rcia Ruas de Aquino Doutora em Lingu\u00edstica e L\u00edngua Portuguesa Linha de Pesquisa \u2014 Multiletramentos e Pr\u00e1ticas Educativas Lattes C\u00e9sar Rota J\u00fanior Doutor em Educa\u00e7\u00e3o Linha de Pesquisa \u2014 Pol\u00edticas P\u00fablicas Educacionais, Diversidade e Forma\u00e7\u00e3o de Professores Lattes F\u00e1bia Magali Santos Vieira Doutora em Educa\u00e7\u00e3o Linha de Pesquisa \u2014 Multiletramentos e Pr\u00e1ticas Educativas Lattes [&hellip;]\" \/>\n<meta property=\"og:url\" content=\"https:\/\/www.posgraduacao.unimontes.br\/ppge\/credenciamento\/corpo-docente\/\" \/>\n<meta property=\"og:site_name\" content=\"PPGE - Programa de P\u00f3s-Gradua\u00e7\u00e3o em Educa\u00e7\u00e3o\" \/>\n<meta property=\"article:modified_time\" content=\"2026-04-24T16:38:43+00:00\" \/>\n<meta property=\"og:image\" content=\"http:\/\/www.posgraduacao.unimontes.br\/uploads\/sites\/8\/2024\/07\/AnaPP.jpg\" \/>\n<meta name=\"twitter:card\" content=\"summary_large_image\" \/>\n<script type=\"application\/ld+json\" class=\"yoast-schema-graph\">{\"@context\":\"https:\/\/schema.org\",\"@graph\":[{\"@type\":\"WebSite\",\"@id\":\"https:\/\/www.posgraduacao.unimontes.br\/ppge\/#website\",\"url\":\"https:\/\/www.posgraduacao.unimontes.br\/ppge\/\",\"name\":\"PPGE - Programa de P\\u00f3s-Gradua\\u00e7\\u00e3o em Educa\\u00e7\\u00e3o\",\"description\":\"O Programa de P\\u00f3s-Gradua\\u00e7\\u00e3o em Educa\\u00e7\\u00e3o \\u2014 Mestrado Acad\\u00eamico (PPGE) foi instalado em dezembro de 2018, ap\\u00f3s recomenda\\u00e7\\u00e3o pela Coordena\\u00e7\\u00e3o de Aperfei\\u00e7oamento de Pessoal de N\\u00edvel Superior (CAPES), com in\\u00edcio das atividades docentes previstas para abril de 2019. O Programa \\u00e9 desenvolvido pela Unimontes, institui\\u00e7\\u00e3o universit\\u00e1ria vinculada \\u00e0 Secretaria de Ci\\u00eancia e Tecnologia do Estado de Minas Gerais.\",\"potentialAction\":[{\"@type\":\"SearchAction\",\"target\":\"https:\/\/www.posgraduacao.unimontes.br\/ppge\/?s={search_term_string}\",\"query-input\":\"required name=search_term_string\"}],\"inLanguage\":\"pt-BR\"},{\"@type\":\"ImageObject\",\"@id\":\"https:\/\/www.posgraduacao.unimontes.br\/ppge\/credenciamento\/corpo-docente\/#primaryimage\",\"inLanguage\":\"pt-BR\",\"url\":\"http:\/\/www.posgraduacao.unimontes.br\/uploads\/sites\/8\/2024\/07\/AnaPP.jpg\"},{\"@type\":\"WebPage\",\"@id\":\"https:\/\/www.posgraduacao.unimontes.br\/ppge\/credenciamento\/corpo-docente\/#webpage\",\"url\":\"https:\/\/www.posgraduacao.unimontes.br\/ppge\/credenciamento\/corpo-docente\/\",\"name\":\"Corpo Docente - PPGE - Programa de P\\u00f3s-Gradua\\u00e7\\u00e3o em Educa\\u00e7\\u00e3o\",\"isPartOf\":{\"@id\":\"https:\/\/www.posgraduacao.unimontes.br\/ppge\/#website\"},\"primaryImageOfPage\":{\"@id\":\"https:\/\/www.posgraduacao.unimontes.br\/ppge\/credenciamento\/corpo-docente\/#primaryimage\"},\"datePublished\":\"2017-03-24T21:56:10+00:00\",\"dateModified\":\"2026-04-24T16:38:43+00:00\",\"inLanguage\":\"pt-BR\",\"potentialAction\":[{\"@type\":\"ReadAction\",\"target\":[\"https:\/\/www.posgraduacao.unimontes.br\/ppge\/credenciamento\/corpo-docente\/\"]}]}]}<\/script>\n<!-- \/ Yoast SEO plugin. -->","_links":{"self":[{"href":"https:\/\/www.posgraduacao.unimontes.br\/ppge\/wp-json\/wp\/v2\/pages\/36"}],"collection":[{"href":"https:\/\/www.posgraduacao.unimontes.br\/ppge\/wp-json\/wp\/v2\/pages"}],"about":[{"href":"https:\/\/www.posgraduacao.unimontes.br\/ppge\/wp-json\/wp\/v2\/types\/page"}],"author":[{"embeddable":true,"href":"https:\/\/www.posgraduacao.unimontes.br\/ppge\/wp-json\/wp\/v2\/users\/1"}],"replies":[{"embeddable":true,"href":"https:\/\/www.posgraduacao.unimontes.br\/ppge\/wp-json\/wp\/v2\/comments?post=36"}],"version-history":[{"count":49,"href":"https:\/\/www.posgraduacao.unimontes.br\/ppge\/wp-json\/wp\/v2\/pages\/36\/revisions"}],"predecessor-version":[{"id":3049,"href":"https:\/\/www.posgraduacao.unimontes.br\/ppge\/wp-json\/wp\/v2\/pages\/36\/revisions\/3049"}],"up":[{"embeddable":true,"href":"https:\/\/www.posgraduacao.unimontes.br\/ppge\/wp-json\/wp\/v2\/pages\/178"}],"wp:attachment":[{"href":"https:\/\/www.posgraduacao.unimontes.br\/ppge\/wp-json\/wp\/v2\/media?parent=36"}],"curies":[{"name":"wp","href":"https:\/\/api.w.org\/{rel}","templated":true}]}}