{"id":302,"date":"2018-07-10T11:39:04","date_gmt":"2018-07-10T14:39:04","guid":{"rendered":"http:\/\/www.posgraduacao.unimontes.br\/ppge\/?page_id=302"},"modified":"2021-05-31T22:21:56","modified_gmt":"2021-06-01T01:21:56","slug":"area-de-concentracao","status":"publish","type":"page","link":"https:\/\/www.posgraduacao.unimontes.br\/ppge\/apresentacao\/area-de-concentracao\/","title":{"rendered":"\u00c1rea de Concentra\u00e7\u00e3o"},"content":{"rendered":"<section class=\"kc-elm kc-css-818277 kc_row\"><div class=\"kc-row-container  kc-container\"><div class=\"kc-wrap-columns\"><div class=\"kc-elm kc-css-653926 kc_col-sm-1 kc_column kc_col-sm-1\"><div class=\"kc-col-container\"><\/div><\/div><div class=\"kc-elm kc-css-604173 kc_col-sm-10 kc_column kc_col-sm-10\"><div class=\"kc-col-container\"><div class=\"kc-elm kc-css-917832\" style=\"height: 30px; clear: both; width:100%;\"><\/div><div class=\"kc-elm kc-css-548849 kc_text_block\"><p><span style=\"color: #000000;\">O PPGE tem como \u00e1rea de concentra\u00e7\u00e3o <strong>Educa\u00e7\u00e3o e Pr\u00e1ticas Educativas<\/strong>. O Programa se organiza pelo di\u00e1logo entre saberes te\u00f3ricos interdisciplinares, saberes curriculares e da experi\u00eancia educativa desenvolvida em diferentes espa\u00e7os de forma\u00e7\u00e3o. Neste contexto, em suas disciplinas e pesquisas, esta \u00e1rea de concentra\u00e7\u00e3o:<\/span><\/p>\n<ul>\n<li><span style=\"color: #000000;\">Investiga te\u00f3rica e metodologicamente a produ\u00e7\u00e3o e a aquisi\u00e7\u00e3o de conhecimentos, enfatizando aspectos gerais e espec\u00edficos envolvidos na rela\u00e7\u00e3o ensino-aprendizagem, que configuram os saberes e as pr\u00e1ticas educativas, em m\u00faltiplos espa\u00e7os.<\/span><\/li>\n<\/ul>\n<ul>\n<li><span style=\"color: #000000;\">Discute os fundamentos s\u00f3cio hist\u00f3ricos da educa\u00e7\u00e3o, as pol\u00edticas p\u00fablicas educacionais, as quest\u00f5es curriculares, disciplinares e pedag\u00f3gicas relacionadas aos processos formativos, \u00e0s avalia\u00e7\u00f5es sist\u00eamicas e \u00e0s pr\u00e1ticas educativas.<\/span><\/li>\n<\/ul>\n<ul>\n<li><span style=\"color: #000000;\">Favorece condi\u00e7\u00f5es para que os estudantes produzam reflex\u00f5es sobre o letramento acad\u00eamico, ao processo de constitui\u00e7\u00e3o da escrita autoral e ao desenvolvimento das habilidades de uso social da leitura e da escrita.<\/span><\/li>\n<\/ul>\n<\/div><\/div><\/div><div class=\"kc-elm kc-css-457341 kc_col-sm-1 kc_column kc_col-sm-1\"><div class=\"kc-col-container\"><\/div><\/div><\/div><\/div><\/section><section class=\"kc-elm kc-css-544091 kc_row\"><div class=\"kc-row-container  kc-container\"><div class=\"kc-wrap-columns\"><div class=\"kc-elm kc-css-539578 kc_col-sm-12 kc_column kc_col-sm-12\"><div class=\"kc-col-container\"><\/div><\/div><\/div><\/div><\/section>\n","protected":false},"excerpt":{"rendered":"","protected":false},"author":5,"featured_media":0,"parent":35,"menu_order":0,"comment_status":"closed","ping_status":"closed","template":"","meta":[],"yoast_head":"<!-- This site is optimized with the Yoast SEO plugin v14.7 - https:\/\/yoast.com\/wordpress\/plugins\/seo\/ -->\n<title>\u00c1rea de Concentra\u00e7\u00e3o - PPGE - Programa de P\u00f3s-Gradua\u00e7\u00e3o em Educa\u00e7\u00e3o<\/title>\n<meta name=\"robots\" content=\"index, follow\" \/>\n<meta name=\"googlebot\" content=\"index, follow, max-snippet:-1, max-image-preview:large, max-video-preview:-1\" \/>\n<meta name=\"bingbot\" content=\"index, follow, max-snippet:-1, max-image-preview:large, max-video-preview:-1\" \/>\n<link rel=\"canonical\" href=\"https:\/\/www.posgraduacao.unimontes.br\/ppge\/apresentacao\/area-de-concentracao\/\" \/>\n<meta property=\"og:locale\" content=\"pt_BR\" \/>\n<meta property=\"og:type\" content=\"article\" \/>\n<meta property=\"og:title\" content=\"\u00c1rea de Concentra\u00e7\u00e3o - PPGE - Programa de P\u00f3s-Gradua\u00e7\u00e3o em Educa\u00e7\u00e3o\" \/>\n<meta property=\"og:description\" content=\"O PPGE tem como \u00e1rea de concentra\u00e7\u00e3o Educa\u00e7\u00e3o e Pr\u00e1ticas Educativas. O Programa se organiza pelo di\u00e1logo entre saberes te\u00f3ricos interdisciplinares, saberes curriculares e da experi\u00eancia educativa desenvolvida em diferentes espa\u00e7os de forma\u00e7\u00e3o. Neste contexto, em suas disciplinas e pesquisas, esta \u00e1rea de concentra\u00e7\u00e3o: Investiga te\u00f3rica e metodologicamente a produ\u00e7\u00e3o e a aquisi\u00e7\u00e3o de conhecimentos, [&hellip;]\" \/>\n<meta property=\"og:url\" content=\"https:\/\/www.posgraduacao.unimontes.br\/ppge\/apresentacao\/area-de-concentracao\/\" \/>\n<meta property=\"og:site_name\" content=\"PPGE - Programa de P\u00f3s-Gradua\u00e7\u00e3o em Educa\u00e7\u00e3o\" \/>\n<meta property=\"article:modified_time\" content=\"2021-06-01T01:21:56+00:00\" \/>\n<meta name=\"twitter:card\" content=\"summary_large_image\" \/>\n<script type=\"application\/ld+json\" class=\"yoast-schema-graph\">{\"@context\":\"https:\/\/schema.org\",\"@graph\":[{\"@type\":\"WebSite\",\"@id\":\"https:\/\/www.posgraduacao.unimontes.br\/ppge\/#website\",\"url\":\"https:\/\/www.posgraduacao.unimontes.br\/ppge\/\",\"name\":\"PPGE - Programa de P\\u00f3s-Gradua\\u00e7\\u00e3o em Educa\\u00e7\\u00e3o\",\"description\":\"O Programa de P\\u00f3s-Gradua\\u00e7\\u00e3o em Educa\\u00e7\\u00e3o \\u2014 Mestrado Acad\\u00eamico (PPGE) foi instalado em dezembro de 2018, ap\\u00f3s recomenda\\u00e7\\u00e3o pela Coordena\\u00e7\\u00e3o de Aperfei\\u00e7oamento de Pessoal de N\\u00edvel Superior (CAPES), com in\\u00edcio das atividades docentes previstas para abril de 2019. O Programa \\u00e9 desenvolvido pela Unimontes, institui\\u00e7\\u00e3o universit\\u00e1ria vinculada \\u00e0 Secretaria de Ci\\u00eancia e Tecnologia do Estado de Minas Gerais.\",\"potentialAction\":[{\"@type\":\"SearchAction\",\"target\":\"https:\/\/www.posgraduacao.unimontes.br\/ppge\/?s={search_term_string}\",\"query-input\":\"required name=search_term_string\"}],\"inLanguage\":\"pt-BR\"},{\"@type\":\"WebPage\",\"@id\":\"https:\/\/www.posgraduacao.unimontes.br\/ppge\/apresentacao\/area-de-concentracao\/#webpage\",\"url\":\"https:\/\/www.posgraduacao.unimontes.br\/ppge\/apresentacao\/area-de-concentracao\/\",\"name\":\"\\u00c1rea de Concentra\\u00e7\\u00e3o - PPGE - Programa de P\\u00f3s-Gradua\\u00e7\\u00e3o em Educa\\u00e7\\u00e3o\",\"isPartOf\":{\"@id\":\"https:\/\/www.posgraduacao.unimontes.br\/ppge\/#website\"},\"datePublished\":\"2018-07-10T14:39:04+00:00\",\"dateModified\":\"2021-06-01T01:21:56+00:00\",\"inLanguage\":\"pt-BR\",\"potentialAction\":[{\"@type\":\"ReadAction\",\"target\":[\"https:\/\/www.posgraduacao.unimontes.br\/ppge\/apresentacao\/area-de-concentracao\/\"]}]}]}<\/script>\n<!-- \/ Yoast SEO plugin. -->","_links":{"self":[{"href":"https:\/\/www.posgraduacao.unimontes.br\/ppge\/wp-json\/wp\/v2\/pages\/302"}],"collection":[{"href":"https:\/\/www.posgraduacao.unimontes.br\/ppge\/wp-json\/wp\/v2\/pages"}],"about":[{"href":"https:\/\/www.posgraduacao.unimontes.br\/ppge\/wp-json\/wp\/v2\/types\/page"}],"author":[{"embeddable":true,"href":"https:\/\/www.posgraduacao.unimontes.br\/ppge\/wp-json\/wp\/v2\/users\/5"}],"replies":[{"embeddable":true,"href":"https:\/\/www.posgraduacao.unimontes.br\/ppge\/wp-json\/wp\/v2\/comments?post=302"}],"version-history":[{"count":10,"href":"https:\/\/www.posgraduacao.unimontes.br\/ppge\/wp-json\/wp\/v2\/pages\/302\/revisions"}],"predecessor-version":[{"id":1676,"href":"https:\/\/www.posgraduacao.unimontes.br\/ppge\/wp-json\/wp\/v2\/pages\/302\/revisions\/1676"}],"up":[{"embeddable":true,"href":"https:\/\/www.posgraduacao.unimontes.br\/ppge\/wp-json\/wp\/v2\/pages\/35"}],"wp:attachment":[{"href":"https:\/\/www.posgraduacao.unimontes.br\/ppge\/wp-json\/wp\/v2\/media?parent=302"}],"curies":[{"name":"wp","href":"https:\/\/api.w.org\/{rel}","templated":true}]}}