{"id":297,"date":"2018-07-10T11:15:23","date_gmt":"2018-07-10T14:15:23","guid":{"rendered":"http:\/\/www.posgraduacao.unimontes.br\/ppge\/?page_id=297"},"modified":"2023-06-25T10:50:00","modified_gmt":"2023-06-25T13:50:00","slug":"secretaria","status":"publish","type":"page","link":"https:\/\/www.posgraduacao.unimontes.br\/ppge\/apresentacao\/secretaria\/","title":{"rendered":"Secretaria"},"content":{"rendered":"<section class=\"kc-elm kc-css-815290 kc_row\"><div class=\"kc-row-container  kc-container\"><div class=\"kc-wrap-columns\"><div class=\"kc-elm kc-css-105971 kc_col-sm-12 kc_column kc_col-sm-12\"><div class=\"kc-col-container\"><div class=\"kc-elm kc-css-627667\" style=\"height: 50px; clear: both; width:100%;\"><\/div><\/div><\/div><\/div><\/div><\/section><section class=\"kc-elm kc-css-52625 kc_row\"><div class=\"kc-row-container  kc-container\"><div class=\"kc-wrap-columns\"><div class=\"kc-elm kc-css-147057 kc_col-sm-2 kc_column kc_col-sm-2\"><div class=\"kc-col-container\"><\/div><\/div><div class=\"kc-elm kc-css-758001 kc_col-sm-8 kc_column kc_col-sm-8\"><div class=\"kc-col-container\"><div class=\"kc-elm kc-css-989348 kc_text_block\"><p class=\"MsoNormal\"><span style=\"color: #000000;\"><strong>Programa de P\u00f3s-Gradua\u00e7\u00e3o em Educa\u00e7\u00e3o<\/strong><\/span><\/p>\n<p class=\"MsoNormal\"><span style=\"color: #000000;\">Avenida Rui Braga, s\/n \u2013 Pr\u00e9dio 2 \u2013 Sala 23<\/span><\/p>\n<p><span style=\"color: #000000;\">Vila Mauric\u00e9ia \u2013 Montes Claros \/ MG<\/span><\/p>\n<p><span style=\"font-style: inherit; color: #000000;\">CEP: 39401-089<\/span><\/p>\n<p><span style=\"color: #000000;\">Telefone: (38) 3229-8246<\/span><\/p>\n<p class=\"MsoNormal\"><span style=\"font-family: 'Arial',sans-serif;\"><span style=\"color: #000000;\">E-mail:<\/span> <a href=\"mailto:ppge@unimontes.br\">ppge@unimontes.br<\/a><\/span><\/p>\n<p class=\"MsoNormal\"><span style=\"font-family: 'Arial',sans-serif;\">\u00a0<\/span><\/p>\n<p class=\"MsoNormal\"><span style=\"color: #000000;\"><strong><span style=\"font-family: 'Arial',sans-serif;\">Coordena\u00e7\u00e3o:<\/span><\/strong><\/span><\/p>\n<p class=\"MsoNormal\"><span style=\"font-family: Arial, sans-serif; color: #000000;\">Profa. Dra. Francely Aparecida dos Santos \u2014 Coordenadora<\/span><\/p>\n<\/div><\/div><\/div><div class=\"kc-elm kc-css-720976 kc_col-sm-2 kc_column kc_col-sm-2\"><div class=\"kc-col-container\"><\/div><\/div><\/div><\/div><\/section>\n","protected":false},"excerpt":{"rendered":"","protected":false},"author":5,"featured_media":0,"parent":35,"menu_order":0,"comment_status":"closed","ping_status":"closed","template":"","meta":[],"yoast_head":"<!-- This site is optimized with the Yoast SEO plugin v14.7 - https:\/\/yoast.com\/wordpress\/plugins\/seo\/ -->\n<title>Secretaria - PPGE - Programa de P\u00f3s-Gradua\u00e7\u00e3o em Educa\u00e7\u00e3o<\/title>\n<meta name=\"robots\" content=\"index, follow\" \/>\n<meta name=\"googlebot\" content=\"index, follow, max-snippet:-1, max-image-preview:large, max-video-preview:-1\" \/>\n<meta name=\"bingbot\" content=\"index, follow, max-snippet:-1, max-image-preview:large, max-video-preview:-1\" \/>\n<link rel=\"canonical\" href=\"https:\/\/www.posgraduacao.unimontes.br\/ppge\/apresentacao\/secretaria\/\" \/>\n<meta property=\"og:locale\" content=\"pt_BR\" \/>\n<meta property=\"og:type\" content=\"article\" \/>\n<meta property=\"og:title\" content=\"Secretaria - PPGE - Programa de P\u00f3s-Gradua\u00e7\u00e3o em Educa\u00e7\u00e3o\" \/>\n<meta property=\"og:description\" content=\"Programa de P\u00f3s-Gradua\u00e7\u00e3o em Educa\u00e7\u00e3o Avenida Rui Braga, s\/n \u2013 Pr\u00e9dio 2 \u2013 Sala 23 Vila Mauric\u00e9ia \u2013 Montes Claros \/ MG CEP: 39401-089 Telefone: (38) 3229-8246 E-mail: ppge@unimontes.br \u00a0 Coordena\u00e7\u00e3o: Profa. Dra. Francely Aparecida dos Santos \u2014 Coordenadora\" \/>\n<meta property=\"og:url\" content=\"https:\/\/www.posgraduacao.unimontes.br\/ppge\/apresentacao\/secretaria\/\" \/>\n<meta property=\"og:site_name\" content=\"PPGE - Programa de P\u00f3s-Gradua\u00e7\u00e3o em Educa\u00e7\u00e3o\" \/>\n<meta property=\"article:modified_time\" content=\"2023-06-25T13:50:00+00:00\" \/>\n<meta name=\"twitter:card\" content=\"summary_large_image\" \/>\n<script type=\"application\/ld+json\" class=\"yoast-schema-graph\">{\"@context\":\"https:\/\/schema.org\",\"@graph\":[{\"@type\":\"WebSite\",\"@id\":\"https:\/\/www.posgraduacao.unimontes.br\/ppge\/#website\",\"url\":\"https:\/\/www.posgraduacao.unimontes.br\/ppge\/\",\"name\":\"PPGE - Programa de P\\u00f3s-Gradua\\u00e7\\u00e3o em Educa\\u00e7\\u00e3o\",\"description\":\"O Programa de P\\u00f3s-Gradua\\u00e7\\u00e3o em Educa\\u00e7\\u00e3o \\u2014 Mestrado Acad\\u00eamico (PPGE) foi instalado em dezembro de 2018, ap\\u00f3s recomenda\\u00e7\\u00e3o pela Coordena\\u00e7\\u00e3o de Aperfei\\u00e7oamento de Pessoal de N\\u00edvel Superior (CAPES), com in\\u00edcio das atividades docentes previstas para abril de 2019. O Programa \\u00e9 desenvolvido pela Unimontes, institui\\u00e7\\u00e3o universit\\u00e1ria vinculada \\u00e0 Secretaria de Ci\\u00eancia e Tecnologia do Estado de Minas Gerais.\",\"potentialAction\":[{\"@type\":\"SearchAction\",\"target\":\"https:\/\/www.posgraduacao.unimontes.br\/ppge\/?s={search_term_string}\",\"query-input\":\"required name=search_term_string\"}],\"inLanguage\":\"pt-BR\"},{\"@type\":\"WebPage\",\"@id\":\"https:\/\/www.posgraduacao.unimontes.br\/ppge\/apresentacao\/secretaria\/#webpage\",\"url\":\"https:\/\/www.posgraduacao.unimontes.br\/ppge\/apresentacao\/secretaria\/\",\"name\":\"Secretaria - PPGE - Programa de P\\u00f3s-Gradua\\u00e7\\u00e3o em Educa\\u00e7\\u00e3o\",\"isPartOf\":{\"@id\":\"https:\/\/www.posgraduacao.unimontes.br\/ppge\/#website\"},\"datePublished\":\"2018-07-10T14:15:23+00:00\",\"dateModified\":\"2023-06-25T13:50:00+00:00\",\"inLanguage\":\"pt-BR\",\"potentialAction\":[{\"@type\":\"ReadAction\",\"target\":[\"https:\/\/www.posgraduacao.unimontes.br\/ppge\/apresentacao\/secretaria\/\"]}]}]}<\/script>\n<!-- \/ Yoast SEO plugin. -->","_links":{"self":[{"href":"https:\/\/www.posgraduacao.unimontes.br\/ppge\/wp-json\/wp\/v2\/pages\/297"}],"collection":[{"href":"https:\/\/www.posgraduacao.unimontes.br\/ppge\/wp-json\/wp\/v2\/pages"}],"about":[{"href":"https:\/\/www.posgraduacao.unimontes.br\/ppge\/wp-json\/wp\/v2\/types\/page"}],"author":[{"embeddable":true,"href":"https:\/\/www.posgraduacao.unimontes.br\/ppge\/wp-json\/wp\/v2\/users\/5"}],"replies":[{"embeddable":true,"href":"https:\/\/www.posgraduacao.unimontes.br\/ppge\/wp-json\/wp\/v2\/comments?post=297"}],"version-history":[{"count":15,"href":"https:\/\/www.posgraduacao.unimontes.br\/ppge\/wp-json\/wp\/v2\/pages\/297\/revisions"}],"predecessor-version":[{"id":2078,"href":"https:\/\/www.posgraduacao.unimontes.br\/ppge\/wp-json\/wp\/v2\/pages\/297\/revisions\/2078"}],"up":[{"embeddable":true,"href":"https:\/\/www.posgraduacao.unimontes.br\/ppge\/wp-json\/wp\/v2\/pages\/35"}],"wp:attachment":[{"href":"https:\/\/www.posgraduacao.unimontes.br\/ppge\/wp-json\/wp\/v2\/media?parent=297"}],"curies":[{"name":"wp","href":"https:\/\/api.w.org\/{rel}","templated":true}]}}