{"id":27,"date":"2017-03-24T18:47:11","date_gmt":"2017-03-24T21:47:11","guid":{"rendered":"http:\/\/www.posgraduacao.unimontes.br\/site-modelo\/?page_id=27"},"modified":"2025-09-17T13:46:52","modified_gmt":"2025-09-17T16:46:52","slug":"inicio","status":"publish","type":"page","link":"https:\/\/www.posgraduacao.unimontes.br\/ppge\/","title":{"rendered":"In\u00edcio"},"content":{"rendered":"<section class=\"kc-elm kc-css-357704 kc_row\"><div class=\"kc-row-container  kc-container\"><div class=\"kc-wrap-columns\"><div class=\"kc-elm kc-css-205561 kc_col-sm-2 kc_column kc_col-sm-2\"><div class=\"kc-col-container\"><\/div><\/div><div class=\"kc-elm kc-css-755031 kc_col-sm-8 kc_column kc_col-sm-8\"><div class=\"kc-col-container\"><div class=\"kc-elm kc-css-150090\" style=\"height: 10px; clear: both; width:100%;\"><\/div><div class=\"kc-elm kc-css-526829\">\n\t<div class=\"kc-carousel_images kc-elm kc-css-526829\">\n\t\n\t\t<div class=\"kc-carousel-images owl-carousel-images kc-sync1 \" data-owl-i-options='{\"items\":\"1\",\"tablet\":\"1\",\"mobile\":\"1\",\"speed\":\"500\",\"navigation\":\"\",\"pagination\":\"yes\",\"autoheight\":\"\",\"progressbar\":\"\",\"delay\":\"5\",\"autoplay\":\"yes\",\"showthumb\":\"\",\"num_thumb\":\"5\"}'>\n\t\n\t\t\t\t\t<div class=\"item\">\n\t\n\t\t\t<a class=\"kc-image-link kc-pretty-photo\" data-lightbox=\"kc-lightbox\" rel=\"prettyPhoto[526829]\" href=\"https:\/\/www.posgraduacao.unimontes.br\/uploads\/sites\/8\/2021\/07\/1.png\"><img src=\"https:\/\/www.posgraduacao.unimontes.br\/uploads\/sites\/8\/2021\/07\/1.png\" alt=\"\" \/><\/a>\t\n\t\t\t<\/div>\n\t\n\t\t\t\t\t<div class=\"item\">\n\t\n\t\t\t<a class=\"kc-image-link kc-pretty-photo\" data-lightbox=\"kc-lightbox\" rel=\"prettyPhoto[526829]\" href=\"https:\/\/www.posgraduacao.unimontes.br\/uploads\/sites\/8\/2021\/07\/2.png\"><img src=\"https:\/\/www.posgraduacao.unimontes.br\/uploads\/sites\/8\/2021\/07\/2.png\" alt=\"\" \/><\/a>\t\n\t\t\t<\/div>\n\t\n\t\t\t\t\t<div class=\"item\">\n\t\n\t\t\t<a class=\"kc-image-link kc-pretty-photo\" data-lightbox=\"kc-lightbox\" rel=\"prettyPhoto[526829]\" href=\"https:\/\/www.posgraduacao.unimontes.br\/uploads\/sites\/8\/2021\/07\/3.png\"><img src=\"https:\/\/www.posgraduacao.unimontes.br\/uploads\/sites\/8\/2021\/07\/3.png\" alt=\"\" \/><\/a>\t\n\t\t\t<\/div>\n\t\n\t\t\t\t\t<div class=\"item\">\n\t\n\t\t\t<a class=\"kc-image-link kc-pretty-photo\" data-lightbox=\"kc-lightbox\" rel=\"prettyPhoto[526829]\" href=\"https:\/\/www.posgraduacao.unimontes.br\/uploads\/sites\/8\/2021\/07\/4.png\"><img src=\"https:\/\/www.posgraduacao.unimontes.br\/uploads\/sites\/8\/2021\/07\/4.png\" alt=\"\" \/><\/a>\t\n\t\t\t<\/div>\n\t\n\t\t\t\t\t<div class=\"item\">\n\t\n\t\t\t<a class=\"kc-image-link kc-pretty-photo\" data-lightbox=\"kc-lightbox\" rel=\"prettyPhoto[526829]\" href=\"https:\/\/www.posgraduacao.unimontes.br\/uploads\/sites\/8\/2021\/07\/5.png\"><img src=\"https:\/\/www.posgraduacao.unimontes.br\/uploads\/sites\/8\/2021\/07\/5.png\" alt=\"\" \/><\/a>\t\n\t\t\t<\/div>\n\t\n\t\t\t\n\t\t<\/div>\n\t\n\t\t\t<\/div>\n<\/div>\n<div class=\"kc-elm kc-css-507131\" style=\"height: 50px; clear: both; width:100%;\"><\/div><\/div><\/div><div class=\"kc-elm kc-css-170707 kc_col-sm-2 kc_column kc_col-sm-2\"><div class=\"kc-col-container\"><\/div><\/div><\/div><\/div><\/section><section class=\"kc-elm kc-css-500091 kc_row\"><div class=\"kc-row-container  kc-container\"><div class=\"kc-wrap-columns\"><div class=\"kc-elm kc-css-665653 kc_col-sm-2 kc_column kc_col-sm-2\"><div class=\"kc-col-container\"><div class=\"kc-elm kc-css-303463 kc-icon-wrapper\">\n\t\t<a href=\"https:\/\/www.posgraduacao.unimontes.br\/ppge\/apresentacao\/linhas-de-pesquisa\" target=\"_self\" title=\"Linhas de Pesquisa\">\n\t\t<i class=\"et-edit\"><\/i>\n\t\t<\/a>\n\t<\/div>\n\n<div class=\"kc-elm kc-css-126858 kc-title-wrap \">\n\n\t<h5 class=\"kc_title\">Linhas<\/h5>\n<\/div>\n<\/div><\/div><div class=\"kc-elm kc-css-567140 kc_col-sm-2 kc_column kc_col-sm-2\"><div class=\"kc-col-container\"><div class=\"kc-elm kc-css-121703 kc-icon-wrapper\">\n\t\t<a href=\"https:\/\/www.posgraduacao.unimontes.br\/ppge\/dissertacoes\" target=\"_self\" title=\"Disserta\u00e7\u00f5es\">\n\t\t<i class=\"et-book-open\"><\/i>\n\t\t<\/a>\n\t<\/div>\n\n<div class=\"kc-elm kc-css-846738 kc-title-wrap \">\n\n\t<h5 class=\"kc_title\">Disserta\u00e7\u00f5es<\/h5>\n<\/div>\n<\/div><\/div><div class=\"kc-elm kc-css-909655 kc_col-sm-2 kc_column kc_col-sm-2\"><div class=\"kc-col-container\"><div class=\"kc-elm kc-css-810120 kc-icon-wrapper\">\n\t\t<a href=\"https:\/\/www.facebook.com\/PPGEUnimontes\" target=\"_blank\" title=\"Facebook\">\n\t\t<i class=\"sl-social-facebook\"><\/i>\n\t\t<\/a>\n\t<\/div>\n\n<div class=\"kc-elm kc-css-16860 kc-title-wrap \">\n\n\t<h5 class=\"kc_title\">Fanpage<\/h5>\n<\/div>\n<\/div><\/div><div class=\"kc-elm kc-css-934908 kc_col-sm-2 kc_column kc_col-sm-2\"><div class=\"kc-col-container\"><div class=\"kc-elm kc-css-623944 kc-icon-wrapper\">\n\t\t<a href=\"https:\/\/www.instagram.com\/ppgeunimontes\" target=\"_blank\" title=\"Instagram\">\n\t\t<i class=\"sl-social-instagram\"><\/i>\n\t\t<\/a>\n\t<\/div>\n\n<div class=\"kc-elm kc-css-588054 kc-title-wrap \">\n\n\t<h5 class=\"kc_title\">Instagram<\/h5>\n<\/div>\n<\/div><\/div><div class=\"kc-elm kc-css-226931 kc_col-sm-2 kc_column kc_col-sm-2\"><div class=\"kc-col-container\"><div class=\"kc-elm kc-css-645836 kc-icon-wrapper\">\n\t\t<a href=\"https:\/\/www.youtube.com\/channel\/UC7V3KcO1_d8Mi5sd9s8Q5tQ\" target=\"_blank\" title=\"YouTube\">\n\t\t<i class=\"sl-social-youtube\"><\/i>\n\t\t<\/a>\n\t<\/div>\n\n<div class=\"kc-elm kc-css-729517 kc-title-wrap \">\n\n\t<h5 class=\"kc_title\">YouTube<\/h5>\n<\/div>\n<\/div><\/div><div class=\"kc-elm kc-css-618787 kc_col-sm-2 kc_column kc_col-sm-2\"><div class=\"kc-col-container\"><div class=\"kc-elm kc-css-56996 kc-icon-wrapper\">\n\t\t<a href=\"https:\/\/www.periodicos.unimontes.br\/index.php\/rees\" target=\"_blank\" title=\"REES\">\n\t\t<i class=\"et-notebook\"><\/i>\n\t\t<\/a>\n\t<\/div>\n\n<div class=\"kc-elm kc-css-162536 kc-title-wrap \">\n\n\t<h5 class=\"kc_title\">Revista EE&S<\/h5>\n<\/div>\n<\/div><\/div><\/div><\/div><\/section><section class=\"kc-elm kc-css-596107 kc_row\"><div class=\"kc-row-container  kc-container\"><div class=\"kc-wrap-columns\"><div class=\"kc-elm kc-css-140551 kc_col-sm-12 kc_column kc_col-sm-12\"><div class=\"kc-col-container\"><div class=\"kc-elm kc-css-941467\" style=\"height: 50px; clear: both; width:100%;\"><\/div>\n<div class=\"kc-elm kc-css-653809 kc-title-wrap \">\n\n\t<h3 class=\"kc_title\">Not\u00edcias<\/h3>\n<\/div>\n\n<div class=\"kc-elm kc-css-26320 kc-blog-posts kc-blog-posts-3 kc-blog-grid kc_blog_masonry kc-image-align-both\">\n\t\n\t\t<h3>Blog Post: Nothing not found.<\/h3>\n\n\t\n<\/div>\n<div class=\"kc-elm kc-css-408914\" style=\"height: 50px; clear: both; width:100%;\"><\/div><\/div><\/div><\/div><\/div><\/section>\n","protected":false},"excerpt":{"rendered":"","protected":false},"author":1,"featured_media":0,"parent":0,"menu_order":0,"comment_status":"closed","ping_status":"closed","template":"","meta":[],"yoast_head":"<!-- This site is optimized with the Yoast SEO plugin v14.7 - https:\/\/yoast.com\/wordpress\/plugins\/seo\/ -->\n<title>In\u00edcio - PPGE - Programa de P\u00f3s-Gradua\u00e7\u00e3o em Educa\u00e7\u00e3o<\/title>\n<meta name=\"description\" content=\"O Programa de P\u00f3s-Gradua\u00e7\u00e3o em Educa\u00e7\u00e3o \u2014 Mestrado Acad\u00eamico (PPGE) foi instalado em dezembro de 2018, ap\u00f3s recomenda\u00e7\u00e3o pela Coordena\u00e7\u00e3o de Aperfei\u00e7oamento de Pessoal de N\u00edvel Superior (CAPES), com in\u00edcio das atividades docentes previstas para abril de 2019.\" \/>\n<meta name=\"robots\" content=\"index, follow\" \/>\n<meta name=\"googlebot\" content=\"index, follow, max-snippet:-1, max-image-preview:large, max-video-preview:-1\" \/>\n<meta name=\"bingbot\" content=\"index, follow, max-snippet:-1, max-image-preview:large, max-video-preview:-1\" \/>\n<link rel=\"canonical\" href=\"https:\/\/www.posgraduacao.unimontes.br\/ppge\/\" \/>\n<meta property=\"og:locale\" content=\"pt_BR\" \/>\n<meta property=\"og:type\" content=\"article\" \/>\n<meta property=\"og:title\" content=\"In\u00edcio - PPGE - Programa de P\u00f3s-Gradua\u00e7\u00e3o em Educa\u00e7\u00e3o\" \/>\n<meta property=\"og:description\" content=\"O Programa de P\u00f3s-Gradua\u00e7\u00e3o em Educa\u00e7\u00e3o \u2014 Mestrado Acad\u00eamico (PPGE) foi instalado em dezembro de 2018, ap\u00f3s recomenda\u00e7\u00e3o pela Coordena\u00e7\u00e3o de Aperfei\u00e7oamento de Pessoal de N\u00edvel Superior (CAPES), com in\u00edcio das atividades docentes previstas para abril de 2019.\" \/>\n<meta property=\"og:url\" content=\"https:\/\/www.posgraduacao.unimontes.br\/ppge\/\" \/>\n<meta property=\"og:site_name\" content=\"PPGE - Programa de P\u00f3s-Gradua\u00e7\u00e3o em Educa\u00e7\u00e3o\" \/>\n<meta property=\"article:modified_time\" content=\"2025-09-17T16:46:52+00:00\" \/>\n<meta property=\"og:image\" content=\"http:\/\/www.posgraduacao.unimontes.br\/uploads\/sites\/8\/2021\/07\/1.png\" \/>\n<meta name=\"twitter:card\" content=\"summary_large_image\" \/>\n<script type=\"application\/ld+json\" class=\"yoast-schema-graph\">{\"@context\":\"https:\/\/schema.org\",\"@graph\":[{\"@type\":\"WebSite\",\"@id\":\"https:\/\/www.posgraduacao.unimontes.br\/ppge\/#website\",\"url\":\"https:\/\/www.posgraduacao.unimontes.br\/ppge\/\",\"name\":\"PPGE - Programa de P\\u00f3s-Gradua\\u00e7\\u00e3o em Educa\\u00e7\\u00e3o\",\"description\":\"O Programa de P\\u00f3s-Gradua\\u00e7\\u00e3o em Educa\\u00e7\\u00e3o \\u2014 Mestrado Acad\\u00eamico (PPGE) foi instalado em dezembro de 2018, ap\\u00f3s recomenda\\u00e7\\u00e3o pela Coordena\\u00e7\\u00e3o de Aperfei\\u00e7oamento de Pessoal de N\\u00edvel Superior (CAPES), com in\\u00edcio das atividades docentes previstas para abril de 2019. O Programa \\u00e9 desenvolvido pela Unimontes, institui\\u00e7\\u00e3o universit\\u00e1ria vinculada \\u00e0 Secretaria de Ci\\u00eancia e Tecnologia do Estado de Minas Gerais.\",\"potentialAction\":[{\"@type\":\"SearchAction\",\"target\":\"https:\/\/www.posgraduacao.unimontes.br\/ppge\/?s={search_term_string}\",\"query-input\":\"required name=search_term_string\"}],\"inLanguage\":\"pt-BR\"},{\"@type\":\"ImageObject\",\"@id\":\"https:\/\/www.posgraduacao.unimontes.br\/ppge\/#primaryimage\",\"inLanguage\":\"pt-BR\",\"url\":\"http:\/\/www.posgraduacao.unimontes.br\/uploads\/sites\/8\/2021\/07\/1.png\"},{\"@type\":\"WebPage\",\"@id\":\"https:\/\/www.posgraduacao.unimontes.br\/ppge\/#webpage\",\"url\":\"https:\/\/www.posgraduacao.unimontes.br\/ppge\/\",\"name\":\"In\\u00edcio - PPGE - Programa de P\\u00f3s-Gradua\\u00e7\\u00e3o em Educa\\u00e7\\u00e3o\",\"isPartOf\":{\"@id\":\"https:\/\/www.posgraduacao.unimontes.br\/ppge\/#website\"},\"primaryImageOfPage\":{\"@id\":\"https:\/\/www.posgraduacao.unimontes.br\/ppge\/#primaryimage\"},\"datePublished\":\"2017-03-24T21:47:11+00:00\",\"dateModified\":\"2025-09-17T16:46:52+00:00\",\"description\":\"O Programa de P\\u00f3s-Gradua\\u00e7\\u00e3o em Educa\\u00e7\\u00e3o \\u2014 Mestrado Acad\\u00eamico (PPGE) foi instalado em dezembro de 2018, ap\\u00f3s recomenda\\u00e7\\u00e3o pela Coordena\\u00e7\\u00e3o de Aperfei\\u00e7oamento de Pessoal de N\\u00edvel Superior (CAPES), com in\\u00edcio das atividades docentes previstas para abril de 2019.\",\"inLanguage\":\"pt-BR\",\"potentialAction\":[{\"@type\":\"ReadAction\",\"target\":[\"https:\/\/www.posgraduacao.unimontes.br\/ppge\/\"]}]}]}<\/script>\n<!-- \/ Yoast SEO plugin. -->","_links":{"self":[{"href":"https:\/\/www.posgraduacao.unimontes.br\/ppge\/wp-json\/wp\/v2\/pages\/27"}],"collection":[{"href":"https:\/\/www.posgraduacao.unimontes.br\/ppge\/wp-json\/wp\/v2\/pages"}],"about":[{"href":"https:\/\/www.posgraduacao.unimontes.br\/ppge\/wp-json\/wp\/v2\/types\/page"}],"author":[{"embeddable":true,"href":"https:\/\/www.posgraduacao.unimontes.br\/ppge\/wp-json\/wp\/v2\/users\/1"}],"replies":[{"embeddable":true,"href":"https:\/\/www.posgraduacao.unimontes.br\/ppge\/wp-json\/wp\/v2\/comments?post=27"}],"version-history":[{"count":189,"href":"https:\/\/www.posgraduacao.unimontes.br\/ppge\/wp-json\/wp\/v2\/pages\/27\/revisions"}],"predecessor-version":[{"id":2895,"href":"https:\/\/www.posgraduacao.unimontes.br\/ppge\/wp-json\/wp\/v2\/pages\/27\/revisions\/2895"}],"wp:attachment":[{"href":"https:\/\/www.posgraduacao.unimontes.br\/ppge\/wp-json\/wp\/v2\/media?parent=27"}],"curies":[{"name":"wp","href":"https:\/\/api.w.org\/{rel}","templated":true}]}}