{"id":2569,"date":"2025-01-13T12:43:09","date_gmt":"2025-01-13T15:43:09","guid":{"rendered":"https:\/\/www.posgraduacao.unimontes.br\/ppge\/?page_id=2569"},"modified":"2025-01-27T12:23:13","modified_gmt":"2025-01-27T15:23:13","slug":"atas-de-2024","status":"publish","type":"page","link":"https:\/\/www.posgraduacao.unimontes.br\/ppge\/atas-reunioes-colegiadas\/atas-de-2024\/","title":{"rendered":"Atas de 2024"},"content":{"rendered":"<section class=\"kc-elm kc-css-910216 kc_row\"><div class=\"kc-row-container  kc-container\"><div class=\"kc-wrap-columns\"><div class=\"kc-elm kc-css-224714 kc_col-sm-1 kc_column kc_col-sm-1\"><div class=\"kc-col-container\"><\/div><\/div><div class=\"kc-elm kc-css-570537 kc_col-sm-10 kc_column kc_col-sm-10\"><div class=\"kc-col-container\"><div class=\"kc-elm kc-css-843270\" style=\"height: 20px; clear: both; width:100%;\"><\/div><div class=\"kc-elm kc-css-801797 kc_text_block\"><table style=\"border: none; border-collapse: collapse; height: 71px;\" width=\"572\">\n<tbody>\n<tr style=\"height: 40.5pt;\">\n<td style=\"border-right: 4.5pt solid #ffffff; border-bottom: 4.5pt solid #ffffff; vertical-align: top; background-color: #f4cccc; padding: 0pt 5pt; overflow: hidden; overflow-wrap: break-word;\">\n<p dir=\"ltr\" style=\"line-height: 1.38; margin-top: 6pt; margin-bottom: 6pt; text-align: center;\"><a href=\"http:\/\/www.posgraduacao.unimontes.br\/uploads\/sites\/8\/2025\/01\/Ata-de-Reuni\u00e3o-2024-1.pdf\"><span style=\"font-size: 12pt; font-family: 'Times New Roman', serif; color: #0070c0; background-color: transparent; font-variant-numeric: normal; font-variant-east-asian: normal; font-variant-alternates: normal; font-variant-position: normal; font-variant-emoji: normal; text-decoration-line: none; vertical-align: baseline; white-space-collapse: preserve;\">Arquivo<\/span><\/a><\/p>\n<\/td>\n<td style=\"border-left: 4.5pt solid #ffffff; border-right: 4.5pt solid #ffffff; border-bottom: 4.5pt solid #ffffff; vertical-align: top; background-color: #f4cccc; padding: 0pt 5pt; overflow: hidden; overflow-wrap: break-word;\">\n<p dir=\"ltr\" style=\"line-height: 1.38; margin-top: 6pt; margin-bottom: 6pt;\"><span style=\"font-size: 12pt; font-family: 'Times New Roman', serif; color: #000000; background-color: transparent; font-variant-numeric: normal; font-variant-east-asian: normal; font-variant-alternates: normal; font-variant-position: normal; font-variant-emoji: normal; vertical-align: baseline; white-space-collapse: preserve;\">Atas Reuni\u00f5es Colegiadas- 2024<\/span><\/p>\n<\/td>\n<\/tr>\n<\/tbody>\n<\/table>\n<\/div><\/div><\/div><div class=\"kc-elm kc-css-203114 kc_col-sm-1 kc_column kc_col-sm-1\"><div class=\"kc-col-container\"><\/div><\/div><\/div><\/div><\/section><section class=\"kc-elm kc_row\"><div class=\"kc-row-container  kc-container\"><div class=\"kc-wrap-columns\"><div class=\"kc-elm kc-css-655448 kc_col-sm-12 kc_column kc_col-sm-12\"><div class=\"kc-col-container\"><\/div><\/div><\/div><\/div><\/section><section class=\"kc-elm kc_row\"><div class=\"kc-row-container  kc-container\"><div class=\"kc-wrap-columns\"><div class=\"kc-elm kc_column kc_col-sm-12\"><div class=\"kc-col-container\"><\/div><\/div><\/div><\/div><\/section>\n","protected":false},"excerpt":{"rendered":"","protected":false},"author":5,"featured_media":0,"parent":2473,"menu_order":0,"comment_status":"closed","ping_status":"closed","template":"","meta":[],"yoast_head":"<!-- This site is optimized with the Yoast SEO plugin v14.7 - https:\/\/yoast.com\/wordpress\/plugins\/seo\/ -->\n<title>Atas de 2024 - PPGE - Programa de P\u00f3s-Gradua\u00e7\u00e3o em Educa\u00e7\u00e3o<\/title>\n<meta name=\"robots\" content=\"index, follow\" \/>\n<meta name=\"googlebot\" content=\"index, follow, max-snippet:-1, max-image-preview:large, max-video-preview:-1\" \/>\n<meta name=\"bingbot\" content=\"index, follow, max-snippet:-1, max-image-preview:large, max-video-preview:-1\" \/>\n<link rel=\"canonical\" href=\"https:\/\/www.posgraduacao.unimontes.br\/ppge\/atas-reunioes-colegiadas\/atas-de-2024\/\" \/>\n<meta property=\"og:locale\" content=\"pt_BR\" \/>\n<meta property=\"og:type\" content=\"article\" \/>\n<meta property=\"og:title\" content=\"Atas de 2024 - PPGE - Programa de P\u00f3s-Gradua\u00e7\u00e3o em Educa\u00e7\u00e3o\" \/>\n<meta property=\"og:description\" content=\"Arquivo Atas Reuni\u00f5es Colegiadas- 2024\" \/>\n<meta property=\"og:url\" content=\"https:\/\/www.posgraduacao.unimontes.br\/ppge\/atas-reunioes-colegiadas\/atas-de-2024\/\" \/>\n<meta property=\"og:site_name\" content=\"PPGE - Programa de P\u00f3s-Gradua\u00e7\u00e3o em Educa\u00e7\u00e3o\" \/>\n<meta property=\"article:modified_time\" content=\"2025-01-27T15:23:13+00:00\" \/>\n<meta name=\"twitter:card\" content=\"summary_large_image\" \/>\n<script type=\"application\/ld+json\" class=\"yoast-schema-graph\">{\"@context\":\"https:\/\/schema.org\",\"@graph\":[{\"@type\":\"WebSite\",\"@id\":\"https:\/\/www.posgraduacao.unimontes.br\/ppge\/#website\",\"url\":\"https:\/\/www.posgraduacao.unimontes.br\/ppge\/\",\"name\":\"PPGE - Programa de P\\u00f3s-Gradua\\u00e7\\u00e3o em Educa\\u00e7\\u00e3o\",\"description\":\"O Programa de P\\u00f3s-Gradua\\u00e7\\u00e3o em Educa\\u00e7\\u00e3o \\u2014 Mestrado Acad\\u00eamico (PPGE) foi instalado em dezembro de 2018, ap\\u00f3s recomenda\\u00e7\\u00e3o pela Coordena\\u00e7\\u00e3o de Aperfei\\u00e7oamento de Pessoal de N\\u00edvel Superior (CAPES), com in\\u00edcio das atividades docentes previstas para abril de 2019. O Programa \\u00e9 desenvolvido pela Unimontes, institui\\u00e7\\u00e3o universit\\u00e1ria vinculada \\u00e0 Secretaria de Ci\\u00eancia e Tecnologia do Estado de Minas Gerais.\",\"potentialAction\":[{\"@type\":\"SearchAction\",\"target\":\"https:\/\/www.posgraduacao.unimontes.br\/ppge\/?s={search_term_string}\",\"query-input\":\"required name=search_term_string\"}],\"inLanguage\":\"pt-BR\"},{\"@type\":\"WebPage\",\"@id\":\"https:\/\/www.posgraduacao.unimontes.br\/ppge\/atas-reunioes-colegiadas\/atas-de-2024\/#webpage\",\"url\":\"https:\/\/www.posgraduacao.unimontes.br\/ppge\/atas-reunioes-colegiadas\/atas-de-2024\/\",\"name\":\"Atas de 2024 - PPGE - Programa de P\\u00f3s-Gradua\\u00e7\\u00e3o em Educa\\u00e7\\u00e3o\",\"isPartOf\":{\"@id\":\"https:\/\/www.posgraduacao.unimontes.br\/ppge\/#website\"},\"datePublished\":\"2025-01-13T15:43:09+00:00\",\"dateModified\":\"2025-01-27T15:23:13+00:00\",\"inLanguage\":\"pt-BR\",\"potentialAction\":[{\"@type\":\"ReadAction\",\"target\":[\"https:\/\/www.posgraduacao.unimontes.br\/ppge\/atas-reunioes-colegiadas\/atas-de-2024\/\"]}]}]}<\/script>\n<!-- \/ Yoast SEO plugin. -->","_links":{"self":[{"href":"https:\/\/www.posgraduacao.unimontes.br\/ppge\/wp-json\/wp\/v2\/pages\/2569"}],"collection":[{"href":"https:\/\/www.posgraduacao.unimontes.br\/ppge\/wp-json\/wp\/v2\/pages"}],"about":[{"href":"https:\/\/www.posgraduacao.unimontes.br\/ppge\/wp-json\/wp\/v2\/types\/page"}],"author":[{"embeddable":true,"href":"https:\/\/www.posgraduacao.unimontes.br\/ppge\/wp-json\/wp\/v2\/users\/5"}],"replies":[{"embeddable":true,"href":"https:\/\/www.posgraduacao.unimontes.br\/ppge\/wp-json\/wp\/v2\/comments?post=2569"}],"version-history":[{"count":3,"href":"https:\/\/www.posgraduacao.unimontes.br\/ppge\/wp-json\/wp\/v2\/pages\/2569\/revisions"}],"predecessor-version":[{"id":2621,"href":"https:\/\/www.posgraduacao.unimontes.br\/ppge\/wp-json\/wp\/v2\/pages\/2569\/revisions\/2621"}],"up":[{"embeddable":true,"href":"https:\/\/www.posgraduacao.unimontes.br\/ppge\/wp-json\/wp\/v2\/pages\/2473"}],"wp:attachment":[{"href":"https:\/\/www.posgraduacao.unimontes.br\/ppge\/wp-json\/wp\/v2\/media?parent=2569"}],"curies":[{"name":"wp","href":"https:\/\/api.w.org\/{rel}","templated":true}]}}