{"id":2565,"date":"2025-01-13T12:42:47","date_gmt":"2025-01-13T15:42:47","guid":{"rendered":"https:\/\/www.posgraduacao.unimontes.br\/ppge\/?page_id=2565"},"modified":"2025-01-27T12:20:31","modified_gmt":"2025-01-27T15:20:31","slug":"atas-de-2022","status":"publish","type":"page","link":"https:\/\/www.posgraduacao.unimontes.br\/ppge\/atas-reunioes-colegiadas\/atas-de-2022\/","title":{"rendered":"Atas de 2022"},"content":{"rendered":"<section class=\"kc-elm kc-css-362853 kc_row\"><div class=\"kc-row-container  kc-container\"><div class=\"kc-wrap-columns\"><div class=\"kc-elm kc-css-914641 kc_col-sm-1 kc_column kc_col-sm-1\"><div class=\"kc-col-container\"><\/div><\/div><div class=\"kc-elm kc-css-606498 kc_col-sm-10 kc_column kc_col-sm-10\"><div class=\"kc-col-container\"><div class=\"kc-elm kc-css-761485\" style=\"height: 20px; clear: both; width:100%;\"><\/div><div class=\"kc-elm kc-css-601228 kc_text_block\"><div dir=\"ltr\" style=\"margin-left: 0pt;\" align=\"left\">\n<table style=\"border: none; border-collapse: collapse;\">\n<colgroup>\n<col width=\"106\" \/>\n<col width=\"366\" \/><\/colgroup>\n<tbody>\n<tr style=\"height: 40.5pt;\">\n<td style=\"border-right: solid #ffffff 4.5pt; border-bottom: solid #ffffff 4.5pt; vertical-align: top; background-color: #f4cccc; padding: 0pt 5pt 0pt 5pt; overflow: hidden; overflow-wrap: break-word;\">\n<p dir=\"ltr\" style=\"line-height: 1.38; text-align: center; margin-top: 6pt; margin-bottom: 6pt;\"><a href=\"http:\/\/www.posgraduacao.unimontes.br\/uploads\/sites\/8\/2025\/01\/Ata-de-Reuni\u00e3o-2022-1.pdf\"><span style=\"font-size: 12pt; font-family: &#039;Times New Roman&#039;,serif; color: #0070c0; background-color: transparent; font-weight: 400; font-style: normal; font-variant: normal; text-decoration: none; vertical-align: baseline; white-space: pre-wrap;\">Arquivo<\/span><\/a><\/p>\n<\/td>\n<td style=\"border-left: solid #ffffff 4.5pt; border-right: solid #ffffff 4.5pt; border-bottom: solid #ffffff 4.5pt; vertical-align: top; background-color: #f4cccc; padding: 0pt 5pt 0pt 5pt; overflow: hidden; overflow-wrap: break-word;\">\n<p dir=\"ltr\" style=\"line-height: 1.38; margin-top: 6pt; margin-bottom: 6pt;\"><span style=\"font-size: 12pt; font-family: &#039;Times New Roman&#039;,serif; color: #000000; background-color: transparent; font-weight: 400; font-style: normal; font-variant: normal; text-decoration: none; vertical-align: baseline; white-space: pre-wrap;\">Atas Reuni\u00f5es Colegiadas- 2022<\/span><\/p>\n<\/td>\n<\/tr>\n<\/tbody>\n<\/table>\n<\/div>\n<\/div><\/div><\/div><div class=\"kc-elm kc-css-462742 kc_col-sm-1 kc_column kc_col-sm-1\"><div class=\"kc-col-container\"><\/div><\/div><\/div><\/div><\/section><section class=\"kc-elm kc_row\"><div class=\"kc-row-container  kc-container\"><div class=\"kc-wrap-columns\"><div class=\"kc-elm kc-css-334424 kc_col-sm-12 kc_column kc_col-sm-12\"><div class=\"kc-col-container\"><\/div><\/div><\/div><\/div><\/section>\n","protected":false},"excerpt":{"rendered":"","protected":false},"author":5,"featured_media":0,"parent":2473,"menu_order":0,"comment_status":"closed","ping_status":"closed","template":"","meta":[],"yoast_head":"<!-- This site is optimized with the Yoast SEO plugin v14.7 - https:\/\/yoast.com\/wordpress\/plugins\/seo\/ -->\n<title>Atas de 2022 - PPGE - Programa de P\u00f3s-Gradua\u00e7\u00e3o em Educa\u00e7\u00e3o<\/title>\n<meta name=\"robots\" content=\"index, follow\" \/>\n<meta name=\"googlebot\" content=\"index, follow, max-snippet:-1, max-image-preview:large, max-video-preview:-1\" \/>\n<meta name=\"bingbot\" content=\"index, follow, max-snippet:-1, max-image-preview:large, max-video-preview:-1\" \/>\n<link rel=\"canonical\" href=\"https:\/\/www.posgraduacao.unimontes.br\/ppge\/atas-reunioes-colegiadas\/atas-de-2022\/\" \/>\n<meta property=\"og:locale\" content=\"pt_BR\" \/>\n<meta property=\"og:type\" content=\"article\" \/>\n<meta property=\"og:title\" content=\"Atas de 2022 - PPGE - Programa de P\u00f3s-Gradua\u00e7\u00e3o em Educa\u00e7\u00e3o\" \/>\n<meta property=\"og:description\" content=\"Arquivo Atas Reuni\u00f5es Colegiadas- 2022\" \/>\n<meta property=\"og:url\" content=\"https:\/\/www.posgraduacao.unimontes.br\/ppge\/atas-reunioes-colegiadas\/atas-de-2022\/\" \/>\n<meta property=\"og:site_name\" content=\"PPGE - Programa de P\u00f3s-Gradua\u00e7\u00e3o em Educa\u00e7\u00e3o\" \/>\n<meta property=\"article:modified_time\" content=\"2025-01-27T15:20:31+00:00\" \/>\n<meta name=\"twitter:card\" content=\"summary_large_image\" \/>\n<script type=\"application\/ld+json\" class=\"yoast-schema-graph\">{\"@context\":\"https:\/\/schema.org\",\"@graph\":[{\"@type\":\"WebSite\",\"@id\":\"https:\/\/www.posgraduacao.unimontes.br\/ppge\/#website\",\"url\":\"https:\/\/www.posgraduacao.unimontes.br\/ppge\/\",\"name\":\"PPGE - Programa de P\\u00f3s-Gradua\\u00e7\\u00e3o em Educa\\u00e7\\u00e3o\",\"description\":\"O Programa de P\\u00f3s-Gradua\\u00e7\\u00e3o em Educa\\u00e7\\u00e3o \\u2014 Mestrado Acad\\u00eamico (PPGE) foi instalado em dezembro de 2018, ap\\u00f3s recomenda\\u00e7\\u00e3o pela Coordena\\u00e7\\u00e3o de Aperfei\\u00e7oamento de Pessoal de N\\u00edvel Superior (CAPES), com in\\u00edcio das atividades docentes previstas para abril de 2019. O Programa \\u00e9 desenvolvido pela Unimontes, institui\\u00e7\\u00e3o universit\\u00e1ria vinculada \\u00e0 Secretaria de Ci\\u00eancia e Tecnologia do Estado de Minas Gerais.\",\"potentialAction\":[{\"@type\":\"SearchAction\",\"target\":\"https:\/\/www.posgraduacao.unimontes.br\/ppge\/?s={search_term_string}\",\"query-input\":\"required name=search_term_string\"}],\"inLanguage\":\"pt-BR\"},{\"@type\":\"WebPage\",\"@id\":\"https:\/\/www.posgraduacao.unimontes.br\/ppge\/atas-reunioes-colegiadas\/atas-de-2022\/#webpage\",\"url\":\"https:\/\/www.posgraduacao.unimontes.br\/ppge\/atas-reunioes-colegiadas\/atas-de-2022\/\",\"name\":\"Atas de 2022 - PPGE - Programa de P\\u00f3s-Gradua\\u00e7\\u00e3o em Educa\\u00e7\\u00e3o\",\"isPartOf\":{\"@id\":\"https:\/\/www.posgraduacao.unimontes.br\/ppge\/#website\"},\"datePublished\":\"2025-01-13T15:42:47+00:00\",\"dateModified\":\"2025-01-27T15:20:31+00:00\",\"inLanguage\":\"pt-BR\",\"potentialAction\":[{\"@type\":\"ReadAction\",\"target\":[\"https:\/\/www.posgraduacao.unimontes.br\/ppge\/atas-reunioes-colegiadas\/atas-de-2022\/\"]}]}]}<\/script>\n<!-- \/ Yoast SEO plugin. -->","_links":{"self":[{"href":"https:\/\/www.posgraduacao.unimontes.br\/ppge\/wp-json\/wp\/v2\/pages\/2565"}],"collection":[{"href":"https:\/\/www.posgraduacao.unimontes.br\/ppge\/wp-json\/wp\/v2\/pages"}],"about":[{"href":"https:\/\/www.posgraduacao.unimontes.br\/ppge\/wp-json\/wp\/v2\/types\/page"}],"author":[{"embeddable":true,"href":"https:\/\/www.posgraduacao.unimontes.br\/ppge\/wp-json\/wp\/v2\/users\/5"}],"replies":[{"embeddable":true,"href":"https:\/\/www.posgraduacao.unimontes.br\/ppge\/wp-json\/wp\/v2\/comments?post=2565"}],"version-history":[{"count":3,"href":"https:\/\/www.posgraduacao.unimontes.br\/ppge\/wp-json\/wp\/v2\/pages\/2565\/revisions"}],"predecessor-version":[{"id":2619,"href":"https:\/\/www.posgraduacao.unimontes.br\/ppge\/wp-json\/wp\/v2\/pages\/2565\/revisions\/2619"}],"up":[{"embeddable":true,"href":"https:\/\/www.posgraduacao.unimontes.br\/ppge\/wp-json\/wp\/v2\/pages\/2473"}],"wp:attachment":[{"href":"https:\/\/www.posgraduacao.unimontes.br\/ppge\/wp-json\/wp\/v2\/media?parent=2565"}],"curies":[{"name":"wp","href":"https:\/\/api.w.org\/{rel}","templated":true}]}}