{"id":2473,"date":"2024-11-18T15:26:23","date_gmt":"2024-11-18T18:26:23","guid":{"rendered":"https:\/\/www.posgraduacao.unimontes.br\/ppge\/?page_id=2473"},"modified":"2024-11-18T15:26:24","modified_gmt":"2024-11-18T18:26:24","slug":"atas-reunioes-colegiadas","status":"publish","type":"page","link":"https:\/\/www.posgraduacao.unimontes.br\/ppge\/atas-reunioes-colegiadas\/","title":{"rendered":"Atas Reuni\u00f5es Colegiadas"},"content":{"rendered":"","protected":false},"excerpt":{"rendered":"","protected":false},"author":5,"featured_media":0,"parent":0,"menu_order":0,"comment_status":"closed","ping_status":"closed","template":"","meta":[],"yoast_head":"<!-- This site is optimized with the Yoast SEO plugin v14.7 - https:\/\/yoast.com\/wordpress\/plugins\/seo\/ -->\n<title>Atas Reuni\u00f5es Colegiadas - PPGE - Programa de P\u00f3s-Gradua\u00e7\u00e3o em Educa\u00e7\u00e3o<\/title>\n<meta name=\"robots\" content=\"index, follow\" \/>\n<meta name=\"googlebot\" content=\"index, follow, max-snippet:-1, max-image-preview:large, max-video-preview:-1\" \/>\n<meta name=\"bingbot\" content=\"index, follow, max-snippet:-1, max-image-preview:large, max-video-preview:-1\" \/>\n<link rel=\"canonical\" href=\"https:\/\/www.posgraduacao.unimontes.br\/ppge\/atas-reunioes-colegiadas\/\" \/>\n<meta property=\"og:locale\" content=\"pt_BR\" \/>\n<meta property=\"og:type\" content=\"article\" \/>\n<meta property=\"og:title\" content=\"Atas Reuni\u00f5es Colegiadas - PPGE - Programa de P\u00f3s-Gradua\u00e7\u00e3o em Educa\u00e7\u00e3o\" \/>\n<meta property=\"og:url\" content=\"https:\/\/www.posgraduacao.unimontes.br\/ppge\/atas-reunioes-colegiadas\/\" \/>\n<meta property=\"og:site_name\" content=\"PPGE - Programa de P\u00f3s-Gradua\u00e7\u00e3o em Educa\u00e7\u00e3o\" \/>\n<meta property=\"article:modified_time\" content=\"2024-11-18T18:26:24+00:00\" \/>\n<meta name=\"twitter:card\" content=\"summary_large_image\" \/>\n<script type=\"application\/ld+json\" class=\"yoast-schema-graph\">{\"@context\":\"https:\/\/schema.org\",\"@graph\":[{\"@type\":\"WebSite\",\"@id\":\"https:\/\/www.posgraduacao.unimontes.br\/ppge\/#website\",\"url\":\"https:\/\/www.posgraduacao.unimontes.br\/ppge\/\",\"name\":\"PPGE - Programa de P\\u00f3s-Gradua\\u00e7\\u00e3o em Educa\\u00e7\\u00e3o\",\"description\":\"O Programa de P\\u00f3s-Gradua\\u00e7\\u00e3o em Educa\\u00e7\\u00e3o \\u2014 Mestrado Acad\\u00eamico (PPGE) foi instalado em dezembro de 2018, ap\\u00f3s recomenda\\u00e7\\u00e3o pela Coordena\\u00e7\\u00e3o de Aperfei\\u00e7oamento de Pessoal de N\\u00edvel Superior (CAPES), com in\\u00edcio das atividades docentes previstas para abril de 2019. O Programa \\u00e9 desenvolvido pela Unimontes, institui\\u00e7\\u00e3o universit\\u00e1ria vinculada \\u00e0 Secretaria de Ci\\u00eancia e Tecnologia do Estado de Minas Gerais.\",\"potentialAction\":[{\"@type\":\"SearchAction\",\"target\":\"https:\/\/www.posgraduacao.unimontes.br\/ppge\/?s={search_term_string}\",\"query-input\":\"required name=search_term_string\"}],\"inLanguage\":\"pt-BR\"},{\"@type\":\"WebPage\",\"@id\":\"https:\/\/www.posgraduacao.unimontes.br\/ppge\/atas-reunioes-colegiadas\/#webpage\",\"url\":\"https:\/\/www.posgraduacao.unimontes.br\/ppge\/atas-reunioes-colegiadas\/\",\"name\":\"Atas Reuni\\u00f5es Colegiadas - PPGE - Programa de P\\u00f3s-Gradua\\u00e7\\u00e3o em Educa\\u00e7\\u00e3o\",\"isPartOf\":{\"@id\":\"https:\/\/www.posgraduacao.unimontes.br\/ppge\/#website\"},\"datePublished\":\"2024-11-18T18:26:23+00:00\",\"dateModified\":\"2024-11-18T18:26:24+00:00\",\"inLanguage\":\"pt-BR\",\"potentialAction\":[{\"@type\":\"ReadAction\",\"target\":[\"https:\/\/www.posgraduacao.unimontes.br\/ppge\/atas-reunioes-colegiadas\/\"]}]}]}<\/script>\n<!-- \/ Yoast SEO plugin. -->","_links":{"self":[{"href":"https:\/\/www.posgraduacao.unimontes.br\/ppge\/wp-json\/wp\/v2\/pages\/2473"}],"collection":[{"href":"https:\/\/www.posgraduacao.unimontes.br\/ppge\/wp-json\/wp\/v2\/pages"}],"about":[{"href":"https:\/\/www.posgraduacao.unimontes.br\/ppge\/wp-json\/wp\/v2\/types\/page"}],"author":[{"embeddable":true,"href":"https:\/\/www.posgraduacao.unimontes.br\/ppge\/wp-json\/wp\/v2\/users\/5"}],"replies":[{"embeddable":true,"href":"https:\/\/www.posgraduacao.unimontes.br\/ppge\/wp-json\/wp\/v2\/comments?post=2473"}],"version-history":[{"count":1,"href":"https:\/\/www.posgraduacao.unimontes.br\/ppge\/wp-json\/wp\/v2\/pages\/2473\/revisions"}],"predecessor-version":[{"id":2474,"href":"https:\/\/www.posgraduacao.unimontes.br\/ppge\/wp-json\/wp\/v2\/pages\/2473\/revisions\/2474"}],"wp:attachment":[{"href":"https:\/\/www.posgraduacao.unimontes.br\/ppge\/wp-json\/wp\/v2\/media?parent=2473"}],"curies":[{"name":"wp","href":"https:\/\/api.w.org\/{rel}","templated":true}]}}