{"id":2168,"date":"2023-11-30T12:56:45","date_gmt":"2023-11-30T15:56:45","guid":{"rendered":"https:\/\/www.posgraduacao.unimontes.br\/ppge\/?page_id=2168"},"modified":"2024-02-07T11:25:46","modified_gmt":"2024-02-07T14:25:46","slug":"lato-sensu","status":"publish","type":"page","link":"https:\/\/www.posgraduacao.unimontes.br\/ppge\/lato-sensu\/","title":{"rendered":"LATO SENSU"},"content":{"rendered":"<section class=\"kc-elm kc-css-628874 kc_row\"><div class=\"kc-row-container  kc-container\"><div class=\"kc-wrap-columns\"><div class=\"kc-elm kc-css-655890 kc_col-sm-12 kc_column kc_col-sm-12\"><div class=\"kc-col-container\"><div class=\"kc-elm kc-css-678233\" style=\"height: 20px; clear: both; width:100%;\"><\/div><\/div><\/div><\/div><\/div><\/section><section class=\"kc-elm kc-css-678832 kc_row\"><div class=\"kc-row-container  kc-container\"><div class=\"kc-wrap-columns\"><div class=\"kc-elm kc-css-130706 kc_col-sm-2 kc_column kc_col-sm-2\"><div class=\"kc-col-container\"><\/div><\/div><div class=\"kc-elm kc-css-228671 kc_col-sm-8 kc_column kc_col-sm-8\"><div class=\"kc-col-container\"><div class=\"kc-elm kc-css-205461 kc_text_block\"><p class=\"MsoNormal\" style=\"margin-bottom: 12pt; text-align: center; line-height: 21.75pt; background-image: initial; background-position: initial; background-size: initial; background-repeat: initial; background-attachment: initial; background-origin: initial; background-clip: initial;\" align=\"center\"><span style=\"font-size: 11.5pt; font-family: 'Arial',sans-serif; mso-fareast-font-family: 'Times New Roman'; color: black; mso-font-kerning: 0pt; mso-ligatures: none; mso-fareast-language: PT-BR;\">Edital n. 1\/2023<\/span><\/p>\n<p class=\"MsoNormal\" style=\"margin-bottom: 12pt; line-height: 21.75pt; background-image: initial; background-position: initial; background-size: initial; background-repeat: initial; background-attachment: initial; background-origin: initial; background-clip: initial;\" align=\"left\"><span style=\"font-size: 11.5pt; font-family: 'Arial',sans-serif; mso-fareast-font-family: 'Times New Roman'; color: black; mso-font-kerning: 0pt; mso-ligatures: none; mso-fareast-language: PT-BR;\">Processo Seletivo para ingresso no curso de P\u00f3s-Gradua\u00e7\u00e3o <i>lato sensu<\/i> em <i>Alfabetiza\u00e7\u00e3o, Letramento e Linguagem Matem\u00e1tica<\/i>, da Universidade Estadual de Montes Claros.<br \/>\n<\/span><\/p>\n<table class=\"MsoNormalTable\" style=\"width: 587.0pt; border-collapse: collapse; mso-yfti-tbllook: 1184; mso-padding-alt: 0cm 0cm 0cm 0cm;\" border=\"0\" width=\"783\" cellspacing=\"0\" cellpadding=\"0\">\n<tbody>\n<tr style=\"mso-yfti-irow: 0; mso-yfti-firstrow: yes; height: 1.0pt;\">\n<td style=\"width: 81.7pt; border: solid white 3.0pt; background: #FFFF66; padding: 0cm 5.4pt 0cm 5.4pt; height: 1.0pt;\" rowspan=\"2\" width=\"109\">\n<p class=\"MsoNormal\" style=\"text-align: center; margin: 6.0pt 0cm 6.0pt 0cm;\" align=\"center\"><span style=\"font-size: 10.5pt; font-family: 'Arial',sans-serif; mso-fareast-font-family: 'Times New Roman'; color: black; mso-font-kerning: 0pt; mso-ligatures: none; mso-fareast-language: PT-BR;\">07\/02\/2024<\/span><\/p>\n<\/td>\n<td style=\"width: 81.7pt; border: solid white 3.0pt; border-left: none; background: #FFFF66; padding: 0cm 5.4pt 0cm 5.4pt; height: 1.0pt;\" width=\"109\">\n<p class=\"MsoNormal\" style=\"text-align: center; margin: 6.0pt 0cm 6.0pt 0cm;\" align=\"center\"><b><span style=\"font-size: 10.5pt; font-family: 'Arial',sans-serif; mso-fareast-font-family: 'Times New Roman'; color: #0070c0; mso-font-kerning: 0pt; mso-ligatures: none; mso-fareast-language: PT-BR;\"><a href=\"http:\/\/www.posgraduacao.unimontes.br\/uploads\/sites\/8\/2024\/02\/reabertura.pdf\" target=\"_blank\" rel=\"noopener\"><span style=\"color: #0070c0; border: 1pt none windowtext; padding: 0cm; text-decoration-line: none;\">Arquivo<\/span><\/a><\/span><\/b><\/p>\n<\/td>\n<td style=\"width: 423.6pt; border: solid white 3.0pt; border-left: none; background: #FFFF66; padding: 0cm 5.4pt 0cm 5.4pt; height: 1.0pt;\" width=\"565\">\n<p class=\"MsoNormal\" style=\"margin: 6pt 0cm;\" align=\"left\"><span style=\"font-size: 10.5pt; font-family: 'Arial',sans-serif; mso-fareast-font-family: 'Times New Roman'; color: black; mso-font-kerning: 0pt; mso-ligatures: none; mso-fareast-language: PT-BR;\">Reabertura do Edital para preenchimento de vagas remanescentes<\/span><\/p>\n<\/td>\n<\/tr>\n<tr style=\"mso-yfti-irow: 1; height: 1.0pt;\">\n<td style=\"width: 81.7pt; border-top: none; border-left: none; border-bottom: solid white 3.0pt; border-right: solid white 3.0pt; mso-border-top-alt: solid white 3.0pt; background: #FFFF66; padding: 0cm 5.4pt 0cm 5.4pt; height: 1.0pt;\" width=\"109\">\n<p class=\"MsoNormal\" style=\"text-align: center; margin: 6.0pt 0cm 6.0pt 0cm;\" align=\"center\"><b><span style=\"font-size: 10.5pt; font-family: 'Arial',sans-serif; mso-fareast-font-family: 'Times New Roman'; color: #0070c0; mso-font-kerning: 0pt; mso-ligatures: none; mso-fareast-language: PT-BR;\"><a href=\"http:\/\/www.posgraduacao.unimontes.br\/uploads\/sites\/8\/2024\/02\/classificados.pdf\" target=\"_blank\" rel=\"noopener\"><span style=\"color: #0070c0; border: 1pt none windowtext; padding: 0cm; text-decoration-line: none;\">Arquivo<\/span><\/a><\/span><\/b><\/p>\n<\/td>\n<td style=\"width: 423.6pt; border-top: none; border-left: none; border-bottom: solid white 3.0pt; border-right: solid white 3.0pt; mso-border-top-alt: solid white 3.0pt; background: #FFFF66; padding: 0cm 5.4pt 0cm 5.4pt; height: 1.0pt;\" width=\"565\">\n<p class=\"MsoNormal\" style=\"margin: 6pt 0cm;\" align=\"left\"><span style=\"font-size: 10.5pt; font-family: 'Arial',sans-serif; mso-fareast-font-family: 'Times New Roman'; color: black; mso-font-kerning: 0pt; mso-ligatures: none; mso-fareast-language: PT-BR;\">Resultado do Processo Seletivo<\/span><\/p>\n<\/td>\n<\/tr>\n<tr style=\"mso-yfti-irow: 2; height: 1.0pt;\">\n<td style=\"width: 81.7pt; border: solid white 3.0pt; border-top: none; mso-border-top-alt: solid white 3.0pt; background: #FFFF66; padding: 0cm 5.4pt 0cm 5.4pt; height: 1.0pt;\" rowspan=\"3\" width=\"109\">\n<p class=\"MsoNormal\" style=\"text-align: center; margin: 6.0pt 0cm 6.0pt 0cm;\" align=\"center\"><span style=\"font-size: 10.5pt; font-family: 'Arial',sans-serif; mso-fareast-font-family: 'Times New Roman'; color: black; mso-font-kerning: 0pt; mso-ligatures: none; mso-fareast-language: PT-BR;\">30\/11\/2023<\/span><\/p>\n<\/td>\n<td style=\"width: 81.7pt; border-top: none; border-left: none; border-bottom: solid white 3.0pt; border-right: solid white 3.0pt; mso-border-top-alt: solid white 3.0pt; background: #FFFF66; padding: 0cm 5.4pt 0cm 5.4pt; height: 1.0pt;\" width=\"109\">\n<p class=\"MsoNormal\" style=\"text-align: center; margin: 6.0pt 0cm 6.0pt 0cm;\" align=\"center\"><b><span style=\"font-size: 10.5pt; font-family: 'Arial',sans-serif; mso-fareast-font-family: 'Times New Roman'; color: #0070c0; mso-font-kerning: 0pt; mso-ligatures: none; mso-fareast-language: PT-BR;\"><a href=\"http:\/\/www.posgraduacao.unimontes.br\/uploads\/sites\/8\/2023\/11\/Edital-Lato-Sensu.pdf\" target=\"_blank\" rel=\"noopener\"><span style=\"color: #0070c0; border: 1pt none windowtext; padding: 0cm; text-decoration-line: none;\">Arquivo<\/span><\/a><\/span><\/b><\/p>\n<\/td>\n<td style=\"width: 423.6pt; border-top: none; border-left: none; border-bottom: solid white 3.0pt; border-right: solid white 3.0pt; mso-border-top-alt: solid white 3.0pt; background: #FFFF66; padding: 0cm 5.4pt 0cm 5.4pt; height: 1.0pt;\" width=\"565\">\n<p class=\"MsoNormal\" style=\"margin: 6pt 0cm;\" align=\"left\"><span style=\"font-size: 10.5pt; font-family: 'Arial',sans-serif; mso-fareast-font-family: 'Times New Roman'; color: black; mso-font-kerning: 0pt; mso-ligatures: none; mso-fareast-language: PT-BR;\">Edital<\/span><\/p>\n<\/td>\n<\/tr>\n<tr style=\"mso-yfti-irow: 3; height: 1.0pt;\">\n<td style=\"width: 81.7pt; border-top: none; border-left: none; border-bottom: solid white 3.0pt; border-right: solid white 3.0pt; background: #FFFF66; padding: 0cm 5.4pt 0cm 5.4pt; height: 1.0pt;\" width=\"109\">\n<p class=\"MsoNormal\" style=\"text-align: center; margin: 6.0pt 0cm 6.0pt 0cm;\" align=\"center\"><b><span style=\"font-size: 10.5pt; font-family: 'Arial',sans-serif; mso-fareast-font-family: 'Times New Roman'; color: #0070c0; mso-font-kerning: 0pt; mso-ligatures: none; mso-fareast-language: PT-BR;\"><a href=\"https:\/\/docs.google.com\/forms\/d\/e\/1FAIpQLSfF0cLhIDwWPeFkpK0qo5YJKfBRNCgaQCxqnHiYmnwgbBdlew\/viewform?usp=sf_link\" target=\"_blank\" rel=\"noopener\"><span style=\"color: #0070c0; border: 1pt none windowtext; padding: 0cm; text-decoration-line: none;\">Link<\/span><\/a><\/span><\/b><\/p>\n<\/td>\n<td style=\"width: 423.6pt; border-top: none; border-left: none; border-bottom: solid white 3.0pt; border-right: solid white 3.0pt; background: #FFFF66; padding: 0cm 5.4pt 0cm 5.4pt; height: 1.0pt;\" width=\"565\">\n<p class=\"MsoNormal\" style=\"margin: 6pt 0cm;\" align=\"left\"><span style=\"font-size: 10.5pt; font-family: 'Arial',sans-serif; mso-fareast-font-family: 'Times New Roman'; color: black; mso-font-kerning: 0pt; mso-ligatures: none; mso-fareast-language: PT-BR;\">Formul\u00e1rio de Inscri\u00e7\u00e3o<\/span><\/p>\n<\/td>\n<\/tr>\n<tr style=\"mso-yfti-irow: 4; mso-yfti-lastrow: yes; height: 1.0pt;\">\n<td style=\"width: 81.7pt; border-top: none; border-left: none; border-bottom: solid white 3.0pt; border-right: solid white 3.0pt; background: #FFFF66; padding: 0cm 5.4pt 0cm 5.4pt; height: 1.0pt;\" width=\"109\">\n<p class=\"MsoNormal\" style=\"text-align: center; margin: 6.0pt 0cm 6.0pt 0cm;\" align=\"center\"><b><span style=\"font-size: 10.5pt; font-family: 'Arial',sans-serif; mso-fareast-font-family: 'Times New Roman'; color: #0070c0; mso-font-kerning: 0pt; mso-ligatures: none; mso-fareast-language: PT-BR;\"><a href=\"https:\/\/drive.google.com\/u\/0\/uc?id=1ne6irI5TGqmjTpOx7FBqiMvASCv_B6YK&amp;export=download\" target=\"_blank\" rel=\"noopener\"><span style=\"color: #0070c0; border: 1pt none windowtext; padding: 0cm; text-decoration-line: none;\">Arquivo<\/span><\/a><\/span><\/b><\/p>\n<\/td>\n<td style=\"width: 423.6pt; border-top: none; border-left: none; border-bottom: solid white 3.0pt; border-right: solid white 3.0pt; background: #FFFF66; padding: 0cm 5.4pt 0cm 5.4pt; height: 1.0pt;\" width=\"565\">\n<p class=\"MsoNormal\" style=\"margin: 6pt 0cm;\" align=\"left\"><span style=\"font-size: 10.5pt; font-family: 'Arial',sans-serif; mso-fareast-font-family: 'Times New Roman'; color: black; mso-font-kerning: 0pt; mso-ligatures: none; mso-fareast-language: PT-BR;\">Anexos<\/span><\/p>\n<\/td>\n<\/tr>\n<\/tbody>\n<\/table>\n<\/div><\/div><\/div><div class=\"kc-elm kc-css-907960 kc_col-sm-2 kc_column kc_col-sm-2\"><div class=\"kc-col-container\"><\/div><\/div><\/div><\/div><\/section>\n","protected":false},"excerpt":{"rendered":"","protected":false},"author":5,"featured_media":0,"parent":0,"menu_order":0,"comment_status":"closed","ping_status":"closed","template":"","meta":[],"yoast_head":"<!-- This site is optimized with the Yoast SEO plugin v14.7 - https:\/\/yoast.com\/wordpress\/plugins\/seo\/ -->\n<title>LATO SENSU - PPGE - Programa de P\u00f3s-Gradua\u00e7\u00e3o em Educa\u00e7\u00e3o<\/title>\n<meta name=\"robots\" content=\"index, follow\" \/>\n<meta name=\"googlebot\" content=\"index, follow, max-snippet:-1, max-image-preview:large, max-video-preview:-1\" \/>\n<meta name=\"bingbot\" content=\"index, follow, max-snippet:-1, max-image-preview:large, max-video-preview:-1\" \/>\n<link rel=\"canonical\" href=\"https:\/\/www.posgraduacao.unimontes.br\/ppge\/lato-sensu\/\" \/>\n<meta property=\"og:locale\" content=\"pt_BR\" \/>\n<meta property=\"og:type\" content=\"article\" \/>\n<meta property=\"og:title\" content=\"LATO SENSU - PPGE - Programa de P\u00f3s-Gradua\u00e7\u00e3o em Educa\u00e7\u00e3o\" \/>\n<meta property=\"og:description\" content=\"Edital n. 1\/2023 Processo Seletivo para ingresso no curso de P\u00f3s-Gradua\u00e7\u00e3o lato sensu em Alfabetiza\u00e7\u00e3o, Letramento e Linguagem Matem\u00e1tica, da Universidade Estadual de Montes Claros. 07\/02\/2024 Arquivo Reabertura do Edital para preenchimento de vagas remanescentes Arquivo Resultado do Processo Seletivo 30\/11\/2023 Arquivo Edital Link Formul\u00e1rio de Inscri\u00e7\u00e3o Arquivo Anexos\" \/>\n<meta property=\"og:url\" content=\"https:\/\/www.posgraduacao.unimontes.br\/ppge\/lato-sensu\/\" \/>\n<meta property=\"og:site_name\" content=\"PPGE - Programa de P\u00f3s-Gradua\u00e7\u00e3o em Educa\u00e7\u00e3o\" \/>\n<meta property=\"article:modified_time\" content=\"2024-02-07T14:25:46+00:00\" \/>\n<meta name=\"twitter:card\" content=\"summary_large_image\" \/>\n<script type=\"application\/ld+json\" class=\"yoast-schema-graph\">{\"@context\":\"https:\/\/schema.org\",\"@graph\":[{\"@type\":\"WebSite\",\"@id\":\"https:\/\/www.posgraduacao.unimontes.br\/ppge\/#website\",\"url\":\"https:\/\/www.posgraduacao.unimontes.br\/ppge\/\",\"name\":\"PPGE - Programa de P\\u00f3s-Gradua\\u00e7\\u00e3o em Educa\\u00e7\\u00e3o\",\"description\":\"O Programa de P\\u00f3s-Gradua\\u00e7\\u00e3o em Educa\\u00e7\\u00e3o \\u2014 Mestrado Acad\\u00eamico (PPGE) foi instalado em dezembro de 2018, ap\\u00f3s recomenda\\u00e7\\u00e3o pela Coordena\\u00e7\\u00e3o de Aperfei\\u00e7oamento de Pessoal de N\\u00edvel Superior (CAPES), com in\\u00edcio das atividades docentes previstas para abril de 2019. O Programa \\u00e9 desenvolvido pela Unimontes, institui\\u00e7\\u00e3o universit\\u00e1ria vinculada \\u00e0 Secretaria de Ci\\u00eancia e Tecnologia do Estado de Minas Gerais.\",\"potentialAction\":[{\"@type\":\"SearchAction\",\"target\":\"https:\/\/www.posgraduacao.unimontes.br\/ppge\/?s={search_term_string}\",\"query-input\":\"required name=search_term_string\"}],\"inLanguage\":\"pt-BR\"},{\"@type\":\"WebPage\",\"@id\":\"https:\/\/www.posgraduacao.unimontes.br\/ppge\/lato-sensu\/#webpage\",\"url\":\"https:\/\/www.posgraduacao.unimontes.br\/ppge\/lato-sensu\/\",\"name\":\"LATO SENSU - PPGE - Programa de P\\u00f3s-Gradua\\u00e7\\u00e3o em Educa\\u00e7\\u00e3o\",\"isPartOf\":{\"@id\":\"https:\/\/www.posgraduacao.unimontes.br\/ppge\/#website\"},\"datePublished\":\"2023-11-30T15:56:45+00:00\",\"dateModified\":\"2024-02-07T14:25:46+00:00\",\"inLanguage\":\"pt-BR\",\"potentialAction\":[{\"@type\":\"ReadAction\",\"target\":[\"https:\/\/www.posgraduacao.unimontes.br\/ppge\/lato-sensu\/\"]}]}]}<\/script>\n<!-- \/ Yoast SEO plugin. -->","_links":{"self":[{"href":"https:\/\/www.posgraduacao.unimontes.br\/ppge\/wp-json\/wp\/v2\/pages\/2168"}],"collection":[{"href":"https:\/\/www.posgraduacao.unimontes.br\/ppge\/wp-json\/wp\/v2\/pages"}],"about":[{"href":"https:\/\/www.posgraduacao.unimontes.br\/ppge\/wp-json\/wp\/v2\/types\/page"}],"author":[{"embeddable":true,"href":"https:\/\/www.posgraduacao.unimontes.br\/ppge\/wp-json\/wp\/v2\/users\/5"}],"replies":[{"embeddable":true,"href":"https:\/\/www.posgraduacao.unimontes.br\/ppge\/wp-json\/wp\/v2\/comments?post=2168"}],"version-history":[{"count":3,"href":"https:\/\/www.posgraduacao.unimontes.br\/ppge\/wp-json\/wp\/v2\/pages\/2168\/revisions"}],"predecessor-version":[{"id":2201,"href":"https:\/\/www.posgraduacao.unimontes.br\/ppge\/wp-json\/wp\/v2\/pages\/2168\/revisions\/2201"}],"wp:attachment":[{"href":"https:\/\/www.posgraduacao.unimontes.br\/ppge\/wp-json\/wp\/v2\/media?parent=2168"}],"curies":[{"name":"wp","href":"https:\/\/api.w.org\/{rel}","templated":true}]}}