{"id":178,"date":"2017-03-28T13:45:37","date_gmt":"2017-03-28T16:45:37","guid":{"rendered":"http:\/\/www.posgraduacao.unimontes.br\/site-modelo\/?page_id=178"},"modified":"2025-09-09T10:30:28","modified_gmt":"2025-09-09T13:30:28","slug":"credenciamento","status":"publish","type":"page","link":"https:\/\/www.posgraduacao.unimontes.br\/ppge\/credenciamento\/","title":{"rendered":"Chamada para Credenciamento Docente em Fluxo Cont\u00ednuo"},"content":{"rendered":"<section class=\"kc-elm kc-css-975565 kc_row\"><div class=\"kc-row-container  kc-container\"><div class=\"kc-wrap-columns\"><div class=\"kc-elm kc-css-338076 kc_col-sm-12 kc_column kc_col-sm-12\"><div class=\"kc-col-container\"><div class=\"kc-elm kc-css-771459\" style=\"height: 30px; clear: both; width:100%;\"><\/div><\/div><\/div><\/div><\/div><\/section><section class=\"kc-elm kc-css-879594 kc_row\"><div class=\"kc-row-container  kc-container\"><div class=\"kc-wrap-columns\"><div class=\"kc-elm kc-css-222185 kc_col-sm-2 kc_column kc_col-sm-2\"><div class=\"kc-col-container\"><\/div><\/div><div class=\"kc-elm kc-css-567583 kc_col-sm-8 kc_column kc_col-sm-8\"><div class=\"kc-col-container\"><div class=\"kc-elm kc-css-308998 kc_text_block\"><p style=\"box-sizing: border-box; margin-top: 0px; line-height: 29px; font-size: 17px; text-align: justify; font-family: Raleway;\"><span style=\"color: black; font-family: Arial, sans-serif; font-style: inherit; font-size: 14px;\">O corpo docente do Programa de P\u00f3s-Gradua\u00e7\u00e3o em Educa\u00e7\u00e3o (PPGE) \u00e9 composto por pesquisadoras e pesquisadores com titula\u00e7\u00e3o de Doutorado em Educa\u00e7\u00e3o ou \u00e1reas correlatas, a crit\u00e9rio do Colegiado e em conson\u00e2ncia com a \u00e1rea de concentra\u00e7\u00e3o e as linhas de pesquisa do curso.<\/span><\/p>\n<p style=\"box-sizing: border-box; margin-top: 0px; line-height: 29px; font-size: 17px; text-align: justify; font-family: Raleway;\"><span style=\"color: black; font-family: Arial, sans-serif; font-style: inherit; font-size: 14px;\">O credenciamento de pesquisadoras e pesquisadores para compor o corpo docente do PPGE \u00e9 de fluxo cont\u00ednuo, mediante envio de proposta de credenciamento para a Coordena\u00e7\u00e3o do Programa.<\/span><\/p>\n<p style=\"box-sizing: border-box; margin-top: 0px; line-height: 29px; font-size: 17px; text-align: justify; font-family: Raleway;\"><span style=\"color: black; font-family: Arial, sans-serif; font-style: inherit; font-size: 14px;\">A solicita\u00e7\u00e3o de credenciamento deve ser acompanhada dos seguintes documentos:<\/span><\/p>\n<ul>\n<li style=\"box-sizing: border-box; line-height: 29px; font-size: 17px; text-align: justify; font-family: Raleway;\"><i style=\"font-size: 14px; font-family: -apple-system, BlinkMacSystemFont, 'Segoe UI', Roboto, Oxygen-Sans, Ubuntu, Cantarell, 'Helvetica Neue', sans-serif;\"><span style=\"font-family: 'Arial',sans-serif; mso-fareast-font-family: 'Times New Roman'; color: black; mso-color-alt: windowtext; mso-font-kerning: 0pt; mso-ligatures: none; mso-fareast-language: PT-BR;\">Requerimento<\/span><\/i><span style=\"font-size: 14px; font-style: inherit; font-family: Arial, sans-serif; color: black;\"> contendo dados pessoais, profissionais e acad\u00eamicos e explicitando a linha de pesquisa a qual pretende vincular-se;<\/span><\/li>\n<li style=\"box-sizing: border-box; line-height: 29px; font-size: 17px; text-align: justify; font-family: Raleway;\"><i style=\"font-size: 14px; font-family: -apple-system, BlinkMacSystemFont, 'Segoe UI', Roboto, Oxygen-Sans, Ubuntu, Cantarell, 'Helvetica Neue', sans-serif;\"><span style=\"font-family: 'Arial',sans-serif; mso-fareast-font-family: 'Times New Roman'; color: black; mso-color-alt: windowtext; mso-font-kerning: 0pt; mso-ligatures: none; mso-fareast-language: PT-BR;\">Comprova\u00e7\u00e3o de titula\u00e7\u00e3o<\/span><\/i><span style=\"font-size: 14px; font-style: inherit; font-family: Arial, sans-serif; color: black;\"> \u2014 diploma ou ata de defesa;<\/span><\/li>\n<li style=\"box-sizing: border-box; line-height: 29px; font-size: 17px; text-align: justify; font-family: Raleway;\"><i style=\"font-size: 14px; font-family: -apple-system, BlinkMacSystemFont, 'Segoe UI', Roboto, Oxygen-Sans, Ubuntu, Cantarell, 'Helvetica Neue', sans-serif;\"><span style=\"font-family: 'Arial',sans-serif; mso-fareast-font-family: 'Times New Roman'; color: black; mso-color-alt: windowtext; mso-font-kerning: 0pt; mso-ligatures: none; mso-fareast-language: PT-BR;\">Plano de trabalho<\/span><\/i><span style=\"font-size: 14px; font-style: inherit; font-family: Arial, sans-serif; color: black;\"> para a Quadrienal-CAPES em vig\u00eancia, que conste (<i>i<\/i>) as disciplinas que pleiteia ministrar; (<i>ii<\/i>) atividades de pesquisa a serem desenvolvidas; (<i>iii<\/i>) quantitativo e detalhamento de publica\u00e7\u00f5es bibliogr\u00e1ficas pretendidas \u2014 artigos por estratos do Qualis-CAPES, livro, cap\u00edtulo de livro, trabalho a ser apresentado e publicado em anais de eventos; (<i>iv<\/i>) atividades de coopera\u00e7\u00e3o institucional \u2014 desenvolvimento de projetos, participa\u00e7\u00e3o em a\u00e7\u00f5es espec\u00edficas de Programa de P\u00f3s-Gradua\u00e7\u00e3o em outra institui\u00e7\u00e3o,<br \/>\nparticipa\u00e7\u00e3o em grupo de pesquisa vinculado a outra institui\u00e7\u00e3o; atividades de extens\u00e3o etc.<\/span><\/li>\n<li style=\"box-sizing: border-box; line-height: 29px; font-size: 17px; text-align: justify; font-family: Raleway;\"><i style=\"font-size: 14px; font-family: -apple-system, BlinkMacSystemFont, 'Segoe UI', Roboto, Oxygen-Sans, Ubuntu, Cantarell, 'Helvetica Neue', sans-serif;\"><span style=\"font-family: 'Arial',sans-serif; mso-fareast-font-family: 'Times New Roman'; color: black; mso-color-alt: windowtext; mso-font-kerning: 0pt; mso-ligatures: none; mso-fareast-language: PT-BR;\">Projeto de Pesquisa<\/span><\/i><span style=\"font-size: 14px; font-style: inherit; font-family: Arial, sans-serif; color: black;\"> compat\u00edvel com o escopo do Programa e a linha de pesquisa que pretende vincular-se, institucionalizado ou a ser institucionalizado na Unimontes (se for professor do quadro de efetivos da universidade), aprovado por ou com potencial de ser submetido a ag\u00eancia de fomento;<\/span><\/li>\n<li style=\"box-sizing: border-box; line-height: 29px; font-size: 17px; text-align: justify; font-family: Raleway;\"><i style=\"font-size: 14px; font-family: -apple-system, BlinkMacSystemFont, 'Segoe UI', Roboto, Oxygen-Sans, Ubuntu, Cantarell, 'Helvetica Neue', sans-serif;\"><span style=\"font-family: 'Arial',sans-serif; mso-fareast-font-family: 'Times New Roman'; color: black; mso-color-alt: windowtext; mso-font-kerning: 0pt; mso-ligatures: none; mso-fareast-language: PT-BR;\">Curr\u00edculo Lattes<\/span><\/i><span style=\"font-size: 14px; font-style: inherit; font-family: Arial, sans-serif; color: black;\"> atualizado no m\u00eas de envio da proposta de credenciamento, em formato PDF.<\/span><\/li>\n<li style=\"box-sizing: border-box; line-height: 29px; font-size: 17px; text-align: justify; font-family: Raleway;\"><i style=\"font-size: 14px; font-family: -apple-system, BlinkMacSystemFont, 'Segoe UI', Roboto, Oxygen-Sans, Ubuntu, Cantarell, 'Helvetica Neue', sans-serif;\"><span style=\"font-family: 'Arial',sans-serif; mso-fareast-font-family: 'Times New Roman'; color: black; mso-color-alt: windowtext; mso-font-kerning: 0pt; mso-ligatures: none; mso-fareast-language: PT-BR;\">Termo de Cess\u00e3o<\/span><\/i><span style=\"font-size: 14px; font-style: inherit; font-family: Arial, sans-serif; color: black;\">, exclusivamente para professores que n\u00e3o comp\u00f5em o corpo docente da Unimontes e que tenham v\u00ednculo formal com alguma institui\u00e7\u00e3o de ensino superior.<\/span><\/li>\n<li style=\"box-sizing: border-box; line-height: 29px; font-size: 17px; text-align: justify; font-family: Raleway;\"><i style=\"font-size: 14px; font-family: -apple-system, BlinkMacSystemFont, 'Segoe UI', Roboto, Oxygen-Sans, Ubuntu, Cantarell, 'Helvetica Neue', sans-serif;\"><span style=\"font-family: 'Arial',sans-serif; mso-fareast-font-family: 'Times New Roman'; color: black; mso-color-alt: windowtext; mso-font-kerning: 0pt; mso-ligatures: none; mso-fareast-language: PT-BR;\">Comprovante de publica\u00e7\u00e3o <\/span><\/i><span style=\"font-size: 14px; font-style: inherit; font-family: Arial, sans-serif; color: black;\">nos \u00faltimos tr\u00eas anos de pelo menos dois artigos em peri\u00f3dicos avaliados pela Capes (2017-2020) como A1, A2, A3 ou A4. <i>\u00a0<\/i><\/span><\/li>\n<\/ul>\n<p style=\"box-sizing: border-box; margin-top: 0px; line-height: 29px; font-size: 17px; text-align: justify; font-family: Raleway;\"><span style=\"color: black; font-family: Arial, sans-serif; font-style: inherit; font-size: 14px;\">Embora o credenciamento tenha fluxo cont\u00ednuo para recebimento de propostas, o Colegiado do Programa tem autonomia para avaliar a proposta, considerando aspectos qualitativos e quantitativos priorizados nas avalia\u00e7\u00f5es da Capes, em conson\u00e2ncia com sua demanda e seu espoco. O Colegiado se reunir\u00e1 duas vezes ao ano, nos meses de junho e novembro, para a aprecia\u00e7\u00e3o da an\u00e1lise feita pela Comiss\u00e3o de Credenciamento Docente.<\/span><\/p>\n<p style=\"box-sizing: border-box; margin-top: 0px; line-height: 29px; font-size: 17px; text-align: justify; font-family: Raleway;\"><span style=\"font-size: 14px; font-style: inherit; font-family: Arial, sans-serif; color: black;\">A solicita\u00e7\u00e3o de credenciamento deve ser enviada para o e-mail\u00a0<\/span><span style=\"font-size: 14px; font-style: inherit; font-family: Arial, sans-serif; color: #3366ff;\"><a style=\"color: #3366ff;\" href=\"mailto:ppge@unimontes.br\" target=\"_blank\" rel=\"noopener\"><b>ppge@unimontes.br<\/b><\/a>.<\/span><\/p>\n<p style=\"box-sizing: border-box; margin-top: 0px; line-height: 29px; font-size: 17px; text-align: justify; font-family: Raleway;\"><span style=\"color: black; font-family: Arial, sans-serif; font-size: 14px; font-style: inherit;\">Ser\u00e3o apreciadas em junho as propostas de credenciamento recebidas at\u00e9 3 de junho; e em novembro, as propostas recebidas at\u00e9 31 de outubro de 2022.\u00a0<\/span><\/p>\n<p style=\"box-sizing: border-box; margin-top: 0px; line-height: 29px; font-size: 17px; text-align: justify; font-family: Raleway;\"><span style=\"font-size: 14px; font-style: inherit; color: black; font-family: Arial, sans-serif;\">Na an\u00e1lise da candidatura ser\u00e1 observado o perfil da pesquisadora e do pesquisador, em ader\u00eancia ao escopo do Programa e \u00e0 linha de pesquisa indicada (de ingresso), considerando (<\/span><i style=\"font-size: 14px; color: black; font-family: Arial, sans-serif;\">i<\/i><span style=\"font-size: 14px; font-style: inherit; color: black; font-family: Arial, sans-serif;\">) a sua produ\u00e7\u00e3o intelectual, em especial, a produ\u00e7\u00e3o bibliogr\u00e1fica em peri\u00f3dicos qualificados nos estratos Qualis; (<\/span><i style=\"font-size: 14px; color: black; font-family: Arial, sans-serif;\">ii<\/i><span style=\"font-size: 14px; font-style: inherit; color: black; font-family: Arial, sans-serif;\">) projetos de pesquisa sob sua coordena\u00e7\u00e3o ou participa\u00e7\u00e3o e (<\/span><i style=\"font-size: 14px; color: black; font-family: Arial, sans-serif;\">iii<\/i><span style=\"font-size: 14px; font-style: inherit; color: black; font-family: Arial, sans-serif;\">) orienta\u00e7\u00e3o de estudantes em Inicia\u00e7\u00e3o Cient\u00edfica ou em Trabalhos de Conclus\u00e3o de Curso.<\/span><\/p>\n<p style=\"box-sizing: border-box; margin-top: 0px; line-height: 29px; font-size: 17px; text-align: justify; font-family: Raleway;\"><span style=\"color: black; font-family: Arial, sans-serif; font-style: inherit; font-size: 14px;\">Al\u00e9m desses aspectos, a an\u00e1lise do Curr\u00edculo Lattes levar\u00e1 em conta o potencial da pesquisadora e do pesquisador para a doc\u00eancia de disciplinas; orienta\u00e7\u00e3o de pesquisa e de escrita de disserta\u00e7\u00e3o; coordena\u00e7\u00e3o de projeto de pesquisa; submiss\u00e3o de projeto de pesquisa \u00e0 chamada de ag\u00eancias de fomento; composi\u00e7\u00e3o de comiss\u00f5es de aux\u00edlio ao desenvolvimento das atividades do Programa; participa\u00e7\u00e3o em bancas examinadoras de qualifica\u00e7\u00e3o e defesa; coordena\u00e7\u00e3o ou participa\u00e7\u00e3o em grupo de pesquisa institucionalizado junto ao CNPq; produ\u00e7\u00e3o de artigos em colabora\u00e7\u00e3o com seus orientandos e submiss\u00e3o em peri\u00f3dicos qualificados nos estrados Qualis; participa\u00e7\u00e3o ou coordena\u00e7\u00e3o de a\u00e7\u00f5es, programas e projetos de extens\u00e3o universit\u00e1ria.<\/span><\/p>\n<p style=\"box-sizing: border-box; margin-top: 0px; line-height: 29px; font-size: 17px; text-align: justify; font-family: Raleway;\"><span style=\"color: black; font-family: Arial, sans-serif; font-size: 14px; font-style: inherit;\">\u00c9 recomend\u00e1vel a leitura dos documentos normativos do PPGE, em especial, do <\/span><i style=\"color: black; font-family: Arial, sans-serif; font-size: 14px;\">Regulamento de Credenciamento, Recredenciamento, Descredenciamento e Enquadramento de Professores ao Programa de P\u00f3s-Gradua\u00e7\u00e3o em Educa\u00e7\u00e3o.<\/i><\/p>\n<p style=\"box-sizing: border-box; margin-top: 0px; line-height: 29px; font-size: 17px; text-align: justify; font-family: Raleway;\"><span style=\"color: black; font-family: Arial, sans-serif; font-size: 14px; font-style: inherit;\">O <em>Projeto Pedag\u00f3gico<\/em> do PPGE e seus <em>documentos normativos<\/em>, aprovados pela <strong><span style=\"color: #3366ff;\"><a style=\"color: #3366ff;\" href=\"https:\/\/unimontes.br\/wp-content\/uploads\/2022\/05\/resolucao_cepex029.pdf\" target=\"_blank\" rel=\"noopener\">Resolu\u00e7\u00e3o CEPEx n. 29\/2022<\/a><\/span><\/strong>, podem ser consultados <strong><span style=\"color: #3366ff;\"><a style=\"color: #3366ff;\" href=\"https:\/\/www.posgraduacao.unimontes.br\/ppge\/documentos-e-formularios\/\" target=\"_blank\" rel=\"noopener\">neste link<\/a><\/span><\/strong>, na aba <em>Projeto e Regulamentos<\/em>.<\/span><\/p>\n<p style=\"box-sizing: border-box; margin-top: 0px; line-height: 29px; font-size: 17px; text-align: justify; font-family: Raleway;\"><span style=\"color: black; font-family: Arial, sans-serif; font-size: 14px; font-style: inherit;\">Documentos:<\/span><\/p>\n<table class=\"MsoTableGrid\" style=\"border-collapse: collapse; mso-table-layout-alt: fixed; border: none; mso-border-alt: solid white 3.0pt; mso-border-themecolor: background1; mso-yfti-tbllook: 1184; mso-padding-alt: 0cm 5.4pt 0cm 5.4pt; mso-border-insideh: 3.0pt solid white; mso-border-insideh-themecolor: background1; mso-border-insidev: 3.0pt solid white; mso-border-insidev-themecolor: background1;\" border=\"1\" cellspacing=\"0\" cellpadding=\"0\">\n<tbody>\n<tr>\n<td style=\"width: 2.0cm; border: solid white 3.0pt; mso-border-themecolor: background1; background: #CCFF99; padding: 0cm 5.4pt 0cm 5.4pt;\" width=\"76\">\n<p class=\"MsoNormal\" style=\"text-align: center; mso-pagination: none; margin: 4.0pt 0cm 4.0pt 0cm;\" align=\"center\"><span style=\"color: #3366ff;\"><strong><span style=\"font-family: Arial, sans-serif; font-weight: normal;\"><a style=\"color: #3366ff;\" href=\"http:\/\/www.posgraduacao.unimontes.br\/uploads\/sites\/8\/2022\/05\/Regulamento.pdf\" target=\"_blank\" rel=\"noopener\"><b><span style=\"font-variant-numeric: normal; font-variant-east-asian: normal; text-decoration-skip-ink: none; white-space: pre-wrap;\">Arquiv<\/span><\/b><b>o<\/b><\/a><\/span><\/strong><\/span><b><\/b><\/p>\n<\/td>\n<td style=\"width: 354.05pt; border: solid white 3.0pt; mso-border-themecolor: background1; border-left: none; mso-border-left-alt: solid white 3.0pt; mso-border-left-themecolor: background1; background: #CCFF99; padding: 0cm 5.4pt 0cm 5.4pt;\" width=\"472\">\n<p class=\"MsoNormal\" style=\"mso-pagination: none; margin: 4.0pt 0cm 4.0pt 0cm;\"><span style=\"font-family: Arial, sans-serif; color: #000000;\">Regulamento do PPGE<\/span><\/p>\n<\/td>\n<\/tr>\n<tr>\n<td style=\"width: 2.0cm; border: solid white 3.0pt; mso-border-themecolor: background1; border-top: none; mso-border-top-alt: solid white 3.0pt; mso-border-top-themecolor: background1; background: #CCFF99; padding: 0cm 5.4pt 0cm 5.4pt;\" width=\"76\">\n<p class=\"MsoNormal\" style=\"text-align: center; mso-pagination: none; margin: 4.0pt 0cm 4.0pt 0cm;\" align=\"center\"><span style=\"color: #3366ff;\"><strong><span style=\"font-family: Arial, sans-serif; font-weight: normal;\"><a style=\"color: #3366ff;\" href=\"https:\/\/www.posgraduacao.unimontes.br\/uploads\/sites\/8\/2022\/05\/Regulamento-de-Credenciamento-Recredenciamento-Descredenciamento-e-Enquadramento-de-Professores.pdf\" target=\"_blank\" rel=\"noopener\"><b><span style=\"font-variant-numeric: normal; font-variant-east-asian: normal; text-decoration-skip-ink: none; white-space: pre-wrap;\">Arquiv<\/span><\/b><b>o<\/b><\/a><\/span><\/strong><\/span><b><\/b><\/p>\n<\/td>\n<td style=\"width: 354.05pt; border-top: none; border-left: none; border-bottom: solid white 3.0pt; mso-border-bottom-themecolor: background1; border-right: solid white 3.0pt; mso-border-right-themecolor: background1; mso-border-top-alt: solid white 3.0pt; mso-border-top-themecolor: background1; mso-border-left-alt: solid white 3.0pt; mso-border-left-themecolor: background1; background: #CCFF99; padding: 0cm 5.4pt 0cm 5.4pt;\" width=\"472\">\n<p class=\"MsoNormal\" style=\"mso-pagination: none; margin: 4.0pt 0cm 4.0pt 0cm;\"><span style=\"font-family: Arial, sans-serif; color: #000000;\">Regulamento de Credenciamento, Recredenciamento, Descredenciamento e Enquadramento de Professores<\/span><\/p>\n<\/td>\n<\/tr>\n<tr>\n<td style=\"width: 2.0cm; border: solid white 3.0pt; mso-border-themecolor: background1; border-top: none; mso-border-top-alt: solid white 3.0pt; mso-border-top-themecolor: background1; background: #CCFF99; padding: 0cm 5.4pt 0cm 5.4pt;\" width=\"76\">\n<p class=\"MsoNormal\" style=\"text-align: center; mso-pagination: none; margin: 4.0pt 0cm 4.0pt 0cm;\" align=\"center\"><span style=\"color: #3366ff;\"><b><span style=\"font-family: Arial, sans-serif;\"><a style=\"color: #3366ff;\" href=\"https:\/\/drive.google.com\/u\/0\/uc?id=1-HYQPiRc24frPjjcHEe3Gr6WjDwrUdhe&amp;export=download\" target=\"_blank\" rel=\"noopener\">Arquivo<\/a><\/span><\/b><\/span><b><\/b><\/p>\n<\/td>\n<td style=\"width: 354.05pt; border-top: none; border-left: none; border-bottom: solid white 3.0pt; mso-border-bottom-themecolor: background1; border-right: solid white 3.0pt; mso-border-right-themecolor: background1; mso-border-top-alt: solid white 3.0pt; mso-border-top-themecolor: background1; mso-border-left-alt: solid white 3.0pt; mso-border-left-themecolor: background1; background: #CCFF99; padding: 0cm 5.4pt 0cm 5.4pt;\" width=\"472\">\n<p class=\"MsoNormal\" style=\"mso-pagination: none; margin: 4.0pt 0cm 4.0pt 0cm;\"><span style=\"font-family: Arial, sans-serif; color: #000000;\">Requerimento de Credenciamento<\/span><\/p>\n<\/td>\n<\/tr>\n<tr>\n<td style=\"width: 2.0cm; border: solid white 3.0pt; mso-border-themecolor: background1; border-top: none; mso-border-top-alt: solid white 3.0pt; mso-border-top-themecolor: background1; background: #CCFF99; padding: 0cm 5.4pt 0cm 5.4pt;\" width=\"76\">\n<p class=\"MsoNormal\" style=\"text-align: center; mso-pagination: none; margin: 4.0pt 0cm 4.0pt 0cm;\" align=\"center\"><span style=\"color: #3366ff;\"><b><span style=\"font-family: Arial, sans-serif;\"><a style=\"color: #3366ff;\" href=\"https:\/\/drive.google.com\/u\/0\/uc?id=1SWbazJg6DJtEk8JiQfcijDqMw4GWzTIR&amp;export=download\" target=\"_blank\" rel=\"noopener\">Arquivo<\/a><\/span><\/b><\/span><b><\/b><\/p>\n<\/td>\n<td style=\"width: 354.05pt; border-top: none; border-left: none; border-bottom: solid white 3.0pt; mso-border-bottom-themecolor: background1; border-right: solid white 3.0pt; mso-border-right-themecolor: background1; mso-border-top-alt: solid white 3.0pt; mso-border-top-themecolor: background1; mso-border-left-alt: solid white 3.0pt; mso-border-left-themecolor: background1; background: #CCFF99; padding: 0cm 5.4pt 0cm 5.4pt;\" width=\"472\">\n<p class=\"MsoNormal\" style=\"mso-pagination: none; margin: 4.0pt 0cm 4.0pt 0cm;\"><span style=\"font-family: Arial, sans-serif; color: #000000;\">Termo de Cess\u00e3o de Professor<\/span><\/p>\n<\/td>\n<\/tr>\n<\/tbody>\n<\/table>\n<\/div><\/div><\/div><div class=\"kc-elm kc-css-68751 kc_col-sm-2 kc_column kc_col-sm-2\"><div class=\"kc-col-container\"><\/div><\/div><\/div><\/div><\/section>\n","protected":false},"excerpt":{"rendered":"","protected":false},"author":1,"featured_media":0,"parent":0,"menu_order":0,"comment_status":"closed","ping_status":"closed","template":"","meta":[],"yoast_head":"<!-- This site is optimized with the Yoast SEO plugin v14.7 - https:\/\/yoast.com\/wordpress\/plugins\/seo\/ -->\n<title>Chamada para Credenciamento Docente em Fluxo Cont\u00ednuo - PPGE - Programa de P\u00f3s-Gradua\u00e7\u00e3o em Educa\u00e7\u00e3o<\/title>\n<meta name=\"robots\" content=\"index, follow\" \/>\n<meta name=\"googlebot\" content=\"index, follow, max-snippet:-1, max-image-preview:large, max-video-preview:-1\" \/>\n<meta name=\"bingbot\" content=\"index, follow, max-snippet:-1, max-image-preview:large, max-video-preview:-1\" \/>\n<link rel=\"canonical\" href=\"https:\/\/www.posgraduacao.unimontes.br\/ppge\/credenciamento\/\" \/>\n<meta property=\"og:locale\" content=\"pt_BR\" \/>\n<meta property=\"og:type\" content=\"article\" \/>\n<meta property=\"og:title\" content=\"Chamada para Credenciamento Docente em Fluxo Cont\u00ednuo - PPGE - Programa de P\u00f3s-Gradua\u00e7\u00e3o em Educa\u00e7\u00e3o\" \/>\n<meta property=\"og:description\" content=\"O corpo docente do Programa de P\u00f3s-Gradua\u00e7\u00e3o em Educa\u00e7\u00e3o (PPGE) \u00e9 composto por pesquisadoras e pesquisadores com titula\u00e7\u00e3o de Doutorado em Educa\u00e7\u00e3o ou \u00e1reas correlatas, a crit\u00e9rio do Colegiado e em conson\u00e2ncia com a \u00e1rea de concentra\u00e7\u00e3o e as linhas de pesquisa do curso. O credenciamento de pesquisadoras e pesquisadores para compor o corpo docente [&hellip;]\" \/>\n<meta property=\"og:url\" content=\"https:\/\/www.posgraduacao.unimontes.br\/ppge\/credenciamento\/\" \/>\n<meta property=\"og:site_name\" content=\"PPGE - Programa de P\u00f3s-Gradua\u00e7\u00e3o em Educa\u00e7\u00e3o\" \/>\n<meta property=\"article:modified_time\" content=\"2025-09-09T13:30:28+00:00\" \/>\n<meta name=\"twitter:card\" content=\"summary_large_image\" \/>\n<script type=\"application\/ld+json\" class=\"yoast-schema-graph\">{\"@context\":\"https:\/\/schema.org\",\"@graph\":[{\"@type\":\"WebSite\",\"@id\":\"https:\/\/www.posgraduacao.unimontes.br\/ppge\/#website\",\"url\":\"https:\/\/www.posgraduacao.unimontes.br\/ppge\/\",\"name\":\"PPGE - Programa de P\\u00f3s-Gradua\\u00e7\\u00e3o em Educa\\u00e7\\u00e3o\",\"description\":\"O Programa de P\\u00f3s-Gradua\\u00e7\\u00e3o em Educa\\u00e7\\u00e3o \\u2014 Mestrado Acad\\u00eamico (PPGE) foi instalado em dezembro de 2018, ap\\u00f3s recomenda\\u00e7\\u00e3o pela Coordena\\u00e7\\u00e3o de Aperfei\\u00e7oamento de Pessoal de N\\u00edvel Superior (CAPES), com in\\u00edcio das atividades docentes previstas para abril de 2019. O Programa \\u00e9 desenvolvido pela Unimontes, institui\\u00e7\\u00e3o universit\\u00e1ria vinculada \\u00e0 Secretaria de Ci\\u00eancia e Tecnologia do Estado de Minas Gerais.\",\"potentialAction\":[{\"@type\":\"SearchAction\",\"target\":\"https:\/\/www.posgraduacao.unimontes.br\/ppge\/?s={search_term_string}\",\"query-input\":\"required name=search_term_string\"}],\"inLanguage\":\"pt-BR\"},{\"@type\":\"WebPage\",\"@id\":\"https:\/\/www.posgraduacao.unimontes.br\/ppge\/credenciamento\/#webpage\",\"url\":\"https:\/\/www.posgraduacao.unimontes.br\/ppge\/credenciamento\/\",\"name\":\"Chamada para Credenciamento Docente em Fluxo Cont\\u00ednuo - PPGE - Programa de P\\u00f3s-Gradua\\u00e7\\u00e3o em Educa\\u00e7\\u00e3o\",\"isPartOf\":{\"@id\":\"https:\/\/www.posgraduacao.unimontes.br\/ppge\/#website\"},\"datePublished\":\"2017-03-28T16:45:37+00:00\",\"dateModified\":\"2025-09-09T13:30:28+00:00\",\"inLanguage\":\"pt-BR\",\"potentialAction\":[{\"@type\":\"ReadAction\",\"target\":[\"https:\/\/www.posgraduacao.unimontes.br\/ppge\/credenciamento\/\"]}]}]}<\/script>\n<!-- \/ Yoast SEO plugin. -->","_links":{"self":[{"href":"https:\/\/www.posgraduacao.unimontes.br\/ppge\/wp-json\/wp\/v2\/pages\/178"}],"collection":[{"href":"https:\/\/www.posgraduacao.unimontes.br\/ppge\/wp-json\/wp\/v2\/pages"}],"about":[{"href":"https:\/\/www.posgraduacao.unimontes.br\/ppge\/wp-json\/wp\/v2\/types\/page"}],"author":[{"embeddable":true,"href":"https:\/\/www.posgraduacao.unimontes.br\/ppge\/wp-json\/wp\/v2\/users\/1"}],"replies":[{"embeddable":true,"href":"https:\/\/www.posgraduacao.unimontes.br\/ppge\/wp-json\/wp\/v2\/comments?post=178"}],"version-history":[{"count":26,"href":"https:\/\/www.posgraduacao.unimontes.br\/ppge\/wp-json\/wp\/v2\/pages\/178\/revisions"}],"predecessor-version":[{"id":2870,"href":"https:\/\/www.posgraduacao.unimontes.br\/ppge\/wp-json\/wp\/v2\/pages\/178\/revisions\/2870"}],"wp:attachment":[{"href":"https:\/\/www.posgraduacao.unimontes.br\/ppge\/wp-json\/wp\/v2\/media?parent=178"}],"curies":[{"name":"wp","href":"https:\/\/api.w.org\/{rel}","templated":true}]}}