{"id":1754,"date":"2021-10-25T07:40:31","date_gmt":"2021-10-25T10:40:31","guid":{"rendered":"https:\/\/www.posgraduacao.unimontes.br\/ppge\/?page_id=1754"},"modified":"2021-12-20T14:16:13","modified_gmt":"2021-12-20T17:16:13","slug":"6-2021-aluno-especial","status":"publish","type":"page","link":"https:\/\/www.posgraduacao.unimontes.br\/ppge\/6-2021-aluno-especial\/","title":{"rendered":"6\/2021 \u2014 Aluno Especial"},"content":{"rendered":"<section class=\"kc-elm kc-css-708283 kc_row\"><div class=\"kc-row-container  kc-container\"><div class=\"kc-wrap-columns\"><div class=\"kc-elm kc-css-219495 kc_col-sm-2 kc_column kc_col-sm-2\"><div class=\"kc-col-container\"><\/div><\/div><div class=\"kc-elm kc-css-831232 kc_col-sm-8 kc_column kc_col-sm-8\"><div class=\"kc-col-container\"><div class=\"kc-elm kc-css-654351 kc_text_block\"><p class=\"MsoNormal\" style=\"box-sizing: border-box; margin: 11pt 0cm; line-height: 29px; font-size: 17px; font-family: Raleway; text-align: center;\" align=\"center\"><span style=\"color: black; font-family: Arial, sans-serif; font-size: 11.5pt; font-style: inherit;\">Edital n\u00ba 06 PPGE\/2021<\/span><\/p>\n<p class=\"MsoNormal\" style=\"margin: 11.0pt 0cm 11.0pt 0cm;\"><span style=\"font-size: 11.5pt; font-family: 'Arial',sans-serif; mso-fareast-font-family: 'Times New Roman'; mso-fareast-language: PT-BR;\">Processo Seletivo de Aluno Especial para cursar Disciplina Isolada no Mestrado do Programa de P\u00f3s-Gradua\u00e7\u00e3o em Educa\u00e7\u00e3o (PPGE) da Universidade Estadual de Montes Claros (Unimontes), no primeiro semestre de 2022.<\/span><\/p>\n<div align=\"center\">\n<div align=\"center\">\n<div align=\"center\">\n<div align=\"center\">\n<table class=\"MsoNormalTable\" style=\"border-collapse: collapse; mso-table-layout-alt: fixed; mso-yfti-tbllook: 1184; mso-padding-alt: 0cm 0cm 0cm 0cm;\" border=\"0\" cellspacing=\"0\" cellpadding=\"0\">\n<tbody>\n<tr style=\"mso-yfti-irow: 0; mso-yfti-firstrow: yes; height: 2.85pt;\">\n<td style=\"width: 101.65pt; border: solid white 4.5pt; background: #CCFF99; padding: 0cm 5.4pt 0cm 5.4pt; height: 2.85pt;\" width=\"136\">\n<p class=\"MsoNormal\" style=\"text-align: center; margin: 6.0pt 0cm 6.0pt 0cm;\" align=\"center\"><span style=\"font-size: 11.5pt; font-family: 'Arial',sans-serif; mso-fareast-font-family: 'Times New Roman'; color: black; mso-font-kerning: 0pt; mso-ligatures: none; mso-fareast-language: PT-BR;\">27\/06\/2022<\/span><\/p>\n<\/td>\n<td style=\"width: 80.35pt; border: solid white 4.5pt; border-left: none; background: #CCFF99; padding: 0cm 5.4pt 0cm 5.4pt; height: 2.85pt;\" width=\"107\">\n<p class=\"MsoNormal\" style=\"text-align: center; margin: 6.0pt 0cm 6.0pt 0cm;\" align=\"center\"><a href=\"http:\/\/www.posgraduacao.unimontes.br\/uploads\/sites\/8\/2022\/06\/Inscri\u00e7\u00e3o-Deferimento-e-Indeferimento.pdf\" target=\"_blank\" rel=\"noopener\"><b><span style=\"font-size: 11.5pt; font-family: 'Arial',sans-serif; mso-fareast-font-family: 'Times New Roman'; color: #0070c0; mso-font-kerning: 0pt; mso-ligatures: none; mso-fareast-language: PT-BR;\">Arquivo<\/span><\/b><\/a><\/p>\n<\/td>\n<td style=\"width: 411.4pt; border: solid white 4.5pt; border-left: none; background: #CCFF99; padding: 0cm 5.4pt 0cm 5.4pt; height: 2.85pt;\" width=\"549\">\n<p class=\"MsoNormal\" style=\"margin: 6pt 0cm;\" align=\"left\"><span style=\"font-size: 11.5pt; font-family: 'Arial',sans-serif; mso-fareast-font-family: 'Times New Roman'; color: black; mso-font-kerning: 0pt; mso-ligatures: none; mso-fareast-language: PT-BR;\">An\u00e1lise do Pedido de Inscri\u00e7\u00e3o<\/span><\/p>\n<\/td>\n<\/tr>\n<tr style=\"mso-yfti-irow: 1; height: 2.85pt;\">\n<td style=\"width: 101.65pt; border: solid white 4.5pt; border-top: none; mso-border-top-alt: solid white 4.5pt; background: #CCFF99; padding: 0cm 5.4pt 0cm 5.4pt; height: 2.85pt;\" rowspan=\"6\" width=\"136\">\n<p class=\"MsoNormal\" style=\"text-align: center; margin: 6.0pt 0cm 6.0pt 0cm;\" align=\"center\"><span style=\"font-size: 11.5pt; font-family: 'Arial',sans-serif; mso-fareast-font-family: 'Times New Roman'; color: black; mso-font-kerning: 0pt; mso-ligatures: none; mso-fareast-language: PT-BR;\">25\/05\/2022<\/span><\/p>\n<\/td>\n<td style=\"width: 80.35pt; border-top: none; border-left: none; border-bottom: solid white 4.5pt; border-right: solid white 4.5pt; mso-border-top-alt: solid white 4.5pt; background: #CCFF99; padding: 0cm 5.4pt 0cm 5.4pt; height: 2.85pt;\" width=\"107\">\n<p class=\"MsoNormal\" style=\"text-align: center; margin: 6.0pt 0cm 6.0pt 0cm;\" align=\"center\"><b><span style=\"font-size: 11.5pt; font-family: 'Arial',sans-serif; mso-fareast-font-family: 'Times New Roman'; color: #0070c0; mso-font-kerning: 0pt; mso-ligatures: none; mso-fareast-language: PT-BR;\"><a href=\"http:\/\/www.posgraduacao.unimontes.br\/uploads\/sites\/8\/2022\/05\/Edital-n-2-2022.pdf\" target=\"_blank\" rel=\"noopener\"><span style=\"color: #3366ff; border: 1pt none windowtext; padding: 0cm; text-decoration-line: none;\">Arquivo<\/span><\/a><\/span><\/b><\/p>\n<\/td>\n<td style=\"width: 411.4pt; border-top: none; border-left: none; border-bottom: solid white 4.5pt; border-right: solid white 4.5pt; mso-border-top-alt: solid white 4.5pt; background: #CCFF99; padding: 0cm 5.4pt 0cm 5.4pt; height: 2.85pt;\" width=\"549\">\n<p class=\"MsoNormal\" style=\"margin: 6pt 0cm;\" align=\"left\"><span style=\"font-size: 11.5pt; font-family: 'Arial',sans-serif; mso-fareast-font-family: 'Times New Roman'; color: black; mso-font-kerning: 0pt; mso-ligatures: none; mso-fareast-language: PT-BR;\">Edital n. 2 PPGE\/2022<\/span><\/p>\n<\/td>\n<\/tr>\n<tr style=\"mso-yfti-irow: 2; height: 2.85pt;\">\n<td style=\"width: 80.35pt; border-top: none; border-left: none; border-bottom: solid white 4.5pt; border-right: solid white 4.5pt; background: #CCFF99; padding: 0cm 5.4pt 0cm 5.4pt; height: 2.85pt;\" width=\"107\">\n<p class=\"MsoNormal\" style=\"text-align: center; margin: 6.0pt 0cm 6.0pt 0cm;\" align=\"center\"><b><span style=\"font-size: 11.5pt; font-family: 'Arial',sans-serif; mso-fareast-font-family: 'Times New Roman'; color: #0070c0; mso-font-kerning: 0pt; mso-ligatures: none; mso-fareast-language: PT-BR;\"><a href=\"https:\/\/forms.gle\/Aqb6n9Q4JJzXxd8U9\" target=\"_blank\" rel=\"noopener\"><span style=\"color: #3366ff; border: 1pt none windowtext; padding: 0cm; text-decoration-line: none;\">Link<\/span><\/a><\/span><\/b><\/p>\n<\/td>\n<td style=\"width: 411.4pt; border-top: none; border-left: none; border-bottom: solid white 4.5pt; border-right: solid white 4.5pt; background: #CCFF99; padding: 0cm 5.4pt 0cm 5.4pt; height: 2.85pt;\" width=\"549\">\n<p class=\"MsoNormal\" style=\"margin: 6pt 0cm;\" align=\"left\"><span style=\"font-size: 11.5pt; font-family: 'Arial',sans-serif; mso-fareast-font-family: 'Times New Roman'; color: black; mso-font-kerning: 0pt; mso-ligatures: none; mso-fareast-language: PT-BR;\">Formul\u00e1rio Inscri\u00e7\u00e3o<\/span><\/p>\n<\/td>\n<\/tr>\n<tr style=\"mso-yfti-irow: 3; height: 2.85pt;\">\n<td style=\"width: 80.35pt; border-top: none; border-left: none; border-bottom: solid white 4.5pt; border-right: solid white 4.5pt; background: #CCFF99; padding: 0cm 5.4pt 0cm 5.4pt; height: 2.85pt;\" width=\"107\">\n<p class=\"MsoNormal\" style=\"text-align: center; margin: 6.0pt 0cm 6.0pt 0cm;\" align=\"center\"><b><span style=\"font-size: 11.5pt; font-family: 'Arial',sans-serif; mso-fareast-font-family: 'Times New Roman'; color: #3366ff; mso-font-kerning: 0pt; mso-ligatures: none; mso-fareast-language: PT-BR;\"><a href=\"https:\/\/docs.google.com\/document\/d\/1ANBT1t0WjdnQuCwCk1BWtrG87jbxWLoF\/edit?usp=sharing&amp;ouid=115947108742913069670&amp;rtpof=true&amp;sd=true\" target=\"_blank\" rel=\"noopener\"><span style=\"color: #3366ff; border: 1pt none windowtext; padding: 0cm; text-decoration-line: none;\">Arquivo<\/span><\/a><\/span><\/b><\/p>\n<\/td>\n<td style=\"width: 411.4pt; border-top: none; border-left: none; border-bottom: solid white 4.5pt; border-right: solid white 4.5pt; background: #CCFF99; padding: 0cm 5.4pt 0cm 5.4pt; height: 2.85pt;\" width=\"549\">\n<p class=\"MsoNormal\" style=\"margin: 6pt 0cm;\" align=\"left\"><span style=\"font-size: 11.5pt; font-family: 'Arial',sans-serif; mso-fareast-font-family: 'Times New Roman'; color: black; mso-font-kerning: 0pt; mso-ligatures: none; mso-fareast-language: PT-BR;\">Anexo I \u2014 Termo de Veracidade e Autenticidade<\/span><\/p>\n<\/td>\n<\/tr>\n<tr style=\"mso-yfti-irow: 4; height: 2.85pt;\">\n<td style=\"width: 80.35pt; border-top: none; border-left: none; border-bottom: solid white 4.5pt; border-right: solid white 4.5pt; background: #CCFF99; padding: 0cm 5.4pt 0cm 5.4pt; height: 2.85pt;\" width=\"107\">\n<p class=\"MsoNormal\" style=\"text-align: center; margin: 6.0pt 0cm 6.0pt 0cm;\" align=\"center\"><b><span style=\"font-size: 11.5pt; font-family: 'Arial',sans-serif; mso-fareast-font-family: 'Times New Roman'; color: #3366ff; mso-font-kerning: 0pt; mso-ligatures: none; mso-fareast-language: PT-BR;\"><a href=\"https:\/\/docs.google.com\/spreadsheets\/d\/1x9q8iQESflke-qcYj3gaaO1gRptfHZL-\/edit?usp=sharing&amp;ouid=115947108742913069670&amp;rtpof=true&amp;sd=true\" target=\"_blank\" rel=\"noopener\"><span style=\"color: #3366ff; border: 1pt none windowtext; padding: 0cm; text-decoration-line: none;\">Arquivo<\/span><\/a><\/span><\/b><\/p>\n<\/td>\n<td style=\"width: 411.4pt; border-top: none; border-left: none; border-bottom: solid white 4.5pt; border-right: solid white 4.5pt; background: #CCFF99; padding: 0cm 5.4pt 0cm 5.4pt; height: 2.85pt;\" width=\"549\">\n<p class=\"MsoNormal\" style=\"margin: 6pt 0cm;\" align=\"left\"><span style=\"font-size: 11.5pt; font-family: 'Arial',sans-serif; mso-fareast-font-family: 'Times New Roman'; color: black; mso-font-kerning: 0pt; mso-ligatures: none; mso-fareast-language: PT-BR;\">Anexo II \u2014 Ficha de Avalia\u00e7\u00e3o do Curr\u00edculo Lattes<\/span><\/p>\n<\/td>\n<\/tr>\n<tr style=\"mso-yfti-irow: 5; height: 2.85pt;\">\n<td style=\"width: 80.35pt; border-top: none; border-left: none; border-bottom: solid white 4.5pt; border-right: solid white 4.5pt; background: #CCFF99; padding: 0cm 5.4pt 0cm 5.4pt; height: 2.85pt;\" width=\"107\">\n<p class=\"MsoNormal\" style=\"text-align: center; margin: 6.0pt 0cm 6.0pt 0cm;\" align=\"center\"><b><span style=\"font-size: 11.5pt; font-family: 'Arial',sans-serif; mso-fareast-font-family: 'Times New Roman'; color: #3366ff; mso-font-kerning: 0pt; mso-ligatures: none; mso-fareast-language: PT-BR;\"><a href=\"https:\/\/docs.google.com\/document\/d\/1BNYaAFwl898p43Jn-pEQgPeh6sMo3LJ2\/edit?usp=sharing&amp;ouid=115947108742913069670&amp;rtpof=true&amp;sd=true\" target=\"_blank\" rel=\"noopener\"><span style=\"color: #3366ff; border: 1pt none windowtext; padding: 0cm; text-decoration-line: none;\">Arquivo<\/span><\/a><\/span><\/b><\/p>\n<\/td>\n<td style=\"width: 411.4pt; border-top: none; border-left: none; border-bottom: solid white 4.5pt; border-right: solid white 4.5pt; background: #CCFF99; padding: 0cm 5.4pt 0cm 5.4pt; height: 2.85pt;\" width=\"549\">\n<p class=\"MsoNormal\" style=\"margin: 6pt 0cm;\" align=\"left\"><span style=\"font-size: 11.5pt; font-family: 'Arial',sans-serif; mso-fareast-font-family: 'Times New Roman'; color: black; mso-font-kerning: 0pt; mso-ligatures: none; mso-fareast-language: PT-BR;\">Anexo IV \u2014 Ficha de Interposi\u00e7\u00e3o de Recurso<\/span><\/p>\n<\/td>\n<\/tr>\n<tr style=\"mso-yfti-irow: 6; mso-yfti-lastrow: yes; height: 2.85pt;\">\n<td style=\"width: 80.35pt; border-top: none; border-left: none; border-bottom: solid white 4.5pt; border-right: solid white 4.5pt; background: #CCFF99; padding: 0cm 5.4pt 0cm 5.4pt; height: 2.85pt;\" width=\"107\">\n<p class=\"MsoNormal\" style=\"text-align: center; margin: 6.0pt 0cm 6.0pt 0cm;\" align=\"center\"><b><span style=\"font-size: 11.5pt; font-family: 'Arial',sans-serif; mso-fareast-font-family: 'Times New Roman'; color: #3366ff; mso-font-kerning: 0pt; mso-ligatures: none; mso-fareast-language: PT-BR;\"><a href=\"https:\/\/docs.google.com\/document\/d\/1kx9BGKEJBjH2KZbRNNUyZ6DL5kRbmUnT\/edit?usp=sharing&amp;ouid=115947108742913069670&amp;rtpof=true&amp;sd=true\" target=\"_blank\" rel=\"noopener\"><span style=\"color: #3366ff; border: 1pt none windowtext; padding: 0cm; text-decoration-line: none;\">Arquivo<\/span><\/a><\/span><\/b><\/p>\n<\/td>\n<td style=\"width: 411.4pt; border-top: none; border-left: none; border-bottom: solid white 4.5pt; border-right: solid white 4.5pt; background: #CCFF99; padding: 0cm 5.4pt 0cm 5.4pt; height: 2.85pt;\" width=\"549\">\n<p class=\"MsoNormal\" style=\"margin: 6pt 0cm;\" align=\"left\"><span style=\"font-size: 11.5pt; font-family: 'Arial',sans-serif; mso-fareast-font-family: 'Times New Roman'; color: black; mso-font-kerning: 0pt; mso-ligatures: none; mso-fareast-language: PT-BR;\">Modelo de Procura\u00e7\u00e3o<img class=\"alignnone size-medium\" src=\"http:\/\/www.posgraduacao.unimontes.br\/uploads\/sites\/8\/2022\/06\/Inscri\u00e7\u00e3o-Deferimento-e-Indeferimento.pdf\" alt=\"\" \/><\/span><\/p>\n<\/td>\n<\/tr>\n<\/tbody>\n<\/table>\n<\/div>\n<\/div>\n<\/div>\n<\/div>\n<\/div><\/div><\/div><div class=\"kc-elm kc-css-135443 kc_col-sm-2 kc_column kc_col-sm-2\"><div class=\"kc-col-container\"><\/div><\/div><\/div><\/div><\/section>\n","protected":false},"excerpt":{"rendered":"","protected":false},"author":5,"featured_media":0,"parent":0,"menu_order":0,"comment_status":"closed","ping_status":"closed","template":"","meta":[],"yoast_head":"<!-- This site is optimized with the Yoast SEO plugin v14.7 - https:\/\/yoast.com\/wordpress\/plugins\/seo\/ -->\n<title>6\/2021 \u2014 Aluno Especial - PPGE - Programa de P\u00f3s-Gradua\u00e7\u00e3o em Educa\u00e7\u00e3o<\/title>\n<meta name=\"robots\" content=\"index, follow\" \/>\n<meta name=\"googlebot\" content=\"index, follow, max-snippet:-1, max-image-preview:large, max-video-preview:-1\" \/>\n<meta name=\"bingbot\" content=\"index, follow, max-snippet:-1, max-image-preview:large, max-video-preview:-1\" \/>\n<link rel=\"canonical\" href=\"https:\/\/www.posgraduacao.unimontes.br\/ppge\/6-2021-aluno-especial\/\" \/>\n<meta property=\"og:locale\" content=\"pt_BR\" \/>\n<meta property=\"og:type\" content=\"article\" \/>\n<meta property=\"og:title\" content=\"6\/2021 \u2014 Aluno Especial - PPGE - Programa de P\u00f3s-Gradua\u00e7\u00e3o em Educa\u00e7\u00e3o\" \/>\n<meta property=\"og:description\" content=\"Edital n\u00ba 06 PPGE\/2021 Processo Seletivo de Aluno Especial para cursar Disciplina Isolada no Mestrado do Programa de P\u00f3s-Gradua\u00e7\u00e3o em Educa\u00e7\u00e3o (PPGE) da Universidade Estadual de Montes Claros (Unimontes), no primeiro semestre de 2022. 27\/06\/2022 Arquivo An\u00e1lise do Pedido de Inscri\u00e7\u00e3o 25\/05\/2022 Arquivo Edital n. 2 PPGE\/2022 Link Formul\u00e1rio Inscri\u00e7\u00e3o Arquivo Anexo I \u2014 Termo [&hellip;]\" \/>\n<meta property=\"og:url\" content=\"https:\/\/www.posgraduacao.unimontes.br\/ppge\/6-2021-aluno-especial\/\" \/>\n<meta property=\"og:site_name\" content=\"PPGE - Programa de P\u00f3s-Gradua\u00e7\u00e3o em Educa\u00e7\u00e3o\" \/>\n<meta property=\"article:modified_time\" content=\"2021-12-20T17:16:13+00:00\" \/>\n<meta name=\"twitter:card\" content=\"summary_large_image\" \/>\n<script type=\"application\/ld+json\" class=\"yoast-schema-graph\">{\"@context\":\"https:\/\/schema.org\",\"@graph\":[{\"@type\":\"WebSite\",\"@id\":\"https:\/\/www.posgraduacao.unimontes.br\/ppge\/#website\",\"url\":\"https:\/\/www.posgraduacao.unimontes.br\/ppge\/\",\"name\":\"PPGE - Programa de P\\u00f3s-Gradua\\u00e7\\u00e3o em Educa\\u00e7\\u00e3o\",\"description\":\"O Programa de P\\u00f3s-Gradua\\u00e7\\u00e3o em Educa\\u00e7\\u00e3o \\u2014 Mestrado Acad\\u00eamico (PPGE) foi instalado em dezembro de 2018, ap\\u00f3s recomenda\\u00e7\\u00e3o pela Coordena\\u00e7\\u00e3o de Aperfei\\u00e7oamento de Pessoal de N\\u00edvel Superior (CAPES), com in\\u00edcio das atividades docentes previstas para abril de 2019. O Programa \\u00e9 desenvolvido pela Unimontes, institui\\u00e7\\u00e3o universit\\u00e1ria vinculada \\u00e0 Secretaria de Ci\\u00eancia e Tecnologia do Estado de Minas Gerais.\",\"potentialAction\":[{\"@type\":\"SearchAction\",\"target\":\"https:\/\/www.posgraduacao.unimontes.br\/ppge\/?s={search_term_string}\",\"query-input\":\"required name=search_term_string\"}],\"inLanguage\":\"pt-BR\"},{\"@type\":\"ImageObject\",\"@id\":\"https:\/\/www.posgraduacao.unimontes.br\/ppge\/6-2021-aluno-especial\/#primaryimage\",\"inLanguage\":\"pt-BR\",\"url\":\"http:\/\/www.posgraduacao.unimontes.br\/uploads\/sites\/8\/2022\/06\/Inscri\\u00e7\\u00e3o-Deferimento-e-Indeferimento.pdf\"},{\"@type\":\"WebPage\",\"@id\":\"https:\/\/www.posgraduacao.unimontes.br\/ppge\/6-2021-aluno-especial\/#webpage\",\"url\":\"https:\/\/www.posgraduacao.unimontes.br\/ppge\/6-2021-aluno-especial\/\",\"name\":\"6\/2021 \\u2014 Aluno Especial - PPGE - Programa de P\\u00f3s-Gradua\\u00e7\\u00e3o em Educa\\u00e7\\u00e3o\",\"isPartOf\":{\"@id\":\"https:\/\/www.posgraduacao.unimontes.br\/ppge\/#website\"},\"primaryImageOfPage\":{\"@id\":\"https:\/\/www.posgraduacao.unimontes.br\/ppge\/6-2021-aluno-especial\/#primaryimage\"},\"datePublished\":\"2021-10-25T10:40:31+00:00\",\"dateModified\":\"2021-12-20T17:16:13+00:00\",\"inLanguage\":\"pt-BR\",\"potentialAction\":[{\"@type\":\"ReadAction\",\"target\":[\"https:\/\/www.posgraduacao.unimontes.br\/ppge\/6-2021-aluno-especial\/\"]}]}]}<\/script>\n<!-- \/ Yoast SEO plugin. -->","_links":{"self":[{"href":"https:\/\/www.posgraduacao.unimontes.br\/ppge\/wp-json\/wp\/v2\/pages\/1754"}],"collection":[{"href":"https:\/\/www.posgraduacao.unimontes.br\/ppge\/wp-json\/wp\/v2\/pages"}],"about":[{"href":"https:\/\/www.posgraduacao.unimontes.br\/ppge\/wp-json\/wp\/v2\/types\/page"}],"author":[{"embeddable":true,"href":"https:\/\/www.posgraduacao.unimontes.br\/ppge\/wp-json\/wp\/v2\/users\/5"}],"replies":[{"embeddable":true,"href":"https:\/\/www.posgraduacao.unimontes.br\/ppge\/wp-json\/wp\/v2\/comments?post=1754"}],"version-history":[{"count":10,"href":"https:\/\/www.posgraduacao.unimontes.br\/ppge\/wp-json\/wp\/v2\/pages\/1754\/revisions"}],"predecessor-version":[{"id":1916,"href":"https:\/\/www.posgraduacao.unimontes.br\/ppge\/wp-json\/wp\/v2\/pages\/1754\/revisions\/1916"}],"wp:attachment":[{"href":"https:\/\/www.posgraduacao.unimontes.br\/ppge\/wp-json\/wp\/v2\/media?parent=1754"}],"curies":[{"name":"wp","href":"https:\/\/api.w.org\/{rel}","templated":true}]}}