{"id":1677,"date":"2021-06-02T13:20:37","date_gmt":"2021-06-02T16:20:37","guid":{"rendered":"https:\/\/www.posgraduacao.unimontes.br\/ppge\/?page_id=1677"},"modified":"2021-07-26T19:08:48","modified_gmt":"2021-07-26T22:08:48","slug":"4-2021-credenciamento-docente","status":"publish","type":"page","link":"https:\/\/www.posgraduacao.unimontes.br\/ppge\/4-2021-credenciamento-docente\/","title":{"rendered":"4\/2021 \u2014 Credenciamento Docente"},"content":{"rendered":"<section class=\"kc-elm kc-css-558703 kc_row\"><div class=\"kc-row-container  kc-container\"><div class=\"kc-wrap-columns\"><div class=\"kc-elm kc-css-783019 kc_col-sm-12 kc_column kc_col-sm-12\"><div class=\"kc-col-container\"><div class=\"kc-elm kc-css-289942\" style=\"height: 30px; clear: both; width:100%;\"><\/div><\/div><\/div><\/div><\/div><\/section><section class=\"kc-elm kc-css-894950 kc_row\"><div class=\"kc-row-container  kc-container\"><div class=\"kc-wrap-columns\"><div class=\"kc-elm kc-css-733602 kc_col-sm-1 kc_column kc_col-sm-1\"><div class=\"kc-col-container\"><\/div><\/div><div class=\"kc-elm kc-css-872398 kc_col-sm-10 kc_column kc_col-sm-10\"><div class=\"kc-col-container\"><div class=\"kc-elm kc-css-12216 kc_text_block\"><p dir=\"ltr\" style=\"line-height: 1.38; text-align: justify; margin-top: 11pt; margin-bottom: 11pt;\"><span style=\"font-size: 12pt; font-family: Arial; color: #000000; background-color: transparent; font-weight: 400; font-style: normal; font-variant: normal; text-decoration: none; vertical-align: baseline; white-space: pre-wrap;\">Edital de Processo Seletivo para Credenciamento de Professor ao Programa de P\u00f3s-Gradua\u00e7\u00e3o em Educa\u00e7\u00e3o (PPGE) da Universidade Estadual de Montes Claros (Unimontes)<\/span><\/p>\n<div dir=\"ltr\" style=\"margin-left: 0pt;\" align=\"left\">\n<table style=\"border: none; border-collapse: collapse;\">\n<colgroup>\n<col width=\"96\" \/>\n<col width=\"75\" \/>\n<col width=\"413\" \/><\/colgroup>\n<tbody>\n<tr style=\"height: 52.5pt;\">\n<td style=\"border-left: solid #ffffff 6pt; border-right: solid #ffffff 6pt; border-bottom: solid #ffffff 6pt; vertical-align: middle; background-color: #fbe4d5; padding: 5pt 5pt 5pt 5pt; overflow: hidden; overflow-wrap: break-word;\">\n<p dir=\"ltr\" style=\"line-height: 1.2; text-align: center; margin-top: 6pt; margin-bottom: 6pt;\"><span style=\"font-size: 12pt; font-family: Arial; color: #000000; background-color: transparent; font-weight: 400; font-style: normal; font-variant: normal; text-decoration: none; vertical-align: baseline; white-space: pre-wrap;\">26\/07\/2021<\/span><\/p>\n<\/td>\n<td style=\"border-left: solid #ffffff 6pt; border-right: solid #ffffff 6pt; border-bottom: solid #ffffff 6pt; vertical-align: middle; background-color: #fbe4d5; padding: 5pt 5pt 5pt 5pt; overflow: hidden; overflow-wrap: break-word;\">\n<p dir=\"ltr\" style=\"line-height: 1.2; text-align: center; margin-top: 6pt; margin-bottom: 6pt;\"><a style=\"text-decoration: none;\" href=\"http:\/\/www.posgraduacao.unimontes.br\/uploads\/sites\/8\/2021\/07\/Resultado-Preliminar-1.pdf\" target=\"_blank\" rel=\"noopener\"><span style=\"font-size: 12pt; font-family: Arial; color: #1155cc; background-color: transparent; font-weight: 400; font-style: normal; font-variant: normal; text-decoration: underline; -webkit-text-decoration-skip: none; text-decoration-skip-ink: none; vertical-align: baseline; white-space: pre-wrap;\">Arquivo<\/span><\/a><\/p>\n<\/td>\n<td style=\"border-left: solid #ffffff 6pt; border-right: solid #ffffff 6pt; border-bottom: solid #ffffff 6pt; vertical-align: middle; background-color: #fbe4d5; padding: 5pt 5pt 5pt 5pt; overflow: hidden; overflow-wrap: break-word;\">\n<p dir=\"ltr\" style=\"line-height: 1.2; margin-top: 6pt; margin-bottom: 6pt;\"><span style=\"font-size: 12pt; font-family: Arial; color: #000000; background-color: transparent; font-weight: 400; font-style: normal; font-variant: normal; text-decoration: none; vertical-align: baseline; white-space: pre-wrap;\">Resultado Preliminar<\/span><\/p>\n<\/td>\n<\/tr>\n<tr style=\"height: 52.5pt;\">\n<td style=\"vertical-align: middle; background-color: #fbe4d5; padding: 5pt 5pt 5pt 5pt; overflow: hidden; overflow-wrap: break-word; border: solid #ffffff 6pt;\" rowspan=\"4\">\n<p dir=\"ltr\" style=\"line-height: 1.2; text-align: center; margin-top: 6pt; margin-bottom: 6pt;\"><span style=\"font-size: 12pt; font-family: Arial; color: #000000; background-color: transparent; font-weight: 400; font-style: normal; font-variant: normal; text-decoration: none; vertical-align: baseline; white-space: pre-wrap;\">03\/06\/2021<\/span><\/p>\n<\/td>\n<td style=\"vertical-align: middle; background-color: #fbe4d5; padding: 5pt 5pt 5pt 5pt; overflow: hidden; overflow-wrap: break-word; border: solid #ffffff 6pt;\">\n<p dir=\"ltr\" style=\"line-height: 1.2; text-align: center; margin-top: 6pt; margin-bottom: 6pt;\"><a style=\"text-decoration: none;\" href=\"http:\/\/www.posgraduacao.unimontes.br\/uploads\/sites\/8\/2021\/06\/Edital-n-4-PPGE-2021.pdf\" target=\"_blank\" rel=\"noopener\"><span style=\"font-size: 12pt; font-family: Arial; color: #1155cc; background-color: transparent; font-weight: 400; font-style: normal; font-variant: normal; text-decoration: underline; -webkit-text-decoration-skip: none; text-decoration-skip-ink: none; vertical-align: baseline; white-space: pre-wrap;\">Arquivo<\/span><\/a><\/p>\n<\/td>\n<td style=\"vertical-align: middle; background-color: #fbe4d5; padding: 5pt 5pt 5pt 5pt; overflow: hidden; overflow-wrap: break-word; border: solid #ffffff 6pt;\">\n<p dir=\"ltr\" style=\"line-height: 1.2; margin-top: 6pt; margin-bottom: 6pt;\"><span style=\"font-size: 12pt; font-family: Arial; color: #000000; background-color: transparent; font-weight: 400; font-style: normal; font-variant: normal; text-decoration: none; vertical-align: baseline; white-space: pre-wrap;\">Edital n. 04 PPGE\/2021 \u2014 Credenciamento Docente<\/span><\/p>\n<\/td>\n<\/tr>\n<tr style=\"height: 52.5pt;\">\n<td style=\"vertical-align: middle; background-color: #fbe4d5; padding: 5pt 5pt 5pt 5pt; overflow: hidden; overflow-wrap: break-word; border: solid #ffffff 6pt;\">\n<p dir=\"ltr\" style=\"line-height: 1.2; text-align: center; margin-top: 6pt; margin-bottom: 6pt;\"><span style=\"font-size: 12pt; font-family: Arial; color: #1155cc; background-color: transparent; font-weight: 400; font-style: normal; font-variant: normal; text-decoration: underline; -webkit-text-decoration-skip: none; text-decoration-skip-ink: none; vertical-align: baseline; white-space: pre-wrap;\">Link<\/span><\/p>\n<\/td>\n<td style=\"vertical-align: middle; background-color: #fbe4d5; padding: 5pt 5pt 5pt 5pt; overflow: hidden; overflow-wrap: break-word; border: solid #ffffff 6pt;\">\n<p dir=\"ltr\" style=\"line-height: 1.2; margin-top: 6pt; margin-bottom: 6pt;\"><span style=\"font-size: 12pt; font-family: Arial; color: #000000; background-color: transparent; font-weight: 400; font-style: normal; font-variant: normal; text-decoration: none; vertical-align: baseline; white-space: pre-wrap;\">Formul\u00e1rio Eletr\u00f4nico de Inscri\u00e7\u00e3o<\/span><\/p>\n<\/td>\n<\/tr>\n<tr style=\"height: 39.75pt;\">\n<td style=\"vertical-align: middle; background-color: #fbe4d5; padding: 5pt 5pt 5pt 5pt; overflow: hidden; overflow-wrap: break-word; border: solid #ffffff 6pt;\">\n<p dir=\"ltr\" style=\"line-height: 1.2; text-align: center; margin-top: 6pt; margin-bottom: 6pt;\"><a style=\"text-decoration: none;\" href=\"https:\/\/www.posgraduacao.unimontes.br\/ppge\/projetos-de-pesquisa\/\" target=\"_blank\" rel=\"noopener\"><span style=\"font-size: 12pt; font-family: Arial; color: #1155cc; background-color: transparent; font-weight: 400; font-style: normal; font-variant: normal; text-decoration: underline; -webkit-text-decoration-skip: none; text-decoration-skip-ink: none; vertical-align: baseline; white-space: pre-wrap;\">Arquivo<\/span><\/a><\/p>\n<\/td>\n<td style=\"vertical-align: middle; background-color: #fbe4d5; padding: 5pt 5pt 5pt 5pt; overflow: hidden; overflow-wrap: break-word; border: solid #ffffff 6pt;\">\n<p dir=\"ltr\" style=\"line-height: 1.2; margin-top: 6pt; margin-bottom: 6pt;\"><span style=\"font-size: 12pt; font-family: Arial; color: #000000; background-color: transparent; font-weight: 400; font-style: normal; font-variant: normal; text-decoration: none; vertical-align: baseline; white-space: pre-wrap;\">Anexo I \u2014 Termo de Veracidade e Autenticidade<\/span><\/p>\n<\/td>\n<\/tr>\n<tr style=\"height: 39.75pt;\">\n<td style=\"vertical-align: middle; background-color: #fbe4d5; padding: 5pt 5pt 5pt 5pt; overflow: hidden; overflow-wrap: break-word; border: solid #ffffff 6pt;\">\n<p dir=\"ltr\" style=\"line-height: 1.2; text-align: center; margin-top: 6pt; margin-bottom: 6pt;\"><a style=\"text-decoration: none;\" href=\"https:\/\/drive.google.com\/file\/d\/1LbrW8h4DEA9mrDh_79PvZSbg2Deqn58U\/view?usp=sharing\" target=\"_blank\" rel=\"noopener\"><span style=\"font-size: 12pt; font-family: Arial; color: #1155cc; background-color: transparent; font-weight: 400; font-style: normal; font-variant: normal; text-decoration: underline; -webkit-text-decoration-skip: none; text-decoration-skip-ink: none; vertical-align: baseline; white-space: pre-wrap;\">Arquivo<\/span><\/a><\/p>\n<\/td>\n<td style=\"vertical-align: middle; background-color: #fbe4d5; padding: 5pt 5pt 5pt 5pt; overflow: hidden; overflow-wrap: break-word; border: solid #ffffff 6pt;\">\n<p dir=\"ltr\" style=\"line-height: 1.2; margin-top: 6pt; margin-bottom: 6pt;\"><span style=\"font-size: 12pt; font-family: Arial; color: #000000; background-color: transparent; font-weight: 400; font-style: normal; font-variant: normal; text-decoration: none; vertical-align: baseline; white-space: pre-wrap;\">Anexo II \u2014 Ficha de Avalia\u00e7\u00e3o do Curr\u00edculo<\/span><\/p>\n<\/td>\n<\/tr>\n<\/tbody>\n<\/table>\n<\/div>\n<\/div><\/div><\/div><div class=\"kc-elm kc-css-901228 kc_col-sm-1 kc_column kc_col-sm-1\"><div class=\"kc-col-container\"><\/div><\/div><\/div><\/div><\/section>\n","protected":false},"excerpt":{"rendered":"","protected":false},"author":5,"featured_media":0,"parent":0,"menu_order":0,"comment_status":"closed","ping_status":"closed","template":"","meta":[],"yoast_head":"<!-- This site is optimized with the Yoast SEO plugin v14.7 - https:\/\/yoast.com\/wordpress\/plugins\/seo\/ -->\n<title>4\/2021 \u2014 Credenciamento Docente - PPGE - Programa de P\u00f3s-Gradua\u00e7\u00e3o em Educa\u00e7\u00e3o<\/title>\n<meta name=\"robots\" content=\"index, follow\" \/>\n<meta name=\"googlebot\" content=\"index, follow, max-snippet:-1, max-image-preview:large, max-video-preview:-1\" \/>\n<meta name=\"bingbot\" content=\"index, follow, max-snippet:-1, max-image-preview:large, max-video-preview:-1\" \/>\n<link rel=\"canonical\" href=\"https:\/\/www.posgraduacao.unimontes.br\/ppge\/4-2021-credenciamento-docente\/\" \/>\n<meta property=\"og:locale\" content=\"pt_BR\" \/>\n<meta property=\"og:type\" content=\"article\" \/>\n<meta property=\"og:title\" content=\"4\/2021 \u2014 Credenciamento Docente - PPGE - Programa de P\u00f3s-Gradua\u00e7\u00e3o em Educa\u00e7\u00e3o\" \/>\n<meta property=\"og:description\" content=\"Edital de Processo Seletivo para Credenciamento de Professor ao Programa de P\u00f3s-Gradua\u00e7\u00e3o em Educa\u00e7\u00e3o (PPGE) da Universidade Estadual de Montes Claros (Unimontes) 26\/07\/2021 Arquivo Resultado Preliminar 03\/06\/2021 Arquivo Edital n. 04 PPGE\/2021 \u2014 Credenciamento Docente Link Formul\u00e1rio Eletr\u00f4nico de Inscri\u00e7\u00e3o Arquivo Anexo I \u2014 Termo de Veracidade e Autenticidade Arquivo Anexo II \u2014 Ficha de [&hellip;]\" \/>\n<meta property=\"og:url\" content=\"https:\/\/www.posgraduacao.unimontes.br\/ppge\/4-2021-credenciamento-docente\/\" \/>\n<meta property=\"og:site_name\" content=\"PPGE - Programa de P\u00f3s-Gradua\u00e7\u00e3o em Educa\u00e7\u00e3o\" \/>\n<meta property=\"article:modified_time\" content=\"2021-07-26T22:08:48+00:00\" \/>\n<meta name=\"twitter:card\" content=\"summary_large_image\" \/>\n<script type=\"application\/ld+json\" class=\"yoast-schema-graph\">{\"@context\":\"https:\/\/schema.org\",\"@graph\":[{\"@type\":\"WebSite\",\"@id\":\"https:\/\/www.posgraduacao.unimontes.br\/ppge\/#website\",\"url\":\"https:\/\/www.posgraduacao.unimontes.br\/ppge\/\",\"name\":\"PPGE - Programa de P\\u00f3s-Gradua\\u00e7\\u00e3o em Educa\\u00e7\\u00e3o\",\"description\":\"O Programa de P\\u00f3s-Gradua\\u00e7\\u00e3o em Educa\\u00e7\\u00e3o \\u2014 Mestrado Acad\\u00eamico (PPGE) foi instalado em dezembro de 2018, ap\\u00f3s recomenda\\u00e7\\u00e3o pela Coordena\\u00e7\\u00e3o de Aperfei\\u00e7oamento de Pessoal de N\\u00edvel Superior (CAPES), com in\\u00edcio das atividades docentes previstas para abril de 2019. O Programa \\u00e9 desenvolvido pela Unimontes, institui\\u00e7\\u00e3o universit\\u00e1ria vinculada \\u00e0 Secretaria de Ci\\u00eancia e Tecnologia do Estado de Minas Gerais.\",\"potentialAction\":[{\"@type\":\"SearchAction\",\"target\":\"https:\/\/www.posgraduacao.unimontes.br\/ppge\/?s={search_term_string}\",\"query-input\":\"required name=search_term_string\"}],\"inLanguage\":\"pt-BR\"},{\"@type\":\"WebPage\",\"@id\":\"https:\/\/www.posgraduacao.unimontes.br\/ppge\/4-2021-credenciamento-docente\/#webpage\",\"url\":\"https:\/\/www.posgraduacao.unimontes.br\/ppge\/4-2021-credenciamento-docente\/\",\"name\":\"4\/2021 \\u2014 Credenciamento Docente - PPGE - Programa de P\\u00f3s-Gradua\\u00e7\\u00e3o em Educa\\u00e7\\u00e3o\",\"isPartOf\":{\"@id\":\"https:\/\/www.posgraduacao.unimontes.br\/ppge\/#website\"},\"datePublished\":\"2021-06-02T16:20:37+00:00\",\"dateModified\":\"2021-07-26T22:08:48+00:00\",\"inLanguage\":\"pt-BR\",\"potentialAction\":[{\"@type\":\"ReadAction\",\"target\":[\"https:\/\/www.posgraduacao.unimontes.br\/ppge\/4-2021-credenciamento-docente\/\"]}]}]}<\/script>\n<!-- \/ Yoast SEO plugin. -->","_links":{"self":[{"href":"https:\/\/www.posgraduacao.unimontes.br\/ppge\/wp-json\/wp\/v2\/pages\/1677"}],"collection":[{"href":"https:\/\/www.posgraduacao.unimontes.br\/ppge\/wp-json\/wp\/v2\/pages"}],"about":[{"href":"https:\/\/www.posgraduacao.unimontes.br\/ppge\/wp-json\/wp\/v2\/types\/page"}],"author":[{"embeddable":true,"href":"https:\/\/www.posgraduacao.unimontes.br\/ppge\/wp-json\/wp\/v2\/users\/5"}],"replies":[{"embeddable":true,"href":"https:\/\/www.posgraduacao.unimontes.br\/ppge\/wp-json\/wp\/v2\/comments?post=1677"}],"version-history":[{"count":3,"href":"https:\/\/www.posgraduacao.unimontes.br\/ppge\/wp-json\/wp\/v2\/pages\/1677\/revisions"}],"predecessor-version":[{"id":1719,"href":"https:\/\/www.posgraduacao.unimontes.br\/ppge\/wp-json\/wp\/v2\/pages\/1677\/revisions\/1719"}],"wp:attachment":[{"href":"https:\/\/www.posgraduacao.unimontes.br\/ppge\/wp-json\/wp\/v2\/media?parent=1677"}],"curies":[{"name":"wp","href":"https:\/\/api.w.org\/{rel}","templated":true}]}}