{"id":1671,"date":"2021-05-28T09:14:23","date_gmt":"2021-05-28T12:14:23","guid":{"rendered":"https:\/\/www.posgraduacao.unimontes.br\/ppge\/?page_id=1671"},"modified":"2021-07-21T13:43:55","modified_gmt":"2021-07-21T16:43:55","slug":"3-2021-disciplina-isolada","status":"publish","type":"page","link":"https:\/\/www.posgraduacao.unimontes.br\/ppge\/3-2021-disciplina-isolada\/","title":{"rendered":"3\/2021 \u2014 Disciplina Isolada"},"content":{"rendered":"<section class=\"kc-elm kc-css-398962 kc_row\"><div class=\"kc-row-container  kc-container\"><div class=\"kc-wrap-columns\"><div class=\"kc-elm kc-css-637151 kc_col-sm-12 kc_column kc_col-sm-12\"><div class=\"kc-col-container\"><div class=\"kc-elm kc-css-565983\" style=\"height: 30px; clear: both; width:100%;\"><\/div><\/div><\/div><\/div><\/div><\/section><section class=\"kc-elm kc-css-679747 kc_row\"><div class=\"kc-row-container  kc-container\"><div class=\"kc-wrap-columns\"><div class=\"kc-elm kc-css-657868 kc_col-sm-1 kc_column kc_col-sm-1\"><div class=\"kc-col-container\"><\/div><\/div><div class=\"kc-elm kc-css-886851 kc_col-sm-10 kc_column kc_col-sm-10\"><div class=\"kc-col-container\"><div class=\"kc-elm kc-css-556118 kc_text_block\"><p dir=\"ltr\" style=\"line-height: 1.44; text-align: justify; background-color: #ffffff; margin-top: 0pt; margin-bottom: 12pt;\"><img class=\"alignnone size-medium\" src=\"http:\/\/www.posgraduacao.unimontes.br\/uploads\/sites\/8\/2021\/07\/Resultado-Preliminar.pdf\" alt=\"\" \/><span style=\"background-color: transparent; color: #000000; font-family: Arial; font-size: 11pt; white-space: pre-wrap; font-style: inherit;\">O Colegiado do PPGE\/Unimontes torna p\u00fablica a abertura de inscri\u00e7\u00f5es para o processo de sele\u00e7\u00e3o de Aluno Especial, para matr\u00edcula em Disciplinas Isoladas a serem cursadas no segundo semestre de 2021, no Mestrado Acad\u00eamico em Educa\u00e7\u00e3o.<\/span><\/p>\n<div dir=\"ltr\" style=\"margin-left: 0pt;\" align=\"left\">\n<table style=\"border: none; border-collapse: collapse; height: 733px;\" width=\"593\">\n<colgroup>\n<col width=\"110\" \/>\n<col width=\"106\" \/>\n<col width=\"368\" \/><\/colgroup>\n<tbody>\n<tr style=\"height: 14.173228346456694pt;\">\n<td style=\"border-left: solid #ffffff 6pt; border-right: solid #ffffff 6pt; border-bottom: solid #ffffff 6pt; border-top: solid #ffffff 0.75pt; vertical-align: middle; background-color: #ffe599; padding: 3pt 3pt 3pt 3pt; overflow: hidden; overflow-wrap: break-word;\">\n<p dir=\"ltr\" style=\"line-height: 1.728; text-align: center; margin-top: 6pt; margin-bottom: 23pt;\"><span style=\"font-size: 11pt; font-family: Arial; background-color: transparent; font-variant-numeric: normal; font-variant-east-asian: normal; vertical-align: baseline; white-space: pre-wrap;\">21\/07\/2021<\/span><\/p>\n<\/td>\n<td style=\"border-left: solid #ffffff 6pt; border-right: solid #ffffff 6pt; border-bottom: solid #ffffff 6pt; border-top: solid #ffffff 0.75pt; vertical-align: middle; background-color: #ffe599; padding: 3pt 3pt 3pt 3pt; overflow: hidden; overflow-wrap: break-word;\">\n<p dir=\"ltr\" style=\"line-height: 1.38; text-align: center; margin-top: 6pt; margin-bottom: 23pt;\"><a style=\"text-decoration-line: none;\" href=\"http:\/\/www.posgraduacao.unimontes.br\/uploads\/sites\/8\/2021\/07\/Resultado.pdf\"><span style=\"font-size: 11pt; font-family: Arial; color: #1155cc; background-color: transparent; font-weight: bold; font-variant-numeric: normal; font-variant-east-asian: normal; text-decoration-line: underline; text-decoration-skip-ink: none; vertical-align: baseline; white-space: pre-wrap;\">Arquivo<\/span><\/a><\/p>\n<\/td>\n<td style=\"border-left: solid #ffffff 6pt; border-right: solid #ffffff 6pt; border-bottom: solid #ffffff 6pt; border-top: solid #ffffff 0.75pt; vertical-align: middle; background-color: #ffe599; padding: 3pt 3pt 3pt 3pt; overflow: hidden; overflow-wrap: break-word;\">\n<p dir=\"ltr\" style=\"line-height: 1.728; text-align: justify; margin-top: 6pt; margin-bottom: 23pt;\"><span style=\"font-size: 11pt; font-family: Arial; background-color: transparent; font-variant-numeric: normal; font-variant-east-asian: normal; vertical-align: baseline; white-space: pre-wrap;\">Resultado Final<\/span><\/p>\n<\/td>\n<\/tr>\n<tr style=\"height: 14.173228346456694pt;\">\n<td style=\"vertical-align: middle; background-color: #ffe599; padding: 3pt 3pt 3pt 3pt; overflow: hidden; overflow-wrap: break-word; border: solid #ffffff 6pt;\">\n<p dir=\"ltr\" style=\"line-height: 1.728; text-align: center; margin-top: 6pt; margin-bottom: 23pt;\"><span style=\"font-size: 11pt; font-family: Arial; background-color: transparent; font-variant-numeric: normal; font-variant-east-asian: normal; vertical-align: baseline; white-space: pre-wrap;\">13\/07\/2021<\/span><\/p>\n<\/td>\n<td style=\"vertical-align: middle; background-color: #ffe599; padding: 3pt 3pt 3pt 3pt; overflow: hidden; overflow-wrap: break-word; border: solid #ffffff 6pt;\">\n<p dir=\"ltr\" style=\"line-height: 1.38; text-align: center; margin-top: 6pt; margin-bottom: 23pt;\"><a style=\"text-decoration-line: none;\" href=\"http:\/\/www.posgraduacao.unimontes.br\/uploads\/sites\/8\/2021\/07\/Resultado-Preliminar.pdf\"><span style=\"font-size: 11pt; font-family: Arial; color: #1155cc; background-color: transparent; font-weight: bold; font-variant-numeric: normal; font-variant-east-asian: normal; text-decoration-line: underline; text-decoration-skip-ink: none; vertical-align: baseline; white-space: pre-wrap;\">Arquivo<\/span><\/a><\/p>\n<\/td>\n<td style=\"vertical-align: middle; background-color: #ffe599; padding: 3pt 3pt 3pt 3pt; overflow: hidden; overflow-wrap: break-word; border: solid #ffffff 6pt;\">\n<p dir=\"ltr\" style=\"line-height: 1.728; text-align: justify; margin-top: 6pt; margin-bottom: 23pt;\"><span style=\"font-size: 11pt; font-family: Arial; background-color: transparent; font-variant-numeric: normal; font-variant-east-asian: normal; vertical-align: baseline; white-space: pre-wrap;\">Resultado Preliminar<\/span><\/p>\n<\/td>\n<\/tr>\n<tr style=\"height: 14.173228346456694pt;\">\n<td style=\"vertical-align: middle; background-color: #ffe599; padding: 3pt 3pt 3pt 3pt; overflow: hidden; overflow-wrap: break-word; border: solid #ffffff 6pt;\">\n<p dir=\"ltr\" style=\"line-height: 1.728; text-align: center; margin-top: 6pt; margin-bottom: 23pt;\"><span style=\"font-size: 11pt; font-family: Arial; background-color: transparent; font-variant-numeric: normal; font-variant-east-asian: normal; vertical-align: baseline; white-space: pre-wrap;\">05\/072021<\/span><\/p>\n<\/td>\n<td style=\"vertical-align: middle; background-color: #ffe599; padding: 3pt 3pt 3pt 3pt; overflow: hidden; overflow-wrap: break-word; border: solid #ffffff 6pt;\">\n<p dir=\"ltr\" style=\"line-height: 1.38; text-align: center; margin-top: 6pt; margin-bottom: 23pt;\"><a style=\"text-decoration-line: none;\" href=\"http:\/\/www.posgraduacao.unimontes.br\/uploads\/sites\/8\/2021\/07\/Inscri%C3%A7%C3%B5es-%E2%80%94-Resultado-p%C3%B3s-Recurso.pdf\"><span style=\"font-size: 11pt; font-family: Arial; color: #1155cc; background-color: transparent; font-weight: bold; font-variant-numeric: normal; font-variant-east-asian: normal; text-decoration-line: underline; text-decoration-skip-ink: none; vertical-align: baseline; white-space: pre-wrap;\">Arquivo<\/span><\/a><\/p>\n<\/td>\n<td style=\"vertical-align: middle; background-color: #ffe599; padding: 3pt 3pt 3pt 3pt; overflow: hidden; overflow-wrap: break-word; border: solid #ffffff 6pt;\">\n<p dir=\"ltr\" style=\"line-height: 1.728; text-align: justify; margin-top: 6pt; margin-bottom: 23pt;\"><span style=\"font-size: 11pt; font-family: Arial; background-color: transparent; font-variant-numeric: normal; font-variant-east-asian: normal; vertical-align: baseline; white-space: pre-wrap;\">Inscri\u00e7\u00f5es \u2014 Resultado p\u00f3s Recurso<\/span><\/p>\n<\/td>\n<\/tr>\n<tr style=\"height: 14.173228346456694pt;\">\n<td style=\"vertical-align: middle; background-color: #ffe599; padding: 3pt 3pt 3pt 3pt; overflow: hidden; overflow-wrap: break-word; border: solid #ffffff 6pt;\">\n<p dir=\"ltr\" style=\"line-height: 1.728; text-align: center; margin-top: 6pt; margin-bottom: 23pt;\"><span style=\"font-size: 11pt; font-family: Arial; background-color: transparent; font-variant-numeric: normal; font-variant-east-asian: normal; vertical-align: baseline; white-space: pre-wrap;\">28\/06\/2021<\/span><\/p>\n<\/td>\n<td style=\"vertical-align: middle; background-color: #ffe599; padding: 3pt 3pt 3pt 3pt; overflow: hidden; overflow-wrap: break-word; border: solid #ffffff 6pt;\">\n<p dir=\"ltr\" style=\"line-height: 1.38; text-align: center; margin-top: 6pt; margin-bottom: 23pt;\"><a style=\"text-decoration-line: none;\" href=\"http:\/\/www.posgraduacao.unimontes.br\/uploads\/sites\/8\/2021\/06\/Inscri%C3%A7%C3%B5es-%E2%80%94-Resultado-Preliminar.pdf\"><span style=\"font-size: 11pt; font-family: Arial; color: #1155cc; background-color: transparent; font-weight: bold; font-variant-numeric: normal; font-variant-east-asian: normal; text-decoration-line: underline; text-decoration-skip-ink: none; vertical-align: baseline; white-space: pre-wrap;\">Arquivo<\/span><\/a><\/p>\n<\/td>\n<td style=\"vertical-align: middle; background-color: #ffe599; padding: 3pt 3pt 3pt 3pt; overflow: hidden; overflow-wrap: break-word; border: solid #ffffff 6pt;\">\n<p dir=\"ltr\" style=\"line-height: 1.728; text-align: justify; margin-top: 6pt; margin-bottom: 23pt;\"><span style=\"font-size: 11pt; font-family: Arial; background-color: transparent; font-variant-numeric: normal; font-variant-east-asian: normal; vertical-align: baseline; white-space: pre-wrap;\">Inscri\u00e7\u00f5es \u2014 Resultado Preliminar<\/span><\/p>\n<\/td>\n<\/tr>\n<tr style=\"height: 14.173228346456694pt;\">\n<td style=\"vertical-align: middle; background-color: #ffe599; padding: 3pt 3pt 3pt 3pt; overflow: hidden; overflow-wrap: break-word; border: solid #ffffff 6pt;\" rowspan=\"5\">\n<p dir=\"ltr\" style=\"line-height: 1.728; text-align: center; margin-top: 6pt; margin-bottom: 23pt;\"><span style=\"font-size: 11pt; font-family: Arial; background-color: transparent; font-variant-numeric: normal; font-variant-east-asian: normal; vertical-align: baseline; white-space: pre-wrap;\">31\/05\/2021<\/span><\/p>\n<\/td>\n<td style=\"vertical-align: middle; background-color: #ffe599; padding: 3pt 3pt 3pt 3pt; overflow: hidden; overflow-wrap: break-word; border: solid #ffffff 6pt;\">\n<p dir=\"ltr\" style=\"line-height: 1.38; text-align: center; margin-top: 6pt; margin-bottom: 23pt;\"><a style=\"text-decoration-line: none;\" href=\"http:\/\/www.posgraduacao.unimontes.br\/uploads\/sites\/8\/2021\/05\/Edital-n-3-2021-%E2%80%94-Disciplina-Isolada.pdf\"><span style=\"font-size: 11pt; font-family: Arial; color: #1155cc; background-color: transparent; font-weight: bold; font-variant-numeric: normal; font-variant-east-asian: normal; text-decoration-line: underline; text-decoration-skip-ink: none; vertical-align: baseline; white-space: pre-wrap;\">Arquivo<\/span><\/a><\/p>\n<\/td>\n<td style=\"vertical-align: middle; background-color: #ffe599; padding: 3pt 3pt 3pt 3pt; overflow: hidden; overflow-wrap: break-word; border: solid #ffffff 6pt;\">\n<p dir=\"ltr\" style=\"line-height: 1.728; text-align: justify; margin-top: 6pt; margin-bottom: 23pt;\"><span style=\"font-size: 11pt; font-family: Arial; background-color: transparent; font-variant-numeric: normal; font-variant-east-asian: normal; vertical-align: baseline; white-space: pre-wrap;\">Edital n. 03 PPGE\/2021 \u2014 Aluno Especial para ingresso em Disciplina Isolada<\/span><\/p>\n<\/td>\n<\/tr>\n<tr style=\"height: 14.173228346456694pt;\">\n<td style=\"vertical-align: middle; background-color: #ffe599; padding: 3pt 3pt 3pt 3pt; overflow: hidden; overflow-wrap: break-word; border: solid #ffffff 6pt;\">\n<p dir=\"ltr\" style=\"line-height: 1.38; text-align: center; margin-top: 6pt; margin-bottom: 23pt;\"><a style=\"text-decoration-line: none;\" href=\"https:\/\/forms.gle\/bpDMsQ4RYBAW9EAc7\"><span style=\"font-size: 11pt; font-family: Arial; color: #1155cc; background-color: transparent; font-weight: bold; font-variant-numeric: normal; font-variant-east-asian: normal; text-decoration-line: underline; text-decoration-skip-ink: none; vertical-align: baseline; white-space: pre-wrap;\">Link<\/span><\/a><\/p>\n<\/td>\n<td style=\"vertical-align: middle; background-color: #ffe599; padding: 3pt 3pt 3pt 3pt; overflow: hidden; overflow-wrap: break-word; border: solid #ffffff 6pt;\">\n<p dir=\"ltr\" style=\"line-height: 1.728; text-align: justify; margin-top: 6pt; margin-bottom: 23pt;\"><span style=\"font-size: 11pt; font-family: Arial; background-color: transparent; font-variant-numeric: normal; font-variant-east-asian: normal; vertical-align: baseline; white-space: pre-wrap;\">Formul\u00e1rio Eletr\u00f4nico de Inscri\u00e7\u00e3o<\/span><\/p>\n<\/td>\n<\/tr>\n<tr style=\"height: 14.173228346456694pt;\">\n<td style=\"vertical-align: middle; background-color: #ffe599; padding: 3pt 3pt 3pt 3pt; overflow: hidden; overflow-wrap: break-word; border: solid #ffffff 6pt;\">\n<p dir=\"ltr\" style=\"line-height: 1.38; text-align: center; margin-top: 6pt; margin-bottom: 23pt;\"><a style=\"text-decoration-line: none;\" href=\"https:\/\/drive.google.com\/file\/d\/1GMfkmYqT-Y9eWrH3lb7TRZDU4lK2suAU\/view?usp=sharing\"><span style=\"font-size: 11pt; font-family: Arial; color: #1155cc; background-color: transparent; font-weight: bold; font-variant-numeric: normal; font-variant-east-asian: normal; text-decoration-line: underline; text-decoration-skip-ink: none; vertical-align: baseline; white-space: pre-wrap;\">Arquivo<\/span><\/a><\/p>\n<\/td>\n<td style=\"vertical-align: middle; background-color: #ffe599; padding: 3pt 3pt 3pt 3pt; overflow: hidden; overflow-wrap: break-word; border: solid #ffffff 6pt;\">\n<p dir=\"ltr\" style=\"line-height: 1.728; text-align: justify; margin-top: 6pt; margin-bottom: 23pt;\"><span style=\"font-size: 11pt; font-family: Arial; background-color: transparent; font-variant-numeric: normal; font-variant-east-asian: normal; vertical-align: baseline; white-space: pre-wrap;\">Anexo I \u2014 Termo de Veracidade e Autenticidade<\/span><\/p>\n<\/td>\n<\/tr>\n<tr style=\"height: 14.173228346456694pt;\">\n<td style=\"vertical-align: middle; background-color: #ffe599; padding: 3pt 3pt 3pt 3pt; overflow: hidden; overflow-wrap: break-word; border: solid #ffffff 6pt;\">\n<p dir=\"ltr\" style=\"line-height: 1.38; text-align: center; margin-top: 6pt; margin-bottom: 23pt;\"><a style=\"text-decoration-line: none;\" href=\"https:\/\/drive.google.com\/file\/d\/19nkTqPvXMliRRn5ckvzjDBvDHWevjtXT\/view?usp=sharing\"><span style=\"font-size: 11pt; font-family: Arial; color: #1155cc; background-color: transparent; font-weight: bold; font-variant-numeric: normal; font-variant-east-asian: normal; text-decoration-line: underline; text-decoration-skip-ink: none; vertical-align: baseline; white-space: pre-wrap;\">Arquivo<\/span><\/a><\/p>\n<\/td>\n<td style=\"vertical-align: middle; background-color: #ffe599; padding: 3pt 3pt 3pt 3pt; overflow: hidden; overflow-wrap: break-word; border: solid #ffffff 6pt;\">\n<p dir=\"ltr\" style=\"line-height: 1.728; text-align: justify; margin-top: 6pt; margin-bottom: 23pt;\"><span style=\"font-size: 11pt; font-family: Arial; background-color: transparent; font-variant-numeric: normal; font-variant-east-asian: normal; vertical-align: baseline; white-space: pre-wrap;\">Anexo II \u2014 Ficha de Avalia\u00e7\u00e3o do Curr\u00edculo Lattes<\/span><\/p>\n<\/td>\n<\/tr>\n<tr style=\"height: 14.173228346456694pt;\">\n<td style=\"vertical-align: middle; background-color: #ffe599; padding: 3pt 3pt 3pt 3pt; overflow: hidden; overflow-wrap: break-word; border: solid #ffffff 6pt;\">\n<p dir=\"ltr\" style=\"line-height: 1.38; text-align: center; margin-top: 6pt; margin-bottom: 23pt;\"><a style=\"text-decoration-line: none;\" href=\"https:\/\/drive.google.com\/file\/d\/1TSxhokIOKNqV_K-wlp0IQ6ppja5UuKyL\/view?usp=sharing\"><span style=\"font-size: 11pt; font-family: Arial; color: #1155cc; background-color: transparent; font-weight: bold; font-variant-numeric: normal; font-variant-east-asian: normal; text-decoration-line: underline; text-decoration-skip-ink: none; vertical-align: baseline; white-space: pre-wrap;\">Arquivo<\/span><\/a><\/p>\n<\/td>\n<td style=\"vertical-align: middle; background-color: #ffe599; padding: 3pt 3pt 3pt 3pt; overflow: hidden; overflow-wrap: break-word; border: solid #ffffff 6pt;\">\n<p dir=\"ltr\" style=\"line-height: 1.728; text-align: justify; margin-top: 6pt; margin-bottom: 23pt;\"><span style=\"font-size: 11pt; font-family: Arial; background-color: transparent; font-variant-numeric: normal; font-variant-east-asian: normal; vertical-align: baseline; white-space: pre-wrap;\">Modelo de Procura\u00e7\u00e3o<\/span><\/p>\n<\/td>\n<\/tr>\n<\/tbody>\n<\/table>\n<\/div>\n<\/div><\/div><\/div><div class=\"kc-elm kc-css-955615 kc_col-sm-1 kc_column kc_col-sm-1\"><div class=\"kc-col-container\"><\/div><\/div><\/div><\/div><\/section>\n","protected":false},"excerpt":{"rendered":"","protected":false},"author":5,"featured_media":0,"parent":0,"menu_order":0,"comment_status":"closed","ping_status":"closed","template":"","meta":[],"yoast_head":"<!-- This site is optimized with the Yoast SEO plugin v14.7 - https:\/\/yoast.com\/wordpress\/plugins\/seo\/ -->\n<title>3\/2021 \u2014 Disciplina Isolada - PPGE - Programa de P\u00f3s-Gradua\u00e7\u00e3o em Educa\u00e7\u00e3o<\/title>\n<meta name=\"robots\" content=\"index, follow\" \/>\n<meta name=\"googlebot\" content=\"index, follow, max-snippet:-1, max-image-preview:large, max-video-preview:-1\" \/>\n<meta name=\"bingbot\" content=\"index, follow, max-snippet:-1, max-image-preview:large, max-video-preview:-1\" \/>\n<link rel=\"canonical\" href=\"https:\/\/www.posgraduacao.unimontes.br\/ppge\/3-2021-disciplina-isolada\/\" \/>\n<meta property=\"og:locale\" content=\"pt_BR\" \/>\n<meta property=\"og:type\" content=\"article\" \/>\n<meta property=\"og:title\" content=\"3\/2021 \u2014 Disciplina Isolada - PPGE - Programa de P\u00f3s-Gradua\u00e7\u00e3o em Educa\u00e7\u00e3o\" \/>\n<meta property=\"og:description\" content=\"O Colegiado do PPGE\/Unimontes torna p\u00fablica a abertura de inscri\u00e7\u00f5es para o processo de sele\u00e7\u00e3o de Aluno Especial, para matr\u00edcula em Disciplinas Isoladas a serem cursadas no segundo semestre de 2021, no Mestrado Acad\u00eamico em Educa\u00e7\u00e3o. 21\/07\/2021 Arquivo Resultado Final 13\/07\/2021 Arquivo Resultado Preliminar 05\/072021 Arquivo Inscri\u00e7\u00f5es \u2014 Resultado p\u00f3s Recurso 28\/06\/2021 Arquivo Inscri\u00e7\u00f5es \u2014 [&hellip;]\" \/>\n<meta property=\"og:url\" content=\"https:\/\/www.posgraduacao.unimontes.br\/ppge\/3-2021-disciplina-isolada\/\" \/>\n<meta property=\"og:site_name\" content=\"PPGE - Programa de P\u00f3s-Gradua\u00e7\u00e3o em Educa\u00e7\u00e3o\" \/>\n<meta property=\"article:modified_time\" content=\"2021-07-21T16:43:55+00:00\" \/>\n<meta property=\"og:image\" content=\"http:\/\/www.posgraduacao.unimontes.br\/uploads\/sites\/8\/2021\/07\/Resultado-Preliminar.pdf\" \/>\n<meta name=\"twitter:card\" content=\"summary_large_image\" \/>\n<script type=\"application\/ld+json\" class=\"yoast-schema-graph\">{\"@context\":\"https:\/\/schema.org\",\"@graph\":[{\"@type\":\"WebSite\",\"@id\":\"https:\/\/www.posgraduacao.unimontes.br\/ppge\/#website\",\"url\":\"https:\/\/www.posgraduacao.unimontes.br\/ppge\/\",\"name\":\"PPGE - Programa de P\\u00f3s-Gradua\\u00e7\\u00e3o em Educa\\u00e7\\u00e3o\",\"description\":\"O Programa de P\\u00f3s-Gradua\\u00e7\\u00e3o em Educa\\u00e7\\u00e3o \\u2014 Mestrado Acad\\u00eamico (PPGE) foi instalado em dezembro de 2018, ap\\u00f3s recomenda\\u00e7\\u00e3o pela Coordena\\u00e7\\u00e3o de Aperfei\\u00e7oamento de Pessoal de N\\u00edvel Superior (CAPES), com in\\u00edcio das atividades docentes previstas para abril de 2019. O Programa \\u00e9 desenvolvido pela Unimontes, institui\\u00e7\\u00e3o universit\\u00e1ria vinculada \\u00e0 Secretaria de Ci\\u00eancia e Tecnologia do Estado de Minas Gerais.\",\"potentialAction\":[{\"@type\":\"SearchAction\",\"target\":\"https:\/\/www.posgraduacao.unimontes.br\/ppge\/?s={search_term_string}\",\"query-input\":\"required name=search_term_string\"}],\"inLanguage\":\"pt-BR\"},{\"@type\":\"ImageObject\",\"@id\":\"https:\/\/www.posgraduacao.unimontes.br\/ppge\/3-2021-disciplina-isolada\/#primaryimage\",\"inLanguage\":\"pt-BR\",\"url\":\"http:\/\/www.posgraduacao.unimontes.br\/uploads\/sites\/8\/2021\/07\/Resultado-Preliminar.pdf\"},{\"@type\":\"WebPage\",\"@id\":\"https:\/\/www.posgraduacao.unimontes.br\/ppge\/3-2021-disciplina-isolada\/#webpage\",\"url\":\"https:\/\/www.posgraduacao.unimontes.br\/ppge\/3-2021-disciplina-isolada\/\",\"name\":\"3\/2021 \\u2014 Disciplina Isolada - PPGE - Programa de P\\u00f3s-Gradua\\u00e7\\u00e3o em Educa\\u00e7\\u00e3o\",\"isPartOf\":{\"@id\":\"https:\/\/www.posgraduacao.unimontes.br\/ppge\/#website\"},\"primaryImageOfPage\":{\"@id\":\"https:\/\/www.posgraduacao.unimontes.br\/ppge\/3-2021-disciplina-isolada\/#primaryimage\"},\"datePublished\":\"2021-05-28T12:14:23+00:00\",\"dateModified\":\"2021-07-21T16:43:55+00:00\",\"inLanguage\":\"pt-BR\",\"potentialAction\":[{\"@type\":\"ReadAction\",\"target\":[\"https:\/\/www.posgraduacao.unimontes.br\/ppge\/3-2021-disciplina-isolada\/\"]}]}]}<\/script>\n<!-- \/ Yoast SEO plugin. -->","_links":{"self":[{"href":"https:\/\/www.posgraduacao.unimontes.br\/ppge\/wp-json\/wp\/v2\/pages\/1671"}],"collection":[{"href":"https:\/\/www.posgraduacao.unimontes.br\/ppge\/wp-json\/wp\/v2\/pages"}],"about":[{"href":"https:\/\/www.posgraduacao.unimontes.br\/ppge\/wp-json\/wp\/v2\/types\/page"}],"author":[{"embeddable":true,"href":"https:\/\/www.posgraduacao.unimontes.br\/ppge\/wp-json\/wp\/v2\/users\/5"}],"replies":[{"embeddable":true,"href":"https:\/\/www.posgraduacao.unimontes.br\/ppge\/wp-json\/wp\/v2\/comments?post=1671"}],"version-history":[{"count":8,"href":"https:\/\/www.posgraduacao.unimontes.br\/ppge\/wp-json\/wp\/v2\/pages\/1671\/revisions"}],"predecessor-version":[{"id":1717,"href":"https:\/\/www.posgraduacao.unimontes.br\/ppge\/wp-json\/wp\/v2\/pages\/1671\/revisions\/1717"}],"wp:attachment":[{"href":"https:\/\/www.posgraduacao.unimontes.br\/ppge\/wp-json\/wp\/v2\/media?parent=1671"}],"curies":[{"name":"wp","href":"https:\/\/api.w.org\/{rel}","templated":true}]}}