{"id":1442,"date":"2021-02-04T14:01:24","date_gmt":"2021-02-04T17:01:24","guid":{"rendered":"https:\/\/www.posgraduacao.unimontes.br\/ppge\/?page_id=1442"},"modified":"2021-02-22T20:40:23","modified_gmt":"2021-02-22T23:40:23","slug":"2-2021-disciplina-isolada","status":"publish","type":"page","link":"https:\/\/www.posgraduacao.unimontes.br\/ppge\/2-2021-disciplina-isolada\/","title":{"rendered":"2\/2021 \u2014 Disciplina Isolada"},"content":{"rendered":"<section class=\"kc-elm kc-css-3049 kc_row\"><div class=\"kc-row-container  kc-container\"><div class=\"kc-wrap-columns\"><div class=\"kc-elm kc-css-269681 kc_col-sm-1 kc_column kc_col-sm-1\"><div class=\"kc-col-container\"><\/div><\/div><div class=\"kc-elm kc-css-93883 kc_col-sm-10 kc_column kc_col-sm-10\"><div class=\"kc-col-container\"><div class=\"kc-elm kc-css-126953\" style=\"height: 30px; clear: both; width:100%;\"><\/div><div class=\"kc-elm kc-css-415012 kc_text_block\"><p dir=\"ltr\" style=\"line-height: 1.2; text-align: justify; background-color: #ffffff; margin-top: 0pt; margin-bottom: 12pt;\"><span style=\"background-color: transparent; color: #000000; font-family: Arial; font-size: 12pt; white-space: pre-wrap; font-style: inherit;\">O Colegiado do PPGE\/Unimontes torna p\u00fablica a abertura de inscri\u00e7\u00f5es para o processo de sele\u00e7\u00e3o de Aluno Especial, para matr\u00edcula em Disciplinas Isoladas a serem cursadas no primeiro semestre de 2021, no Mestrado Acad\u00eamico em Educa\u00e7\u00e3o.<\/span><\/p>\n<div dir=\"ltr\" style=\"margin-left: 0pt;\" align=\"left\">\n<div dir=\"ltr\" style=\"margin-left: 0pt;\" align=\"left\">\n<table style=\"border: none; border-collapse: collapse;\">\n<colgroup>\n<col width=\"110\" \/>\n<col width=\"106\" \/>\n<col width=\"368\" \/><\/colgroup>\n<tbody>\n<tr style=\"height: 41.25pt;\">\n<td style=\"vertical-align: middle; background-color: #ffe599; padding: 5pt 5pt 5pt 5pt; overflow: hidden; overflow-wrap: break-word; border: solid #ffffff 6pt;\">\n<p dir=\"ltr\" style=\"line-height: 1.44; text-align: center; margin-top: 6pt; margin-bottom: 6pt;\"><span style=\"font-size: 12pt; font-family: Arial; color: #000000; background-color: transparent; font-variant-numeric: normal; font-variant-east-asian: normal; vertical-align: baseline; white-space: pre-wrap;\">22\/02\/2021<\/span><\/p>\n<\/td>\n<td style=\"vertical-align: middle; background-color: #ffe599; padding: 5pt 5pt 5pt 5pt; overflow: hidden; overflow-wrap: break-word; border: solid #ffffff 6pt;\">\n<p dir=\"ltr\" style=\"line-height: 1.44; text-align: center; margin-top: 6pt; margin-bottom: 6pt;\"><a href=\"http:\/\/www.posgraduacao.unimontes.br\/uploads\/sites\/8\/2021\/02\/Resultado-Final.pdf\" target=\"_blank\" rel=\"noopener\"><span style=\"font-size: 12pt; font-family: Arial; color: #3366ff; background-color: transparent; font-weight: bold; font-variant-numeric: normal; font-variant-east-asian: normal; vertical-align: baseline; white-space: pre-wrap;\">Arquivo<\/span><\/a><\/p>\n<\/td>\n<td style=\"vertical-align: middle; background-color: #ffe599; padding: 5pt 5pt 5pt 5pt; overflow: hidden; overflow-wrap: break-word; border: solid #ffffff 6pt;\">\n<p dir=\"ltr\" style=\"line-height: 1.2; margin-top: 6pt; margin-bottom: 6pt;\"><span style=\"font-size: 12pt; font-family: Arial; color: #000000; background-color: transparent; font-variant-numeric: normal; font-variant-east-asian: normal; vertical-align: baseline; white-space: pre-wrap;\">Resultado do Processo Seletivo ap\u00f3s per\u00edodo de recurso<\/span><\/p>\n<\/td>\n<\/tr>\n<tr style=\"height: 41.25pt;\">\n<td style=\"vertical-align: middle; background-color: #ffe599; padding: 5pt 5pt 5pt 5pt; overflow: hidden; overflow-wrap: break-word; border: solid #ffffff 6pt;\">\n<p dir=\"ltr\" style=\"line-height: 1.44; text-align: center; margin-top: 6pt; margin-bottom: 6pt;\"><span style=\"font-size: 12pt; font-family: Arial; color: #000000; background-color: transparent; font-variant-numeric: normal; font-variant-east-asian: normal; vertical-align: baseline; white-space: pre-wrap;\">18\/02\/2021<\/span><\/p>\n<\/td>\n<td style=\"vertical-align: middle; background-color: #ffe599; padding: 5pt 5pt 5pt 5pt; overflow: hidden; overflow-wrap: break-word; border: solid #ffffff 6pt;\">\n<p dir=\"ltr\" style=\"line-height: 1.44; text-align: center; margin-top: 6pt; margin-bottom: 6pt;\"><a style=\"text-decoration-line: none;\" href=\"http:\/\/www.posgraduacao.unimontes.br\/uploads\/sites\/8\/2021\/02\/Edital-n.-02-2021-PPGE-Resultado.pdf\" target=\"_blank\" rel=\"noopener\"><span style=\"font-size: 12pt; font-family: Arial; color: #3366ff; background-color: transparent; font-weight: bold; font-variant-numeric: normal; font-variant-east-asian: normal; vertical-align: baseline; white-space: pre-wrap;\">Arquivo<\/span><\/a><\/p>\n<\/td>\n<td style=\"vertical-align: middle; background-color: #ffe599; padding: 5pt 5pt 5pt 5pt; overflow: hidden; overflow-wrap: break-word; border: solid #ffffff 6pt;\">\n<p dir=\"ltr\" style=\"line-height: 1.44; text-align: justify; margin-top: 6pt; margin-bottom: 6pt;\"><span style=\"font-size: 12pt; font-family: Arial; color: #000000; background-color: transparent; font-variant-numeric: normal; font-variant-east-asian: normal; vertical-align: baseline; white-space: pre-wrap;\">Resultado<\/span><\/p>\n<\/td>\n<\/tr>\n<tr style=\"height: 54.75pt;\">\n<td style=\"vertical-align: middle; background-color: #ffe599; padding: 5pt 5pt 5pt 5pt; overflow: hidden; overflow-wrap: break-word; border: solid #ffffff 6pt;\" rowspan=\"4\">\n<p dir=\"ltr\" style=\"line-height: 1.44; text-align: center; margin-top: 6pt; margin-bottom: 6pt;\"><span style=\"font-size: 12pt; font-family: Arial; color: #000000; background-color: transparent; font-variant-numeric: normal; font-variant-east-asian: normal; vertical-align: baseline; white-space: pre-wrap;\">04\/02\/2021<\/span><\/p>\n<\/td>\n<td style=\"vertical-align: middle; background-color: #ffe599; padding: 5pt 5pt 5pt 5pt; overflow: hidden; overflow-wrap: break-word; border: solid #ffffff 6pt;\">\n<p dir=\"ltr\" style=\"line-height: 1.38; text-align: center; margin-top: 6pt; margin-bottom: 6pt;\"><a style=\"text-decoration-line: none;\" href=\"http:\/\/www.posgraduacao.unimontes.br\/uploads\/sites\/8\/2021\/02\/Edital-n-02-PPGE-2021-Aluno-Especial.pdf\" target=\"_blank\" rel=\"noopener\"><span style=\"font-size: 12pt; font-family: Arial; color: #3366ff; background-color: transparent; font-weight: bold; font-variant-numeric: normal; font-variant-east-asian: normal; vertical-align: baseline; white-space: pre-wrap;\">Arquivo<\/span><\/a><\/p>\n<\/td>\n<td style=\"vertical-align: middle; background-color: #ffe599; padding: 5pt 5pt 5pt 5pt; overflow: hidden; overflow-wrap: break-word; border: solid #ffffff 6pt;\">\n<p dir=\"ltr\" style=\"line-height: 1.44; text-align: justify; margin-top: 6pt; margin-bottom: 6pt;\"><span style=\"font-size: 12pt; font-family: Arial; color: #000000; background-color: transparent; font-variant-numeric: normal; font-variant-east-asian: normal; vertical-align: baseline; white-space: pre-wrap;\">Edital n. 02 PPGE\/2021 \u2014 Aluno Especial para ingresso em Disciplina Isolada<\/span><\/p>\n<\/td>\n<\/tr>\n<tr style=\"height: 41.25pt;\">\n<td style=\"vertical-align: middle; background-color: #ffe599; padding: 5pt 5pt 5pt 5pt; overflow: hidden; overflow-wrap: break-word; border: solid #ffffff 6pt;\">\n<p dir=\"ltr\" style=\"line-height: 1.38; text-align: center; margin-top: 6pt; margin-bottom: 6pt;\"><a style=\"text-decoration-line: none;\" href=\"https:\/\/drive.google.com\/file\/d\/1hXEB5o4x6aw1CJYh5Jwcz7h4xkJD63wb\/view?usp=sharing\" target=\"_blank\" rel=\"noopener\"><span style=\"font-size: 12pt; font-family: Arial; color: #3366ff; background-color: transparent; font-weight: bold; font-variant-numeric: normal; font-variant-east-asian: normal; vertical-align: baseline; white-space: pre-wrap;\">Arquivo<\/span><\/a><\/p>\n<\/td>\n<td style=\"vertical-align: middle; background-color: #ffe599; padding: 5pt 5pt 5pt 5pt; overflow: hidden; overflow-wrap: break-word; border: solid #ffffff 6pt;\">\n<p dir=\"ltr\" style=\"line-height: 1.44; text-align: justify; margin-top: 6pt; margin-bottom: 6pt;\"><span style=\"font-size: 12pt; font-family: Arial; color: #000000; background-color: transparent; font-variant-numeric: normal; font-variant-east-asian: normal; vertical-align: baseline; white-space: pre-wrap;\">Anexo I \u2014 Termo de Veracidade e Autenticidade<\/span><\/p>\n<\/td>\n<\/tr>\n<tr style=\"height: 41.25pt;\">\n<td style=\"vertical-align: middle; background-color: #ffe599; padding: 5pt 5pt 5pt 5pt; overflow: hidden; overflow-wrap: break-word; border: solid #ffffff 6pt;\">\n<p dir=\"ltr\" style=\"line-height: 1.38; text-align: center; margin-top: 6pt; margin-bottom: 6pt;\"><a style=\"text-decoration-line: none;\" href=\"https:\/\/drive.google.com\/file\/d\/1OXrqo_0Eq_Oqa1DnxgjESkNa8n5NPl2W\/view?usp=sharing\" target=\"_blank\" rel=\"noopener\"><span style=\"font-size: 12pt; font-family: Arial; color: #3366ff; background-color: transparent; font-weight: bold; font-variant-numeric: normal; font-variant-east-asian: normal; vertical-align: baseline; white-space: pre-wrap;\">Arquivo<\/span><\/a><\/p>\n<\/td>\n<td style=\"vertical-align: middle; background-color: #ffe599; padding: 5pt 5pt 5pt 5pt; overflow: hidden; overflow-wrap: break-word; border: solid #ffffff 6pt;\">\n<p dir=\"ltr\" style=\"line-height: 1.44; text-align: justify; margin-top: 6pt; margin-bottom: 6pt;\"><span style=\"font-size: 12pt; font-family: Arial; color: #000000; background-color: transparent; font-variant-numeric: normal; font-variant-east-asian: normal; vertical-align: baseline; white-space: pre-wrap;\">Anexo II \u2014 Ficha de Inscri\u00e7\u00e3o<\/span><\/p>\n<\/td>\n<\/tr>\n<tr style=\"height: 54pt;\">\n<td style=\"vertical-align: middle; background-color: #ffe599; padding: 5pt 5pt 5pt 5pt; overflow: hidden; overflow-wrap: break-word; border: solid #ffffff 6pt;\">\n<p dir=\"ltr\" style=\"line-height: 1.38; text-align: center; margin-top: 6pt; margin-bottom: 6pt;\"><a style=\"text-decoration-line: none;\" href=\"https:\/\/drive.google.com\/file\/d\/1H2q3P1UnGsyMrKO7Q_9tBMIMyLtTGzMW\/view?usp=sharing\" target=\"_blank\" rel=\"noopener\"><span style=\"font-size: 12pt; font-family: Arial; color: #3366ff; background-color: transparent; font-weight: bold; font-variant-numeric: normal; font-variant-east-asian: normal; vertical-align: baseline; white-space: pre-wrap;\">Arquivo<\/span><\/a><\/p>\n<\/td>\n<td style=\"vertical-align: middle; background-color: #ffe599; padding: 5pt 5pt 5pt 5pt; overflow: hidden; overflow-wrap: break-word; border: solid #ffffff 6pt;\">\n<p dir=\"ltr\" style=\"line-height: 1.44; text-align: justify; margin-top: 6pt; margin-bottom: 6pt;\"><span style=\"font-size: 12pt; font-family: Arial; color: #000000; background-color: transparent; font-variant-numeric: normal; font-variant-east-asian: normal; vertical-align: baseline; white-space: pre-wrap;\">Anexo III \u2014 Ficha de Avalia\u00e7\u00e3o do Curr\u00edculo Lattes<\/span><\/p>\n<\/td>\n<\/tr>\n<\/tbody>\n<\/table>\n<\/div>\n<\/div>\n<\/div><\/div><\/div><div class=\"kc-elm kc-css-355199 kc_col-sm-1 kc_column kc_col-sm-1\"><div class=\"kc-col-container\"><\/div><\/div><\/div><\/div><\/section><section class=\"kc-elm kc-css-398834 kc_row\"><div class=\"kc-row-container  kc-container\"><div class=\"kc-wrap-columns\"><div class=\"kc-elm kc-css-844934 kc_col-sm-12 kc_column kc_col-sm-12\"><div class=\"kc-col-container\"><\/div><\/div><\/div><\/div><\/section>\n","protected":false},"excerpt":{"rendered":"","protected":false},"author":5,"featured_media":0,"parent":0,"menu_order":0,"comment_status":"closed","ping_status":"closed","template":"","meta":[],"yoast_head":"<!-- This site is optimized with the Yoast SEO plugin v14.7 - https:\/\/yoast.com\/wordpress\/plugins\/seo\/ -->\n<title>2\/2021 \u2014 Disciplina Isolada - PPGE - Programa de P\u00f3s-Gradua\u00e7\u00e3o em Educa\u00e7\u00e3o<\/title>\n<meta name=\"robots\" content=\"index, follow\" \/>\n<meta name=\"googlebot\" content=\"index, follow, max-snippet:-1, max-image-preview:large, max-video-preview:-1\" \/>\n<meta name=\"bingbot\" content=\"index, follow, max-snippet:-1, max-image-preview:large, max-video-preview:-1\" \/>\n<link rel=\"canonical\" href=\"https:\/\/www.posgraduacao.unimontes.br\/ppge\/2-2021-disciplina-isolada\/\" \/>\n<meta property=\"og:locale\" content=\"pt_BR\" \/>\n<meta property=\"og:type\" content=\"article\" \/>\n<meta property=\"og:title\" content=\"2\/2021 \u2014 Disciplina Isolada - PPGE - Programa de P\u00f3s-Gradua\u00e7\u00e3o em Educa\u00e7\u00e3o\" \/>\n<meta property=\"og:description\" content=\"O Colegiado do PPGE\/Unimontes torna p\u00fablica a abertura de inscri\u00e7\u00f5es para o processo de sele\u00e7\u00e3o de Aluno Especial, para matr\u00edcula em Disciplinas Isoladas a serem cursadas no primeiro semestre de 2021, no Mestrado Acad\u00eamico em Educa\u00e7\u00e3o. 22\/02\/2021 Arquivo Resultado do Processo Seletivo ap\u00f3s per\u00edodo de recurso 18\/02\/2021 Arquivo Resultado 04\/02\/2021 Arquivo Edital n. 02 PPGE\/2021 [&hellip;]\" \/>\n<meta property=\"og:url\" content=\"https:\/\/www.posgraduacao.unimontes.br\/ppge\/2-2021-disciplina-isolada\/\" \/>\n<meta property=\"og:site_name\" content=\"PPGE - Programa de P\u00f3s-Gradua\u00e7\u00e3o em Educa\u00e7\u00e3o\" \/>\n<meta property=\"article:modified_time\" content=\"2021-02-22T23:40:23+00:00\" \/>\n<meta name=\"twitter:card\" content=\"summary_large_image\" \/>\n<script type=\"application\/ld+json\" class=\"yoast-schema-graph\">{\"@context\":\"https:\/\/schema.org\",\"@graph\":[{\"@type\":\"WebSite\",\"@id\":\"https:\/\/www.posgraduacao.unimontes.br\/ppge\/#website\",\"url\":\"https:\/\/www.posgraduacao.unimontes.br\/ppge\/\",\"name\":\"PPGE - Programa de P\\u00f3s-Gradua\\u00e7\\u00e3o em Educa\\u00e7\\u00e3o\",\"description\":\"O Programa de P\\u00f3s-Gradua\\u00e7\\u00e3o em Educa\\u00e7\\u00e3o \\u2014 Mestrado Acad\\u00eamico (PPGE) foi instalado em dezembro de 2018, ap\\u00f3s recomenda\\u00e7\\u00e3o pela Coordena\\u00e7\\u00e3o de Aperfei\\u00e7oamento de Pessoal de N\\u00edvel Superior (CAPES), com in\\u00edcio das atividades docentes previstas para abril de 2019. O Programa \\u00e9 desenvolvido pela Unimontes, institui\\u00e7\\u00e3o universit\\u00e1ria vinculada \\u00e0 Secretaria de Ci\\u00eancia e Tecnologia do Estado de Minas Gerais.\",\"potentialAction\":[{\"@type\":\"SearchAction\",\"target\":\"https:\/\/www.posgraduacao.unimontes.br\/ppge\/?s={search_term_string}\",\"query-input\":\"required name=search_term_string\"}],\"inLanguage\":\"pt-BR\"},{\"@type\":\"WebPage\",\"@id\":\"https:\/\/www.posgraduacao.unimontes.br\/ppge\/2-2021-disciplina-isolada\/#webpage\",\"url\":\"https:\/\/www.posgraduacao.unimontes.br\/ppge\/2-2021-disciplina-isolada\/\",\"name\":\"2\/2021 \\u2014 Disciplina Isolada - PPGE - Programa de P\\u00f3s-Gradua\\u00e7\\u00e3o em Educa\\u00e7\\u00e3o\",\"isPartOf\":{\"@id\":\"https:\/\/www.posgraduacao.unimontes.br\/ppge\/#website\"},\"datePublished\":\"2021-02-04T17:01:24+00:00\",\"dateModified\":\"2021-02-22T23:40:23+00:00\",\"inLanguage\":\"pt-BR\",\"potentialAction\":[{\"@type\":\"ReadAction\",\"target\":[\"https:\/\/www.posgraduacao.unimontes.br\/ppge\/2-2021-disciplina-isolada\/\"]}]}]}<\/script>\n<!-- \/ Yoast SEO plugin. -->","_links":{"self":[{"href":"https:\/\/www.posgraduacao.unimontes.br\/ppge\/wp-json\/wp\/v2\/pages\/1442"}],"collection":[{"href":"https:\/\/www.posgraduacao.unimontes.br\/ppge\/wp-json\/wp\/v2\/pages"}],"about":[{"href":"https:\/\/www.posgraduacao.unimontes.br\/ppge\/wp-json\/wp\/v2\/types\/page"}],"author":[{"embeddable":true,"href":"https:\/\/www.posgraduacao.unimontes.br\/ppge\/wp-json\/wp\/v2\/users\/5"}],"replies":[{"embeddable":true,"href":"https:\/\/www.posgraduacao.unimontes.br\/ppge\/wp-json\/wp\/v2\/comments?post=1442"}],"version-history":[{"count":14,"href":"https:\/\/www.posgraduacao.unimontes.br\/ppge\/wp-json\/wp\/v2\/pages\/1442\/revisions"}],"predecessor-version":[{"id":1453,"href":"https:\/\/www.posgraduacao.unimontes.br\/ppge\/wp-json\/wp\/v2\/pages\/1442\/revisions\/1453"}],"wp:attachment":[{"href":"https:\/\/www.posgraduacao.unimontes.br\/ppge\/wp-json\/wp\/v2\/media?parent=1442"}],"curies":[{"name":"wp","href":"https:\/\/api.w.org\/{rel}","templated":true}]}}