{"id":542,"date":"2019-02-15T11:08:53","date_gmt":"2019-02-15T13:08:53","guid":{"rendered":"http:\/\/www.posgraduacao.unimontes.br\/ppgds\/?page_id=542"},"modified":"2024-10-21T14:24:33","modified_gmt":"2024-10-21T17:24:33","slug":"linhas-de-pesquisa","status":"publish","type":"page","link":"https:\/\/www.posgraduacao.unimontes.br\/ppgds\/linhas-de-pesquisa\/","title":{"rendered":"\u00c1rea de Concentra\u00e7\u00e3o \/ Linhas de Pesquisa"},"content":{"rendered":"<section class=\"kc-elm kc-css-62550 kc_row\"><div class=\"kc-row-container  kc-container\"><div class=\"kc-wrap-columns\"><div class=\"kc-elm kc-css-133449 kc_col-sm-12 kc_column kc_col-sm-12\"><div class=\"kc-col-container\"><div id=\" \" class=\"kc-elm kc-css-886527 kc_row kc_row_inner\"><div class=\"kc-elm kc-css-818303 kc_col-sm-12 kc_column_inner kc_col-sm-12\"><div class=\"kc_wrapper kc-col-inner-container\"><div class=\"kc-elm kc-css-759171 kc_text_block\"><h3 class=\"entry-header\"><span style=\"color: #993300;\"><strong>\u00c1rea de Concentra\u00e7\u00e3o<\/strong><\/span><\/h3>\n<p><strong>\u00c1rea de concentra\u00e7\u00e3o:<\/strong> Desenvolvimento Social.<\/p>\n<p>As duas linhas de pesquisa, com seus projetos, disciplinas obrigat\u00f3rias e optativas e demais atividades do programa, produzem corpo \u00e0 \u00e1rea de concentra\u00e7\u00e3o \u201cDesenvolvimento Social\u201d. Ambas alcan\u00e7am tanto a dimens\u00e3o da a\u00e7\u00e3o do Estado quanto da sociedade civil e trazem consider\u00e1veis impactos \u00e0s discuss\u00f5es sobre as pol\u00edticas p\u00fablicas e desenvolvimento.<\/p>\n<hr \/>\n<h3 class=\"entry-header\"><span style=\"color: #993300;\"><strong>Linha 1 \u2013 Movimentos sociais, identidade e territorialidades<\/strong><\/span><\/h3>\n<p><span id=\"yui_3_16_0_ym19_1_1558378638932_11281\">A linha <strong>Movimentos Sociais, Identidades e Territorialidades<\/strong> centra na an\u00e1lise do car\u00e1ter s\u00f3cio-pol\u00edtico e cultural de diferentes processos de a\u00e7\u00f5es coletivas que expressam contradi\u00e7\u00f5es sociais, conflitos na apropria\u00e7\u00e3o e controle de recursos materiais e simb\u00f3licos, na emerg\u00eancia de sujeitos sociais, na politiza\u00e7\u00e3o das identidades e das territorialidades constru\u00eddas sob rela\u00e7\u00f5es de poder e domina\u00e7\u00e3o. Desta perspectiva, a linha agrega estudos e pesquisas sobre comunidades tradicionais, din\u00e2micas do mundo rural, sociabilidades urbanas, etnicidade, cultura e educa\u00e7\u00e3o, patrim\u00f4nio cultural, conflitos ambientais, mapeamentos sociais e organiza\u00e7\u00e3o e planejamento urbano e regional.<\/span><\/p>\n<p><strong>Pesquisadores<\/strong><\/p>\n<ul>\n<li>Ana Paula Glinfskoi Th\u00e9<\/li>\n<li>Andr\u00e9a Maria Narciso Rocha de Paula<\/li>\n<li>Daniel Coelho de Oliveira<\/li>\n<li>Emmanuel Duarte Almada (docente colaborador)<\/li>\n<li>Felisa Can\u00e7ado Anaya<\/li>\n<li>Gustavo Henrique Cepolini Ferreira<\/li>\n<li>Luci Helena Silva Martins (docente colaboradora)<\/li>\n<li>M\u00f4nica Maria Teixeira Amorim<\/li>\n<li>Rafael Baioni do Nascimento<\/li>\n<li>R\u00f4mulo Soares Barbosa<\/li>\n<\/ul>\n<hr \/>\n<h3 class=\"entry-header\"><span style=\"color: #993300;\"><strong>Linha 2 \u2013 Rela\u00e7\u00f5es Socioecon\u00f4micas e Estado<\/strong><\/span><\/h3>\n<p>A linha<strong> \u201cRela\u00e7\u00f5es Socioecon\u00f4micas e Estado\u201d <\/strong>tem como centro anal\u00edtico as desigualdades socioecon\u00f4micas e as rela\u00e7\u00f5es Estado, Mercado e Sociedade Civil. Busca-se analisar os diferentes n\u00edveis das Pol\u00edticas P\u00fablicas setoriais, territoriais, como a interven\u00e7\u00e3o pode ser consensuada diante de um conjunto de tens\u00f5es existentes entre o Estado e os outros atores, passando-se de um sistema compreendido como Pol\u00edtica P\u00fablica para um sistema de A\u00e7\u00e3o P\u00fablica, entre outras quest\u00f5es. Esta Linha agrega um conjunto de Projetos de Pesquisa que contempla modos de apropriado do espa\u00e7o, reconfigura\u00e7\u00f5es produtivas e seus impactos no mundo do trabalho, pol\u00edtica e prote\u00e7\u00e3o social, programas de transfer\u00eancia de renda, economia solid\u00e1ria, Informalidade, trabalho e educa\u00e7\u00e3o, desigualdades sociais, democracia e condi\u00e7\u00f5es de vida.<\/p>\n<p><strong>Pesquisadores<\/strong><\/p>\n<ul>\n<li>Ant\u00f4nio Dimas Cardoso<\/li>\n<li>Elton Dias Xavier<\/li>\n<li>Felipe Fr\u00f3es Couto<\/li>\n<li>Geraldo Ant\u00f4nio dos Reis<\/li>\n<li>Giancarlo Marques Carraro Machado<\/li>\n<li>Gilmar Ribeiro dos Santos<\/li>\n<li>Ildenilson Meireles Barbosa<\/li>\n<li>Laurindo M\u00e9kie Pereira<\/li>\n<li>Marcos Esdras Leite<\/li>\n<li>Maria da Luz Alves Ferreira<\/li>\n<li>Maria Railma Alves (docente colaboradora)<\/li>\n<li>Narciso Ferreira dos Santos Neto<\/li>\n<li>Richardson Xavier Brant (docente colaborador)<\/li>\n<\/ul>\n<\/div><\/div><\/div><\/div><\/div><\/div><\/div><\/div><\/section>\n","protected":false},"excerpt":{"rendered":"","protected":false},"author":5,"featured_media":0,"parent":0,"menu_order":0,"comment_status":"closed","ping_status":"closed","template":"","meta":[],"yoast_head":"<!-- This site is optimized with the Yoast SEO plugin v14.7 - https:\/\/yoast.com\/wordpress\/plugins\/seo\/ -->\n<title>\u00c1rea de Concentra\u00e7\u00e3o \/ Linhas de Pesquisa - Programa de P\u00f3s Gradua\u00e7\u00e3o em Desenvolvimento Social<\/title>\n<meta name=\"robots\" content=\"index, follow\" \/>\n<meta name=\"googlebot\" content=\"index, follow, max-snippet:-1, max-image-preview:large, max-video-preview:-1\" \/>\n<meta name=\"bingbot\" content=\"index, follow, max-snippet:-1, max-image-preview:large, max-video-preview:-1\" \/>\n<link rel=\"canonical\" href=\"https:\/\/www.posgraduacao.unimontes.br\/ppgds\/linhas-de-pesquisa\/\" \/>\n<meta property=\"og:locale\" content=\"pt_BR\" \/>\n<meta property=\"og:type\" content=\"article\" \/>\n<meta property=\"og:title\" content=\"\u00c1rea de Concentra\u00e7\u00e3o \/ Linhas de Pesquisa - Programa de P\u00f3s Gradua\u00e7\u00e3o em Desenvolvimento Social\" \/>\n<meta property=\"og:description\" content=\"\u00c1rea de Concentra\u00e7\u00e3o \u00c1rea de concentra\u00e7\u00e3o: Desenvolvimento Social. As duas linhas de pesquisa, com seus projetos, disciplinas obrigat\u00f3rias e optativas e demais atividades do programa, produzem corpo \u00e0 \u00e1rea de concentra\u00e7\u00e3o \u201cDesenvolvimento Social\u201d. Ambas alcan\u00e7am tanto a dimens\u00e3o da a\u00e7\u00e3o do Estado quanto da sociedade civil e trazem consider\u00e1veis impactos \u00e0s discuss\u00f5es sobre as pol\u00edticas [&hellip;]\" \/>\n<meta property=\"og:url\" content=\"https:\/\/www.posgraduacao.unimontes.br\/ppgds\/linhas-de-pesquisa\/\" \/>\n<meta property=\"og:site_name\" content=\"Programa de P\u00f3s Gradua\u00e7\u00e3o em Desenvolvimento Social\" \/>\n<meta property=\"article:modified_time\" content=\"2024-10-21T17:24:33+00:00\" \/>\n<meta name=\"twitter:card\" content=\"summary_large_image\" \/>\n<script type=\"application\/ld+json\" class=\"yoast-schema-graph\">{\"@context\":\"https:\/\/schema.org\",\"@graph\":[{\"@type\":\"WebSite\",\"@id\":\"https:\/\/www.posgraduacao.unimontes.br\/ppgds\/#website\",\"url\":\"https:\/\/www.posgraduacao.unimontes.br\/ppgds\/\",\"name\":\"Programa de P\\u00f3s Gradua\\u00e7\\u00e3o em Desenvolvimento Social\",\"description\":\"\",\"potentialAction\":[{\"@type\":\"SearchAction\",\"target\":\"https:\/\/www.posgraduacao.unimontes.br\/ppgds\/?s={search_term_string}\",\"query-input\":\"required name=search_term_string\"}],\"inLanguage\":\"pt-BR\"},{\"@type\":\"WebPage\",\"@id\":\"https:\/\/www.posgraduacao.unimontes.br\/ppgds\/linhas-de-pesquisa\/#webpage\",\"url\":\"https:\/\/www.posgraduacao.unimontes.br\/ppgds\/linhas-de-pesquisa\/\",\"name\":\"\\u00c1rea de Concentra\\u00e7\\u00e3o \/ Linhas de Pesquisa - Programa de P\\u00f3s Gradua\\u00e7\\u00e3o em Desenvolvimento Social\",\"isPartOf\":{\"@id\":\"https:\/\/www.posgraduacao.unimontes.br\/ppgds\/#website\"},\"datePublished\":\"2019-02-15T13:08:53+00:00\",\"dateModified\":\"2024-10-21T17:24:33+00:00\",\"inLanguage\":\"pt-BR\",\"potentialAction\":[{\"@type\":\"ReadAction\",\"target\":[\"https:\/\/www.posgraduacao.unimontes.br\/ppgds\/linhas-de-pesquisa\/\"]}]}]}<\/script>\n<!-- \/ Yoast SEO plugin. -->","_links":{"self":[{"href":"https:\/\/www.posgraduacao.unimontes.br\/ppgds\/wp-json\/wp\/v2\/pages\/542"}],"collection":[{"href":"https:\/\/www.posgraduacao.unimontes.br\/ppgds\/wp-json\/wp\/v2\/pages"}],"about":[{"href":"https:\/\/www.posgraduacao.unimontes.br\/ppgds\/wp-json\/wp\/v2\/types\/page"}],"author":[{"embeddable":true,"href":"https:\/\/www.posgraduacao.unimontes.br\/ppgds\/wp-json\/wp\/v2\/users\/5"}],"replies":[{"embeddable":true,"href":"https:\/\/www.posgraduacao.unimontes.br\/ppgds\/wp-json\/wp\/v2\/comments?post=542"}],"version-history":[{"count":24,"href":"https:\/\/www.posgraduacao.unimontes.br\/ppgds\/wp-json\/wp\/v2\/pages\/542\/revisions"}],"predecessor-version":[{"id":6919,"href":"https:\/\/www.posgraduacao.unimontes.br\/ppgds\/wp-json\/wp\/v2\/pages\/542\/revisions\/6919"}],"wp:attachment":[{"href":"https:\/\/www.posgraduacao.unimontes.br\/ppgds\/wp-json\/wp\/v2\/media?parent=542"}],"curies":[{"name":"wp","href":"https:\/\/api.w.org\/{rel}","templated":true}]}}