{"id":536,"date":"2019-02-15T11:06:42","date_gmt":"2019-02-15T13:06:42","guid":{"rendered":"http:\/\/www.posgraduacao.unimontes.br\/ppgds\/?page_id=536"},"modified":"2023-08-06T22:13:26","modified_gmt":"2023-08-07T01:13:26","slug":"coordenacao-e-comissoes","status":"publish","type":"page","link":"https:\/\/www.posgraduacao.unimontes.br\/ppgds\/coordenacao-e-comissoes\/","title":{"rendered":"Coordena\u00e7\u00e3o e Comiss\u00f5es"},"content":{"rendered":"<section class=\"kc-elm kc-css-836769 kc_row\"><div class=\"kc-row-container  kc-container\"><div class=\"kc-wrap-columns\"><div class=\"kc-elm kc-css-535443 kc_col-sm-12 kc_column kc_col-sm-12\"><div class=\"kc-col-container\">\n<div class=\"kc-elm kc-css-867067 kc-title-wrap \">\n\n\t<h3 class=\"kc_title\">Coordena\u00e7\u00e3o associada (2022\/2023)<\/h3>\n<\/div>\n<\/div><\/div><\/div><\/div><\/section><section class=\"kc-elm kc-css-462168 kc_row\"><div class=\"kc-row-container  kc-container\"><div class=\"kc-wrap-columns\"><div class=\"kc-elm kc-css-620993 kc_col-sm-6 kc_column kc_col-sm-6\"><div class=\"kc-col-container\"><div id=\" \" class=\"kc-elm kc-css-48009 kc_row kc_row_inner\"><div class=\"kc-elm kc-css-605288 kc_col-sm-12 kc_column_inner kc_col-sm-12\"><div class=\"kc_wrapper kc-col-inner-container\"><\/div><\/div><\/div><\/div><\/div><div class=\"kc-elm kc-css-679237 kc_col-sm-6 kc_column kc_col-sm-6\"><div class=\"kc-col-container\"><div class=\"kc-elm kc-css-117175 kc_text_block\"><p style=\"margin: 0cm; margin-bottom: .0001pt;\"><span style=\"color: #ff0000;\"><strong>Coordenador do PPGDS<\/strong><\/span><\/p>\n<p style=\"margin: 0cm; margin-bottom: .0001pt;\"><strong>Prof. Dr. Marcos Esdras Leite<\/strong><br \/>\n<strong>E-mail:<\/strong> marcos.leite@unimontes.br<\/p>\n<p style=\"margin: 0cm; margin-bottom: .0001pt;\"><strong>Lattes: <\/strong><a href=\"http:\/\/lattes.cnpq.br\/0392398629237265\">http:\/\/lattes.cnpq.br\/0392398629237265<\/a><\/p>\n<div id=\"icpbravoaccess_loaded\"><\/div>\n<\/div><div class=\"kc-elm kc-css-680067\" style=\"height: 20px; clear: both; width:100%;\"><\/div><\/div><\/div><\/div><\/div><\/section><section class=\"kc-elm kc-css-476966 kc_row\"><div class=\"kc-row-container  kc-container\"><div class=\"kc-wrap-columns\"><div class=\"kc-elm kc-css-599264 kc_col-sm-6 kc_column kc_col-sm-6\"><div class=\"kc-col-container\"><\/div><\/div><div class=\"kc-elm kc-css-399227 kc_col-sm-6 kc_column kc_col-sm-6\"><div class=\"kc-col-container\"><div class=\"kc-elm kc-css-225434 kc_text_block\"><p style=\"margin: 0cm; margin-bottom: .0001pt;\"><span style=\"color: #ff0000;\"><strong>Coordenador Adjunto do PPGDS<\/strong><\/span><\/p>\n<p style=\"margin: 0cm; margin-bottom: .0001pt;\"><span style=\"color: #000000;\"><strong>Prof. Dr. Giancarlo Marques Carraro Machado<\/strong><\/span><br \/>\n<strong>E-mail:<\/strong> giancarlo.machado@unimontes.br<\/p>\n<p style=\"margin: 0cm; margin-bottom: .0001pt;\"><strong>Lattes: <\/strong>http:\/\/lattes.cnpq.br\/5199223373148812<\/p>\n<div id=\"icpbravoaccess_loaded\"><\/div>\n<\/div><div class=\"kc-elm kc-css-511885\" style=\"height: 20px; clear: both; width:100%;\"><\/div><\/div><\/div><\/div><\/div><\/section><section class=\"kc-elm kc-css-225941 kc_row\"><div class=\"kc-row-container  kc-container\"><div class=\"kc-wrap-columns\"><div class=\"kc-elm kc-css-677110 kc_col-sm-6 kc_column kc_col-sm-6\"><div class=\"kc-col-container\"><\/div><\/div><div class=\"kc-elm kc-css-899047 kc_col-sm-6 kc_column kc_col-sm-6\"><div class=\"kc-col-container\"><div class=\"kc-elm kc-css-834343 kc_text_block\"><p style=\"margin: 0cm; margin-bottom: .0001pt;\"><span style=\"color: #ff0000;\"><strong>Comiss\u00e3o de P\u00f3s-Gradua\u00e7\u00e3o<\/strong><\/span><\/p>\n<p style=\"margin: 0cm; margin-bottom: .0001pt;\"><strong>Profa. Dra. Anete Mar\u00edlia Pereira<br \/>\n<\/strong><strong>Prof. Dr. Gilmar Ribeiro dos Santos<br \/>\nProf. Dr. Giancarlo Marques Carraro Machado<br \/>\nProf. Dr. Marcos Esdras Leite<br \/>\nAnne Marielle Castro de Carvalho (doutoranda)<\/strong><\/p>\n<\/div><div class=\"kc-elm kc-css-989591\" style=\"height: 20px; clear: both; width:100%;\"><\/div><\/div><\/div><\/div><\/div><\/section><section class=\"kc-elm kc-css-659027 kc_row\"><div class=\"kc-row-container  kc-container\"><div class=\"kc-wrap-columns\"><div class=\"kc-elm kc-css-622530 kc_col-sm-6 kc_column kc_col-sm-6\"><div class=\"kc-col-container\"><\/div><\/div><div class=\"kc-elm kc-css-56464 kc_col-sm-6 kc_column kc_col-sm-6\"><div class=\"kc-col-container\"><div class=\"kc-elm kc-css-56713 kc_text_block\"><p style=\"margin: 0cm; margin-bottom: .0001pt;\"><span style=\"color: #ff0000;\"><strong>Comiss\u00e3o de Autoavalia\u00e7\u00e3o\u00a0<\/strong><\/span><\/p>\n<p style=\"margin: 0cm; margin-bottom: .0001pt;\"><strong>Prof\u00aa. Dr\u00aa. Andr\u00e9a Maria Narciso Rocha de Paula;<\/strong><br \/>\n<strong>Prof\u00aa. Dr\u00aa. M\u00f4nica Maria Teixeira Amorim;<\/strong><br \/>\n<strong>Prof. Dr. Rafael Baioni do Nascimento\u00a0<\/strong><br \/>\n<strong>Marcelo Brito (doutorando);<\/strong><br \/>\n<strong>Fernando Soares Gomes (mestrando).<\/strong><\/p>\n<div id=\"icpbravoaccess_loaded\"><\/div>\n<div id=\"icpbravoaccess_loaded\"><\/div>\n<\/div><div class=\"kc-elm kc-css-475350\" style=\"height: 20px; clear: both; width:100%;\"><\/div><\/div><\/div><\/div><\/div><\/section><section class=\"kc-elm kc-css-592336 kc_row\"><div class=\"kc-row-container  kc-container\"><div class=\"kc-wrap-columns\"><div class=\"kc-elm kc-css-870546 kc_col-sm-6 kc_column kc_col-sm-6\"><div class=\"kc-col-container\"><div class=\"kc-elm kc-css-860522\" style=\"height: 20px; clear: both; width:100%;\"><\/div><\/div><\/div><div class=\"kc-elm kc-css-880764 kc_col-sm-6 kc_column kc_col-sm-6\"><div class=\"kc-col-container\"><div class=\"kc-elm kc-css-687005 kc_text_block\"><p style=\"margin: 0cm; margin-bottom: .0001pt;\"><span style=\"color: #ff0000;\"><strong>Comiss\u00e3o Avalia\u00e7\u00e3o Sucupira\u00a0<\/strong><\/span><\/p>\n<p style=\"margin: 0cm; margin-bottom: .0001pt;\"><strong>Prof\u00aa. Dr\u00aa. Andr\u00e9a Maria Narciso Rocha de Paula;<\/strong><br \/>\n<strong>Prof\u00aa. Dr\u00aa. M\u00f4nica Maria Teixeira Amorim;<\/strong><br \/>\n<strong>Prof. Dr. Rafael Baioni do Nascimento\u00a0<\/strong><\/p>\n<p style=\"margin: 0cm; margin-bottom: .0001pt;\"><span style=\"font-weight: 600;\"><span style=\"font-style: inherit;\">Prof. Dr. Giancarlo Marques Carraro Machado<\/span><\/span><\/p>\n<p style=\"margin: 0cm; margin-bottom: .0001pt;\"><span style=\"font-weight: 600;\"><span style=\"font-style: inherit;\">Prof. Dr. Ildenilson Meireles Barbosa<\/span><\/span><\/p>\n<p style=\"margin: 0cm; margin-bottom: .0001pt;\"><span style=\"font-weight: 600;\"><span style=\"font-style: inherit;\">Prof. Dr. R\u00f4mulo Soares Barbosa<\/span><\/span><\/p>\n<p style=\"margin: 0cm; margin-bottom: .0001pt;\"><span style=\"font-weight: 600;\">Prof\u00aa. Dr\u00aa. Maria da Luz Alves Ferreira;<\/span><\/p>\n<p style=\"margin: 0cm; margin-bottom: .0001pt;\"><span style=\"font-weight: 600;\">Prof\u00aa. Dr\u00aa. Ana Paula Glinfskoi Th\u00e9\u00a0<\/span><\/p>\n<p style=\"margin: 0cm; margin-bottom: .0001pt;\"><span style=\"font-weight: 600; font-style: inherit;\">Prof\u00aa. Dr\u00aa Felisa Can\u00e7ado Anaya\u00a0<\/span><b><br \/>\n<\/b><\/p>\n<div id=\"icpbravoaccess_loaded\"><\/div>\n<div id=\"icpbravoaccess_loaded\"><\/div>\n<\/div><div class=\"kc-elm kc-css-442108\" style=\"height: 20px; clear: both; width:100%;\"><\/div><\/div><\/div><\/div><\/div><\/section><section class=\"kc-elm kc-css-158960 kc_row\"><div class=\"kc-row-container  kc-container\"><div class=\"kc-wrap-columns\"><div class=\"kc-elm kc-css-706609 kc_col-sm-6 kc_column kc_col-sm-6\"><div class=\"kc-col-container\"><\/div><\/div><div class=\"kc-elm kc-css-357790 kc_col-sm-6 kc_column kc_col-sm-6\"><div class=\"kc-col-container\"><div class=\"kc-elm kc-css-414601 kc_text_block\"><p style=\"margin: 0cm; margin-bottom: .0001pt;\"><span style=\"color: #ff0000;\"><strong>Comiss\u00e3o de Internacionaliza\u00e7\u00e3o<\/strong><\/span><\/p>\n<p style=\"margin: 0cm; margin-bottom: .0001pt;\"><strong>Prof. Dr. Rafael Baioni do Nascimento\u00a0<\/strong><\/p>\n<p style=\"margin: 0cm; margin-bottom: .0001pt;\"><span style=\"font-weight: 600; font-style: inherit;\">Prof\u00aa. Dr\u00aa Felisa Can\u00e7ado Anaya<\/span><\/p>\n<p style=\"margin: 0cm; margin-bottom: .0001pt;\"><span style=\"font-weight: 600; font-style: inherit;\">Prof. Dr. Ant\u00f4nio Dimas Cardoso\u00a0<\/span><b><br \/>\n<\/b><\/p>\n<div id=\"icpbravoaccess_loaded\"><\/div>\n<div id=\"icpbravoaccess_loaded\"><\/div>\n<\/div><div class=\"kc-elm kc-css-808536\" style=\"height: 20px; clear: both; width:100%;\"><\/div><\/div><\/div><\/div><\/div><\/section><section class=\"kc-elm kc-css-689404 kc_row\"><div class=\"kc-row-container  kc-container\"><div class=\"kc-wrap-columns\"><div class=\"kc-elm kc-css-326412 kc_col-sm-6 kc_column kc_col-sm-6\"><div class=\"kc-col-container\"><div class=\"kc-elm kc-css-787238\" style=\"height: 20px; clear: both; width:100%;\"><\/div><\/div><\/div><div class=\"kc-elm kc-css-779010 kc_col-sm-6 kc_column kc_col-sm-6\"><div class=\"kc-col-container\"><div class=\"kc-elm kc-css-507121 kc_text_block\"><p style=\"margin: 0cm; margin-bottom: .0001pt;\"><strong><span style=\"color: #ff0000;\">Comiss\u00e3o Site PPGDS<\/span><\/strong><\/p>\n<p style=\"margin: 0cm; margin-bottom: .0001pt;\"><strong>\u00c9der de Souza Beir\u00e3o;<\/strong><\/p>\n<p style=\"margin: 0cm; margin-bottom: .0001pt;\"><strong>Rog\u00e9rio dos Santos Albuquerque;<\/strong><\/p>\n<p style=\"margin: 0cm; margin-bottom: .0001pt;\"><strong>Leonardo Ferreira Rocha Souza;<\/strong><\/p>\n<p style=\"margin: 0cm; margin-bottom: .0001pt;\"><strong>Vin\u00edcius Farias Santos Carvalho;<\/strong><\/p>\n<p style=\"margin: 0cm; margin-bottom: .0001pt;\"><strong>Daniel Bergue Pinheiro Concei\u00e7\u00e3o;<\/strong><\/p>\n<p style=\"margin: 0cm; margin-bottom: .0001pt;\"><strong>Felipe Teixeira Dias;<\/strong><\/p>\n<p style=\"margin: 0cm; margin-bottom: .0001pt;\"><strong>Gabriel Costa Ribeiro;<\/strong><\/p>\n<p style=\"margin: 0cm; margin-bottom: .0001pt;\"><strong>Vin\u00edcius Amarante Nascimento;<\/strong><\/p>\n<div id=\"icpbravoaccess_loaded\"><\/div>\n<div id=\"icpbravoaccess_loaded\"><\/div>\n<\/div><div class=\"kc-elm kc-css-949683\" style=\"height: 20px; clear: both; width:100%;\"><\/div><\/div><\/div><\/div><\/div><\/section><section class=\"kc-elm kc-css-795728 kc_row\"><div class=\"kc-row-container  kc-container\"><div class=\"kc-wrap-columns\"><div class=\"kc-elm kc-css-831622 kc_col-sm-6 kc_column kc_col-sm-6\"><div class=\"kc-col-container\"><div class=\"kc-elm kc-css-994041\" style=\"height: 20px; clear: both; width:100%;\"><\/div><\/div><\/div><div class=\"kc-elm kc-css-68092 kc_col-sm-6 kc_column kc_col-sm-6\"><div class=\"kc-col-container\"><div class=\"kc-elm kc-css-456483 kc_text_block\"><p style=\"margin: 0cm; margin-bottom: .0001pt;\"><strong><span style=\"color: #ff0000;\">Comiss\u00e3o TV\/PPGDS<\/span><\/strong><\/p>\n<p style=\"margin: 0cm; margin-bottom: .0001pt;\"><strong>Tha\u00eds Pereira dos Santos;\u00a0<\/strong><\/p>\n<p style=\"margin: 0cm; margin-bottom: .0001pt;\"><b>Deyvison Lopes de Siqueira<\/b><\/p>\n<\/div><div class=\"kc-elm kc-css-922704\" style=\"height: 20px; clear: both; width:100%;\"><\/div><\/div><\/div><\/div><\/div><\/section><section class=\"kc-elm kc-css-18679 kc_row\"><div class=\"kc-row-container  kc-container\"><div class=\"kc-wrap-columns\"><div class=\"kc-elm kc-css-206596 kc_col-sm-6 kc_column kc_col-sm-6\"><div class=\"kc-col-container\"><div class=\"kc-elm kc-css-908880\" style=\"height: 20px; clear: both; width:100%;\"><\/div><\/div><\/div><div class=\"kc-elm kc-css-879361 kc_col-sm-6 kc_column kc_col-sm-6\"><div class=\"kc-col-container\"><div class=\"kc-elm kc-css-832972 kc_text_block\"><p style=\"margin: 0cm; margin-bottom: .0001pt;\"><strong><span style=\"color: #ff0000;\">Comiss\u00e3o Redes Sociais (M\u00eddias)<\/span><\/strong><\/p>\n<p style=\"margin: 0cm; margin-bottom: .0001pt;\"><strong>Anne Marielle Castro de Carvalho; <\/strong><\/p>\n<p style=\"margin: 0cm; margin-bottom: .0001pt;\"><strong>Paulline Ribeiro Barros (volunt\u00e1ria); <\/strong><\/p>\n<p style=\"margin: 0cm; margin-bottom: .0001pt;\"><strong>Renan de Souza Nascimento;<\/strong><\/p>\n<p style=\"margin: 0cm; margin-bottom: .0001pt;\"><strong>Jefferson William Lopes Almeida;<\/strong><\/p>\n<p style=\"margin: 0cm; margin-bottom: .0001pt;\"><strong>Ana Let\u00edcia Chaves Santos; <\/strong><\/p>\n<p style=\"margin: 0cm; margin-bottom: .0001pt;\"><strong>Eduarda Rodrigues Porcino; <\/strong><\/p>\n<p style=\"margin: 0cm; margin-bottom: .0001pt;\"><strong>Luciana Maria Monteiro Ribeiro; <\/strong><\/p>\n<p style=\"margin: 0cm; margin-bottom: .0001pt;\"><strong>Ana Juliana da Silva Alc\u00e2ntara Ferreira; <\/strong><\/p>\n<p style=\"margin: 0cm; margin-bottom: .0001pt;\"><strong>Newton Ata\u00edde Meira;<\/strong><\/p>\n<p style=\"margin: 0cm; margin-bottom: .0001pt;\"><strong>Mois\u00e9s Oliveira Costa; <\/strong><\/p>\n<p style=\"margin: 0cm; margin-bottom: .0001pt;\"><strong>Edson Douglas Birino; <\/strong><\/p>\n<\/div><div class=\"kc-elm kc-css-996430\" style=\"height: 20px; clear: both; width:100%;\"><\/div><\/div><\/div><\/div><\/div><\/section><section class=\"kc-elm kc-css-859945 kc_row\"><div class=\"kc-row-container  kc-container\"><div class=\"kc-wrap-columns\"><div class=\"kc-elm kc-css-149416 kc_col-sm-6 kc_column kc_col-sm-6\"><div class=\"kc-col-container\"><div class=\"kc-elm kc-css-495371\" style=\"height: 20px; clear: both; width:100%;\"><\/div><\/div><\/div><div class=\"kc-elm kc-css-550222 kc_col-sm-6 kc_column kc_col-sm-6\"><div class=\"kc-col-container\"><div class=\"kc-elm kc-css-318714 kc_text_block\"><p style=\"margin: 0cm; margin-bottom: .0001pt;\"><strong><span style=\"color: #ff0000;\">Comiss\u00e3o Editorial da Revista Desenvolvimento Social\/RDS<\/span><\/strong><\/p>\n<p style=\"margin: 0cm; margin-bottom: .0001pt;\"><strong>Amanda Freitas Souza;<\/strong><\/p>\n<p style=\"margin: 0cm; margin-bottom: .0001pt;\"><strong>Camila Soares Lima; <\/strong><\/p>\n<p style=\"margin: 0cm; margin-bottom: .0001pt;\"><strong>Fernando Soares Gomes; <\/strong><\/p>\n<p style=\"margin: 0cm; margin-bottom: .0001pt;\"><strong>Mariana Nascimento Maia; <\/strong><\/p>\n<p style=\"margin: 0cm; margin-bottom: .0001pt;\"><strong>Maryanne Maia Vilasboas; <\/strong><\/p>\n<p style=\"margin: 0cm; margin-bottom: .0001pt;\"><strong>Renan Lucas de Oliveira S\u00e1; <\/strong><\/p>\n<p style=\"margin: 0cm; margin-bottom: .0001pt;\"><strong>Thaisa Maria Fonseca Almeida; <\/strong><\/p>\n<p style=\"margin: 0cm; margin-bottom: .0001pt;\"><strong>Yandra F\u00e9lix Cavalcante Rodrigues<\/strong><\/p>\n<div id=\"icpbravoaccess_loaded\"><\/div>\n<p style=\"margin: 0cm; margin-bottom: .0001pt;\">\n<\/div><div class=\"kc-elm kc-css-475986\" style=\"height: 20px; clear: both; width:100%;\"><\/div><\/div><\/div><\/div><\/div><\/section><section class=\"kc-elm kc-css-281843 kc_row\"><div class=\"kc-row-container  kc-container\"><div class=\"kc-wrap-columns\"><div class=\"kc-elm kc-css-197635 kc_col-sm-6 kc_column kc_col-sm-6\"><div class=\"kc-col-container\"><div class=\"kc-elm kc-css-580897\" style=\"height: 20px; clear: both; width:100%;\"><\/div><\/div><\/div><div class=\"kc-elm kc-css-955434 kc_col-sm-6 kc_column kc_col-sm-6\"><div class=\"kc-col-container\"><div class=\"kc-elm kc-css-137674 kc_text_block\"><p style=\"margin: 0cm; margin-bottom: .0001pt;\"><span style=\"color: #ff0000;\"><strong>Quarta na P\u00f3s<\/strong><\/span><b><br \/>\n<\/b><span style=\"color: #000000;\"><strong><span style=\"font-style: inherit;\">Coordena\u00e7\u00e3o: Profa. Dra. Ana Paula Glinfskoi Th\u00e9 e Profa. Dra. Felisa Can\u00e7ado Anaya<\/span>.<\/strong><\/span><\/p>\n<p><strong><span style=\"color: #ff0000;\">Discentes:<\/span><\/strong>[aux_row columns=\"3\"]<br \/>\n[aux_col]<br \/>\n<strong>Ana Fl\u00e1via Rocha de Ara\u00fajo<\/strong><br \/>\n<strong>Camila Soares Lima<\/strong><br \/>\n<strong>Daniel Rocha Silva<\/strong><br \/>\n<strong>D\u00e9bora Nathany Ferreira de Abreu<\/strong><br \/>\n<strong>Fernanda Santos Arag\u00e3o<\/strong><br \/>\n<strong>Fernando Soares Gomes<\/strong><br \/>\n<strong>Guilherme Henrique Ferreira Martins<\/strong><\/p>\n<p>[\/aux_col]<br \/>\n[aux_col]<\/p>\n<p><strong>Guilherme Mon\u00e7\u00e3o Silva<\/strong><br \/>\n<strong>Guilherme Nobre Aguiar<\/strong><br \/>\n<strong>Iara Soares de Ara\u00fajo<\/strong><br \/>\n<strong>J\u00e9ssica Teixeira Ferreira<\/strong><br \/>\n<strong>Kristianne Veloso<\/strong><br \/>\n<strong>Luciana Santos Lenoir<\/strong><br \/>\n<strong>Maryanne Maia Vilasboas<\/strong><\/p>\n<p>[\/aux_col]<br \/>\n[aux_col]<\/p>\n<p><strong>Patr\u00edcia Morais Lima\u00a0<\/strong><br \/>\n<strong>Paulline Ribeiro Barros<\/strong><br \/>\n<strong>Roberta Brangioni Fontes<\/strong><br \/>\n<strong>Rosana dos Santos Martins<\/strong><br \/>\n<strong>Simone Rosiane Corr\u00eaa Ara\u00fajo<\/strong><br \/>\n<strong>Yan Victor Leal Da Silva<\/strong><\/p>\n<p>[\/aux_col]<br \/>\n[\/aux_row]<\/p>\n<p style=\"margin: 0cm; margin-bottom: .0001pt;\">\n<\/div><\/div><\/div><\/div><\/div><\/section><section class=\"kc-elm kc-css-381841 kc_row\"><div class=\"kc-row-container  kc-container\"><div class=\"kc-wrap-columns\"><div class=\"kc-elm kc-css-880477 kc_col-sm-12 kc_column kc_col-sm-12\"><div class=\"kc-col-container\"><div class=\"kc-elm kc-css-94279 kc_text_block\"><\/div><\/div><\/div><\/div><\/div><\/section>\n","protected":false},"excerpt":{"rendered":"","protected":false},"author":5,"featured_media":0,"parent":0,"menu_order":0,"comment_status":"closed","ping_status":"closed","template":"","meta":[],"yoast_head":"<!-- This site is optimized with the Yoast SEO plugin v14.7 - https:\/\/yoast.com\/wordpress\/plugins\/seo\/ -->\n<title>Coordena\u00e7\u00e3o e Comiss\u00f5es - Programa de P\u00f3s Gradua\u00e7\u00e3o em Desenvolvimento Social<\/title>\n<meta name=\"robots\" content=\"index, follow\" \/>\n<meta name=\"googlebot\" content=\"index, follow, max-snippet:-1, max-image-preview:large, max-video-preview:-1\" \/>\n<meta name=\"bingbot\" content=\"index, follow, max-snippet:-1, max-image-preview:large, max-video-preview:-1\" \/>\n<link rel=\"canonical\" href=\"https:\/\/www.posgraduacao.unimontes.br\/ppgds\/coordenacao-e-comissoes\/\" \/>\n<meta property=\"og:locale\" content=\"pt_BR\" \/>\n<meta property=\"og:type\" content=\"article\" \/>\n<meta property=\"og:title\" content=\"Coordena\u00e7\u00e3o e Comiss\u00f5es - Programa de P\u00f3s Gradua\u00e7\u00e3o em Desenvolvimento Social\" \/>\n<meta property=\"og:description\" content=\"Coordena\u00e7\u00e3o associada (2022\/2023) Coordenador do PPGDS Prof. Dr. Marcos Esdras Leite E-mail: marcos.leite@unimontes.br Lattes: http:\/\/lattes.cnpq.br\/0392398629237265 Coordenador Adjunto do PPGDS Prof. Dr. Giancarlo Marques Carraro Machado E-mail: giancarlo.machado@unimontes.br Lattes: http:\/\/lattes.cnpq.br\/5199223373148812 Comiss\u00e3o de P\u00f3s-Gradua\u00e7\u00e3o Profa. Dra. Anete Mar\u00edlia Pereira Prof. Dr. Gilmar Ribeiro dos Santos Prof. Dr. Giancarlo Marques Carraro Machado Prof. Dr. Marcos Esdras Leite Anne [&hellip;]\" \/>\n<meta property=\"og:url\" content=\"https:\/\/www.posgraduacao.unimontes.br\/ppgds\/coordenacao-e-comissoes\/\" \/>\n<meta property=\"og:site_name\" content=\"Programa de P\u00f3s Gradua\u00e7\u00e3o em Desenvolvimento Social\" \/>\n<meta property=\"article:modified_time\" content=\"2023-08-07T01:13:26+00:00\" \/>\n<meta name=\"twitter:card\" content=\"summary_large_image\" \/>\n<script type=\"application\/ld+json\" class=\"yoast-schema-graph\">{\"@context\":\"https:\/\/schema.org\",\"@graph\":[{\"@type\":\"WebSite\",\"@id\":\"https:\/\/www.posgraduacao.unimontes.br\/ppgds\/#website\",\"url\":\"https:\/\/www.posgraduacao.unimontes.br\/ppgds\/\",\"name\":\"Programa de P\\u00f3s Gradua\\u00e7\\u00e3o em Desenvolvimento Social\",\"description\":\"\",\"potentialAction\":[{\"@type\":\"SearchAction\",\"target\":\"https:\/\/www.posgraduacao.unimontes.br\/ppgds\/?s={search_term_string}\",\"query-input\":\"required name=search_term_string\"}],\"inLanguage\":\"pt-BR\"},{\"@type\":\"WebPage\",\"@id\":\"https:\/\/www.posgraduacao.unimontes.br\/ppgds\/coordenacao-e-comissoes\/#webpage\",\"url\":\"https:\/\/www.posgraduacao.unimontes.br\/ppgds\/coordenacao-e-comissoes\/\",\"name\":\"Coordena\\u00e7\\u00e3o e Comiss\\u00f5es - Programa de P\\u00f3s Gradua\\u00e7\\u00e3o em Desenvolvimento Social\",\"isPartOf\":{\"@id\":\"https:\/\/www.posgraduacao.unimontes.br\/ppgds\/#website\"},\"datePublished\":\"2019-02-15T13:06:42+00:00\",\"dateModified\":\"2023-08-07T01:13:26+00:00\",\"inLanguage\":\"pt-BR\",\"potentialAction\":[{\"@type\":\"ReadAction\",\"target\":[\"https:\/\/www.posgraduacao.unimontes.br\/ppgds\/coordenacao-e-comissoes\/\"]}]}]}<\/script>\n<!-- \/ Yoast SEO plugin. -->","_links":{"self":[{"href":"https:\/\/www.posgraduacao.unimontes.br\/ppgds\/wp-json\/wp\/v2\/pages\/536"}],"collection":[{"href":"https:\/\/www.posgraduacao.unimontes.br\/ppgds\/wp-json\/wp\/v2\/pages"}],"about":[{"href":"https:\/\/www.posgraduacao.unimontes.br\/ppgds\/wp-json\/wp\/v2\/types\/page"}],"author":[{"embeddable":true,"href":"https:\/\/www.posgraduacao.unimontes.br\/ppgds\/wp-json\/wp\/v2\/users\/5"}],"replies":[{"embeddable":true,"href":"https:\/\/www.posgraduacao.unimontes.br\/ppgds\/wp-json\/wp\/v2\/comments?post=536"}],"version-history":[{"count":89,"href":"https:\/\/www.posgraduacao.unimontes.br\/ppgds\/wp-json\/wp\/v2\/pages\/536\/revisions"}],"predecessor-version":[{"id":5613,"href":"https:\/\/www.posgraduacao.unimontes.br\/ppgds\/wp-json\/wp\/v2\/pages\/536\/revisions\/5613"}],"wp:attachment":[{"href":"https:\/\/www.posgraduacao.unimontes.br\/ppgds\/wp-json\/wp\/v2\/media?parent=536"}],"curies":[{"name":"wp","href":"https:\/\/api.w.org\/{rel}","templated":true}]}}