{"id":2293,"date":"2020-08-31T10:19:50","date_gmt":"2020-08-31T13:19:50","guid":{"rendered":"https:\/\/www.posgraduacao.unimontes.br\/ppgds\/?page_id=2293"},"modified":"2022-08-16T18:18:41","modified_gmt":"2022-08-16T21:18:41","slug":"repositorio","status":"publish","type":"page","link":"https:\/\/www.posgraduacao.unimontes.br\/ppgds\/repositorio\/","title":{"rendered":"Publica\u00e7\u00f5es dos docentes"},"content":{"rendered":"<section class=\"kc-elm kc-css-298730 kc_row\"><div class=\"kc-row-container  kc-container\"><div class=\"kc-wrap-columns\"><div class=\"kc-elm kc-css-658352 kc_col-sm-12 kc_column kc_col-sm-12\"><div class=\"kc-col-container\"><div class=\"kc-elm kc-css-1167\" style=\"height: 40px; clear: both; width:100%;\"><\/div><div class=\"kc-elm kc-css-350361 kc_accordion_wrapper\">\n<div class=\"kc-elm kc-css-382665 kc_accordion_section group \"><h3 class=\"kc_accordion_header ui-accordion-header\"><span class=\"ui-accordion-header-icon ui-icon\"><\/span><a href=\"#ana-paula-glinfskoi-the\" data-prevent=\"scroll\"><i class=\"\"><\/i> ANA PAULA GLINFSKOI TH\u00c9<\/a><\/h3><div class=\"kc_accordion_content ui-accordion-content kc_clearfix\"><div class=\"kc-panel-body\"><div class=\"kc-elm kc-css-219753 kc_text_block\"><p><a href=\"https:\/\/drive.google.com\/drive\/folders\/1SFu8ktLK2kVcjhMLU2pJS2ZwexpkUewX?usp=sharing\" target=\"_blank\" rel=\"noopener\">Ver publica\u00e7\u00f5es<\/a><\/p>\n<\/div><\/div><\/div><\/div><div class=\"kc-elm kc-css-297372 kc_accordion_section group \"><h3 class=\"kc_accordion_header ui-accordion-header\"><span class=\"ui-accordion-header-icon ui-icon\"><\/span><a href=\"#andrea-maria-narciso-rocha-de-paula\" data-prevent=\"scroll\"><i class=\"\"><\/i> ANDR\u00c9A MARIA NARCISO ROCHA DE PAULA<\/a><\/h3><div class=\"kc_accordion_content ui-accordion-content kc_clearfix\"><div class=\"kc-panel-body\"><div class=\"kc-elm kc-css-418237 kc_text_block\"><p><a href=\"https:\/\/drive.google.com\/drive\/folders\/1SAAt4TgNCeCKZMgOYftitVND3U1l3jWT?usp=sharing\" target=\"_blank\" rel=\"noopener\">Ver publica\u00e7\u00f5es<\/a><\/p>\n<\/div><\/div><\/div><\/div><div class=\"kc-elm kc-css-440150 kc_accordion_section group \"><h3 class=\"kc_accordion_header ui-accordion-header\"><span class=\"ui-accordion-header-icon ui-icon\"><\/span><a href=\"#anete-marilia-pereira\" data-prevent=\"scroll\"><i class=\"\"><\/i> ANETE MAR\u00cdLIA PEREIRA<\/a><\/h3><div class=\"kc_accordion_content ui-accordion-content kc_clearfix\"><div class=\"kc-panel-body\"><div class=\"kc-elm kc-css-410671 kc_text_block\"><p><a href=\"https:\/\/drive.google.com\/drive\/folders\/1tziJXP8i_EvKmfw9FR5Fp3wIR7u7HCar?usp=sharing\" target=\"_blank\" rel=\"noopener\">Ver publica\u00e7\u00f5es<\/a><\/p>\n<\/div><\/div><\/div><\/div><div class=\"kc-elm kc-css-441435 kc_accordion_section group \"><h3 class=\"kc_accordion_header ui-accordion-header\"><span class=\"ui-accordion-header-icon ui-icon\"><\/span><a href=\"#elton-dias-xavier\" data-prevent=\"scroll\"><i class=\"\"><\/i> ELTON DIAS XAVIER<\/a><\/h3><div class=\"kc_accordion_content ui-accordion-content kc_clearfix\"><div class=\"kc-panel-body\"><div class=\"kc-elm kc-css-908477 kc_text_block\"><p><a href=\"https:\/\/drive.google.com\/drive\/folders\/101L35Gc32A542ii5yFEtYd_b42qBKBNP?usp=sharing\" target=\"_blank\" rel=\"noopener\">Ver publica\u00e7\u00f5es<\/a><\/p>\n<\/div><\/div><\/div><\/div><div class=\"kc-elm kc-css-744834 kc_accordion_section group \"><h3 class=\"kc_accordion_header ui-accordion-header\"><span class=\"ui-accordion-header-icon ui-icon\"><\/span><a href=\"#felisa-cancado-anaya\" data-prevent=\"scroll\"><i class=\"\"><\/i> FELISA CAN\u00c7ADO ANAYA<\/a><\/h3><div class=\"kc_accordion_content ui-accordion-content kc_clearfix\"><div class=\"kc-panel-body\"><div class=\"kc-elm kc-css-197710 kc_text_block\"><p><a href=\"https:\/\/drive.google.com\/drive\/folders\/1nQmlohXcZunfyiooKVe-ofCBGenADzoA?usp=sharing\" target=\"_blank\" rel=\"noopener\">Ver publica\u00e7\u00f5es<\/a><\/p>\n<\/div><\/div><\/div><\/div><div class=\"kc-elm kc-css-673160 kc_accordion_section group \"><h3 class=\"kc_accordion_header ui-accordion-header\"><span class=\"ui-accordion-header-icon ui-icon\"><\/span><a href=\"#geraldo-antonio-dos-reis\" data-prevent=\"scroll\"><i class=\"\"><\/i> GERALDO ANT\u00d4NIO DOS REIS<\/a><\/h3><div class=\"kc_accordion_content ui-accordion-content kc_clearfix\"><div class=\"kc-panel-body\"><div class=\"kc-elm kc-css-605693 kc_text_block\"><p><a href=\"https:\/\/drive.google.com\/drive\/folders\/1fvNdQe3GtSapKk9e5C3bbE7yydaV0IT7?usp=sharing\" target=\"_blank\" rel=\"noopener\">Ver publica\u00e7\u00f5es<\/a><\/p>\n<\/div><\/div><\/div><\/div><div class=\"kc-elm kc-css-650120 kc_accordion_section group \"><h3 class=\"kc_accordion_header ui-accordion-header\"><span class=\"ui-accordion-header-icon ui-icon\"><\/span><a href=\"#giancarlo-marques-carraro-machado\" data-prevent=\"scroll\"><i class=\"\"><\/i> GIANCARLO MARQUES CARRARO MACHADO<\/a><\/h3><div class=\"kc_accordion_content ui-accordion-content kc_clearfix\"><div class=\"kc-panel-body\"><div class=\"kc-elm kc-css-199841 kc_text_block\"><p><a href=\"https:\/\/drive.google.com\/drive\/folders\/1JkX8sSvHBjhyiHkXeL8X6nX-NxWs0_TB?usp=sharing\" target=\"_blank\" rel=\"noopener\">Ver publica\u00e7\u00f5es<\/a><\/p>\n<\/div><\/div><\/div><\/div><div class=\"kc-elm kc-css-188795 kc_accordion_section group \"><h3 class=\"kc_accordion_header ui-accordion-header\"><span class=\"ui-accordion-header-icon ui-icon\"><\/span><a href=\"#gilmar-ribeiro-dos-santos\" data-prevent=\"scroll\"><i class=\"\"><\/i> GILMAR RIBEIRO DOS SANTOS<\/a><\/h3><div class=\"kc_accordion_content ui-accordion-content kc_clearfix\"><div class=\"kc-panel-body\"><div class=\"kc-elm kc-css-585536 kc_text_block\"><p><a href=\"https:\/\/drive.google.com\/drive\/folders\/1TRfJANuGBeoY4I367cm7pLaOAvDh5QCW?usp=sharing\" target=\"_blank\" rel=\"noopener\">Ver publica\u00e7\u00f5es<\/a><\/p>\n<\/div><\/div><\/div><\/div><div class=\"kc-elm kc-css-198122 kc_accordion_section group \"><h3 class=\"kc_accordion_header ui-accordion-header\"><span class=\"ui-accordion-header-icon ui-icon\"><\/span><a href=\"#marcos-esdras-leite\" data-prevent=\"scroll\"><i class=\"\"><\/i> MARCOS ESDRAS LEITE<\/a><\/h3><div class=\"kc_accordion_content ui-accordion-content kc_clearfix\"><div class=\"kc-panel-body\"><div class=\"kc-elm kc-css-463683 kc_text_block\"><p><a href=\"https:\/\/drive.google.com\/drive\/folders\/1L2gDDNd2DHFwa0igVb56kVyouT8M-Avf?usp=sharing\" target=\"_blank\" rel=\"noopener\">Ver publica\u00e7\u00f5es<\/a><\/p>\n<\/div><\/div><\/div><\/div><div class=\"kc-elm kc-css-4879 kc_accordion_section group \"><h3 class=\"kc_accordion_header ui-accordion-header\"><span class=\"ui-accordion-header-icon ui-icon\"><\/span><a href=\"#maria-da-luz-alves-ferreira\" data-prevent=\"scroll\"><i class=\"\"><\/i> MARIA DA LUZ ALVES FERREIRA <\/a><\/h3><div class=\"kc_accordion_content ui-accordion-content kc_clearfix\"><div class=\"kc-panel-body\"><div class=\"kc-elm kc-css-971325 kc_text_block\"><p><a href=\"https:\/\/drive.google.com\/drive\/folders\/1G7YvuKpYi5RAg1dKeotW2DxzMn_biMCd?usp=sharing\" target=\"_blank\" rel=\"noopener\">Ver publica\u00e7\u00f5es<\/a><\/p>\n<\/div><\/div><\/div><\/div><div class=\"kc-elm kc-css-821795 kc_accordion_section group \"><h3 class=\"kc_accordion_header ui-accordion-header\"><span class=\"ui-accordion-header-icon ui-icon\"><\/span><a href=\"#rafael-baioni-do-nascimento\" data-prevent=\"scroll\"><i class=\"\"><\/i> RAFAEL BAIONI DO NASCIMENTO <\/a><\/h3><div class=\"kc_accordion_content ui-accordion-content kc_clearfix\"><div class=\"kc-panel-body\"><div class=\"kc-elm kc-css-393113 kc_text_block\"><p><a href=\"https:\/\/drive.google.com\/drive\/folders\/1XX25cJiUyOysioNPFTPiJ3TKjbbZsHke?usp=sharing\" target=\"_blank\" rel=\"noopener\">Ver publica\u00e7\u00f5es<\/a><\/p>\n<\/div><\/div><\/div><\/div><div class=\"kc-elm kc-css-461271 kc_accordion_section group \"><h3 class=\"kc_accordion_header ui-accordion-header\"><span class=\"ui-accordion-header-icon ui-icon\"><\/span><a href=\"#romulo-soares-barbosa\" data-prevent=\"scroll\"><i class=\"\"><\/i> R\u00d4MULO SOARES BARBOSA<\/a><\/h3><div class=\"kc_accordion_content ui-accordion-content kc_clearfix\"><div class=\"kc-panel-body\"><div class=\"kc-elm kc-css-873195 kc_text_block\"><p><a href=\"https:\/\/drive.google.com\/drive\/folders\/1dfpSg_TXwj_p4P0hisXFpVGHwiBeXYrQ?usp=sharing\" target=\"_blank\" rel=\"noopener\">Ver publica\u00e7\u00f5es<\/a><\/p>\n<\/div><\/div><\/div><\/div><\/div>\n<\/div><\/div><\/div><\/div><\/section>\n","protected":false},"excerpt":{"rendered":"","protected":false},"author":5,"featured_media":0,"parent":0,"menu_order":0,"comment_status":"closed","ping_status":"closed","template":"","meta":[],"yoast_head":"<!-- This site is optimized with the Yoast SEO plugin v14.7 - https:\/\/yoast.com\/wordpress\/plugins\/seo\/ -->\n<title>Publica\u00e7\u00f5es dos docentes - Programa de P\u00f3s Gradua\u00e7\u00e3o em Desenvolvimento Social<\/title>\n<meta name=\"robots\" content=\"index, follow\" \/>\n<meta name=\"googlebot\" content=\"index, follow, max-snippet:-1, max-image-preview:large, max-video-preview:-1\" \/>\n<meta name=\"bingbot\" content=\"index, follow, max-snippet:-1, max-image-preview:large, max-video-preview:-1\" \/>\n<link rel=\"canonical\" href=\"https:\/\/www.posgraduacao.unimontes.br\/ppgds\/repositorio\/\" \/>\n<meta property=\"og:locale\" content=\"pt_BR\" \/>\n<meta property=\"og:type\" content=\"article\" \/>\n<meta property=\"og:title\" content=\"Publica\u00e7\u00f5es dos docentes - Programa de P\u00f3s Gradua\u00e7\u00e3o em Desenvolvimento Social\" \/>\n<meta property=\"og:description\" content=\"ANA PAULA GLINFSKOI TH\u00c9 Ver publica\u00e7\u00f5es ANDR\u00c9A MARIA NARCISO ROCHA DE PAULA Ver publica\u00e7\u00f5es ANETE MAR\u00cdLIA PEREIRA Ver publica\u00e7\u00f5es ELTON DIAS XAVIER Ver publica\u00e7\u00f5es FELISA CAN\u00c7ADO ANAYA Ver publica\u00e7\u00f5es GERALDO ANT\u00d4NIO DOS REIS Ver publica\u00e7\u00f5es GIANCARLO MARQUES CARRARO MACHADO Ver publica\u00e7\u00f5es GILMAR RIBEIRO DOS SANTOS Ver publica\u00e7\u00f5es MARCOS ESDRAS LEITE Ver publica\u00e7\u00f5es MARIA DA LUZ [&hellip;]\" \/>\n<meta property=\"og:url\" content=\"https:\/\/www.posgraduacao.unimontes.br\/ppgds\/repositorio\/\" \/>\n<meta property=\"og:site_name\" content=\"Programa de P\u00f3s Gradua\u00e7\u00e3o em Desenvolvimento Social\" \/>\n<meta property=\"article:modified_time\" content=\"2022-08-16T21:18:41+00:00\" \/>\n<meta name=\"twitter:card\" content=\"summary_large_image\" \/>\n<script type=\"application\/ld+json\" class=\"yoast-schema-graph\">{\"@context\":\"https:\/\/schema.org\",\"@graph\":[{\"@type\":\"WebSite\",\"@id\":\"https:\/\/www.posgraduacao.unimontes.br\/ppgds\/#website\",\"url\":\"https:\/\/www.posgraduacao.unimontes.br\/ppgds\/\",\"name\":\"Programa de P\\u00f3s Gradua\\u00e7\\u00e3o em Desenvolvimento Social\",\"description\":\"\",\"potentialAction\":[{\"@type\":\"SearchAction\",\"target\":\"https:\/\/www.posgraduacao.unimontes.br\/ppgds\/?s={search_term_string}\",\"query-input\":\"required name=search_term_string\"}],\"inLanguage\":\"pt-BR\"},{\"@type\":\"WebPage\",\"@id\":\"https:\/\/www.posgraduacao.unimontes.br\/ppgds\/repositorio\/#webpage\",\"url\":\"https:\/\/www.posgraduacao.unimontes.br\/ppgds\/repositorio\/\",\"name\":\"Publica\\u00e7\\u00f5es dos docentes - Programa de P\\u00f3s Gradua\\u00e7\\u00e3o em Desenvolvimento Social\",\"isPartOf\":{\"@id\":\"https:\/\/www.posgraduacao.unimontes.br\/ppgds\/#website\"},\"datePublished\":\"2020-08-31T13:19:50+00:00\",\"dateModified\":\"2022-08-16T21:18:41+00:00\",\"inLanguage\":\"pt-BR\",\"potentialAction\":[{\"@type\":\"ReadAction\",\"target\":[\"https:\/\/www.posgraduacao.unimontes.br\/ppgds\/repositorio\/\"]}]}]}<\/script>\n<!-- \/ Yoast SEO plugin. -->","_links":{"self":[{"href":"https:\/\/www.posgraduacao.unimontes.br\/ppgds\/wp-json\/wp\/v2\/pages\/2293"}],"collection":[{"href":"https:\/\/www.posgraduacao.unimontes.br\/ppgds\/wp-json\/wp\/v2\/pages"}],"about":[{"href":"https:\/\/www.posgraduacao.unimontes.br\/ppgds\/wp-json\/wp\/v2\/types\/page"}],"author":[{"embeddable":true,"href":"https:\/\/www.posgraduacao.unimontes.br\/ppgds\/wp-json\/wp\/v2\/users\/5"}],"replies":[{"embeddable":true,"href":"https:\/\/www.posgraduacao.unimontes.br\/ppgds\/wp-json\/wp\/v2\/comments?post=2293"}],"version-history":[{"count":25,"href":"https:\/\/www.posgraduacao.unimontes.br\/ppgds\/wp-json\/wp\/v2\/pages\/2293\/revisions"}],"predecessor-version":[{"id":4742,"href":"https:\/\/www.posgraduacao.unimontes.br\/ppgds\/wp-json\/wp\/v2\/pages\/2293\/revisions\/4742"}],"wp:attachment":[{"href":"https:\/\/www.posgraduacao.unimontes.br\/ppgds\/wp-json\/wp\/v2\/media?parent=2293"}],"curies":[{"name":"wp","href":"https:\/\/api.w.org\/{rel}","templated":true}]}}