{"id":69,"date":"2018-12-04T08:20:45","date_gmt":"2018-12-04T10:20:45","guid":{"rendered":"http:\/\/www.posgraduacao.unimontes.br\/ppgcps\/?page_id=69"},"modified":"2024-07-08T11:36:31","modified_gmt":"2024-07-08T14:36:31","slug":"manual-da-dissertacao","status":"publish","type":"page","link":"https:\/\/www.posgraduacao.unimontes.br\/ppgcps\/manual-da-dissertacao\/","title":{"rendered":"Manual da disserta\u00e7\u00e3o"},"content":{"rendered":"<section class=\"kc-elm kc-css-477047 kc_row\"><div class=\"kc-row-container  kc-container\"><div class=\"kc-wrap-columns\"><div class=\"kc-elm kc-css-846926 kc_col-sm-12 kc_column kc_col-sm-12\"><div class=\"kc-col-container\"><div class=\"kc-elm kc-css-25502\" style=\"height: 20px; clear: both; width:100%;\"><\/div><\/div><\/div><\/div><\/div><\/section><section class=\"kc-elm kc-css-106176 kc_row\"><div class=\"kc-row-container  kc-container\"><div class=\"kc-wrap-columns\"><div class=\"kc-elm kc-css-159464 kc_col-sm-12 kc_column kc_col-sm-12\"><div class=\"kc-col-container\"><div class=\"kc-elm kc-css-441978 kc_text_block\"><ul>\n<li><strong><a href=\"http:\/\/www.posgraduacao.unimontes.br\/uploads\/sites\/18\/2018\/12\/Formulrio-de-Pr-requisito-para-qualificao-e-defesa.pdf\">Formul\u00e1rio de pr\u00e9-requisito para qualifica\u00e7\u00e3o e defesa<\/a><\/strong><\/li>\n<li><a href=\"https:\/\/www.posgraduacao.unimontes.br\/ppgcps\/manual-para-apresentacao-qualificacao-e-defesa-2024\/\"><strong>Manual de instru\u00e7\u00f5es : estrutura\u00e7\u00e3o do trabalho de qualifica\u00e7\u00e3o e de disserta\u00e7\u00e3o<\/strong><\/a><\/li>\n<li><strong><a href=\"http:\/\/www.posgraduacao.unimontes.br\/uploads\/sites\/18\/2023\/02\/10062019-producao-tecnica-pdf.pdf\">Relat\u00f3rio do Grupo de Trabalho CAPES<\/a><\/strong><\/li>\n<li><strong><a href=\"http:\/\/www.posgraduacao.unimontes.br\/uploads\/sites\/18\/2019\/08\/ORIENTA\u00c7\u00d5ES-P\u00d3S-DEFESA.pdf\">Encaminhamentos p\u00f3s defesa p\u00fablica<\/a><\/strong><\/li>\n<\/ul>\n<\/div><\/div><\/div><\/div><\/div><\/section>\n","protected":false},"excerpt":{"rendered":"","protected":false},"author":5,"featured_media":0,"parent":0,"menu_order":0,"comment_status":"closed","ping_status":"closed","template":"","meta":[],"yoast_head":"<!-- This site is optimized with the Yoast SEO plugin v14.7 - https:\/\/yoast.com\/wordpress\/plugins\/seo\/ -->\n<title>Manual da disserta\u00e7\u00e3o - Programa de P\u00f3s Gradua\u00e7\u00e3o em Cuidado Prim\u00e1rio em Sa\u00fade<\/title>\n<meta name=\"robots\" content=\"index, follow\" \/>\n<meta name=\"googlebot\" content=\"index, follow, max-snippet:-1, max-image-preview:large, max-video-preview:-1\" \/>\n<meta name=\"bingbot\" content=\"index, follow, max-snippet:-1, max-image-preview:large, max-video-preview:-1\" \/>\n<link rel=\"canonical\" href=\"https:\/\/www.posgraduacao.unimontes.br\/ppgcps\/manual-da-dissertacao\/\" \/>\n<meta property=\"og:locale\" content=\"pt_BR\" \/>\n<meta property=\"og:type\" content=\"article\" \/>\n<meta property=\"og:title\" content=\"Manual da disserta\u00e7\u00e3o - Programa de P\u00f3s Gradua\u00e7\u00e3o em Cuidado Prim\u00e1rio em Sa\u00fade\" \/>\n<meta property=\"og:description\" content=\"Formul\u00e1rio de pr\u00e9-requisito para qualifica\u00e7\u00e3o e defesa Manual de instru\u00e7\u00f5es : estrutura\u00e7\u00e3o do trabalho de qualifica\u00e7\u00e3o e de disserta\u00e7\u00e3o Relat\u00f3rio do Grupo de Trabalho CAPES Encaminhamentos p\u00f3s defesa p\u00fablica\" \/>\n<meta property=\"og:url\" content=\"https:\/\/www.posgraduacao.unimontes.br\/ppgcps\/manual-da-dissertacao\/\" \/>\n<meta property=\"og:site_name\" content=\"Programa de P\u00f3s Gradua\u00e7\u00e3o em Cuidado Prim\u00e1rio em Sa\u00fade\" \/>\n<meta property=\"article:modified_time\" content=\"2024-07-08T14:36:31+00:00\" \/>\n<meta name=\"twitter:card\" content=\"summary_large_image\" \/>\n<script type=\"application\/ld+json\" class=\"yoast-schema-graph\">{\"@context\":\"https:\/\/schema.org\",\"@graph\":[{\"@type\":\"WebSite\",\"@id\":\"https:\/\/www.posgraduacao.unimontes.br\/ppgcps\/#website\",\"url\":\"https:\/\/www.posgraduacao.unimontes.br\/ppgcps\/\",\"name\":\"Programa de P\\u00f3s Gradua\\u00e7\\u00e3o em Cuidado Prim\\u00e1rio em Sa\\u00fade\",\"description\":\"\",\"potentialAction\":[{\"@type\":\"SearchAction\",\"target\":\"https:\/\/www.posgraduacao.unimontes.br\/ppgcps\/?s={search_term_string}\",\"query-input\":\"required name=search_term_string\"}],\"inLanguage\":\"pt-BR\"},{\"@type\":\"WebPage\",\"@id\":\"https:\/\/www.posgraduacao.unimontes.br\/ppgcps\/manual-da-dissertacao\/#webpage\",\"url\":\"https:\/\/www.posgraduacao.unimontes.br\/ppgcps\/manual-da-dissertacao\/\",\"name\":\"Manual da disserta\\u00e7\\u00e3o - Programa de P\\u00f3s Gradua\\u00e7\\u00e3o em Cuidado Prim\\u00e1rio em Sa\\u00fade\",\"isPartOf\":{\"@id\":\"https:\/\/www.posgraduacao.unimontes.br\/ppgcps\/#website\"},\"datePublished\":\"2018-12-04T10:20:45+00:00\",\"dateModified\":\"2024-07-08T14:36:31+00:00\",\"inLanguage\":\"pt-BR\",\"potentialAction\":[{\"@type\":\"ReadAction\",\"target\":[\"https:\/\/www.posgraduacao.unimontes.br\/ppgcps\/manual-da-dissertacao\/\"]}]}]}<\/script>\n<!-- \/ Yoast SEO plugin. -->","_links":{"self":[{"href":"https:\/\/www.posgraduacao.unimontes.br\/ppgcps\/wp-json\/wp\/v2\/pages\/69"}],"collection":[{"href":"https:\/\/www.posgraduacao.unimontes.br\/ppgcps\/wp-json\/wp\/v2\/pages"}],"about":[{"href":"https:\/\/www.posgraduacao.unimontes.br\/ppgcps\/wp-json\/wp\/v2\/types\/page"}],"author":[{"embeddable":true,"href":"https:\/\/www.posgraduacao.unimontes.br\/ppgcps\/wp-json\/wp\/v2\/users\/5"}],"replies":[{"embeddable":true,"href":"https:\/\/www.posgraduacao.unimontes.br\/ppgcps\/wp-json\/wp\/v2\/comments?post=69"}],"version-history":[{"count":13,"href":"https:\/\/www.posgraduacao.unimontes.br\/ppgcps\/wp-json\/wp\/v2\/pages\/69\/revisions"}],"predecessor-version":[{"id":2384,"href":"https:\/\/www.posgraduacao.unimontes.br\/ppgcps\/wp-json\/wp\/v2\/pages\/69\/revisions\/2384"}],"wp:attachment":[{"href":"https:\/\/www.posgraduacao.unimontes.br\/ppgcps\/wp-json\/wp\/v2\/media?parent=69"}],"curies":[{"name":"wp","href":"https:\/\/api.w.org\/{rel}","templated":true}]}}