{"id":2943,"date":"2025-08-28T09:30:33","date_gmt":"2025-08-28T12:30:33","guid":{"rendered":"https:\/\/www.posgraduacao.unimontes.br\/ppgcps\/?page_id=2943"},"modified":"2025-08-28T09:59:06","modified_gmt":"2025-08-28T12:59:06","slug":"https-www-posgraduacao-unimontes-br-ppgcps-contatos","status":"publish","type":"page","link":"https:\/\/www.posgraduacao.unimontes.br\/ppgcps\/https-www-posgraduacao-unimontes-br-ppgcps-contatos\/","title":{"rendered":"Contatos"},"content":{"rendered":"\n<div style=\"height:100px\" aria-hidden=\"true\" class=\"wp-block-spacer\"><\/div>\n\n\n\n<p><strong>Endere\u00e7o: Sala 109, 1\u00ba Piso, Pr\u00e9dio 06, CCBS &#8211;&nbsp;Universidade Estadual de Montes Claros &#8211; Campus Universit\u00e1rio Prof. Darcy Ribeiro, Av. Prof. Rui Braga, s\/n &#8211; Vila Mauriceia, Montes Claros &#8211; MG, 39401-089<\/strong><\/p>\n\n\n\n<p><strong>Hor\u00e1rio de Funcionamento: 07:00h \u00e0s 14:00h<\/strong><\/p>\n\n\n\n<p><strong>Telefone: (38) 3229-8292<\/strong><\/p>\n\n\n\n<p><strong>E-mail:&nbsp;<a href=\"mailto:ppgcps@unimontes.br\" target=\"_blank\" rel=\"noreferrer noopener\">ppgcps@unimontes.br<\/a><\/strong><\/p>\n\n\n\n<p><strong>Instagram:<a href=\"https:\/\/www.instagram.com\/ppgcpsunimontes\/\" target=\"_blank\" rel=\"noreferrer noopener\">&nbsp;ppgcpsunimontes<\/a><\/strong><\/p>\n","protected":false},"excerpt":{"rendered":"<p>Endere\u00e7o: Sala 109, 1\u00ba Piso, Pr\u00e9dio 06, CCBS &#8211;&nbsp;Universidade Estadual de Montes Claros &#8211; Campus Universit\u00e1rio Prof. Darcy Ribeiro, Av. Prof. Rui Braga, s\/n &#8211; Vila Mauriceia, Montes Claros &#8211; MG, 39401-089 Hor\u00e1rio de Funcionamento: 07:00h \u00e0s 14:00h Telefone: (38) 3229-8292 E-mail:&nbsp;ppgcps@unimontes.br Instagram:&nbsp;ppgcpsunimontes<\/p>\n","protected":false},"author":17,"featured_media":0,"parent":0,"menu_order":0,"comment_status":"closed","ping_status":"closed","template":"","meta":[],"yoast_head":"<!-- This site is optimized with the Yoast SEO plugin v14.7 - https:\/\/yoast.com\/wordpress\/plugins\/seo\/ -->\n<title>Contatos - Programa de P\u00f3s Gradua\u00e7\u00e3o em Cuidado Prim\u00e1rio em Sa\u00fade<\/title>\n<meta name=\"robots\" content=\"index, follow\" \/>\n<meta name=\"googlebot\" content=\"index, follow, max-snippet:-1, max-image-preview:large, max-video-preview:-1\" \/>\n<meta name=\"bingbot\" content=\"index, follow, max-snippet:-1, max-image-preview:large, max-video-preview:-1\" \/>\n<link rel=\"canonical\" href=\"https:\/\/www.posgraduacao.unimontes.br\/ppgcps\/https-www-posgraduacao-unimontes-br-ppgcps-contatos\/\" \/>\n<meta property=\"og:locale\" content=\"pt_BR\" \/>\n<meta property=\"og:type\" content=\"article\" \/>\n<meta property=\"og:title\" content=\"Contatos - Programa de P\u00f3s Gradua\u00e7\u00e3o em Cuidado Prim\u00e1rio em Sa\u00fade\" \/>\n<meta property=\"og:description\" content=\"Endere\u00e7o: Sala 109, 1\u00ba Piso, Pr\u00e9dio 06, CCBS &#8211;&nbsp;Universidade Estadual de Montes Claros &#8211; Campus Universit\u00e1rio Prof. Darcy Ribeiro, Av. Prof. Rui Braga, s\/n &#8211; Vila Mauriceia, Montes Claros &#8211; MG, 39401-089 Hor\u00e1rio de Funcionamento: 07:00h \u00e0s 14:00h Telefone: (38) 3229-8292 E-mail:&nbsp;ppgcps@unimontes.br Instagram:&nbsp;ppgcpsunimontes\" \/>\n<meta property=\"og:url\" content=\"https:\/\/www.posgraduacao.unimontes.br\/ppgcps\/https-www-posgraduacao-unimontes-br-ppgcps-contatos\/\" \/>\n<meta property=\"og:site_name\" content=\"Programa de P\u00f3s Gradua\u00e7\u00e3o em Cuidado Prim\u00e1rio em Sa\u00fade\" \/>\n<meta property=\"article:modified_time\" content=\"2025-08-28T12:59:06+00:00\" \/>\n<meta name=\"twitter:card\" content=\"summary_large_image\" \/>\n<script type=\"application\/ld+json\" class=\"yoast-schema-graph\">{\"@context\":\"https:\/\/schema.org\",\"@graph\":[{\"@type\":\"WebSite\",\"@id\":\"https:\/\/www.posgraduacao.unimontes.br\/ppgcps\/#website\",\"url\":\"https:\/\/www.posgraduacao.unimontes.br\/ppgcps\/\",\"name\":\"Programa de P\\u00f3s Gradua\\u00e7\\u00e3o em Cuidado Prim\\u00e1rio em Sa\\u00fade\",\"description\":\"\",\"potentialAction\":[{\"@type\":\"SearchAction\",\"target\":\"https:\/\/www.posgraduacao.unimontes.br\/ppgcps\/?s={search_term_string}\",\"query-input\":\"required name=search_term_string\"}],\"inLanguage\":\"pt-BR\"},{\"@type\":\"WebPage\",\"@id\":\"https:\/\/www.posgraduacao.unimontes.br\/ppgcps\/https-www-posgraduacao-unimontes-br-ppgcps-contatos\/#webpage\",\"url\":\"https:\/\/www.posgraduacao.unimontes.br\/ppgcps\/https-www-posgraduacao-unimontes-br-ppgcps-contatos\/\",\"name\":\"Contatos - Programa de P\\u00f3s Gradua\\u00e7\\u00e3o em Cuidado Prim\\u00e1rio em Sa\\u00fade\",\"isPartOf\":{\"@id\":\"https:\/\/www.posgraduacao.unimontes.br\/ppgcps\/#website\"},\"datePublished\":\"2025-08-28T12:30:33+00:00\",\"dateModified\":\"2025-08-28T12:59:06+00:00\",\"inLanguage\":\"pt-BR\",\"potentialAction\":[{\"@type\":\"ReadAction\",\"target\":[\"https:\/\/www.posgraduacao.unimontes.br\/ppgcps\/https-www-posgraduacao-unimontes-br-ppgcps-contatos\/\"]}]}]}<\/script>\n<!-- \/ Yoast SEO plugin. -->","_links":{"self":[{"href":"https:\/\/www.posgraduacao.unimontes.br\/ppgcps\/wp-json\/wp\/v2\/pages\/2943"}],"collection":[{"href":"https:\/\/www.posgraduacao.unimontes.br\/ppgcps\/wp-json\/wp\/v2\/pages"}],"about":[{"href":"https:\/\/www.posgraduacao.unimontes.br\/ppgcps\/wp-json\/wp\/v2\/types\/page"}],"author":[{"embeddable":true,"href":"https:\/\/www.posgraduacao.unimontes.br\/ppgcps\/wp-json\/wp\/v2\/users\/17"}],"replies":[{"embeddable":true,"href":"https:\/\/www.posgraduacao.unimontes.br\/ppgcps\/wp-json\/wp\/v2\/comments?post=2943"}],"version-history":[{"count":2,"href":"https:\/\/www.posgraduacao.unimontes.br\/ppgcps\/wp-json\/wp\/v2\/pages\/2943\/revisions"}],"predecessor-version":[{"id":2950,"href":"https:\/\/www.posgraduacao.unimontes.br\/ppgcps\/wp-json\/wp\/v2\/pages\/2943\/revisions\/2950"}],"wp:attachment":[{"href":"https:\/\/www.posgraduacao.unimontes.br\/ppgcps\/wp-json\/wp\/v2\/media?parent=2943"}],"curies":[{"name":"wp","href":"https:\/\/api.w.org\/{rel}","templated":true}]}}