{"id":1596,"date":"2023-02-16T09:24:55","date_gmt":"2023-02-16T12:24:55","guid":{"rendered":"https:\/\/www.posgraduacao.unimontes.br\/ppgcps\/?page_id=1596"},"modified":"2024-05-15T10:53:05","modified_gmt":"2024-05-15T13:53:05","slug":"produtos-tecnicos-ppgcps","status":"publish","type":"page","link":"https:\/\/www.posgraduacao.unimontes.br\/ppgcps\/produtos-tecnicos-ppgcps\/","title":{"rendered":"Produtos T\u00e9cnicos"},"content":{"rendered":"<section class=\"kc-elm kc-css-551084 kc_row\"><div class=\"kc-row-container  kc-container\"><div class=\"kc-wrap-columns\"><div class=\"kc-elm kc-css-788229 kc_column kc_col-sm-12\"><div class=\"kc-col-container\"><div class=\"kc-elm kc-css-345944\" style=\"height: 40px; clear: both; width:100%;\"><\/div><div class=\"kc-elm kc-css-917839 kc_text_block\"><p>\n<strong>Produtos T\u00e9cnicos &#8211; Mestrado Profissional em Cuidado Prim\u00e1rio em Sa\u00fade<\/strong><\/p>\n<\/div><\/div><\/div><\/div><\/div><\/section><section class=\"kc-elm kc-css-949425 kc_row\"><div class=\"kc-row-container  kc-container\"><div class=\"kc-wrap-columns\"><div class=\"kc-elm kc-css-529861 kc_col-sm-4 kc_column kc_col-sm-4\"><div class=\"kc-col-container\"><div class=\"kc-elm kc-css-989407\" style=\"height: 40px; clear: both; width:100%;\"><\/div><div class=\"kc-elm kc-css-666224\" style=\"height: 40px; clear: both; width:100%;\"><\/div><div class=\"kc-elm kc-css-573873 kc-animated kc-animate-eff-fadeInUp kc-feature-boxes kc-fb-layout-1\">\n\n\t<div class=\"content-icon\"><i class=\"et-search\"><\/i><\/div><div class=\"content-title\">2021<\/div><div class=\"content-button\"><a href=\"https:\/\/www.posgraduacao.unimontes.br\/ppgcps\/produtos-tecnicos-2\/\" target=\"_self\" title=\"\">Clique aqui<\/a><\/div>\n<\/div>\n<div class=\"kc-elm kc-css-70224\" style=\"height: 20px; clear: both; width:100%;\"><\/div><div class=\"kc-elm kc-css-891776 kc-animated kc-animate-eff-fadeInUp kc-feature-boxes kc-fb-layout-1\">\n\n\t<div class=\"content-icon\"><i class=\"et-search\"><\/i><\/div><div class=\"content-title\">2023<\/div><div class=\"content-button\"><a href=\"https:\/\/www.posgraduacao.unimontes.br\/ppgcps\/2023-2\/\" target=\"_self\" title=\"\">Clique aqui<\/a><\/div>\n<\/div>\n<\/div><\/div><div class=\"kc-elm kc-css-54485 kc_col-sm-4 kc_column kc_col-sm-4\"><div class=\"kc-col-container\"><div class=\"kc-elm kc-css-75790\" style=\"height: 40px; clear: both; width:100%;\"><\/div><div class=\"kc-elm kc-css-853715\" style=\"height: 40px; clear: both; width:100%;\"><\/div><div class=\"kc-elm kc-css-838897 kc-animated kc-animate-eff-fadeInUp kc-feature-boxes kc-fb-layout-1\">\n\n\t<div class=\"content-icon\"><i class=\"et-search\"><\/i><\/div><div class=\"content-title\">2022<\/div><div class=\"content-button\"><a href=\"https:\/\/www.posgraduacao.unimontes.br\/ppgcps\/2022-3\/\" target=\"_self\" title=\"\">Clique aqui<\/a><\/div>\n<\/div>\n<div class=\"kc-elm kc-css-460547\" style=\"height: 40px; clear: both; width:100%;\"><\/div><div class=\"kc-elm kc-css-983293 kc-animated kc-animate-eff-fadeInUp kc-feature-boxes kc-fb-layout-1\">\n\n\t<div class=\"content-icon\"><i class=\"et-search\"><\/i><\/div><div class=\"content-title\">2024<\/div><div class=\"content-button\"><a href=\"https:\/\/www.posgraduacao.unimontes.br\/ppgcps\/2024-2\/\" target=\"_self\" title=\"\">Clique aqui<\/a><\/div>\n<\/div>\n<\/div><\/div><div class=\"kc-elm kc-css-844 kc_col-sm-4 kc_column kc_col-sm-4\"><div class=\"kc-col-container\"><div class=\"kc-elm kc-css-89890\" style=\"height: 40px; clear: both; width:100%;\"><\/div><div class=\"kc-elm kc-css-257670\" style=\"height: 40px; clear: both; width:100%;\"><\/div><div class=\"kc-elm kc-css-501952 kc-animated kc-animate-eff-fadeInUp kc-feature-boxes kc-fb-layout-1\">\n\n\t<div class=\"content-icon\"><i class=\"et-search\"><\/i><\/div><div class=\"content-title\">2025<\/div><div class=\"content-button\"><a href=\"https:\/\/www.posgraduacao.unimontes.br\/ppgcps\/2022-2\/\" target=\"_self\" title=\"\">Clique aqui<\/a><\/div>\n<\/div>\n<\/div><\/div><\/div><\/div><\/section><section class=\"kc-elm kc-css-966678 kc_row\"><div class=\"kc-row-container  kc-container\"><div class=\"kc-wrap-columns\"><div class=\"kc-elm kc-css-892670 kc_col-sm-12 kc_column kc_col-sm-12\"><div class=\"kc-col-container\"><\/div><\/div><\/div><\/div><\/section>\n","protected":false},"excerpt":{"rendered":"","protected":false},"author":17,"featured_media":0,"parent":0,"menu_order":0,"comment_status":"closed","ping_status":"closed","template":"","meta":[],"yoast_head":"<!-- This site is optimized with the Yoast SEO plugin v14.7 - https:\/\/yoast.com\/wordpress\/plugins\/seo\/ -->\n<title>Produtos T\u00e9cnicos - Programa de P\u00f3s Gradua\u00e7\u00e3o em Cuidado Prim\u00e1rio em Sa\u00fade<\/title>\n<meta name=\"robots\" content=\"index, follow\" \/>\n<meta name=\"googlebot\" content=\"index, follow, max-snippet:-1, max-image-preview:large, max-video-preview:-1\" \/>\n<meta name=\"bingbot\" content=\"index, follow, max-snippet:-1, max-image-preview:large, max-video-preview:-1\" \/>\n<link rel=\"canonical\" href=\"https:\/\/www.posgraduacao.unimontes.br\/ppgcps\/produtos-tecnicos-ppgcps\/\" \/>\n<meta property=\"og:locale\" content=\"pt_BR\" \/>\n<meta property=\"og:type\" content=\"article\" \/>\n<meta property=\"og:title\" content=\"Produtos T\u00e9cnicos - Programa de P\u00f3s Gradua\u00e7\u00e3o em Cuidado Prim\u00e1rio em Sa\u00fade\" \/>\n<meta property=\"og:description\" content=\"Produtos T\u00e9cnicos &#8211; Mestrado Profissional em Cuidado Prim\u00e1rio em Sa\u00fade 2021 Clique aqui 2023 Clique aqui 2022 Clique aqui 2024 Clique aqui 2025 Clique aqui\" \/>\n<meta property=\"og:url\" content=\"https:\/\/www.posgraduacao.unimontes.br\/ppgcps\/produtos-tecnicos-ppgcps\/\" \/>\n<meta property=\"og:site_name\" content=\"Programa de P\u00f3s Gradua\u00e7\u00e3o em Cuidado Prim\u00e1rio em Sa\u00fade\" \/>\n<meta property=\"article:modified_time\" content=\"2024-05-15T13:53:05+00:00\" \/>\n<meta name=\"twitter:card\" content=\"summary_large_image\" \/>\n<script type=\"application\/ld+json\" class=\"yoast-schema-graph\">{\"@context\":\"https:\/\/schema.org\",\"@graph\":[{\"@type\":\"WebSite\",\"@id\":\"https:\/\/www.posgraduacao.unimontes.br\/ppgcps\/#website\",\"url\":\"https:\/\/www.posgraduacao.unimontes.br\/ppgcps\/\",\"name\":\"Programa de P\\u00f3s Gradua\\u00e7\\u00e3o em Cuidado Prim\\u00e1rio em Sa\\u00fade\",\"description\":\"\",\"potentialAction\":[{\"@type\":\"SearchAction\",\"target\":\"https:\/\/www.posgraduacao.unimontes.br\/ppgcps\/?s={search_term_string}\",\"query-input\":\"required name=search_term_string\"}],\"inLanguage\":\"pt-BR\"},{\"@type\":\"WebPage\",\"@id\":\"https:\/\/www.posgraduacao.unimontes.br\/ppgcps\/produtos-tecnicos-ppgcps\/#webpage\",\"url\":\"https:\/\/www.posgraduacao.unimontes.br\/ppgcps\/produtos-tecnicos-ppgcps\/\",\"name\":\"Produtos T\\u00e9cnicos - Programa de P\\u00f3s Gradua\\u00e7\\u00e3o em Cuidado Prim\\u00e1rio em Sa\\u00fade\",\"isPartOf\":{\"@id\":\"https:\/\/www.posgraduacao.unimontes.br\/ppgcps\/#website\"},\"datePublished\":\"2023-02-16T12:24:55+00:00\",\"dateModified\":\"2024-05-15T13:53:05+00:00\",\"inLanguage\":\"pt-BR\",\"potentialAction\":[{\"@type\":\"ReadAction\",\"target\":[\"https:\/\/www.posgraduacao.unimontes.br\/ppgcps\/produtos-tecnicos-ppgcps\/\"]}]}]}<\/script>\n<!-- \/ Yoast SEO plugin. -->","_links":{"self":[{"href":"https:\/\/www.posgraduacao.unimontes.br\/ppgcps\/wp-json\/wp\/v2\/pages\/1596"}],"collection":[{"href":"https:\/\/www.posgraduacao.unimontes.br\/ppgcps\/wp-json\/wp\/v2\/pages"}],"about":[{"href":"https:\/\/www.posgraduacao.unimontes.br\/ppgcps\/wp-json\/wp\/v2\/types\/page"}],"author":[{"embeddable":true,"href":"https:\/\/www.posgraduacao.unimontes.br\/ppgcps\/wp-json\/wp\/v2\/users\/17"}],"replies":[{"embeddable":true,"href":"https:\/\/www.posgraduacao.unimontes.br\/ppgcps\/wp-json\/wp\/v2\/comments?post=1596"}],"version-history":[{"count":34,"href":"https:\/\/www.posgraduacao.unimontes.br\/ppgcps\/wp-json\/wp\/v2\/pages\/1596\/revisions"}],"predecessor-version":[{"id":1711,"href":"https:\/\/www.posgraduacao.unimontes.br\/ppgcps\/wp-json\/wp\/v2\/pages\/1596\/revisions\/1711"}],"wp:attachment":[{"href":"https:\/\/www.posgraduacao.unimontes.br\/ppgcps\/wp-json\/wp\/v2\/media?parent=1596"}],"curies":[{"name":"wp","href":"https:\/\/api.w.org\/{rel}","templated":true}]}}