{"id":84,"date":"2018-10-25T10:06:12","date_gmt":"2018-10-25T12:06:12","guid":{"rendered":"http:\/\/www.posgraduacao.unimontes.br\/ppgba\/?page_id=84"},"modified":"2024-08-26T19:30:08","modified_gmt":"2024-08-26T22:30:08","slug":"regulamento-2","status":"publish","type":"page","link":"https:\/\/www.posgraduacao.unimontes.br\/ppgbot\/regulamento-2\/","title":{"rendered":"Documentos do Programa"},"content":{"rendered":"<section class=\"kc-elm kc-css-224553 kc_row\"><div class=\"kc-row-container  kc-container\"><div class=\"kc-wrap-columns\"><div class=\"kc-elm kc-css-596948 kc_col-sm-12 kc_column kc_col-sm-12\"><div class=\"kc-col-container\"><div class=\"kc-elm kc-css-759402 kc_text_block\"><div class=\"wp-block-button\"><a class=\"wp-block-button__link\" href=\"http:\/\/www.posgraduacao.unimontes.br\/uploads\/sites\/17\/2022\/04\/Regulamento-2022.pdf\">Regulamento PPGBot 2022 <\/a><\/div>\n<p><!-- \/wp:button --><\/p>\n<p><!-- wp:paragraph --><\/p>\n<p><!-- \/wp:paragraph --><\/p>\n<p><!-- wp:button --><\/p>\n<div class=\"wp-block-button\"><a class=\"wp-block-button__link\" href=\"http:\/\/www.posgraduacao.unimontes.br\/uploads\/sites\/17\/2022\/04\/Projeto-Pedagogico-PPGBOT-Atualizado.pdf\">Projeto Pedag\u00f3gico PPGBot <\/a><\/div>\n<p><!-- \/wp:button --><\/p>\n<p><!-- wp:paragraph --><\/p>\n<p><!-- \/wp:paragraph --><\/p>\n<p><!-- wp:button --><\/p>\n<div class=\"wp-block-button\"><a class=\"wp-block-button__link\" href=\"http:\/\/www.posgraduacao.unimontes.br\/uploads\/sites\/17\/2021\/05\/Processo-de-Autoavalia\u00e7\u00e3o-PPGBot-2020.pdf\">Processo de Autoavalia\u00e7\u00e3o PPGBot 2020<\/a><\/div>\n<p><!-- \/wp:button --><\/p>\n<p><!-- wp:paragraph --><\/p>\n<p><!-- \/wp:paragraph --><\/p>\n<p><!-- wp:button --><\/p>\n<div class=\"wp-block-button\"><a class=\"wp-block-button__link\" href=\"http:\/\/www.posgraduacao.unimontes.br\/uploads\/sites\/17\/2021\/05\/1\u00b0-Relat\u00f3rio-de-Autoavalia\u00e7\u00e3o-PPGBot-2018-a-2020.pdf\">1\u00b0 Relat\u00f3rio de Autoavalia\u00e7\u00e3o PPGBot 2018 a 2020<\/a><\/div>\n<div class=\"wp-block-button\">\u00a0<\/div>\n<div class=\"wp-block-button\"><a href=\"http:\/\/www.posgraduacao.unimontes.br\/uploads\/sites\/17\/2024\/08\/2\u00b0-Relat\u00f3rio-de-Autoavalia\u00e7\u00e3o-PPGBot.pdf\">2\u00b0 Relat\u00f3rio de Autoavalia\u00e7\u00e3o PPGbot 2021 a 2024<\/a><\/div>\n<p><!-- \/wp:button --><\/p>\n<\/div><\/div><\/div><\/div><\/div><\/section>","protected":false},"excerpt":{"rendered":"","protected":false},"author":5,"featured_media":0,"parent":0,"menu_order":0,"comment_status":"closed","ping_status":"closed","template":"","meta":[],"yoast_head":"<!-- This site is optimized with the Yoast SEO plugin v14.7 - https:\/\/yoast.com\/wordpress\/plugins\/seo\/ -->\n<title>Documentos do Programa - PPGBOT - P\u00f3s Gradua\u00e7\u00e3o em Bot\u00e2nica Aplicada<\/title>\n<meta name=\"robots\" content=\"index, follow\" \/>\n<meta name=\"googlebot\" content=\"index, follow, max-snippet:-1, max-image-preview:large, max-video-preview:-1\" \/>\n<meta name=\"bingbot\" content=\"index, follow, max-snippet:-1, max-image-preview:large, max-video-preview:-1\" \/>\n<link rel=\"canonical\" href=\"https:\/\/www.posgraduacao.unimontes.br\/ppgbot\/regulamento-2\/\" \/>\n<meta property=\"og:locale\" content=\"pt_BR\" \/>\n<meta property=\"og:type\" content=\"article\" \/>\n<meta property=\"og:title\" content=\"Documentos do Programa - PPGBOT - P\u00f3s Gradua\u00e7\u00e3o em Bot\u00e2nica Aplicada\" \/>\n<meta property=\"og:description\" content=\"Regulamento PPGBot 2022 Projeto Pedag\u00f3gico PPGBot Processo de Autoavalia\u00e7\u00e3o PPGBot 2020 1\u00b0 Relat\u00f3rio de Autoavalia\u00e7\u00e3o PPGBot 2018 a 2020 \u00a0 2\u00b0 Relat\u00f3rio de Autoavalia\u00e7\u00e3o PPGbot 2021 a 2024\" \/>\n<meta property=\"og:url\" content=\"https:\/\/www.posgraduacao.unimontes.br\/ppgbot\/regulamento-2\/\" \/>\n<meta property=\"og:site_name\" content=\"PPGBOT - P\u00f3s Gradua\u00e7\u00e3o em Bot\u00e2nica Aplicada\" \/>\n<meta property=\"article:modified_time\" content=\"2024-08-26T22:30:08+00:00\" \/>\n<meta name=\"twitter:card\" content=\"summary_large_image\" \/>\n<script type=\"application\/ld+json\" class=\"yoast-schema-graph\">{\"@context\":\"https:\/\/schema.org\",\"@graph\":[{\"@type\":\"WebSite\",\"@id\":\"https:\/\/www.posgraduacao.unimontes.br\/ppgbot\/#website\",\"url\":\"https:\/\/www.posgraduacao.unimontes.br\/ppgbot\/\",\"name\":\"PPGBOT - P\\u00f3s Gradua\\u00e7\\u00e3o em Bot\\u00e2nica Aplicada\",\"description\":\"\",\"potentialAction\":[{\"@type\":\"SearchAction\",\"target\":\"https:\/\/www.posgraduacao.unimontes.br\/ppgbot\/?s={search_term_string}\",\"query-input\":\"required name=search_term_string\"}],\"inLanguage\":\"pt-BR\"},{\"@type\":\"WebPage\",\"@id\":\"https:\/\/www.posgraduacao.unimontes.br\/ppgbot\/regulamento-2\/#webpage\",\"url\":\"https:\/\/www.posgraduacao.unimontes.br\/ppgbot\/regulamento-2\/\",\"name\":\"Documentos do Programa - PPGBOT - P\\u00f3s Gradua\\u00e7\\u00e3o em Bot\\u00e2nica Aplicada\",\"isPartOf\":{\"@id\":\"https:\/\/www.posgraduacao.unimontes.br\/ppgbot\/#website\"},\"datePublished\":\"2018-10-25T12:06:12+00:00\",\"dateModified\":\"2024-08-26T22:30:08+00:00\",\"inLanguage\":\"pt-BR\",\"potentialAction\":[{\"@type\":\"ReadAction\",\"target\":[\"https:\/\/www.posgraduacao.unimontes.br\/ppgbot\/regulamento-2\/\"]}]}]}<\/script>\n<!-- \/ Yoast SEO plugin. -->","_links":{"self":[{"href":"https:\/\/www.posgraduacao.unimontes.br\/ppgbot\/wp-json\/wp\/v2\/pages\/84"}],"collection":[{"href":"https:\/\/www.posgraduacao.unimontes.br\/ppgbot\/wp-json\/wp\/v2\/pages"}],"about":[{"href":"https:\/\/www.posgraduacao.unimontes.br\/ppgbot\/wp-json\/wp\/v2\/types\/page"}],"author":[{"embeddable":true,"href":"https:\/\/www.posgraduacao.unimontes.br\/ppgbot\/wp-json\/wp\/v2\/users\/5"}],"replies":[{"embeddable":true,"href":"https:\/\/www.posgraduacao.unimontes.br\/ppgbot\/wp-json\/wp\/v2\/comments?post=84"}],"version-history":[{"count":16,"href":"https:\/\/www.posgraduacao.unimontes.br\/ppgbot\/wp-json\/wp\/v2\/pages\/84\/revisions"}],"predecessor-version":[{"id":2566,"href":"https:\/\/www.posgraduacao.unimontes.br\/ppgbot\/wp-json\/wp\/v2\/pages\/84\/revisions\/2566"}],"wp:attachment":[{"href":"https:\/\/www.posgraduacao.unimontes.br\/ppgbot\/wp-json\/wp\/v2\/media?parent=84"}],"curies":[{"name":"wp","href":"https:\/\/api.w.org\/{rel}","templated":true}]}}