{"id":82,"date":"2018-10-25T10:05:40","date_gmt":"2018-10-25T12:05:40","guid":{"rendered":"http:\/\/www.posgraduacao.unimontes.br\/ppgba\/?page_id=82"},"modified":"2026-02-13T10:07:07","modified_gmt":"2026-02-13T13:07:07","slug":"coordenacao-2","status":"publish","type":"page","link":"https:\/\/www.posgraduacao.unimontes.br\/ppgbot\/coordenacao-2\/","title":{"rendered":"Coordena\u00e7\u00e3o"},"content":{"rendered":"<section class=\"kc-elm kc-css-923151 kc_row\"><div class=\"kc-row-container  kc-container\"><div class=\"kc-wrap-columns\"><div class=\"kc-elm kc-css-164828 kc_column kc_col-sm-12\"><div class=\"kc-col-container\"><div class=\"kc-elm kc-css-608957\" style=\"height: 30px; clear: both; width:100%;\"><\/div><div class=\"kc-elm kc-css-844084 kc_text_block\"><p><strong>Coordenadora do Curso:<\/strong> Hellen C\u00e1ssia Mazzottini dos Santos<\/p>\n<p><strong>Coordenadora Adjunta do Curso:<\/strong> Camila Silveira de Souza<\/p>\n<p>Colegiado<\/p>\n<p><strong>Docentes:<\/strong><\/p>\n<p>Ana Carolina Devides Castello<\/p>\n<p>Camila Silveira Souza<\/p>\n<p>Daniela Boanares de Souza<\/p>\n<p>Dario Alves de Oliveira<\/p>\n<p><span style=\"font-style: inherit;\">Eduardo Robson Duarte<\/span><\/p>\n<p><span style=\"font-style: inherit;\">Geraldo Acl\u00e9cio de Melo<\/span><\/p>\n<p>Hellen C\u00e1ssia Mazzottini dos Santos<\/p>\n<p>Islaine Franciely Pinheiro de Azevedo<\/p>\n<p>Leonardo Monteiro Ribeiro<\/p>\n<p>Maria das Dores Magalh\u00e3es Veloso<\/p>\n<p>M\u00e1rio Marcos do Esp\u00edrito Santo<\/p>\n<p>Marlon Cristian Toledo Pereira<\/p>\n<p>Messulan Rodrigues Meira<\/p>\n<p><span style=\"font-style: inherit;\">Ot\u00e1vio Cardoso Filho<\/span><\/p>\n<p><span style=\"font-style: inherit;\">Ren\u00ea Gon\u00e7alves da Silva Carneiro<\/span><\/p>\n<p>Rosy Mary dos Santos Isaias<\/p>\n<p>Rubens Manoel dos Santos<\/p>\n<p>Viviane de Oliveira Vasconcelos<\/p>\n<p>Walter Santos de Ara\u00fajo<\/p>\n<p>Yule Roberta Ferreira Nunes<\/p>\n<p><strong>Discentes:<\/strong><\/p>\n<p>Amabily Kethilyn dos Santos Reis<\/p>\n<\/div><\/div><\/div><\/div><\/div><\/section>\n","protected":false},"excerpt":{"rendered":"","protected":false},"author":5,"featured_media":0,"parent":0,"menu_order":0,"comment_status":"closed","ping_status":"closed","template":"","meta":[],"yoast_head":"<!-- This site is optimized with the Yoast SEO plugin v14.7 - https:\/\/yoast.com\/wordpress\/plugins\/seo\/ -->\n<title>Coordena\u00e7\u00e3o - PPGBOT - P\u00f3s Gradua\u00e7\u00e3o em Bot\u00e2nica Aplicada<\/title>\n<meta name=\"robots\" content=\"index, follow\" \/>\n<meta name=\"googlebot\" content=\"index, follow, max-snippet:-1, max-image-preview:large, max-video-preview:-1\" \/>\n<meta name=\"bingbot\" content=\"index, follow, max-snippet:-1, max-image-preview:large, max-video-preview:-1\" \/>\n<link rel=\"canonical\" href=\"https:\/\/www.posgraduacao.unimontes.br\/ppgbot\/coordenacao-2\/\" \/>\n<meta property=\"og:locale\" content=\"pt_BR\" \/>\n<meta property=\"og:type\" content=\"article\" \/>\n<meta property=\"og:title\" content=\"Coordena\u00e7\u00e3o - PPGBOT - P\u00f3s Gradua\u00e7\u00e3o em Bot\u00e2nica Aplicada\" \/>\n<meta property=\"og:description\" content=\"Coordenadora do Curso: Hellen C\u00e1ssia Mazzottini dos Santos Coordenadora Adjunta do Curso: Camila Silveira de Souza Colegiado Docentes: Ana Carolina Devides Castello Camila Silveira Souza Daniela Boanares de Souza Dario Alves de Oliveira Eduardo Robson Duarte Geraldo Acl\u00e9cio de Melo Hellen C\u00e1ssia Mazzottini dos Santos Islaine Franciely Pinheiro de Azevedo Leonardo Monteiro Ribeiro Maria das [&hellip;]\" \/>\n<meta property=\"og:url\" content=\"https:\/\/www.posgraduacao.unimontes.br\/ppgbot\/coordenacao-2\/\" \/>\n<meta property=\"og:site_name\" content=\"PPGBOT - P\u00f3s Gradua\u00e7\u00e3o em Bot\u00e2nica Aplicada\" \/>\n<meta property=\"article:modified_time\" content=\"2026-02-13T13:07:07+00:00\" \/>\n<meta name=\"twitter:card\" content=\"summary_large_image\" \/>\n<script type=\"application\/ld+json\" class=\"yoast-schema-graph\">{\"@context\":\"https:\/\/schema.org\",\"@graph\":[{\"@type\":\"WebSite\",\"@id\":\"https:\/\/www.posgraduacao.unimontes.br\/ppgbot\/#website\",\"url\":\"https:\/\/www.posgraduacao.unimontes.br\/ppgbot\/\",\"name\":\"PPGBOT - P\\u00f3s Gradua\\u00e7\\u00e3o em Bot\\u00e2nica Aplicada\",\"description\":\"\",\"potentialAction\":[{\"@type\":\"SearchAction\",\"target\":\"https:\/\/www.posgraduacao.unimontes.br\/ppgbot\/?s={search_term_string}\",\"query-input\":\"required name=search_term_string\"}],\"inLanguage\":\"pt-BR\"},{\"@type\":\"WebPage\",\"@id\":\"https:\/\/www.posgraduacao.unimontes.br\/ppgbot\/coordenacao-2\/#webpage\",\"url\":\"https:\/\/www.posgraduacao.unimontes.br\/ppgbot\/coordenacao-2\/\",\"name\":\"Coordena\\u00e7\\u00e3o - PPGBOT - P\\u00f3s Gradua\\u00e7\\u00e3o em Bot\\u00e2nica Aplicada\",\"isPartOf\":{\"@id\":\"https:\/\/www.posgraduacao.unimontes.br\/ppgbot\/#website\"},\"datePublished\":\"2018-10-25T12:05:40+00:00\",\"dateModified\":\"2026-02-13T13:07:07+00:00\",\"inLanguage\":\"pt-BR\",\"potentialAction\":[{\"@type\":\"ReadAction\",\"target\":[\"https:\/\/www.posgraduacao.unimontes.br\/ppgbot\/coordenacao-2\/\"]}]}]}<\/script>\n<!-- \/ Yoast SEO plugin. -->","_links":{"self":[{"href":"https:\/\/www.posgraduacao.unimontes.br\/ppgbot\/wp-json\/wp\/v2\/pages\/82"}],"collection":[{"href":"https:\/\/www.posgraduacao.unimontes.br\/ppgbot\/wp-json\/wp\/v2\/pages"}],"about":[{"href":"https:\/\/www.posgraduacao.unimontes.br\/ppgbot\/wp-json\/wp\/v2\/types\/page"}],"author":[{"embeddable":true,"href":"https:\/\/www.posgraduacao.unimontes.br\/ppgbot\/wp-json\/wp\/v2\/users\/5"}],"replies":[{"embeddable":true,"href":"https:\/\/www.posgraduacao.unimontes.br\/ppgbot\/wp-json\/wp\/v2\/comments?post=82"}],"version-history":[{"count":24,"href":"https:\/\/www.posgraduacao.unimontes.br\/ppgbot\/wp-json\/wp\/v2\/pages\/82\/revisions"}],"predecessor-version":[{"id":3423,"href":"https:\/\/www.posgraduacao.unimontes.br\/ppgbot\/wp-json\/wp\/v2\/pages\/82\/revisions\/3423"}],"wp:attachment":[{"href":"https:\/\/www.posgraduacao.unimontes.br\/ppgbot\/wp-json\/wp\/v2\/media?parent=82"}],"curies":[{"name":"wp","href":"https:\/\/api.w.org\/{rel}","templated":true}]}}