{"id":80,"date":"2018-10-25T10:04:59","date_gmt":"2018-10-25T12:04:59","guid":{"rendered":"http:\/\/www.posgraduacao.unimontes.br\/ppgba\/?page_id=80"},"modified":"2024-01-23T08:26:02","modified_gmt":"2024-01-23T11:26:02","slug":"sobre-o-programa-2","status":"publish","type":"page","link":"https:\/\/www.posgraduacao.unimontes.br\/ppgbot\/sobre-o-programa-2\/","title":{"rendered":"Sobre o Programa"},"content":{"rendered":"<section class=\"kc-elm kc-css-322066 kc_row\"><div class=\"kc-row-container  kc-container\"><div class=\"kc-wrap-columns\"><div class=\"kc-elm kc-css-480578 kc_column kc_col-sm-12\"><div class=\"kc-col-container\"><div class=\"kc-elm kc-css-906359\" style=\"height: 20px; clear: both; width:100%;\"><\/div><div class=\"kc-elm kc-css-76852 kc_text_block\"><p>O Mestrado Acad\u00eamico em Bot\u00e2nica Aplicada tem como objetivo formar e aperfei\u00e7oar recursos humanos com capacidade de conhecer e utilizar a diversidade vegetal dos biomas presentes no estado de Minas Gerais, especificamente Cerrado, Caatinga e Mata Atl\u00e2ntica, para solucionar quest\u00f5es socioambientais que promovam o uso sustent\u00e1vel e conserva\u00e7\u00e3o da biodiversidade.<\/p>\n<p>O Mestrado em Bot\u00e2nica Aplicada formar\u00e1 um profissional altamente qualificado que possa utilizar o conhecimento adquirido de descri\u00e7\u00e3o, organiza\u00e7\u00e3o e uso da bot\u00e2nica para o ensino, pesquisa e extens\u00e3o. Como diferencial, os profissionais, al\u00e9m de atuarem no magist\u00e9rio, da forma\u00e7\u00e3o b\u00e1sica ao ensino superior, com orienta\u00e7\u00e3o de alunos desde a inicia\u00e7\u00e3o cient\u00edfica (gradua\u00e7\u00e3o at\u00e9 a p\u00f3s-gradua\u00e7\u00e3o), e na pesquisa cient\u00edfica, ser\u00e3o induzidos a aplicar seu conhecimento no manejo, conserva\u00e7\u00e3o e restaura\u00e7\u00e3o da flora.<\/p>\n<p>O curso tem apenas a \u00e1rea de concentra\u00e7\u00e3o \u201cBot\u00e2nica Aplicada\u201d que visa desenvolver estudos e pesquisas da Ci\u00eancia Bot\u00e2nica focados na aplica\u00e7\u00e3o do conhecimento gerado no uso, manejo, conserva\u00e7\u00e3o e restaura\u00e7\u00e3o da diversidade vegetal. Para isso, a \u00e1rea de concentra\u00e7\u00e3o objetiva fazer a jun\u00e7\u00e3o entre a pesquisa b\u00e1sica e aplicada, promovendo o desenvolvimento de a\u00e7\u00f5es e solu\u00e7\u00f5es que levem a utiliza\u00e7\u00e3o sustent\u00e1vel da flora e melhoria da qualidade de vida humana.<\/p>\n<div class=\"t pg-4m0 pg-4x4 pg-4h5 pg-4yb pg-4ff2 pg-4fs1 pg-4fc0 pg-4sc0 pg-4ls0 pg-4ws0\">A Secretaria do Programa de P\u00f3s-Gradua\u00e7\u00e3o em Bot\u00e2nica Aplicada \u2013PPGBOT est\u00e1 localizada no Pr\u00e9dio 6 da Unimontes, no CCBS (Centro de Ci\u00eancias Biol\u00f3gicas e da Sa\u00fade) &#8211; segundo andar, em frente \u00e0 Diretoria de Centro &#8211; no Campus Universit\u00e1rio \u201cProfessor Darcy Ribeiro\u201d, em Montes Claros \u2013 MG.<\/div>\n<div class=\"t pg-4m0 pg-4x4 pg-4h5 pg-4yb pg-4ff2 pg-4fs1 pg-4fc0 pg-4sc0 pg-4ls0 pg-4ws0\">Telefone de Contanto: (38) 3229-8186<\/div>\n<\/div><\/div><\/div><\/div><\/div><\/section>\n","protected":false},"excerpt":{"rendered":"","protected":false},"author":5,"featured_media":0,"parent":0,"menu_order":0,"comment_status":"closed","ping_status":"closed","template":"","meta":[],"yoast_head":"<!-- This site is optimized with the Yoast SEO plugin v14.7 - https:\/\/yoast.com\/wordpress\/plugins\/seo\/ -->\n<title>Sobre o Programa - PPGBOT - P\u00f3s Gradua\u00e7\u00e3o em Bot\u00e2nica Aplicada<\/title>\n<meta name=\"robots\" content=\"index, follow\" \/>\n<meta name=\"googlebot\" content=\"index, follow, max-snippet:-1, max-image-preview:large, max-video-preview:-1\" \/>\n<meta name=\"bingbot\" content=\"index, follow, max-snippet:-1, max-image-preview:large, max-video-preview:-1\" \/>\n<link rel=\"canonical\" href=\"https:\/\/www.posgraduacao.unimontes.br\/ppgbot\/sobre-o-programa-2\/\" \/>\n<meta property=\"og:locale\" content=\"pt_BR\" \/>\n<meta property=\"og:type\" content=\"article\" \/>\n<meta property=\"og:title\" content=\"Sobre o Programa - PPGBOT - P\u00f3s Gradua\u00e7\u00e3o em Bot\u00e2nica Aplicada\" \/>\n<meta property=\"og:description\" content=\"O Mestrado Acad\u00eamico em Bot\u00e2nica Aplicada tem como objetivo formar e aperfei\u00e7oar recursos humanos com capacidade de conhecer e utilizar a diversidade vegetal dos biomas presentes no estado de Minas Gerais, especificamente Cerrado, Caatinga e Mata Atl\u00e2ntica, para solucionar quest\u00f5es socioambientais que promovam o uso sustent\u00e1vel e conserva\u00e7\u00e3o da biodiversidade. O Mestrado em Bot\u00e2nica Aplicada [&hellip;]\" \/>\n<meta property=\"og:url\" content=\"https:\/\/www.posgraduacao.unimontes.br\/ppgbot\/sobre-o-programa-2\/\" \/>\n<meta property=\"og:site_name\" content=\"PPGBOT - P\u00f3s Gradua\u00e7\u00e3o em Bot\u00e2nica Aplicada\" \/>\n<meta property=\"article:modified_time\" content=\"2024-01-23T11:26:02+00:00\" \/>\n<meta name=\"twitter:card\" content=\"summary_large_image\" \/>\n<script type=\"application\/ld+json\" class=\"yoast-schema-graph\">{\"@context\":\"https:\/\/schema.org\",\"@graph\":[{\"@type\":\"WebSite\",\"@id\":\"https:\/\/www.posgraduacao.unimontes.br\/ppgbot\/#website\",\"url\":\"https:\/\/www.posgraduacao.unimontes.br\/ppgbot\/\",\"name\":\"PPGBOT - P\\u00f3s Gradua\\u00e7\\u00e3o em Bot\\u00e2nica Aplicada\",\"description\":\"\",\"potentialAction\":[{\"@type\":\"SearchAction\",\"target\":\"https:\/\/www.posgraduacao.unimontes.br\/ppgbot\/?s={search_term_string}\",\"query-input\":\"required name=search_term_string\"}],\"inLanguage\":\"pt-BR\"},{\"@type\":\"WebPage\",\"@id\":\"https:\/\/www.posgraduacao.unimontes.br\/ppgbot\/sobre-o-programa-2\/#webpage\",\"url\":\"https:\/\/www.posgraduacao.unimontes.br\/ppgbot\/sobre-o-programa-2\/\",\"name\":\"Sobre o Programa - PPGBOT - P\\u00f3s Gradua\\u00e7\\u00e3o em Bot\\u00e2nica Aplicada\",\"isPartOf\":{\"@id\":\"https:\/\/www.posgraduacao.unimontes.br\/ppgbot\/#website\"},\"datePublished\":\"2018-10-25T12:04:59+00:00\",\"dateModified\":\"2024-01-23T11:26:02+00:00\",\"inLanguage\":\"pt-BR\",\"potentialAction\":[{\"@type\":\"ReadAction\",\"target\":[\"https:\/\/www.posgraduacao.unimontes.br\/ppgbot\/sobre-o-programa-2\/\"]}]}]}<\/script>\n<!-- \/ Yoast SEO plugin. -->","_links":{"self":[{"href":"https:\/\/www.posgraduacao.unimontes.br\/ppgbot\/wp-json\/wp\/v2\/pages\/80"}],"collection":[{"href":"https:\/\/www.posgraduacao.unimontes.br\/ppgbot\/wp-json\/wp\/v2\/pages"}],"about":[{"href":"https:\/\/www.posgraduacao.unimontes.br\/ppgbot\/wp-json\/wp\/v2\/types\/page"}],"author":[{"embeddable":true,"href":"https:\/\/www.posgraduacao.unimontes.br\/ppgbot\/wp-json\/wp\/v2\/users\/5"}],"replies":[{"embeddable":true,"href":"https:\/\/www.posgraduacao.unimontes.br\/ppgbot\/wp-json\/wp\/v2\/comments?post=80"}],"version-history":[{"count":6,"href":"https:\/\/www.posgraduacao.unimontes.br\/ppgbot\/wp-json\/wp\/v2\/pages\/80\/revisions"}],"predecessor-version":[{"id":2320,"href":"https:\/\/www.posgraduacao.unimontes.br\/ppgbot\/wp-json\/wp\/v2\/pages\/80\/revisions\/2320"}],"wp:attachment":[{"href":"https:\/\/www.posgraduacao.unimontes.br\/ppgbot\/wp-json\/wp\/v2\/media?parent=80"}],"curies":[{"name":"wp","href":"https:\/\/api.w.org\/{rel}","templated":true}]}}