{"id":639,"date":"2019-11-19T09:21:13","date_gmt":"2019-11-19T12:21:13","guid":{"rendered":"http:\/\/www.posgraduacao.unimontes.br\/ppgbot\/?page_id=639"},"modified":"2019-11-21T09:38:38","modified_gmt":"2019-11-21T12:38:38","slug":"area-de-estudo","status":"publish","type":"page","link":"https:\/\/www.posgraduacao.unimontes.br\/ppgbot\/peld\/area-de-estudo\/","title":{"rendered":"\u00c1rea de Estudo"},"content":{"rendered":"<section class=\"kc-elm kc-css-243739 kc_row\"><div class=\"kc-row-container  kc-container\"><div class=\"kc-wrap-columns\"><div class=\"kc-elm kc-css-243165 kc_col-sm-2 kc_column kc_col-sm-2\"><div class=\"kc-col-container\"><\/div><\/div><div class=\"kc-elm kc-css-524262 kc_col-sm-8 kc_column kc_col-sm-8\"><div class=\"kc-col-container\"><div class=\"kc-elm kc-css-175991\" style=\"height: 50px; clear: both; width:100%;\"><\/div><div class=\"kc-elm kc-css-987908 kc_text_block\"><p>O s\u00edtio de pesquisa Peld Veredas foi implementado recentemente, em 2016 e abrange tr\u00eas Unidades de Conserva\u00e7\u00e3o, localizadas no norte do Estado de Minas Gerais.\u00a0<\/p><\/p>\n<\/div><div class=\"kc-elm kc-css-470419 kc_shortcode kc_single_image\">\n\n        <img src=\"https:\/\/www.posgraduacao.unimontes.br\/uploads\/sites\/17\/2019\/11\/mapa-min.png\" class=\"\" alt=\"\" \/>    <\/div>\n<div class=\"kc-elm kc-css-462751 kc_text_block\"><p>O Peld Veredas baseia-se no monitoramento das mudan\u00e7as da flora e seus processos ecol\u00f3gicos, al\u00e9m das vari\u00e1veis h\u00eddricas e da paisagem em tr\u00eas veredas com situa\u00e7\u00f5es diferentes, todas dentro da mesma regi\u00e3o clim\u00e1tica:<\/p>\n<p><strong>\u00c1rea 1<\/strong> &#8211; Vereda Perua\u00e7u (14\u00ba56\u201913\u201d S e 44\u00ba37\u201944\u201d W), no Parque Estadual Veredas do Perua\u00e7u (PEVP), localizada no munic\u00edpio de C\u00f4nego Marinho, est\u00e1 em processo avan\u00e7ado de secamento, por\u00e9m, est\u00e1 inserida em uma paisagem preservada;<\/p>\n<p><strong>\u00c1rea 2<\/strong> &#8211; Vereda Almescla (15\u00ba22\u201950\u201d S e 44\u00ba55\u201928\u201d W), na \u00c1rea de Prote\u00e7\u00e3o Ambiental do Rio Pandeiros (APA Rio Pandeiros), munic\u00edpio de Bonito de Minas, apresenta in\u00edcio de secamento e est\u00e1 em uma paisagem com atividades antr\u00f3picas moderadas;<\/p>\n<p><strong>\u00c1rea 3<\/strong> &#8211; Vereda das Pedras (14\u00ba53\u201918\u201d S e 45\u00ba20\u201931\u201d W), na Reserva Particular de Patrim\u00f4nio Natural Porto Cajueiro (RPPN Porto Cajueiro), munic\u00edpio de Janu\u00e1ria, n\u00e3o apresenta altera\u00e7\u00e3o visual no seu curso d\u2019\u00e1gua e est\u00e1 em uma \u00e1rea de prote\u00e7\u00e3o integral.<\/p>\n<p>Os munic\u00edpios que integram o s\u00edtio de estudo apresentam clima tropical com inverno seco, Aw na classifica\u00e7\u00e3o de K\u00f6ppen, com m\u00e9dias de temperatura de 22,2\u00ba C a 22,7\u00ba C e precipita\u00e7\u00e3o anual m\u00e9dia de 1008 a 1073 mm (Alvares et al. 2013). Geomorfologicamente, a regi\u00e3o se insere na Depress\u00e3o S\u00e3o Franciscana e Planaltos de S\u00e3o Francisco (IGA 2006). Os solos da regi\u00e3o s\u00e3o normalmente arenosos n\u00e3o estruturados, profundos e com elevada drenagem. Estas condi\u00e7\u00f5es determinaram um solo pobre em nutrientes, muito \u00e1cido e carente de mat\u00e9ria org\u00e2nica.<\/p><\/p>\n<\/div><\/div><\/div><div class=\"kc-elm kc-css-610096 kc_col-sm-2 kc_column kc_col-sm-2\"><div class=\"kc-col-container\"><\/div><\/div><\/div><\/div><\/section>\n","protected":false},"excerpt":{"rendered":"","protected":false},"author":5,"featured_media":0,"parent":634,"menu_order":0,"comment_status":"closed","ping_status":"closed","template":"","meta":[],"yoast_head":"<!-- This site is optimized with the Yoast SEO plugin v14.7 - https:\/\/yoast.com\/wordpress\/plugins\/seo\/ -->\n<title>\u00c1rea de Estudo - PPGBOT - P\u00f3s Gradua\u00e7\u00e3o em Bot\u00e2nica Aplicada<\/title>\n<meta name=\"robots\" content=\"index, follow\" \/>\n<meta name=\"googlebot\" content=\"index, follow, max-snippet:-1, max-image-preview:large, max-video-preview:-1\" \/>\n<meta name=\"bingbot\" content=\"index, follow, max-snippet:-1, max-image-preview:large, max-video-preview:-1\" \/>\n<link rel=\"canonical\" href=\"https:\/\/www.posgraduacao.unimontes.br\/ppgbot\/peld\/area-de-estudo\/\" \/>\n<meta property=\"og:locale\" content=\"pt_BR\" \/>\n<meta property=\"og:type\" content=\"article\" \/>\n<meta property=\"og:title\" content=\"\u00c1rea de Estudo - PPGBOT - P\u00f3s Gradua\u00e7\u00e3o em Bot\u00e2nica Aplicada\" \/>\n<meta property=\"og:description\" content=\"O s\u00edtio de pesquisa Peld Veredas foi implementado recentemente, em 2016 e abrange tr\u00eas Unidades de Conserva\u00e7\u00e3o, localizadas no norte do Estado de Minas Gerais.\u00a0 O Peld Veredas baseia-se no monitoramento das mudan\u00e7as da flora e seus processos ecol\u00f3gicos, al\u00e9m das vari\u00e1veis h\u00eddricas e da paisagem em tr\u00eas veredas com situa\u00e7\u00f5es diferentes, todas dentro da [&hellip;]\" \/>\n<meta property=\"og:url\" content=\"https:\/\/www.posgraduacao.unimontes.br\/ppgbot\/peld\/area-de-estudo\/\" \/>\n<meta property=\"og:site_name\" content=\"PPGBOT - P\u00f3s Gradua\u00e7\u00e3o em Bot\u00e2nica Aplicada\" \/>\n<meta property=\"article:modified_time\" content=\"2019-11-21T12:38:38+00:00\" \/>\n<meta property=\"og:image\" content=\"http:\/\/www.posgraduacao.unimontes.br\/uploads\/sites\/17\/2019\/11\/mapa-min.png\" \/>\n<meta name=\"twitter:card\" content=\"summary_large_image\" \/>\n<script type=\"application\/ld+json\" class=\"yoast-schema-graph\">{\"@context\":\"https:\/\/schema.org\",\"@graph\":[{\"@type\":\"WebSite\",\"@id\":\"https:\/\/www.posgraduacao.unimontes.br\/ppgbot\/#website\",\"url\":\"https:\/\/www.posgraduacao.unimontes.br\/ppgbot\/\",\"name\":\"PPGBOT - P\\u00f3s Gradua\\u00e7\\u00e3o em Bot\\u00e2nica Aplicada\",\"description\":\"\",\"potentialAction\":[{\"@type\":\"SearchAction\",\"target\":\"https:\/\/www.posgraduacao.unimontes.br\/ppgbot\/?s={search_term_string}\",\"query-input\":\"required name=search_term_string\"}],\"inLanguage\":\"pt-BR\"},{\"@type\":\"ImageObject\",\"@id\":\"https:\/\/www.posgraduacao.unimontes.br\/ppgbot\/peld\/area-de-estudo\/#primaryimage\",\"inLanguage\":\"pt-BR\",\"url\":\"http:\/\/www.posgraduacao.unimontes.br\/uploads\/sites\/17\/2019\/11\/mapa-min.png\"},{\"@type\":\"WebPage\",\"@id\":\"https:\/\/www.posgraduacao.unimontes.br\/ppgbot\/peld\/area-de-estudo\/#webpage\",\"url\":\"https:\/\/www.posgraduacao.unimontes.br\/ppgbot\/peld\/area-de-estudo\/\",\"name\":\"\\u00c1rea de Estudo - PPGBOT - P\\u00f3s Gradua\\u00e7\\u00e3o em Bot\\u00e2nica Aplicada\",\"isPartOf\":{\"@id\":\"https:\/\/www.posgraduacao.unimontes.br\/ppgbot\/#website\"},\"primaryImageOfPage\":{\"@id\":\"https:\/\/www.posgraduacao.unimontes.br\/ppgbot\/peld\/area-de-estudo\/#primaryimage\"},\"datePublished\":\"2019-11-19T12:21:13+00:00\",\"dateModified\":\"2019-11-21T12:38:38+00:00\",\"inLanguage\":\"pt-BR\",\"potentialAction\":[{\"@type\":\"ReadAction\",\"target\":[\"https:\/\/www.posgraduacao.unimontes.br\/ppgbot\/peld\/area-de-estudo\/\"]}]}]}<\/script>\n<!-- \/ Yoast SEO plugin. -->","_links":{"self":[{"href":"https:\/\/www.posgraduacao.unimontes.br\/ppgbot\/wp-json\/wp\/v2\/pages\/639"}],"collection":[{"href":"https:\/\/www.posgraduacao.unimontes.br\/ppgbot\/wp-json\/wp\/v2\/pages"}],"about":[{"href":"https:\/\/www.posgraduacao.unimontes.br\/ppgbot\/wp-json\/wp\/v2\/types\/page"}],"author":[{"embeddable":true,"href":"https:\/\/www.posgraduacao.unimontes.br\/ppgbot\/wp-json\/wp\/v2\/users\/5"}],"replies":[{"embeddable":true,"href":"https:\/\/www.posgraduacao.unimontes.br\/ppgbot\/wp-json\/wp\/v2\/comments?post=639"}],"version-history":[{"count":6,"href":"https:\/\/www.posgraduacao.unimontes.br\/ppgbot\/wp-json\/wp\/v2\/pages\/639\/revisions"}],"predecessor-version":[{"id":733,"href":"https:\/\/www.posgraduacao.unimontes.br\/ppgbot\/wp-json\/wp\/v2\/pages\/639\/revisions\/733"}],"up":[{"embeddable":true,"href":"https:\/\/www.posgraduacao.unimontes.br\/ppgbot\/wp-json\/wp\/v2\/pages\/634"}],"wp:attachment":[{"href":"https:\/\/www.posgraduacao.unimontes.br\/ppgbot\/wp-json\/wp\/v2\/media?parent=639"}],"curies":[{"name":"wp","href":"https:\/\/api.w.org\/{rel}","templated":true}]}}