{"id":53,"date":"2018-10-25T09:49:20","date_gmt":"2018-10-25T11:49:20","guid":{"rendered":"http:\/\/www.posgraduacao.unimontes.br\/ppgba\/?page_id=53"},"modified":"2025-04-16T09:37:36","modified_gmt":"2025-04-16T12:37:36","slug":"egressos","status":"publish","type":"page","link":"https:\/\/www.posgraduacao.unimontes.br\/ppgbot\/egressos\/","title":{"rendered":"Egressos"},"content":{"rendered":"\n<p> Aldenice Alves Barbosa <\/p>\n\n\n\n<p>Ana Fl\u00e1via Silva <\/p>\n\n\n\n<p>Andreia de Almeida Ribeiro Sousa<\/p>\n\n\n\n<p>Andressa La\u00eds Lacerda Luna <\/p>\n\n\n\n<p>Brenda Martins Cotta Salom\u00e9 <\/p>\n\n\n\n<p>Camila Soares Guimar\u00e3es<\/p>\n\n\n\n<p>Claudiane Silva Saraiva e Gon\u00e7alves <\/p>\n\n\n\n<p>Cristina Pereira de Jesus Veloso <\/p>\n\n\n\n<p>Deivison Henrique Teixeira <\/p>\n\n\n\n<p>Danielle Brand\u00e3o de Melo<\/p>\n\n\n\n<p>Danila Moreira Silva<\/p>\n\n\n\n<p> Eduarda Vit\u00f3ria A. Paulino de Azevedo <\/p>\n\n\n\n<p>Eliane Barbosa Rangel<\/p>\n\n\n\n<p>Elisangela Oliveira Desiderio<\/p>\n\n\n\n<p>Ellen Laureanny Ara\u00fajo Ol\u00edmpio <\/p>\n\n\n\n<p>\u00c9rica Ara\u00fajo Mendes <\/p>\n\n\n\n<p>\u00c9rica Pereira Cardozo<\/p>\n\n\n\n<p>Fl\u00e1via Gomes Silva <\/p>\n\n\n\n<p>Fernanda Gon\u00e7alves de Morais    <\/p>\n\n\n\n<p>Fernando Fialho Pires<\/p>\n\n\n\n<p>Gard\u00eania Ferreira <\/p>\n\n\n\n<p>Gladyane Mendes Bel\u00e9m <\/p>\n\n\n\n<p>Guilherme Costa Dias<\/p>\n\n\n\n<p>Ivonette dos Santos Fernandes<\/p>\n\n\n\n<p>Jos\u00e9 Gustavo Santana Neves <\/p>\n\n\n\n<p>Juliana Pimenta Cruz<\/p>\n\n\n\n<p>Leliane Raynne Duarte Silva<\/p>\n\n\n\n<p>Leonardo Pereira Silva Costa<\/p>\n\n\n\n<p>Leomar da Silva de Lima<\/p>\n\n\n\n<p>Lucas Rodrigues de Souza <\/p>\n\n\n\n<p>Luciano dos Reis Silva Santos <\/p>\n\n\n\n<p>Maria Aline Santos Oliveira <\/p>\n\n\n\n<p>Maria J\u00falia Gomes Marques <\/p>\n\n\n\n<p>Mariane Kristal Ribeiro Silva <\/p>\n\n\n\n<p>Mariane Scarcela Dur\u00e3es <\/p>\n\n\n\n<p>Marta Cristina Pereira da Silva <\/p>\n\n\n\n<p>Michelly Tayanne Santos de S\u00e1 <\/p>\n\n\n\n<p>Nara Vanessa Fraga Xavier<\/p>\n\n\n\n<p>Patr\u00edcia Pereira Fonseca<\/p>\n\n\n\n<p>Priscila Mendes  <\/p>\n\n\n\n<p>Raissa Tais dos Santos <\/p>\n\n\n\n<p>Ranielly Moura Fagundes<\/p>\n\n\n\n<p>Raissa Tais dos Santos <\/p>\n\n\n\n<p>Ricardo Rodrigues Fernandes<\/p>\n\n\n\n<p>Sabrina Celie Oliveira e Silva<\/p>\n\n\n\n<p>Samuel Moura Rocha<\/p>\n\n\n\n<p>Sara Sofia Medina Benavides<\/p>\n\n\n\n<p>Sthefanie Oliva Brito Mota<\/p>\n\n\n\n<p>Vera L\u00facia Alves <\/p>\n","protected":false},"excerpt":{"rendered":"<p>Aldenice Alves Barbosa Ana Fl\u00e1via Silva Andreia de Almeida Ribeiro Sousa Andressa La\u00eds Lacerda Luna Brenda Martins Cotta Salom\u00e9 Camila Soares Guimar\u00e3es Claudiane Silva Saraiva e Gon\u00e7alves Cristina Pereira de Jesus Veloso Deivison Henrique Teixeira Danielle Brand\u00e3o de Melo Danila Moreira Silva Eduarda Vit\u00f3ria A. Paulino de Azevedo Eliane Barbosa Rangel Elisangela Oliveira Desiderio Ellen [&hellip;]<\/p>\n","protected":false},"author":5,"featured_media":0,"parent":0,"menu_order":0,"comment_status":"closed","ping_status":"closed","template":"","meta":[],"yoast_head":"<!-- This site is optimized with the Yoast SEO plugin v14.7 - https:\/\/yoast.com\/wordpress\/plugins\/seo\/ -->\n<title>Egressos - PPGBOT - P\u00f3s Gradua\u00e7\u00e3o em Bot\u00e2nica Aplicada<\/title>\n<meta name=\"robots\" content=\"index, follow\" \/>\n<meta name=\"googlebot\" content=\"index, follow, max-snippet:-1, max-image-preview:large, max-video-preview:-1\" \/>\n<meta name=\"bingbot\" content=\"index, follow, max-snippet:-1, max-image-preview:large, max-video-preview:-1\" \/>\n<link rel=\"canonical\" href=\"https:\/\/www.posgraduacao.unimontes.br\/ppgbot\/egressos\/\" \/>\n<meta property=\"og:locale\" content=\"pt_BR\" \/>\n<meta property=\"og:type\" content=\"article\" \/>\n<meta property=\"og:title\" content=\"Egressos - PPGBOT - P\u00f3s Gradua\u00e7\u00e3o em Bot\u00e2nica Aplicada\" \/>\n<meta property=\"og:description\" content=\"Aldenice Alves Barbosa Ana Fl\u00e1via Silva Andreia de Almeida Ribeiro Sousa Andressa La\u00eds Lacerda Luna Brenda Martins Cotta Salom\u00e9 Camila Soares Guimar\u00e3es Claudiane Silva Saraiva e Gon\u00e7alves Cristina Pereira de Jesus Veloso Deivison Henrique Teixeira Danielle Brand\u00e3o de Melo Danila Moreira Silva Eduarda Vit\u00f3ria A. Paulino de Azevedo Eliane Barbosa Rangel Elisangela Oliveira Desiderio Ellen [&hellip;]\" \/>\n<meta property=\"og:url\" content=\"https:\/\/www.posgraduacao.unimontes.br\/ppgbot\/egressos\/\" \/>\n<meta property=\"og:site_name\" content=\"PPGBOT - P\u00f3s Gradua\u00e7\u00e3o em Bot\u00e2nica Aplicada\" \/>\n<meta property=\"article:modified_time\" content=\"2025-04-16T12:37:36+00:00\" \/>\n<meta name=\"twitter:card\" content=\"summary_large_image\" \/>\n<script type=\"application\/ld+json\" class=\"yoast-schema-graph\">{\"@context\":\"https:\/\/schema.org\",\"@graph\":[{\"@type\":\"WebSite\",\"@id\":\"https:\/\/www.posgraduacao.unimontes.br\/ppgbot\/#website\",\"url\":\"https:\/\/www.posgraduacao.unimontes.br\/ppgbot\/\",\"name\":\"PPGBOT - P\\u00f3s Gradua\\u00e7\\u00e3o em Bot\\u00e2nica Aplicada\",\"description\":\"\",\"potentialAction\":[{\"@type\":\"SearchAction\",\"target\":\"https:\/\/www.posgraduacao.unimontes.br\/ppgbot\/?s={search_term_string}\",\"query-input\":\"required name=search_term_string\"}],\"inLanguage\":\"pt-BR\"},{\"@type\":\"WebPage\",\"@id\":\"https:\/\/www.posgraduacao.unimontes.br\/ppgbot\/egressos\/#webpage\",\"url\":\"https:\/\/www.posgraduacao.unimontes.br\/ppgbot\/egressos\/\",\"name\":\"Egressos - PPGBOT - P\\u00f3s Gradua\\u00e7\\u00e3o em Bot\\u00e2nica Aplicada\",\"isPartOf\":{\"@id\":\"https:\/\/www.posgraduacao.unimontes.br\/ppgbot\/#website\"},\"datePublished\":\"2018-10-25T11:49:20+00:00\",\"dateModified\":\"2025-04-16T12:37:36+00:00\",\"inLanguage\":\"pt-BR\",\"potentialAction\":[{\"@type\":\"ReadAction\",\"target\":[\"https:\/\/www.posgraduacao.unimontes.br\/ppgbot\/egressos\/\"]}]}]}<\/script>\n<!-- \/ Yoast SEO plugin. -->","_links":{"self":[{"href":"https:\/\/www.posgraduacao.unimontes.br\/ppgbot\/wp-json\/wp\/v2\/pages\/53"}],"collection":[{"href":"https:\/\/www.posgraduacao.unimontes.br\/ppgbot\/wp-json\/wp\/v2\/pages"}],"about":[{"href":"https:\/\/www.posgraduacao.unimontes.br\/ppgbot\/wp-json\/wp\/v2\/types\/page"}],"author":[{"embeddable":true,"href":"https:\/\/www.posgraduacao.unimontes.br\/ppgbot\/wp-json\/wp\/v2\/users\/5"}],"replies":[{"embeddable":true,"href":"https:\/\/www.posgraduacao.unimontes.br\/ppgbot\/wp-json\/wp\/v2\/comments?post=53"}],"version-history":[{"count":11,"href":"https:\/\/www.posgraduacao.unimontes.br\/ppgbot\/wp-json\/wp\/v2\/pages\/53\/revisions"}],"predecessor-version":[{"id":3062,"href":"https:\/\/www.posgraduacao.unimontes.br\/ppgbot\/wp-json\/wp\/v2\/pages\/53\/revisions\/3062"}],"wp:attachment":[{"href":"https:\/\/www.posgraduacao.unimontes.br\/ppgbot\/wp-json\/wp\/v2\/media?parent=53"}],"curies":[{"name":"wp","href":"https:\/\/api.w.org\/{rel}","templated":true}]}}