{"id":49,"date":"2018-10-25T09:48:33","date_gmt":"2018-10-25T11:48:33","guid":{"rendered":"http:\/\/www.posgraduacao.unimontes.br\/ppgba\/?page_id=49"},"modified":"2025-12-12T10:15:47","modified_gmt":"2025-12-12T13:15:47","slug":"discentes","status":"publish","type":"page","link":"https:\/\/www.posgraduacao.unimontes.br\/ppgbot\/discentes\/","title":{"rendered":"Discentes"},"content":{"rendered":"<section class=\"kc-elm kc-css-46012 kc_row\"><div class=\"kc-row-container  kc-container\"><div class=\"kc-wrap-columns\"><div class=\"kc-elm kc-css-378714 kc_column kc_col-sm-12\"><div class=\"kc-col-container\"><div class=\"kc-elm kc-css-695036 kc_text_block\"><p><strong><span style=\"vertical-align: inherit;\"><span style=\"vertical-align: inherit;\">1\u00b0Turma I\/2019<\/span><\/span><\/strong><\/p>\n<p>Danila Moreira Silva<\/p>\n<p>Eliane Barbosa Rangel<\/p>\n<p>Leliane Raynne Duarte Silva<\/p>\n<p>Nara Vanessa Fraga Xavier<\/p>\n<p>Priscila Mendes<\/p>\n<p><strong><span style=\"vertical-align: inherit;\"><span style=\"vertical-align: inherit;\">2\u00b0 Turma II\/2019<\/span><\/span><\/strong><\/p>\n<p><span style=\"vertical-align: inherit;\"><span style=\"vertical-align: inherit;\">Brenda Martins Cotta Salom\u00e9<\/span><\/span><\/p>\n<p>Cristina Pereira de Jesus Veloso<\/p>\n<p>Daivison Henrique Teixeira Firmo<\/p>\n<p>Ellen Laureanny Ara\u00fajo Ol\u00edmpio<\/p>\n<p>Fl\u00e1via Gomes Silva<\/p>\n<p>Mariane Kristal Ribeiro Silva<\/p>\n<p><strong><span style=\"vertical-align: inherit;\"><span style=\"vertical-align: inherit;\">3\u00b0 Turma I\/2020<\/span><\/span><\/strong><\/p>\n<p>Ana Fl\u00e1via Silva<\/p>\n<p>Camila Soares Guimar\u00e3es<\/p>\n<p>Denilson Paranhos Costa<\/p>\n<p>Gladyane Mendes Bel\u00e9m<\/p>\n<p>Juliana Pimenta Cruz<\/p>\n<p>Samuel Moura Rocha<\/p>\n<p>Sthefanie Brito Oliveira Mota<\/p>\n<p><strong><span style=\"vertical-align: inherit;\"><span style=\"vertical-align: inherit;\">4\u00b0 Turma II\/2020<\/span><\/span><\/strong><\/p>\n<p>Claudiane Silva Saraiva e Gon\u00e7alves<\/p>\n<p><span style=\"vertical-align: inherit;\"><span style=\"vertical-align: inherit;\">Deicy Danielle Silva<\/span><\/span><\/p>\n<p>Fernando Fialho Pires<\/p>\n<p><span style=\"vertical-align: inherit;\"><span style=\"vertical-align: inherit;\">Ivonette dos Santos Fernandes<\/span><\/span><\/p>\n<p>Leomar da Silva de Lima<\/p>\n<p>Mariane Scarcela Dur\u00e3es<\/p>\n<p><span style=\"vertical-align: inherit;\"><span style=\"vertical-align: inherit;\">Patr\u00edcia Pereira Fonseca<\/span><\/span><\/p>\n<p>Ranielly Moura Fagundes<\/p>\n<p><strong><span style=\"vertical-align: inherit;\"><span style=\"vertical-align: inherit;\">5\u00b0 Turma I\/2021<\/span><\/span><\/strong><\/p>\n<p>Andreia de Almeida Ribeiro Souza<\/p>\n<p>Danielle Brand\u00e3o de Melo<\/p>\n<p>Sabrina Celie Oliveira e Silva<\/p>\n<p><strong><span style=\"vertical-align: inherit;\"><span style=\"vertical-align: inherit;\">6\u00b0 Turma II\/2021<\/span><\/span><\/strong><\/p>\n<p>Ana Claudia Diniz Lara Meira<strong><br \/>\n<\/strong><\/p>\n<p>Arlete Mendes Pereira<\/p>\n<p>Christina Maria de Oliveira<\/p>\n<p>Cleto Henrique de Souza<\/p>\n<p>Elisangela Oliveira Desiderio<\/p>\n<p><span style=\"vertical-align: inherit;\"><span style=\"vertical-align: inherit;\">Erica Pereira Cardozo<\/span><\/span><\/p>\n<p><span style=\"vertical-align: inherit;\"><span style=\"vertical-align: inherit;\">Gracy Kely da Silva Pacheco<\/span><\/span><\/p>\n<p>Guilherme Costa Dias<\/p>\n<p>Leonardo Pereira Silva Costa<\/p>\n<p><span style=\"vertical-align: inherit;\"><span style=\"vertical-align: inherit;\">Ricardo Rodrigues Fernandes<\/span><\/span><\/p>\n<p><span style=\"vertical-align: inherit;\"><span style=\"vertical-align: inherit;\">Sara Sofia Medina Benavides<\/span><\/span><\/p>\n<p><strong><span style=\"vertical-align: inherit;\"><span style=\"vertical-align: inherit;\">7\u00b0 Turma I\/2022<\/span><\/span><\/strong><\/p>\n<p><span style=\"vertical-align: inherit;\"><span style=\"vertical-align: inherit;\">Aldenice Alves Barbosa<\/span><\/span><\/p>\n<p>Andressa\u00a0La\u00eds Lacerda Luna<\/p>\n<p><span style=\"vertical-align: inherit;\"><span style=\"vertical-align: inherit;\">Fernanda Gon\u00e7alves de Morais<\/span><\/span><\/p>\n<p>Gard\u00eania Ferreira<\/p>\n<p>Maria Aline Santos Oliveira<\/p>\n<p>Michelly Tayanne Santos de S\u00e1<\/p>\n<p>Raissa Tais dos Santos<\/p>\n<p>Renata da Silva Pacheco<\/p>\n<p><strong><span style=\"vertical-align: inherit;\"><span style=\"vertical-align: inherit;\">8\u00b0 Turma II\/2022<\/span><\/span><\/strong><\/p>\n<p>\u00c9rica Ara\u00fajo Mendes<\/p>\n<p>Jos\u00e9 Gustavo Santana Neves<\/p>\n<p>Lucas Rodrigues de Souza<\/p>\n<p>Luciano dos Reis Silva Santos<\/p>\n<p>Vera L\u00facia Alves<\/p>\n<p><strong><span style=\"vertical-align: inherit;\"><span style=\"vertical-align: inherit;\">9\u00b0Turma I\/2023<\/span><\/span><\/strong><\/p>\n<p><span style=\"vertical-align: inherit;\"><span style=\"vertical-align: inherit;\">Eduarda Vit\u00f3ria A. Paulino de Azevedo<\/span><\/span><\/p>\n<p>Maria J\u00falia Gomes Marques<\/p>\n<p>Marta Cristina Pereira da Silva<\/p>\n<p>Nat\u00e1lia Faria de Souza<\/p>\n<p><span style=\"vertical-align: inherit;\"><span style=\"vertical-align: inherit;\">Victor Soares Rodrigues<\/span><\/span><\/p>\n<p><strong><span style=\"vertical-align: inherit;\"><span style=\"vertical-align: inherit;\">10\u00b0 Turma II\/2023<\/span><\/span><\/strong><\/p>\n<p><span style=\"vertical-align: inherit;\"><span style=\"vertical-align: inherit;\">Cristiane Petrini de Amaral<\/span><\/span><\/p>\n<p>Diogo Henrique Maia Costa<\/p>\n<p><span style=\"font-style: inherit;\">Mylena Oliveira Andrade<\/span><\/p>\n<p><span style=\"vertical-align: inherit;\"><span style=\"vertical-align: inherit;\">Petron\u00edlio J\u00fanior Soares Santos<\/span><\/span><\/p>\n<p>Stefhanie Silva Pedrosa<\/p>\n<p><span style=\"vertical-align: inherit;\"><span style=\"vertical-align: inherit;\">Tatiele Henriques<\/span><\/span><\/p>\n<p><span style=\"font-weight: 600;\"><span style=\"vertical-align: inherit;\"><span style=\"vertical-align: inherit;\">11\u00ba Turma I\/2024<\/span><\/span><\/span><\/p>\n<p>Amabily Kethilyn dos Santos Reis<span style=\"font-weight: 600;\"><br \/>\n<\/span><\/p>\n<p>Maicon de Almeida Moreira<\/p>\n<p><span style=\"vertical-align: inherit;\"><span style=\"vertical-align: inherit;\">Viviannie Am\u00e9lia de Aquino Cardoso<\/span><\/span><\/p>\n<p><span style=\"font-style: inherit; font-weight: 600;\"><span style=\"vertical-align: inherit;\"><span style=\"vertical-align: inherit;\">12\u00ba Turma II\/2024<\/span><\/span><\/span><\/p>\n<p>L\u00edvia Regiane Santana Santos<span style=\"font-weight: 600;\"><br \/>\n<\/span><\/p>\n<p>Lucas Vin\u00edcius Dalacorte de Oliveira<\/p>\n<p><span style=\"vertical-align: inherit;\">Paulo Henrique Pereira<\/span><\/p>\n<p><span style=\"vertical-align: inherit;\">Valqu\u00edria Moura Fernandes<\/span><\/p>\n<p>Evelyn Cristina de Jesus<\/p>\n<div><span style=\"vertical-align: inherit;\"><span style=\"vertical-align: inherit;\">Bruna Danielly Dias<\/span><\/span><\/div>\n<div><span style=\"vertical-align: inherit;\"><span style=\"vertical-align: inherit;\">\u00a0<\/span><\/span><\/div>\n<div>\n<p><span style=\"font-weight: 600;\"><span style=\"vertical-align: inherit;\">13\u00ba Turma I\/2025<\/span><\/span><\/p>\n<p>Maria Fernanda Gon\u00e7alves<span style=\"font-weight: 600;\"><br \/>\n<\/span><\/p>\n<p>David Isac da Silva Rom\u00e3o<\/p>\n<p><span style=\"vertical-align: inherit;\">Daniella Soares Rodrigues<\/span><\/p>\n<p>Daniela de Morais Bilibio<span style=\"font-weight: 600;\"><br \/>\n<\/span><\/p>\n<p>\u00c1quila da Mata Mendes<\/p>\n<p><span style=\"vertical-align: inherit;\">Let\u00edcia Leila da Cunha<\/span><\/p>\n<p><span style=\"vertical-align: inherit;\">Frederico Neri Alves<\/span><\/p>\n<\/div>\n<div><\/div>\n<div>\n<p><span style=\"font-weight: 600;\"><span style=\"vertical-align: inherit;\">14\u00ba Turma II\/2025<\/span><\/span><\/p>\n<p>Ana Aparecida Gusm\u00e3o Veloso<\/p>\n<p>Anny Karoliny Cardoso Viana<\/p>\n<p>Giovanna Lacerda Corr\u00eaa Pereira<\/p>\n<p>Iara Cristina Aquino Ferreira<\/p>\n<p>Jailson Ribeiro de Paula<\/p>\n<p>J\u00falia Fernandes Cangussu<\/p>\n<p>Lais Forastieri de Almeida Prado<\/p>\n<p>Paloma Carvalho de Oliveira<\/p>\n<p>Pedro Henrique Da Silva Lacerda<\/p>\n<p>Rafael Majuste<\/p>\n<p>Raissa Darlet de Arruda Medeiros<\/p>\n<p>Stefany Meira Soares<\/p>\n<\/div>\n<\/div><\/div><\/div><\/div><\/div><\/section>\n","protected":false},"excerpt":{"rendered":"","protected":false},"author":5,"featured_media":0,"parent":0,"menu_order":0,"comment_status":"closed","ping_status":"closed","template":"","meta":[],"yoast_head":"<!-- This site is optimized with the Yoast SEO plugin v14.7 - https:\/\/yoast.com\/wordpress\/plugins\/seo\/ -->\n<title>Discentes - PPGBOT - P\u00f3s Gradua\u00e7\u00e3o em Bot\u00e2nica Aplicada<\/title>\n<meta name=\"robots\" content=\"index, follow\" \/>\n<meta name=\"googlebot\" content=\"index, follow, max-snippet:-1, max-image-preview:large, max-video-preview:-1\" \/>\n<meta name=\"bingbot\" content=\"index, follow, max-snippet:-1, max-image-preview:large, max-video-preview:-1\" \/>\n<link rel=\"canonical\" href=\"https:\/\/www.posgraduacao.unimontes.br\/ppgbot\/discentes\/\" \/>\n<meta property=\"og:locale\" content=\"pt_BR\" \/>\n<meta property=\"og:type\" content=\"article\" \/>\n<meta property=\"og:title\" content=\"Discentes - PPGBOT - P\u00f3s Gradua\u00e7\u00e3o em Bot\u00e2nica Aplicada\" \/>\n<meta property=\"og:description\" content=\"1\u00b0Turma I\/2019 Danila Moreira Silva Eliane Barbosa Rangel Leliane Raynne Duarte Silva Nara Vanessa Fraga Xavier Priscila Mendes 2\u00b0 Turma II\/2019 Brenda Martins Cotta Salom\u00e9 Cristina Pereira de Jesus Veloso Daivison Henrique Teixeira Firmo Ellen Laureanny Ara\u00fajo Ol\u00edmpio Fl\u00e1via Gomes Silva Mariane Kristal Ribeiro Silva 3\u00b0 Turma I\/2020 Ana Fl\u00e1via Silva Camila Soares Guimar\u00e3es Denilson [&hellip;]\" \/>\n<meta property=\"og:url\" content=\"https:\/\/www.posgraduacao.unimontes.br\/ppgbot\/discentes\/\" \/>\n<meta property=\"og:site_name\" content=\"PPGBOT - P\u00f3s Gradua\u00e7\u00e3o em Bot\u00e2nica Aplicada\" \/>\n<meta property=\"article:modified_time\" content=\"2025-12-12T13:15:47+00:00\" \/>\n<meta name=\"twitter:card\" content=\"summary_large_image\" \/>\n<script type=\"application\/ld+json\" class=\"yoast-schema-graph\">{\"@context\":\"https:\/\/schema.org\",\"@graph\":[{\"@type\":\"WebSite\",\"@id\":\"https:\/\/www.posgraduacao.unimontes.br\/ppgbot\/#website\",\"url\":\"https:\/\/www.posgraduacao.unimontes.br\/ppgbot\/\",\"name\":\"PPGBOT - P\\u00f3s Gradua\\u00e7\\u00e3o em Bot\\u00e2nica Aplicada\",\"description\":\"\",\"potentialAction\":[{\"@type\":\"SearchAction\",\"target\":\"https:\/\/www.posgraduacao.unimontes.br\/ppgbot\/?s={search_term_string}\",\"query-input\":\"required name=search_term_string\"}],\"inLanguage\":\"pt-BR\"},{\"@type\":\"WebPage\",\"@id\":\"https:\/\/www.posgraduacao.unimontes.br\/ppgbot\/discentes\/#webpage\",\"url\":\"https:\/\/www.posgraduacao.unimontes.br\/ppgbot\/discentes\/\",\"name\":\"Discentes - PPGBOT - P\\u00f3s Gradua\\u00e7\\u00e3o em Bot\\u00e2nica Aplicada\",\"isPartOf\":{\"@id\":\"https:\/\/www.posgraduacao.unimontes.br\/ppgbot\/#website\"},\"datePublished\":\"2018-10-25T11:48:33+00:00\",\"dateModified\":\"2025-12-12T13:15:47+00:00\",\"inLanguage\":\"pt-BR\",\"potentialAction\":[{\"@type\":\"ReadAction\",\"target\":[\"https:\/\/www.posgraduacao.unimontes.br\/ppgbot\/discentes\/\"]}]}]}<\/script>\n<!-- \/ Yoast SEO plugin. -->","_links":{"self":[{"href":"https:\/\/www.posgraduacao.unimontes.br\/ppgbot\/wp-json\/wp\/v2\/pages\/49"}],"collection":[{"href":"https:\/\/www.posgraduacao.unimontes.br\/ppgbot\/wp-json\/wp\/v2\/pages"}],"about":[{"href":"https:\/\/www.posgraduacao.unimontes.br\/ppgbot\/wp-json\/wp\/v2\/types\/page"}],"author":[{"embeddable":true,"href":"https:\/\/www.posgraduacao.unimontes.br\/ppgbot\/wp-json\/wp\/v2\/users\/5"}],"replies":[{"embeddable":true,"href":"https:\/\/www.posgraduacao.unimontes.br\/ppgbot\/wp-json\/wp\/v2\/comments?post=49"}],"version-history":[{"count":26,"href":"https:\/\/www.posgraduacao.unimontes.br\/ppgbot\/wp-json\/wp\/v2\/pages\/49\/revisions"}],"predecessor-version":[{"id":3325,"href":"https:\/\/www.posgraduacao.unimontes.br\/ppgbot\/wp-json\/wp\/v2\/pages\/49\/revisions\/3325"}],"wp:attachment":[{"href":"https:\/\/www.posgraduacao.unimontes.br\/ppgbot\/wp-json\/wp\/v2\/media?parent=49"}],"curies":[{"name":"wp","href":"https:\/\/api.w.org\/{rel}","templated":true}]}}